{"id":3677,"date":"2025-11-10T07:26:59","date_gmt":"2025-11-09T23:26:59","guid":{"rendered":"https:\/\/www.seatouintl.com\/?post_type=product&#038;p=3677"},"modified":"2025-11-10T07:26:59","modified_gmt":"2025-11-09T23:26:59","slug":"%d9%81%d8%b1%d8%a7%d8%b4-%d9%85%d8%b9-%d9%88%d8%b3%d8%a7%d8%af%d8%a9-%d9%82%d8%a7%d8%a8%d9%84%d8%a9-%d9%84%d9%84%d8%a5%d8%b2%d8%a7%d9%84%d8%a9-%d9%84%d9%84%d9%82%d8%b7%d8%b7","status":"publish","type":"product","link":"https:\/\/www.seatouintl.com\/ar\/%d8%a7%d9%84%d9%85%d9%86%d8%aa%d8%ac\/%d9%81%d8%b1%d8%a7%d8%b4-%d9%85%d8%b9-%d9%88%d8%b3%d8%a7%d8%af%d8%a9-%d9%82%d8%a7%d8%a8%d9%84%d8%a9-%d9%84%d9%84%d8%a5%d8%b2%d8%a7%d9%84%d8%a9-%d9%84%d9%84%d9%82%d8%b7%d8%b7\/","title":{"rendered":"\u0641\u0631\u0627\u0634 \u0645\u0639 \u0648\u0633\u0627\u062f\u0629 \u0642\u0627\u0628\u0644\u0629 \u0644\u0644\u0625\u0632\u0627\u0644\u0629 \u0644\u0644\u0642\u0637\u0637"},"content":{"rendered":"","protected":false},"excerpt":{"rendered":"<div class=\"pdp_desc_toph   tabactive\">\n<h2>\u0648\u0635\u0641 \u0627\u0644\u0645\u0646\u062a\u062c<\/h2>\n<\/div>\n<div class=\"pdp_desc_deatil pdp_desc_txt\">\n<p>\u0635\u064f\u0645\u0645 \u0647\u0630\u0627 \u0627\u0644\u0633\u0631\u064a\u0631 \u0627\u0644\u0645\u0635\u0645\u0645 \u0639\u0644\u0649 \u0634\u0643\u0644 \u062e\u064a\u0645\u0629 \u0644\u0644\u062d\u064a\u0648\u0627\u0646\u0627\u062a \u0627\u0644\u0623\u0644\u064a\u0641\u0629 \u0627\u0644\u0635\u063a\u064a\u0631\u0629 \u0627\u0644\u062a\u064a \u062a\u062d\u0628 \u0627\u0644\u0627\u062e\u062a\u0628\u0627\u0621 \u0641\u064a \u0627\u0644\u062c\u062d\u0648\u0631\u060c \u0648\u064a\u0648\u0641\u0631 \u0645\u0644\u0627\u0630\u064b\u0627 \u0645\u0631\u064a\u062d\u064b\u0627. \u064a\u0648\u0641\u0631 \u0627\u0644\u0642\u0645\u0627\u0634 \u0627\u0644\u0645\u062e\u0645\u0644\u064a \u0627\u0644\u0646\u0627\u0639\u0645 \u0648\u0627\u0644\u0648\u0633\u0627\u062f\u0629 \u0627\u0644\u0642\u0627\u0628\u0644\u0629 \u0644\u0644\u0625\u0632\u0627\u0644\u0629 \u0627\u0644\u062f\u0641\u0621 \u0648\u0627\u0644\u062f\u0639\u0645\u060c \u0628\u064a\u0646\u0645\u0627 \u064a\u0648\u0641\u0631 \u0634\u0643\u0644 \u201c\u0627\u0644\u0643\u0647\u0641\u201d \u0627\u0644\u0645\u0631\u062a\u0641\u0639 \u0625\u062d\u0633\u0627\u0633\u064b\u0627 \u0628\u0627\u0644\u0623\u0645\u0627\u0646. \u064a\u0645\u0643\u0646 \u0637\u064a \u0627\u0644\u0633\u0631\u064a\u0631 \u0628\u0634\u0643\u0644 \u0645\u0633\u0637\u062d \u0644\u0633\u0647\u0648\u0644\u0629 \u0627\u0644\u062a\u062e\u0632\u064a\u0646 \u0648\u0647\u0648 \u062e\u0641\u064a\u0641 \u0627\u0644\u0648\u0632\u0646 \u0628\u0645\u0627 \u064a\u0643\u0641\u064a \u0644\u062a\u062d\u0631\u064a\u0643\u0647 \u0641\u064a \u0623\u0631\u062c\u0627\u0621 \u0627\u0644\u0645\u0646\u0632\u0644. \u0645\u062b\u0627\u0644\u064a \u0644\u0644\u0642\u064a\u0644\u0648\u0644\u0629 \u0648\u0627\u0644\u063a\u0641\u0648\u0629 \u0627\u0644\u0637\u0648\u064a\u0644\u0629 \u0639\u0644\u0649 \u062d\u062f \u0633\u0648\u0627\u0621.<\/p>\n<p><strong>\u0627\u0644\u0645\u064a\u0632\u0627\u062a:<\/strong><\/p>\n<ul>\n<li>\u0646\u0633\u064a\u062c \u0645\u062e\u0645\u0644\u064a \u0646\u0627\u0639\u0645 \u0648\u0645\u062e\u0645\u0644\u064a \u0644\u0634\u0639\u0648\u0631 \u0645\u0631\u064a\u062d<\/li>\n<li>\u0648\u0633\u0627\u062f\u0629 \u0642\u0627\u0628\u0644\u0629 \u0644\u0644\u0625\u0632\u0627\u0644\u0629 \u064a\u0645\u0643\u0646 \u0627\u0633\u062a\u062e\u062f\u0627\u0645\u0647\u0627 \u0628\u0634\u0643\u0644 \u0645\u0646\u0641\u0635\u0644<\/li>\n<li>\u062a\u0635\u0645\u064a\u0645 \u0642\u0627\u0628\u0644 \u0644\u0644\u0637\u064a \u0644\u0633\u0647\u0648\u0644\u0629 \u0627\u0644\u062a\u062e\u0632\u064a\u0646<\/li>\n<li>\u062e\u0641\u064a\u0641\u0629 \u0627\u0644\u0648\u0632\u0646 \u0648\u0633\u0647\u0644\u0629 \u0627\u0644\u062a\u0646\u0638\u064a\u0641<\/li>\n<li>\u064a\u0623\u062a\u064a \u0628\u0645\u0642\u0627\u0633 \u0648\u0627\u062d\u062f<\/li>\n<\/ul>\n<p><strong>\u0627\u0644\u0642\u064a\u0627\u0633\u0627\u062a:<\/strong>\u00a040 \u00d7 40 \u00d7 40 \u00d7 40 \u0633\u0645 (\u0627\u0644\u0637\u0648\u0644 \u00d7 \u0627\u0644\u0639\u0631\u0636 \u00d7 \u0627\u0644\u0627\u0631\u062a\u0641\u0627\u0639).<\/p>\n<\/div>","protected":false},"featured_media":3678,"template":"","meta":[],"product_brand":[],"product_cat":[55],"product_tag":[],"class_list":{"0":"post-3677","1":"product","2":"type-product","3":"status-publish","4":"has-post-thumbnail","6":"product_cat-pet-beds-warm-breathable-dog-cat-anti-odor-mildew-resistant","8":"first","9":"instock","10":"shipping-taxable","11":"product-type-simple"},"yoast_head":"<!-- This site is optimized with the Yoast SEO plugin v26.5 - https:\/\/yoast.com\/wordpress\/plugins\/seo\/ -->\n<title>Bedding With Removable Cushion For Cat - SeaToU-Pet bed Dog bed Cat bed Orthopedic pet bed Heated pet bed Self-warming pet bed Cave pet bed Donut pet bed Bolster pet bed Outdoor pet house Pet blanket Pet mat Pet pad Cooling pet mat Waterproof pet pad Faux fur pet blanket Washable pet blanket Pet throw Pet bed liner \u3001Pet clothing Dog sweater Cat hoodie Pet raincoat Pet Halloween costume Pet booties Pet T-shirt Pet pajamas Pet life jacket Pet bandana\u3001Pet toys Chew toys Interactive dog toys Cat teaser wand Squeaky toys Rope toys Puzzle toys Tug toys Ball launcher Catnip toys\u3001Pet carrier Dog backpack Cat carrier Pet stroller Travel pet carrier Soft-sided pet carrier Hard-sided pet carrier Pet sling Pet car seat Airline-approved pet carrier\u3001Pet supplies Pet accessories Pet essentials Pet care products Pet grooming supplies Pet safety gear<\/title>\n<meta name=\"robots\" content=\"index, follow, max-snippet:-1, max-image-preview:large, max-video-preview:-1\" \/>\n<link rel=\"canonical\" href=\"https:\/\/www.seatouintl.com\/ar\/\u0627\u0644\u0645\u0646\u062a\u062c\/\u0641\u0631\u0627\u0634-\u0645\u0639-\u0648\u0633\u0627\u062f\u0629-\u0642\u0627\u0628\u0644\u0629-\u0644\u0644\u0625\u0632\u0627\u0644\u0629-\u0644\u0644\u0642\u0637\u0637\/\" \/>\n<meta property=\"og:locale\" content=\"ar_AR\" \/>\n<meta property=\"og:type\" content=\"article\" \/>\n<meta property=\"og:title\" content=\"Bedding With Removable Cushion For Cat - SeaToU-Pet bed Dog bed Cat bed Orthopedic pet bed Heated pet bed Self-warming pet bed Cave pet bed Donut pet bed Bolster pet bed Outdoor pet house Pet blanket Pet mat Pet pad Cooling pet mat Waterproof pet pad Faux fur pet blanket Washable pet blanket Pet throw Pet bed liner \u3001Pet clothing Dog sweater Cat hoodie Pet raincoat Pet Halloween costume Pet booties Pet T-shirt Pet pajamas Pet life jacket Pet bandana\u3001Pet toys Chew toys Interactive dog toys Cat teaser wand Squeaky toys Rope toys Puzzle toys Tug toys Ball launcher Catnip toys\u3001Pet carrier Dog backpack Cat carrier Pet stroller Travel pet carrier Soft-sided pet carrier Hard-sided pet carrier Pet sling Pet car seat Airline-approved pet carrier\u3001Pet supplies Pet accessories Pet essentials Pet care products Pet grooming supplies Pet safety gear\" \/>\n<meta property=\"og:description\" content=\"Product Description    Designed for little pets who love to burrow, this tent\u2011style bed provides a snug retreat. The soft velvety fabric and removable cushion offer warmth and support, while the raised \u201ccave\u201d shape delivers a sense of security. It folds flat for easy storage and is lightweight enough to move around the house. Ideal for catnaps and longer snoozes alike.  Features:   Soft velvety fabric for a cosy feel  Removable cushion that can be used separately  Collapsible design for easy storage  Lightweight and simple to clean  Comes in a single size  Measurements:\u00a040\u202f\u00d7\u202f40\u202f\u00d7\u202f40 cm (L\u202f\u00d7\u202fW\u202f\u00d7\u202fH).\" \/>\n<meta property=\"og:url\" content=\"https:\/\/www.seatouintl.com\/ar\/\u0627\u0644\u0645\u0646\u062a\u062c\/\u0641\u0631\u0627\u0634-\u0645\u0639-\u0648\u0633\u0627\u062f\u0629-\u0642\u0627\u0628\u0644\u0629-\u0644\u0644\u0625\u0632\u0627\u0644\u0629-\u0644\u0644\u0642\u0637\u0637\/\" \/>\n<meta property=\"og:site_name\" content=\"SeaToU-Pet bed Dog bed Cat bed Orthopedic pet bed Heated pet bed Self-warming pet bed Cave pet bed Donut pet bed Bolster pet bed Outdoor pet house Pet blanket Pet mat Pet pad Cooling pet mat Waterproof pet pad Faux fur pet blanket Washable pet blanket Pet throw Pet bed liner \u3001Pet clothing Dog sweater Cat hoodie Pet raincoat Pet Halloween costume Pet booties Pet T-shirt Pet pajamas Pet life jacket Pet bandana\u3001Pet toys Chew toys Interactive dog toys Cat teaser wand Squeaky toys Rope toys Puzzle toys Tug toys Ball launcher Catnip toys\u3001Pet carrier Dog backpack Cat carrier Pet stroller Travel pet carrier Soft-sided pet carrier Hard-sided pet carrier Pet sling Pet car seat Airline-approved pet carrier\u3001Pet supplies Pet accessories Pet essentials Pet care products Pet grooming supplies Pet safety gear\" \/>\n<meta property=\"article:publisher\" content=\"https:\/\/facebook.com\/seatouintl\" \/>\n<meta property=\"og:image\" content=\"https:\/\/www.seatouintl.com\/wp-content\/uploads\/2025\/11\/Bedding-With-Removable-Cushion-For-Cat.jpg\" \/>\n\t<meta property=\"og:image:width\" content=\"800\" \/>\n\t<meta property=\"og:image:height\" content=\"680\" \/>\n\t<meta property=\"og:image:type\" content=\"image\/jpeg\" \/>\n<meta name=\"twitter:card\" content=\"summary_large_image\" \/>\n<meta name=\"twitter:label1\" content=\"\u0648\u0642\u062a \u0627\u0644\u0642\u0631\u0627\u0621\u0629 \u0627\u0644\u0645\u064f\u0642\u062f\u0651\u0631\" \/>\n\t<meta name=\"twitter:data1\" content=\"\u062f\u0642\u064a\u0642\u0629 \u0648\u0627\u062d\u062f\u0629\" \/>\n<script type=\"application\/ld+json\" class=\"yoast-schema-graph\">{\"@context\":\"https:\/\/schema.org\",\"@graph\":[{\"@type\":\"WebPage\",\"@id\":\"https:\/\/www.seatouintl.com\/product\/bedding-with-removable-cushion-for-cat\/\",\"url\":\"https:\/\/www.seatouintl.com\/product\/bedding-with-removable-cushion-for-cat\/\",\"name\":\"Bedding With Removable Cushion For Cat - SeaToU-Pet bed Dog bed Cat bed Orthopedic pet bed Heated pet bed Self-warming pet bed Cave pet bed Donut pet bed Bolster pet bed Outdoor pet house Pet blanket Pet mat Pet pad Cooling pet mat Waterproof pet pad Faux fur pet blanket Washable pet blanket Pet throw Pet bed liner \u3001Pet clothing Dog sweater Cat hoodie Pet raincoat Pet Halloween costume Pet booties Pet T-shirt Pet pajamas Pet life jacket Pet bandana\u3001Pet toys Chew toys Interactive dog toys Cat teaser wand Squeaky toys Rope toys Puzzle toys Tug toys Ball launcher Catnip toys\u3001Pet carrier Dog backpack Cat carrier Pet stroller Travel pet carrier Soft-sided pet carrier Hard-sided pet carrier Pet sling Pet car seat Airline-approved pet carrier\u3001Pet supplies Pet accessories Pet essentials Pet care products Pet grooming supplies Pet safety gear\",\"isPartOf\":{\"@id\":\"https:\/\/www.seatouintl.com\/#website\"},\"primaryImageOfPage\":{\"@id\":\"https:\/\/www.seatouintl.com\/product\/bedding-with-removable-cushion-for-cat\/#primaryimage\"},\"image\":{\"@id\":\"https:\/\/www.seatouintl.com\/product\/bedding-with-removable-cushion-for-cat\/#primaryimage\"},\"thumbnailUrl\":\"https:\/\/www.seatouintl.com\/wp-content\/uploads\/2025\/11\/Bedding-With-Removable-Cushion-For-Cat.jpg\",\"datePublished\":\"2025-11-09T23:26:59+00:00\",\"breadcrumb\":{\"@id\":\"https:\/\/www.seatouintl.com\/product\/bedding-with-removable-cushion-for-cat\/#breadcrumb\"},\"inLanguage\":\"ar\",\"potentialAction\":[{\"@type\":\"ReadAction\",\"target\":[\"https:\/\/www.seatouintl.com\/product\/bedding-with-removable-cushion-for-cat\/\"]}]},{\"@type\":\"ImageObject\",\"inLanguage\":\"ar\",\"@id\":\"https:\/\/www.seatouintl.com\/product\/bedding-with-removable-cushion-for-cat\/#primaryimage\",\"url\":\"https:\/\/www.seatouintl.com\/wp-content\/uploads\/2025\/11\/Bedding-With-Removable-Cushion-For-Cat.jpg\",\"contentUrl\":\"https:\/\/www.seatouintl.com\/wp-content\/uploads\/2025\/11\/Bedding-With-Removable-Cushion-For-Cat.jpg\",\"width\":800,\"height\":680},{\"@type\":\"BreadcrumbList\",\"@id\":\"https:\/\/www.seatouintl.com\/product\/bedding-with-removable-cushion-for-cat\/#breadcrumb\",\"itemListElement\":[{\"@type\":\"ListItem\",\"position\":1,\"name\":\"\u9996\u9875\",\"item\":\"https:\/\/www.seatouintl.com\/\"},{\"@type\":\"ListItem\",\"position\":2,\"name\":\"Products\",\"item\":\"https:\/\/www.seatouintl.com\/products\/\"},{\"@type\":\"ListItem\",\"position\":3,\"name\":\"Bedding With Removable Cushion For Cat\"}]},{\"@type\":\"WebSite\",\"@id\":\"https:\/\/www.seatouintl.com\/#website\",\"url\":\"https:\/\/www.seatouintl.com\/\",\"name\":\"seatou\",\"description\":\"Pet bed Dog bed Cat bed Orthopedic pet bed Heated pet bed Self-warming pet bed Cave pet bed Donut pet bed Bolster pet bed Outdoor pet house Pet blanket Pet mat Pet pad Cooling pet mat Waterproof pet pad Faux fur pet blanket Washable pet blanket Pet throw Pet bed liner \u3001Pet clothing Dog sweater Cat hoodie Pet raincoat Pet Halloween costume Pet booties Pet T-shirt Pet pajamas Pet life jacket Pet bandana\u3001Pet toys Chew toys Interactive dog toys Cat teaser wand Squeaky toys Rope toys Puzzle toys Tug toys Ball launcher Catnip toys\u3001Pet carrier Dog backpack Cat carrier Pet stroller Travel pet carrier Soft-sided pet carrier Hard-sided pet carrier Pet sling Pet car seat Airline-approved pet carrier\u3001Pet supplies Pet accessories Pet essentials Pet care products Pet grooming supplies Pet safety gear\",\"publisher\":{\"@id\":\"https:\/\/www.seatouintl.com\/#organization\"},\"potentialAction\":[{\"@type\":\"SearchAction\",\"target\":{\"@type\":\"EntryPoint\",\"urlTemplate\":\"https:\/\/www.seatouintl.com\/?s={search_term_string}\"},\"query-input\":{\"@type\":\"PropertyValueSpecification\",\"valueRequired\":true,\"valueName\":\"search_term_string\"}}],\"inLanguage\":\"ar\"},{\"@type\":\"Organization\",\"@id\":\"https:\/\/www.seatouintl.com\/#organization\",\"name\":\"seatou\",\"url\":\"https:\/\/www.seatouintl.com\/\",\"logo\":{\"@type\":\"ImageObject\",\"inLanguage\":\"ar\",\"@id\":\"https:\/\/www.seatouintl.com\/#\/schema\/logo\/image\/\",\"url\":\"https:\/\/www.seatouintl.com\/wp-content\/uploads\/2025\/10\/LOGO1.png\",\"contentUrl\":\"https:\/\/www.seatouintl.com\/wp-content\/uploads\/2025\/10\/LOGO1.png\",\"width\":1043,\"height\":454,\"caption\":\"seatou\"},\"image\":{\"@id\":\"https:\/\/www.seatouintl.com\/#\/schema\/logo\/image\/\"},\"sameAs\":[\"https:\/\/facebook.com\/seatouintl\"]}]}<\/script>\n<!-- \/ Yoast SEO plugin. -->","yoast_head_json":{"title":"Bedding With Removable Cushion For Cat - SeaToU-Pet bed Dog bed Cat bed Orthopedic pet bed Heated pet bed Self-warming pet bed Cave pet bed Donut pet bed Bolster pet bed Outdoor pet house Pet blanket Pet mat Pet pad Cooling pet mat Waterproof pet pad Faux fur pet blanket Washable pet blanket Pet throw Pet bed liner \u3001Pet clothing Dog sweater Cat hoodie Pet raincoat Pet Halloween costume Pet booties Pet T-shirt Pet pajamas Pet life jacket Pet bandana\u3001Pet toys Chew toys Interactive dog toys Cat teaser wand Squeaky toys Rope toys Puzzle toys Tug toys Ball launcher Catnip toys\u3001Pet carrier Dog backpack Cat carrier Pet stroller Travel pet carrier Soft-sided pet carrier Hard-sided pet carrier Pet sling Pet car seat Airline-approved pet carrier\u3001Pet supplies Pet accessories Pet essentials Pet care products Pet grooming supplies Pet safety gear","robots":{"index":"index","follow":"follow","max-snippet":"max-snippet:-1","max-image-preview":"max-image-preview:large","max-video-preview":"max-video-preview:-1"},"canonical":"https:\/\/www.seatouintl.com\/ar\/\u0627\u0644\u0645\u0646\u062a\u062c\/\u0641\u0631\u0627\u0634-\u0645\u0639-\u0648\u0633\u0627\u062f\u0629-\u0642\u0627\u0628\u0644\u0629-\u0644\u0644\u0625\u0632\u0627\u0644\u0629-\u0644\u0644\u0642\u0637\u0637\/","og_locale":"ar_AR","og_type":"article","og_title":"Bedding With Removable Cushion For Cat - SeaToU-Pet bed Dog bed Cat bed Orthopedic pet bed Heated pet bed Self-warming pet bed Cave pet bed Donut pet bed Bolster pet bed Outdoor pet house Pet blanket Pet mat Pet pad Cooling pet mat Waterproof pet pad Faux fur pet blanket Washable pet blanket Pet throw Pet bed liner \u3001Pet clothing Dog sweater Cat hoodie Pet raincoat Pet Halloween costume Pet booties Pet T-shirt Pet pajamas Pet life jacket Pet bandana\u3001Pet toys Chew toys Interactive dog toys Cat teaser wand Squeaky toys Rope toys Puzzle toys Tug toys Ball launcher Catnip toys\u3001Pet carrier Dog backpack Cat carrier Pet stroller Travel pet carrier Soft-sided pet carrier Hard-sided pet carrier Pet sling Pet car seat Airline-approved pet carrier\u3001Pet supplies Pet accessories Pet essentials Pet care products Pet grooming supplies Pet safety gear","og_description":"Product Description    Designed for little pets who love to burrow, this tent\u2011style bed provides a snug retreat. The soft velvety fabric and removable cushion offer warmth and support, while the raised \u201ccave\u201d shape delivers a sense of security. It folds flat for easy storage and is lightweight enough to move around the house. Ideal for catnaps and longer snoozes alike.  Features:   Soft velvety fabric for a cosy feel  Removable cushion that can be used separately  Collapsible design for easy storage  Lightweight and simple to clean  Comes in a single size  Measurements:\u00a040\u202f\u00d7\u202f40\u202f\u00d7\u202f40 cm (L\u202f\u00d7\u202fW\u202f\u00d7\u202fH).","og_url":"https:\/\/www.seatouintl.com\/ar\/\u0627\u0644\u0645\u0646\u062a\u062c\/\u0641\u0631\u0627\u0634-\u0645\u0639-\u0648\u0633\u0627\u062f\u0629-\u0642\u0627\u0628\u0644\u0629-\u0644\u0644\u0625\u0632\u0627\u0644\u0629-\u0644\u0644\u0642\u0637\u0637\/","og_site_name":"SeaToU-Pet bed Dog bed Cat bed Orthopedic pet bed Heated pet bed Self-warming pet bed Cave pet bed Donut pet bed Bolster pet bed Outdoor pet house Pet blanket Pet mat Pet pad Cooling pet mat Waterproof pet pad Faux fur pet blanket Washable pet blanket Pet throw Pet bed liner \u3001Pet clothing Dog sweater Cat hoodie Pet raincoat Pet Halloween costume Pet booties Pet T-shirt Pet pajamas Pet life jacket Pet bandana\u3001Pet toys Chew toys Interactive dog toys Cat teaser wand Squeaky toys Rope toys Puzzle toys Tug toys Ball launcher Catnip toys\u3001Pet carrier Dog backpack Cat carrier Pet stroller Travel pet carrier Soft-sided pet carrier Hard-sided pet carrier Pet sling Pet car seat Airline-approved pet carrier\u3001Pet supplies Pet accessories Pet essentials Pet care products Pet grooming supplies Pet safety gear","article_publisher":"https:\/\/facebook.com\/seatouintl","og_image":[{"width":800,"height":680,"url":"https:\/\/www.seatouintl.com\/wp-content\/uploads\/2025\/11\/Bedding-With-Removable-Cushion-For-Cat.jpg","type":"image\/jpeg"}],"twitter_card":"summary_large_image","twitter_misc":{"\u0648\u0642\u062a \u0627\u0644\u0642\u0631\u0627\u0621\u0629 \u0627\u0644\u0645\u064f\u0642\u062f\u0651\u0631":"\u062f\u0642\u064a\u0642\u0629 \u0648\u0627\u062d\u062f\u0629"},"schema":{"@context":"https:\/\/schema.org","@graph":[{"@type":"WebPage","@id":"https:\/\/www.seatouintl.com\/product\/bedding-with-removable-cushion-for-cat\/","url":"https:\/\/www.seatouintl.com\/product\/bedding-with-removable-cushion-for-cat\/","name":"Bedding With Removable Cushion For Cat - SeaToU-Pet bed Dog bed Cat bed Orthopedic pet bed Heated pet bed Self-warming pet bed Cave pet bed Donut pet bed Bolster pet bed Outdoor pet house Pet blanket Pet mat Pet pad Cooling pet mat Waterproof pet pad Faux fur pet blanket Washable pet blanket Pet throw Pet bed liner \u3001Pet clothing Dog sweater Cat hoodie Pet raincoat Pet Halloween costume Pet booties Pet T-shirt Pet pajamas Pet life jacket Pet bandana\u3001Pet toys Chew toys Interactive dog toys Cat teaser wand Squeaky toys Rope toys Puzzle toys Tug toys Ball launcher Catnip toys\u3001Pet carrier Dog backpack Cat carrier Pet stroller Travel pet carrier Soft-sided pet carrier Hard-sided pet carrier Pet sling Pet car seat Airline-approved pet carrier\u3001Pet supplies Pet accessories Pet essentials Pet care products Pet grooming supplies Pet safety gear","isPartOf":{"@id":"https:\/\/www.seatouintl.com\/#website"},"primaryImageOfPage":{"@id":"https:\/\/www.seatouintl.com\/product\/bedding-with-removable-cushion-for-cat\/#primaryimage"},"image":{"@id":"https:\/\/www.seatouintl.com\/product\/bedding-with-removable-cushion-for-cat\/#primaryimage"},"thumbnailUrl":"https:\/\/www.seatouintl.com\/wp-content\/uploads\/2025\/11\/Bedding-With-Removable-Cushion-For-Cat.jpg","datePublished":"2025-11-09T23:26:59+00:00","breadcrumb":{"@id":"https:\/\/www.seatouintl.com\/product\/bedding-with-removable-cushion-for-cat\/#breadcrumb"},"inLanguage":"ar","potentialAction":[{"@type":"ReadAction","target":["https:\/\/www.seatouintl.com\/product\/bedding-with-removable-cushion-for-cat\/"]}]},{"@type":"ImageObject","inLanguage":"ar","@id":"https:\/\/www.seatouintl.com\/product\/bedding-with-removable-cushion-for-cat\/#primaryimage","url":"https:\/\/www.seatouintl.com\/wp-content\/uploads\/2025\/11\/Bedding-With-Removable-Cushion-For-Cat.jpg","contentUrl":"https:\/\/www.seatouintl.com\/wp-content\/uploads\/2025\/11\/Bedding-With-Removable-Cushion-For-Cat.jpg","width":800,"height":680},{"@type":"BreadcrumbList","@id":"https:\/\/www.seatouintl.com\/product\/bedding-with-removable-cushion-for-cat\/#breadcrumb","itemListElement":[{"@type":"ListItem","position":1,"name":"\u9996\u9875","item":"https:\/\/www.seatouintl.com\/"},{"@type":"ListItem","position":2,"name":"Products","item":"https:\/\/www.seatouintl.com\/products\/"},{"@type":"ListItem","position":3,"name":"Bedding With Removable Cushion For Cat"}]},{"@type":"WebSite","@id":"https:\/\/www.seatouintl.com\/#website","url":"https:\/\/www.seatouintl.com\/","name":"\u0645\u0642\u0639\u062f\u0643","description":"Pet bed Dog bed Cat bed Orthopedic pet bed Heated pet bed Self-warming pet bed Cave pet bed Donut pet bed Bolster pet bed Outdoor pet house Pet blanket Pet mat Pet pad Cooling pet mat Waterproof pet pad Faux fur pet blanket Washable pet blanket Pet throw Pet bed liner \u3001Pet clothing Dog sweater Cat hoodie Pet raincoat Pet Halloween costume Pet booties Pet T-shirt Pet pajamas Pet life jacket Pet bandana\u3001Pet toys Chew toys Interactive dog toys Cat teaser wand Squeaky toys Rope toys Puzzle toys Tug toys Ball launcher Catnip toys\u3001Pet carrier Dog backpack Cat carrier Pet stroller Travel pet carrier Soft-sided pet carrier Hard-sided pet carrier Pet sling Pet car seat Airline-approved pet carrier\u3001Pet supplies Pet accessories Pet essentials Pet care products Pet grooming supplies Pet safety gear","publisher":{"@id":"https:\/\/www.seatouintl.com\/#organization"},"potentialAction":[{"@type":"SearchAction","target":{"@type":"EntryPoint","urlTemplate":"https:\/\/www.seatouintl.com\/?s={search_term_string}"},"query-input":{"@type":"PropertyValueSpecification","valueRequired":true,"valueName":"search_term_string"}}],"inLanguage":"ar"},{"@type":"Organization","@id":"https:\/\/www.seatouintl.com\/#organization","name":"\u0645\u0642\u0639\u062f\u0643","url":"https:\/\/www.seatouintl.com\/","logo":{"@type":"ImageObject","inLanguage":"ar","@id":"https:\/\/www.seatouintl.com\/#\/schema\/logo\/image\/","url":"https:\/\/www.seatouintl.com\/wp-content\/uploads\/2025\/10\/LOGO1.png","contentUrl":"https:\/\/www.seatouintl.com\/wp-content\/uploads\/2025\/10\/LOGO1.png","width":1043,"height":454,"caption":"seatou"},"image":{"@id":"https:\/\/www.seatouintl.com\/#\/schema\/logo\/image\/"},"sameAs":["https:\/\/facebook.com\/seatouintl"]}]}},"_links":{"self":[{"href":"https:\/\/www.seatouintl.com\/ar\/wp-json\/wp\/v2\/product\/3677","targetHints":{"allow":["GET"]}}],"collection":[{"href":"https:\/\/www.seatouintl.com\/ar\/wp-json\/wp\/v2\/product"}],"about":[{"href":"https:\/\/www.seatouintl.com\/ar\/wp-json\/wp\/v2\/types\/product"}],"wp:featuredmedia":[{"embeddable":true,"href":"https:\/\/www.seatouintl.com\/ar\/wp-json\/wp\/v2\/media\/3678"}],"wp:attachment":[{"href":"https:\/\/www.seatouintl.com\/ar\/wp-json\/wp\/v2\/media?parent=3677"}],"wp:term":[{"taxonomy":"product_brand","embeddable":true,"href":"https:\/\/www.seatouintl.com\/ar\/wp-json\/wp\/v2\/product_brand?post=3677"},{"taxonomy":"product_cat","embeddable":true,"href":"https:\/\/www.seatouintl.com\/ar\/wp-json\/wp\/v2\/product_cat?post=3677"},{"taxonomy":"product_tag","embeddable":true,"href":"https:\/\/www.seatouintl.com\/ar\/wp-json\/wp\/v2\/product_tag?post=3677"}],"curies":[{"name":"\u062f\u0628\u0644\u064a\u0648 \u0628\u064a","href":"https:\/\/api.w.org\/{rel}","templated":true}]}}