{"id":3443,"date":"2025-11-08T07:27:47","date_gmt":"2025-11-07T23:27:47","guid":{"rendered":"https:\/\/www.seatouintl.com\/?post_type=product&#038;p=3443"},"modified":"2025-11-08T07:27:47","modified_gmt":"2025-11-07T23:27:47","slug":"capy-cafe-trio-latex-hundespielzeug-kollektioncapy-cafe-trio-latex-hundespielzeug-kollektion","status":"publish","type":"product","link":"https:\/\/www.seatouintl.com\/de\/produkt\/capy-cafe-trio-latex-hundespielzeug-kollektioncapy-cafe-trio-latex-hundespielzeug-kollektion\/","title":{"rendered":"Capy Caf\u00e9 Trio Latex Hundespielzeug Kollektion"},"content":{"rendered":"","protected":false},"excerpt":{"rendered":"<p><img decoding=\"async\" class=\"alignnone  wp-image-2254\" src=\"https:\/\/www.seatouintl.com\/wp-content\/uploads\/2025\/10\/LOGO3-1-300x103.png\" alt=\"\" width=\"151\" height=\"52\" srcset=\"https:\/\/www.seatouintl.com\/wp-content\/uploads\/2025\/10\/LOGO3-1-300x103.png 300w, https:\/\/www.seatouintl.com\/wp-content\/uploads\/2025\/10\/LOGO3-1-600x207.png 600w, https:\/\/www.seatouintl.com\/wp-content\/uploads\/2025\/10\/LOGO3-1-400x138.png 400w, https:\/\/www.seatouintl.com\/wp-content\/uploads\/2025\/10\/LOGO3-1-768x265.png 768w, https:\/\/www.seatouintl.com\/wp-content\/uploads\/2025\/10\/LOGO3-1.png 850w\" sizes=\"(max-width: 151px) 100vw, 151px\" \/><\/p>\n<p>Egal, ob der Welpe in der Stimmung ist, zu apportieren, zu kauen oder einfach mit seiner Lieblings-Caf\u00e9-Crew zu faulenzen, das Capy Caf\u00e9 Trio ist das perfekte Rezept f\u00fcr gesunden, herzerw\u00e4rmenden Spa\u00df. Jedes Capybara ist aus weichem, aber strapazierf\u00e4higem Naturlatex gefertigt und verf\u00fcgt \u00fcber einen eingebauten Quietscher f\u00fcr zus\u00e4tzlichen Spielspa\u00df.<\/p>\n<h5>Gr\u00f6\u00dfe:<\/h5>\n<p>Bitte beachten Sie die Gr\u00f6\u00dfentabelle.<\/p>\n<h5>Hauptmaterial:<\/h5>\n<p>Latex, Quietsche<\/p>\n<h5>Wichtigste Vorteile:<\/h5>\n<ul>\n<li>Quietschvergn\u00fcgen<\/li>\n<li>Weich und strapazierf\u00e4hig<\/li>\n<li>Z\u00e4hneputzen<\/li>\n<\/ul>","protected":false},"featured_media":3444,"template":"","meta":[],"product_brand":[],"product_cat":[59],"product_tag":[69],"class_list":{"0":"post-3443","1":"product","2":"type-product","3":"status-publish","4":"has-post-thumbnail","6":"product_cat-plush-dog-toys-rubber-chew-toys","7":"product_tag-pet-toys","9":"first","10":"instock","11":"shipping-taxable","12":"product-type-simple"},"yoast_head":"<!-- This site is optimized with the Yoast SEO plugin v26.5 - https:\/\/yoast.com\/wordpress\/plugins\/seo\/ -->\n<title>Capy Caf\u00e9 Trio Latex Dog Toy Collection - SeaToU-Pet bed Dog bed Cat bed Orthopedic pet bed Heated pet bed Self-warming pet bed Cave pet bed Donut pet bed Bolster pet bed Outdoor pet house Pet blanket Pet mat Pet pad Cooling pet mat Waterproof pet pad Faux fur pet blanket Washable pet blanket Pet throw Pet bed liner \u3001Pet clothing Dog sweater Cat hoodie Pet raincoat Pet Halloween costume Pet booties Pet T-shirt Pet pajamas Pet life jacket Pet bandana\u3001Pet toys Chew toys Interactive dog toys Cat teaser wand Squeaky toys Rope toys Puzzle toys Tug toys Ball launcher Catnip toys\u3001Pet carrier Dog backpack Cat carrier Pet stroller Travel pet carrier Soft-sided pet carrier Hard-sided pet carrier Pet sling Pet car seat Airline-approved pet carrier\u3001Pet supplies Pet accessories Pet essentials Pet care products Pet grooming supplies Pet safety gear<\/title>\n<meta name=\"description\" content=\"Whether the pup is in the mood to fetch, chew, or simply lounge with their favorite caf\u00e9 crew, the Capy Caf\u00e9 Trio is the perfect recipe for wholesome, heartwarming fun. Each capybara is crafted from soft yet durable natural latex and includes a built-in squeaker for that extra touch of playful joy.\" \/>\n<meta name=\"robots\" content=\"index, follow, max-snippet:-1, max-image-preview:large, max-video-preview:-1\" \/>\n<link rel=\"canonical\" href=\"https:\/\/www.seatouintl.com\/de\/produkt\/capy-cafe-trio-latex-hundespielzeug-kollektioncapy-cafe-trio-latex-hundespielzeug-kollektion\/\" \/>\n<meta property=\"og:locale\" content=\"de_DE\" \/>\n<meta property=\"og:type\" content=\"article\" \/>\n<meta property=\"og:title\" content=\"Capy Caf\u00e9 Trio Latex Dog Toy Collection - SeaToU-Pet bed Dog bed Cat bed Orthopedic pet bed Heated pet bed Self-warming pet bed Cave pet bed Donut pet bed Bolster pet bed Outdoor pet house Pet blanket Pet mat Pet pad Cooling pet mat Waterproof pet pad Faux fur pet blanket Washable pet blanket Pet throw Pet bed liner \u3001Pet clothing Dog sweater Cat hoodie Pet raincoat Pet Halloween costume Pet booties Pet T-shirt Pet pajamas Pet life jacket Pet bandana\u3001Pet toys Chew toys Interactive dog toys Cat teaser wand Squeaky toys Rope toys Puzzle toys Tug toys Ball launcher Catnip toys\u3001Pet carrier Dog backpack Cat carrier Pet stroller Travel pet carrier Soft-sided pet carrier Hard-sided pet carrier Pet sling Pet car seat Airline-approved pet carrier\u3001Pet supplies Pet accessories Pet essentials Pet care products Pet grooming supplies Pet safety gear\" \/>\n<meta property=\"og:description\" content=\"Whether the pup is in the mood to fetch, chew, or simply lounge with their favorite caf\u00e9 crew, the Capy Caf\u00e9 Trio is the perfect recipe for wholesome, heartwarming fun. Each capybara is crafted from soft yet durable natural latex and includes a built-in squeaker for that extra touch of playful joy.\" \/>\n<meta property=\"og:url\" content=\"https:\/\/www.seatouintl.com\/de\/produkt\/capy-cafe-trio-latex-hundespielzeug-kollektioncapy-cafe-trio-latex-hundespielzeug-kollektion\/\" \/>\n<meta property=\"og:site_name\" content=\"SeaToU-Pet bed Dog bed Cat bed Orthopedic pet bed Heated pet bed Self-warming pet bed Cave pet bed Donut pet bed Bolster pet bed Outdoor pet house Pet blanket Pet mat Pet pad Cooling pet mat Waterproof pet pad Faux fur pet blanket Washable pet blanket Pet throw Pet bed liner \u3001Pet clothing Dog sweater Cat hoodie Pet raincoat Pet Halloween costume Pet booties Pet T-shirt Pet pajamas Pet life jacket Pet bandana\u3001Pet toys Chew toys Interactive dog toys Cat teaser wand Squeaky toys Rope toys Puzzle toys Tug toys Ball launcher Catnip toys\u3001Pet carrier Dog backpack Cat carrier Pet stroller Travel pet carrier Soft-sided pet carrier Hard-sided pet carrier Pet sling Pet car seat Airline-approved pet carrier\u3001Pet supplies Pet accessories Pet essentials Pet care products Pet grooming supplies Pet safety gear\" \/>\n<meta property=\"article:publisher\" content=\"https:\/\/facebook.com\/seatouintl\" \/>\n<meta property=\"og:image\" content=\"https:\/\/www.seatouintl.com\/wp-content\/uploads\/2025\/11\/capy-cafe-trio-latex-dog-toy-collection.jpg\" \/>\n\t<meta property=\"og:image:width\" content=\"800\" \/>\n\t<meta property=\"og:image:height\" content=\"680\" \/>\n\t<meta property=\"og:image:type\" content=\"image\/jpeg\" \/>\n<meta name=\"twitter:card\" content=\"summary_large_image\" \/>\n<meta name=\"twitter:label1\" content=\"Gesch\u00e4tzte Lesezeit\" \/>\n\t<meta name=\"twitter:data1\" content=\"1\u00a0Minute\" \/>\n<script type=\"application\/ld+json\" class=\"yoast-schema-graph\">{\"@context\":\"https:\/\/schema.org\",\"@graph\":[{\"@type\":\"WebPage\",\"@id\":\"https:\/\/www.seatouintl.com\/product\/capy-cafe-trio-latex-dog-toy-collectioncapy-cafe-trio-latex-dog-toy-collection\/\",\"url\":\"https:\/\/www.seatouintl.com\/product\/capy-cafe-trio-latex-dog-toy-collectioncapy-cafe-trio-latex-dog-toy-collection\/\",\"name\":\"Capy Caf\u00e9 Trio Latex Dog Toy Collection - SeaToU-Pet bed Dog bed Cat bed Orthopedic pet bed Heated pet bed Self-warming pet bed Cave pet bed Donut pet bed Bolster pet bed Outdoor pet house Pet blanket Pet mat Pet pad Cooling pet mat Waterproof pet pad Faux fur pet blanket Washable pet blanket Pet throw Pet bed liner \u3001Pet clothing Dog sweater Cat hoodie Pet raincoat Pet Halloween costume Pet booties Pet T-shirt Pet pajamas Pet life jacket Pet bandana\u3001Pet toys Chew toys Interactive dog toys Cat teaser wand Squeaky toys Rope toys Puzzle toys Tug toys Ball launcher Catnip toys\u3001Pet carrier Dog backpack Cat carrier Pet stroller Travel pet carrier Soft-sided pet carrier Hard-sided pet carrier Pet sling Pet car seat Airline-approved pet carrier\u3001Pet supplies Pet accessories Pet essentials Pet care products Pet grooming supplies Pet safety gear\",\"isPartOf\":{\"@id\":\"https:\/\/www.seatouintl.com\/#website\"},\"primaryImageOfPage\":{\"@id\":\"https:\/\/www.seatouintl.com\/product\/capy-cafe-trio-latex-dog-toy-collectioncapy-cafe-trio-latex-dog-toy-collection\/#primaryimage\"},\"image\":{\"@id\":\"https:\/\/www.seatouintl.com\/product\/capy-cafe-trio-latex-dog-toy-collectioncapy-cafe-trio-latex-dog-toy-collection\/#primaryimage\"},\"thumbnailUrl\":\"https:\/\/www.seatouintl.com\/wp-content\/uploads\/2025\/11\/capy-cafe-trio-latex-dog-toy-collection.jpg\",\"datePublished\":\"2025-11-07T23:27:47+00:00\",\"description\":\"Whether the pup is in the mood to fetch, chew, or simply lounge with their favorite caf\u00e9 crew, the Capy Caf\u00e9 Trio is the perfect recipe for wholesome, heartwarming fun. Each capybara is crafted from soft yet durable natural latex and includes a built-in squeaker for that extra touch of playful joy.\",\"breadcrumb\":{\"@id\":\"https:\/\/www.seatouintl.com\/product\/capy-cafe-trio-latex-dog-toy-collectioncapy-cafe-trio-latex-dog-toy-collection\/#breadcrumb\"},\"inLanguage\":\"de\",\"potentialAction\":[{\"@type\":\"ReadAction\",\"target\":[\"https:\/\/www.seatouintl.com\/product\/capy-cafe-trio-latex-dog-toy-collectioncapy-cafe-trio-latex-dog-toy-collection\/\"]}]},{\"@type\":\"ImageObject\",\"inLanguage\":\"de\",\"@id\":\"https:\/\/www.seatouintl.com\/product\/capy-cafe-trio-latex-dog-toy-collectioncapy-cafe-trio-latex-dog-toy-collection\/#primaryimage\",\"url\":\"https:\/\/www.seatouintl.com\/wp-content\/uploads\/2025\/11\/capy-cafe-trio-latex-dog-toy-collection.jpg\",\"contentUrl\":\"https:\/\/www.seatouintl.com\/wp-content\/uploads\/2025\/11\/capy-cafe-trio-latex-dog-toy-collection.jpg\",\"width\":800,\"height\":680},{\"@type\":\"BreadcrumbList\",\"@id\":\"https:\/\/www.seatouintl.com\/product\/capy-cafe-trio-latex-dog-toy-collectioncapy-cafe-trio-latex-dog-toy-collection\/#breadcrumb\",\"itemListElement\":[{\"@type\":\"ListItem\",\"position\":1,\"name\":\"\u9996\u9875\",\"item\":\"https:\/\/www.seatouintl.com\/\"},{\"@type\":\"ListItem\",\"position\":2,\"name\":\"Products\",\"item\":\"https:\/\/www.seatouintl.com\/products\/\"},{\"@type\":\"ListItem\",\"position\":3,\"name\":\"Capy Caf\u00e9 Trio Latex Dog Toy Collection\"}]},{\"@type\":\"WebSite\",\"@id\":\"https:\/\/www.seatouintl.com\/#website\",\"url\":\"https:\/\/www.seatouintl.com\/\",\"name\":\"seatou\",\"description\":\"Pet bed Dog bed Cat bed Orthopedic pet bed Heated pet bed Self-warming pet bed Cave pet bed Donut pet bed Bolster pet bed Outdoor pet house Pet blanket Pet mat Pet pad Cooling pet mat Waterproof pet pad Faux fur pet blanket Washable pet blanket Pet throw Pet bed liner \u3001Pet clothing Dog sweater Cat hoodie Pet raincoat Pet Halloween costume Pet booties Pet T-shirt Pet pajamas Pet life jacket Pet bandana\u3001Pet toys Chew toys Interactive dog toys Cat teaser wand Squeaky toys Rope toys Puzzle toys Tug toys Ball launcher Catnip toys\u3001Pet carrier Dog backpack Cat carrier Pet stroller Travel pet carrier Soft-sided pet carrier Hard-sided pet carrier Pet sling Pet car seat Airline-approved pet carrier\u3001Pet supplies Pet accessories Pet essentials Pet care products Pet grooming supplies Pet safety gear\",\"publisher\":{\"@id\":\"https:\/\/www.seatouintl.com\/#organization\"},\"potentialAction\":[{\"@type\":\"SearchAction\",\"target\":{\"@type\":\"EntryPoint\",\"urlTemplate\":\"https:\/\/www.seatouintl.com\/?s={search_term_string}\"},\"query-input\":{\"@type\":\"PropertyValueSpecification\",\"valueRequired\":true,\"valueName\":\"search_term_string\"}}],\"inLanguage\":\"de\"},{\"@type\":\"Organization\",\"@id\":\"https:\/\/www.seatouintl.com\/#organization\",\"name\":\"seatou\",\"url\":\"https:\/\/www.seatouintl.com\/\",\"logo\":{\"@type\":\"ImageObject\",\"inLanguage\":\"de\",\"@id\":\"https:\/\/www.seatouintl.com\/#\/schema\/logo\/image\/\",\"url\":\"https:\/\/www.seatouintl.com\/wp-content\/uploads\/2025\/10\/LOGO1.png\",\"contentUrl\":\"https:\/\/www.seatouintl.com\/wp-content\/uploads\/2025\/10\/LOGO1.png\",\"width\":1043,\"height\":454,\"caption\":\"seatou\"},\"image\":{\"@id\":\"https:\/\/www.seatouintl.com\/#\/schema\/logo\/image\/\"},\"sameAs\":[\"https:\/\/facebook.com\/seatouintl\"]}]}<\/script>\n<!-- \/ Yoast SEO plugin. -->","yoast_head_json":{"title":"Capy Caf\u00e9 Trio Latex Dog Toy Collection - SeaToU-Haustierbett Hundebett Katzenbett Orthop\u00e4disches Haustierbett Beheiztes Haustierbett Selbstw\u00e4rmendes Haustierbett H\u00f6hlen-Haustierbett Donut-Haustierbett Nackenrollen-Haustierbett Haustierhaus Haustierdecke Haustiermatte K\u00fchlende Haustiermatte Wasserdichte Haustiermatte Kunstfell-Haustierdecke Waschbare Haustierdecke Haustier\u00fcberwurf Haustierbetteinlage \u3001Haustierbekleidung Hundepullover Katzenkapuzenpulli Haustierregenmantel Haustier-Halloweenkost\u00fcm Haustier-Schuhe Haustier-T-Haustier-Pyjama Haustier-Schlafanzug Haustier-Schwimmweste Haustier-Halstuch\u3001Tierspielzeug Kauspielzeug Interaktives Hundespielzeug Katzenspielzeug Quietschspielzeug Seilspielzeug Puzzle-Spielzeug Zerrspielzeug Ballwerfer Katzenminze-Spielzeug\u3001Tiertransporter Hunderucksack Katzentransporter Haustier-Kinderwagen Reise-Tiertransporter Soft-Side-Tiertransporter Hard-Side-Tiertransporter Haustier-Tragetuch Haustier-Autositz Airline-zugelassener Tiertransporter\u3001Tierbedarf Haustier-Zubeh\u00f6r Haustierbedarf Haustier-Pflegeprodukte Haustier-Pflegemittel Haustier-Sicherheitsausr\u00fcstung","description":"Egal, ob der Welpe in der Stimmung ist, zu apportieren, zu kauen oder einfach mit seiner Lieblings-Caf\u00e9-Crew zu faulenzen, das Capy Caf\u00e9 Trio ist das perfekte Rezept f\u00fcr gesunden, herzerw\u00e4rmenden Spa\u00df. Jedes Capybara ist aus weichem, aber strapazierf\u00e4higem Naturlatex gefertigt und verf\u00fcgt \u00fcber einen eingebauten Quietscher f\u00fcr zus\u00e4tzlichen Spielspa\u00df.","robots":{"index":"index","follow":"follow","max-snippet":"max-snippet:-1","max-image-preview":"max-image-preview:large","max-video-preview":"max-video-preview:-1"},"canonical":"https:\/\/www.seatouintl.com\/de\/produkt\/capy-cafe-trio-latex-hundespielzeug-kollektioncapy-cafe-trio-latex-hundespielzeug-kollektion\/","og_locale":"de_DE","og_type":"article","og_title":"Capy Caf\u00e9 Trio Latex Dog Toy Collection - SeaToU-Pet bed Dog bed Cat bed Orthopedic pet bed Heated pet bed Self-warming pet bed Cave pet bed Donut pet bed Bolster pet bed Outdoor pet house Pet blanket Pet mat Pet pad Cooling pet mat Waterproof pet pad Faux fur pet blanket Washable pet blanket Pet throw Pet bed liner \u3001Pet clothing Dog sweater Cat hoodie Pet raincoat Pet Halloween costume Pet booties Pet T-shirt Pet pajamas Pet life jacket Pet bandana\u3001Pet toys Chew toys Interactive dog toys Cat teaser wand Squeaky toys Rope toys Puzzle toys Tug toys Ball launcher Catnip toys\u3001Pet carrier Dog backpack Cat carrier Pet stroller Travel pet carrier Soft-sided pet carrier Hard-sided pet carrier Pet sling Pet car seat Airline-approved pet carrier\u3001Pet supplies Pet accessories Pet essentials Pet care products Pet grooming supplies Pet safety gear","og_description":"Whether the pup is in the mood to fetch, chew, or simply lounge with their favorite caf\u00e9 crew, the Capy Caf\u00e9 Trio is the perfect recipe for wholesome, heartwarming fun. Each capybara is crafted from soft yet durable natural latex and includes a built-in squeaker for that extra touch of playful joy.","og_url":"https:\/\/www.seatouintl.com\/de\/produkt\/capy-cafe-trio-latex-hundespielzeug-kollektioncapy-cafe-trio-latex-hundespielzeug-kollektion\/","og_site_name":"SeaToU-Pet bed Dog bed Cat bed Orthopedic pet bed Heated pet bed Self-warming pet bed Cave pet bed Donut pet bed Bolster pet bed Outdoor pet house Pet blanket Pet mat Pet pad Cooling pet mat Waterproof pet pad Faux fur pet blanket Washable pet blanket Pet throw Pet bed liner \u3001Pet clothing Dog sweater Cat hoodie Pet raincoat Pet Halloween costume Pet booties Pet T-shirt Pet pajamas Pet life jacket Pet bandana\u3001Pet toys Chew toys Interactive dog toys Cat teaser wand Squeaky toys Rope toys Puzzle toys Tug toys Ball launcher Catnip toys\u3001Pet carrier Dog backpack Cat carrier Pet stroller Travel pet carrier Soft-sided pet carrier Hard-sided pet carrier Pet sling Pet car seat Airline-approved pet carrier\u3001Pet supplies Pet accessories Pet essentials Pet care products Pet grooming supplies Pet safety gear","article_publisher":"https:\/\/facebook.com\/seatouintl","og_image":[{"width":800,"height":680,"url":"https:\/\/www.seatouintl.com\/wp-content\/uploads\/2025\/11\/capy-cafe-trio-latex-dog-toy-collection.jpg","type":"image\/jpeg"}],"twitter_card":"summary_large_image","twitter_misc":{"Gesch\u00e4tzte Lesezeit":"1\u00a0Minute"},"schema":{"@context":"https:\/\/schema.org","@graph":[{"@type":"WebPage","@id":"https:\/\/www.seatouintl.com\/product\/capy-cafe-trio-latex-dog-toy-collectioncapy-cafe-trio-latex-dog-toy-collection\/","url":"https:\/\/www.seatouintl.com\/product\/capy-cafe-trio-latex-dog-toy-collectioncapy-cafe-trio-latex-dog-toy-collection\/","name":"Capy Caf\u00e9 Trio Latex Dog Toy Collection - SeaToU-Haustierbett Hundebett Katzenbett Orthop\u00e4disches Haustierbett Beheiztes Haustierbett Selbstw\u00e4rmendes Haustierbett H\u00f6hlen-Haustierbett Donut-Haustierbett Nackenrollen-Haustierbett Haustierhaus Haustierdecke Haustiermatte K\u00fchlende Haustiermatte Wasserdichte Haustiermatte Kunstfell-Haustierdecke Waschbare Haustierdecke Haustier\u00fcberwurf Haustierbetteinlage \u3001Haustierbekleidung Hundepullover Katzenkapuzenpulli Haustierregenmantel Haustier-Halloweenkost\u00fcm Haustier-Schuhe Haustier-T-Haustier-Pyjama Haustier-Schlafanzug Haustier-Schwimmweste Haustier-Halstuch\u3001Tierspielzeug Kauspielzeug Interaktives Hundespielzeug Katzenspielzeug Quietschspielzeug Seilspielzeug Puzzle-Spielzeug Zerrspielzeug Ballwerfer Katzenminze-Spielzeug\u3001Tiertransporter Hunderucksack Katzentransporter Haustier-Kinderwagen Reise-Tiertransporter Soft-Side-Tiertransporter Hard-Side-Tiertransporter Haustier-Tragetuch Haustier-Autositz Airline-zugelassener Tiertransporter\u3001Tierbedarf Haustier-Zubeh\u00f6r Haustierbedarf Haustier-Pflegeprodukte Haustier-Pflegemittel Haustier-Sicherheitsausr\u00fcstung","isPartOf":{"@id":"https:\/\/www.seatouintl.com\/#website"},"primaryImageOfPage":{"@id":"https:\/\/www.seatouintl.com\/product\/capy-cafe-trio-latex-dog-toy-collectioncapy-cafe-trio-latex-dog-toy-collection\/#primaryimage"},"image":{"@id":"https:\/\/www.seatouintl.com\/product\/capy-cafe-trio-latex-dog-toy-collectioncapy-cafe-trio-latex-dog-toy-collection\/#primaryimage"},"thumbnailUrl":"https:\/\/www.seatouintl.com\/wp-content\/uploads\/2025\/11\/capy-cafe-trio-latex-dog-toy-collection.jpg","datePublished":"2025-11-07T23:27:47+00:00","description":"Egal, ob der Welpe in der Stimmung ist, zu apportieren, zu kauen oder einfach mit seiner Lieblings-Caf\u00e9-Crew zu faulenzen, das Capy Caf\u00e9 Trio ist das perfekte Rezept f\u00fcr gesunden, herzerw\u00e4rmenden Spa\u00df. Jedes Capybara ist aus weichem, aber strapazierf\u00e4higem Naturlatex gefertigt und verf\u00fcgt \u00fcber einen eingebauten Quietscher f\u00fcr zus\u00e4tzlichen Spielspa\u00df.","breadcrumb":{"@id":"https:\/\/www.seatouintl.com\/product\/capy-cafe-trio-latex-dog-toy-collectioncapy-cafe-trio-latex-dog-toy-collection\/#breadcrumb"},"inLanguage":"de","potentialAction":[{"@type":"ReadAction","target":["https:\/\/www.seatouintl.com\/product\/capy-cafe-trio-latex-dog-toy-collectioncapy-cafe-trio-latex-dog-toy-collection\/"]}]},{"@type":"ImageObject","inLanguage":"de","@id":"https:\/\/www.seatouintl.com\/product\/capy-cafe-trio-latex-dog-toy-collectioncapy-cafe-trio-latex-dog-toy-collection\/#primaryimage","url":"https:\/\/www.seatouintl.com\/wp-content\/uploads\/2025\/11\/capy-cafe-trio-latex-dog-toy-collection.jpg","contentUrl":"https:\/\/www.seatouintl.com\/wp-content\/uploads\/2025\/11\/capy-cafe-trio-latex-dog-toy-collection.jpg","width":800,"height":680},{"@type":"BreadcrumbList","@id":"https:\/\/www.seatouintl.com\/product\/capy-cafe-trio-latex-dog-toy-collectioncapy-cafe-trio-latex-dog-toy-collection\/#breadcrumb","itemListElement":[{"@type":"ListItem","position":1,"name":"\u9996\u9875","item":"https:\/\/www.seatouintl.com\/"},{"@type":"ListItem","position":2,"name":"Products","item":"https:\/\/www.seatouintl.com\/products\/"},{"@type":"ListItem","position":3,"name":"Capy Caf\u00e9 Trio Latex Dog Toy Collection"}]},{"@type":"WebSite","@id":"https:\/\/www.seatouintl.com\/#website","url":"https:\/\/www.seatouintl.com\/","name":"seatou","description":"Haustierbett Hundebett Katzenbett Orthop\u00e4disches Haustierbett Beheiztes Haustierbett Selbstw\u00e4rmendes Haustierbett H\u00f6hlen-Haustierbett Nackenrolle Haustierbett Haustierhaus Haustierdecke Haustiermatte Haustiermatte K\u00fchlende Haustiermatte Wasserdichte Haustiermatte Kunstfell-Tierdecke Waschbare Haustierdecke Haustier\u00fcberwurf Haustierbetteinlage \u3001Tierbekleidung Hundepullover Katzenkapuzenpulli Haustier-Regenmantel Haustier-Halloweenkost\u00fcm Haustier-Schuhe Haustier-T-Haustier-Pyjama Haustier-Schlafanzug Haustier-Schwimmweste Haustier-Halstuch\u3001Tierspielzeug Kauspielzeug Interaktives Hundespielzeug Katzenspielzeug Quietschspielzeug Seilspielzeug Puzzle-Spielzeug Zerrspielzeug Ballwerfer Katzenminze-Spielzeug\u3001Tiertransporter Hunderucksack Katzentransporter Haustier-Kinderwagen Reise-Tiertransporter Soft-Side-Tiertransporter Hard-Side-Tiertransporter Haustier-Tragetuch Haustier-Autositz Airline-zugelassener Tiertransporter\u3001Tierbedarf Haustier-Zubeh\u00f6r Haustierbedarf Haustier-Pflegeprodukte Haustier-Pflegemittel Haustier-Sicherheitsausr\u00fcstung","publisher":{"@id":"https:\/\/www.seatouintl.com\/#organization"},"potentialAction":[{"@type":"SearchAction","target":{"@type":"EntryPoint","urlTemplate":"https:\/\/www.seatouintl.com\/?s={search_term_string}"},"query-input":{"@type":"PropertyValueSpecification","valueRequired":true,"valueName":"search_term_string"}}],"inLanguage":"de"},{"@type":"Organization","@id":"https:\/\/www.seatouintl.com\/#organization","name":"seatou","url":"https:\/\/www.seatouintl.com\/","logo":{"@type":"ImageObject","inLanguage":"de","@id":"https:\/\/www.seatouintl.com\/#\/schema\/logo\/image\/","url":"https:\/\/www.seatouintl.com\/wp-content\/uploads\/2025\/10\/LOGO1.png","contentUrl":"https:\/\/www.seatouintl.com\/wp-content\/uploads\/2025\/10\/LOGO1.png","width":1043,"height":454,"caption":"seatou"},"image":{"@id":"https:\/\/www.seatouintl.com\/#\/schema\/logo\/image\/"},"sameAs":["https:\/\/facebook.com\/seatouintl"]}]}},"_links":{"self":[{"href":"https:\/\/www.seatouintl.com\/de\/wp-json\/wp\/v2\/product\/3443","targetHints":{"allow":["GET"]}}],"collection":[{"href":"https:\/\/www.seatouintl.com\/de\/wp-json\/wp\/v2\/product"}],"about":[{"href":"https:\/\/www.seatouintl.com\/de\/wp-json\/wp\/v2\/types\/product"}],"wp:featuredmedia":[{"embeddable":true,"href":"https:\/\/www.seatouintl.com\/de\/wp-json\/wp\/v2\/media\/3444"}],"wp:attachment":[{"href":"https:\/\/www.seatouintl.com\/de\/wp-json\/wp\/v2\/media?parent=3443"}],"wp:term":[{"taxonomy":"product_brand","embeddable":true,"href":"https:\/\/www.seatouintl.com\/de\/wp-json\/wp\/v2\/product_brand?post=3443"},{"taxonomy":"product_cat","embeddable":true,"href":"https:\/\/www.seatouintl.com\/de\/wp-json\/wp\/v2\/product_cat?post=3443"},{"taxonomy":"product_tag","embeddable":true,"href":"https:\/\/www.seatouintl.com\/de\/wp-json\/wp\/v2\/product_tag?post=3443"}],"curies":[{"name":"wp","href":"https:\/\/api.w.org\/{rel}","templated":true}]}}