{"id":3448,"date":"2025-11-08T11:04:18","date_gmt":"2025-11-08T03:04:18","guid":{"rendered":"https:\/\/www.seatouintl.com\/?post_type=product&#038;p=3448"},"modified":"2026-01-28T23:32:46","modified_gmt":"2026-01-28T15:32:46","slug":"unverzichtbare-hundekapuzenpullover","status":"publish","type":"product","link":"https:\/\/www.seatouintl.com\/de\/produkt\/unverzichtbare-hundekapuzenpullover\/","title":{"rendered":"Unverzichtbare Hunde-Hoodies"},"content":{"rendered":"","protected":false},"excerpt":{"rendered":"<p>Sehr dehnbar, langlebig, weiche Textur<\/p>\n<p>Loch\u00f6ffnung f\u00fcr Leinenbefestigung<\/p>\n<p>V-f\u00f6rmiger Schnitt f\u00fcr schmutzfreies T\u00f6pfchen<\/p>","protected":false},"featured_media":3768,"template":"","meta":[],"product_brand":[],"product_cat":[57],"product_tag":[],"class_list":{"0":"post-3448","1":"product","2":"type-product","3":"status-publish","4":"has-post-thumbnail","6":"product_cat-fashionable-dog-clothes-cozy-sweaters-raincoats-or-festive-pet-wear","8":"first","9":"instock","10":"shipping-taxable","11":"product-type-simple"},"yoast_head":"<!-- This site is optimized with the Yoast SEO plugin v26.5 - https:\/\/yoast.com\/wordpress\/plugins\/seo\/ -->\n<title>Essential Dog Hoodies - SeaToU-Pet bed Dog bed Cat bed Orthopedic pet bed Heated pet bed Self-warming pet bed Cave pet bed Donut pet bed Bolster pet bed Outdoor pet house Pet blanket Pet mat Pet pad Cooling pet mat Waterproof pet pad Faux fur pet blanket Washable pet blanket Pet throw Pet bed liner \u3001Pet clothing Dog sweater Cat hoodie Pet raincoat Pet Halloween costume Pet booties Pet T-shirt Pet pajamas Pet life jacket Pet bandana\u3001Pet toys Chew toys Interactive dog toys Cat teaser wand Squeaky toys Rope toys Puzzle toys Tug toys Ball launcher Catnip toys\u3001Pet carrier Dog backpack Cat carrier Pet stroller Travel pet carrier Soft-sided pet carrier Hard-sided pet carrier Pet sling Pet car seat Airline-approved pet carrier\u3001Pet supplies Pet accessories Pet essentials Pet care products Pet grooming supplies Pet safety gear<\/title>\n<meta name=\"robots\" content=\"index, follow, max-snippet:-1, max-image-preview:large, max-video-preview:-1\" \/>\n<link rel=\"canonical\" href=\"https:\/\/www.seatouintl.com\/de\/produkt\/unverzichtbare-hundekapuzenpullover\/\" \/>\n<meta property=\"og:locale\" content=\"de_DE\" \/>\n<meta property=\"og:type\" content=\"article\" \/>\n<meta property=\"og:title\" content=\"Essential Dog Hoodies - SeaToU-Pet bed Dog bed Cat bed Orthopedic pet bed Heated pet bed Self-warming pet bed Cave pet bed Donut pet bed Bolster pet bed Outdoor pet house Pet blanket Pet mat Pet pad Cooling pet mat Waterproof pet pad Faux fur pet blanket Washable pet blanket Pet throw Pet bed liner \u3001Pet clothing Dog sweater Cat hoodie Pet raincoat Pet Halloween costume Pet booties Pet T-shirt Pet pajamas Pet life jacket Pet bandana\u3001Pet toys Chew toys Interactive dog toys Cat teaser wand Squeaky toys Rope toys Puzzle toys Tug toys Ball launcher Catnip toys\u3001Pet carrier Dog backpack Cat carrier Pet stroller Travel pet carrier Soft-sided pet carrier Hard-sided pet carrier Pet sling Pet car seat Airline-approved pet carrier\u3001Pet supplies Pet accessories Pet essentials Pet care products Pet grooming supplies Pet safety gear\" \/>\n<meta property=\"og:description\" content=\"Very stretchy, durable, soft texture  Hole opening for leash attachment  V-shaped cut for mess free potty\" \/>\n<meta property=\"og:url\" content=\"https:\/\/www.seatouintl.com\/de\/produkt\/unverzichtbare-hundekapuzenpullover\/\" \/>\n<meta property=\"og:site_name\" content=\"SeaToU-Pet bed Dog bed Cat bed Orthopedic pet bed Heated pet bed Self-warming pet bed Cave pet bed Donut pet bed Bolster pet bed Outdoor pet house Pet blanket Pet mat Pet pad Cooling pet mat Waterproof pet pad Faux fur pet blanket Washable pet blanket Pet throw Pet bed liner \u3001Pet clothing Dog sweater Cat hoodie Pet raincoat Pet Halloween costume Pet booties Pet T-shirt Pet pajamas Pet life jacket Pet bandana\u3001Pet toys Chew toys Interactive dog toys Cat teaser wand Squeaky toys Rope toys Puzzle toys Tug toys Ball launcher Catnip toys\u3001Pet carrier Dog backpack Cat carrier Pet stroller Travel pet carrier Soft-sided pet carrier Hard-sided pet carrier Pet sling Pet car seat Airline-approved pet carrier\u3001Pet supplies Pet accessories Pet essentials Pet care products Pet grooming supplies Pet safety gear\" \/>\n<meta property=\"article:publisher\" content=\"https:\/\/facebook.com\/seatouintl\" \/>\n<meta property=\"article:modified_time\" content=\"2026-01-28T15:32:46+00:00\" \/>\n<meta property=\"og:image\" content=\"https:\/\/www.seatouintl.com\/wp-content\/uploads\/2025\/11\/dog_hoodie_sweater_chihuahua_600x1-1.jpg\" \/>\n\t<meta property=\"og:image:width\" content=\"800\" \/>\n\t<meta property=\"og:image:height\" content=\"680\" \/>\n\t<meta property=\"og:image:type\" content=\"image\/jpeg\" \/>\n<meta name=\"twitter:card\" content=\"summary_large_image\" \/>\n<meta name=\"twitter:label1\" content=\"Gesch\u00e4tzte Lesezeit\" \/>\n\t<meta name=\"twitter:data1\" content=\"1\u00a0Minute\" \/>\n<script type=\"application\/ld+json\" class=\"yoast-schema-graph\">{\"@context\":\"https:\/\/schema.org\",\"@graph\":[{\"@type\":\"WebPage\",\"@id\":\"https:\/\/www.seatouintl.com\/product\/essential-dog-hoodies\/\",\"url\":\"https:\/\/www.seatouintl.com\/product\/essential-dog-hoodies\/\",\"name\":\"Essential Dog Hoodies - SeaToU-Pet bed Dog bed Cat bed Orthopedic pet bed Heated pet bed Self-warming pet bed Cave pet bed Donut pet bed Bolster pet bed Outdoor pet house Pet blanket Pet mat Pet pad Cooling pet mat Waterproof pet pad Faux fur pet blanket Washable pet blanket Pet throw Pet bed liner \u3001Pet clothing Dog sweater Cat hoodie Pet raincoat Pet Halloween costume Pet booties Pet T-shirt Pet pajamas Pet life jacket Pet bandana\u3001Pet toys Chew toys Interactive dog toys Cat teaser wand Squeaky toys Rope toys Puzzle toys Tug toys Ball launcher Catnip toys\u3001Pet carrier Dog backpack Cat carrier Pet stroller Travel pet carrier Soft-sided pet carrier Hard-sided pet carrier Pet sling Pet car seat Airline-approved pet carrier\u3001Pet supplies Pet accessories Pet essentials Pet care products Pet grooming supplies Pet safety gear\",\"isPartOf\":{\"@id\":\"https:\/\/www.seatouintl.com\/#website\"},\"primaryImageOfPage\":{\"@id\":\"https:\/\/www.seatouintl.com\/product\/essential-dog-hoodies\/#primaryimage\"},\"image\":{\"@id\":\"https:\/\/www.seatouintl.com\/product\/essential-dog-hoodies\/#primaryimage\"},\"thumbnailUrl\":\"https:\/\/www.seatouintl.com\/wp-content\/uploads\/2025\/11\/dog_hoodie_sweater_chihuahua_600x1-1.jpg\",\"datePublished\":\"2025-11-08T03:04:18+00:00\",\"dateModified\":\"2026-01-28T15:32:46+00:00\",\"breadcrumb\":{\"@id\":\"https:\/\/www.seatouintl.com\/product\/essential-dog-hoodies\/#breadcrumb\"},\"inLanguage\":\"de\",\"potentialAction\":[{\"@type\":\"ReadAction\",\"target\":[\"https:\/\/www.seatouintl.com\/product\/essential-dog-hoodies\/\"]}]},{\"@type\":\"ImageObject\",\"inLanguage\":\"de\",\"@id\":\"https:\/\/www.seatouintl.com\/product\/essential-dog-hoodies\/#primaryimage\",\"url\":\"https:\/\/www.seatouintl.com\/wp-content\/uploads\/2025\/11\/dog_hoodie_sweater_chihuahua_600x1-1.jpg\",\"contentUrl\":\"https:\/\/www.seatouintl.com\/wp-content\/uploads\/2025\/11\/dog_hoodie_sweater_chihuahua_600x1-1.jpg\",\"width\":800,\"height\":680},{\"@type\":\"BreadcrumbList\",\"@id\":\"https:\/\/www.seatouintl.com\/product\/essential-dog-hoodies\/#breadcrumb\",\"itemListElement\":[{\"@type\":\"ListItem\",\"position\":1,\"name\":\"\u9996\u9875\",\"item\":\"https:\/\/www.seatouintl.com\/\"},{\"@type\":\"ListItem\",\"position\":2,\"name\":\"Products\",\"item\":\"https:\/\/www.seatouintl.com\/products\/\"},{\"@type\":\"ListItem\",\"position\":3,\"name\":\"Essential Dog Hoodies\"}]},{\"@type\":\"WebSite\",\"@id\":\"https:\/\/www.seatouintl.com\/#website\",\"url\":\"https:\/\/www.seatouintl.com\/\",\"name\":\"seatou\",\"description\":\"Pet bed Dog bed Cat bed Orthopedic pet bed Heated pet bed Self-warming pet bed Cave pet bed Donut pet bed Bolster pet bed Outdoor pet house Pet blanket Pet mat Pet pad Cooling pet mat Waterproof pet pad Faux fur pet blanket Washable pet blanket Pet throw Pet bed liner \u3001Pet clothing Dog sweater Cat hoodie Pet raincoat Pet Halloween costume Pet booties Pet T-shirt Pet pajamas Pet life jacket Pet bandana\u3001Pet toys Chew toys Interactive dog toys Cat teaser wand Squeaky toys Rope toys Puzzle toys Tug toys Ball launcher Catnip toys\u3001Pet carrier Dog backpack Cat carrier Pet stroller Travel pet carrier Soft-sided pet carrier Hard-sided pet carrier Pet sling Pet car seat Airline-approved pet carrier\u3001Pet supplies Pet accessories Pet essentials Pet care products Pet grooming supplies Pet safety gear\",\"publisher\":{\"@id\":\"https:\/\/www.seatouintl.com\/#organization\"},\"potentialAction\":[{\"@type\":\"SearchAction\",\"target\":{\"@type\":\"EntryPoint\",\"urlTemplate\":\"https:\/\/www.seatouintl.com\/?s={search_term_string}\"},\"query-input\":{\"@type\":\"PropertyValueSpecification\",\"valueRequired\":true,\"valueName\":\"search_term_string\"}}],\"inLanguage\":\"de\"},{\"@type\":\"Organization\",\"@id\":\"https:\/\/www.seatouintl.com\/#organization\",\"name\":\"seatou\",\"url\":\"https:\/\/www.seatouintl.com\/\",\"logo\":{\"@type\":\"ImageObject\",\"inLanguage\":\"de\",\"@id\":\"https:\/\/www.seatouintl.com\/#\/schema\/logo\/image\/\",\"url\":\"https:\/\/www.seatouintl.com\/wp-content\/uploads\/2025\/10\/LOGO1.png\",\"contentUrl\":\"https:\/\/www.seatouintl.com\/wp-content\/uploads\/2025\/10\/LOGO1.png\",\"width\":1043,\"height\":454,\"caption\":\"seatou\"},\"image\":{\"@id\":\"https:\/\/www.seatouintl.com\/#\/schema\/logo\/image\/\"},\"sameAs\":[\"https:\/\/facebook.com\/seatouintl\"]}]}<\/script>\n<!-- \/ Yoast SEO plugin. -->","yoast_head_json":{"title":"Essential Dog Hoodies - SeaToU-Haustierbett Hundebett Katzenbett Orthop\u00e4disches Haustierbett Beheiztes Haustierbett Selbstw\u00e4rmendes Haustierbett H\u00f6hlen-Haustierbett Donut-Haustierbett Nackenrolle Haustierbett Haustierhaus Haustierdecke Haustiermatte K\u00fchlende Haustiermatte Wasserdichte Haustiermatte Kunstfell-Haustierdecke Waschbare Haustierdecke Haustier\u00fcberwurf Haustierbetteinlage \u3001Haustierbekleidung Hundepullover Katzenkapuzenpulli Haustierregenmantel Haustier-Halloweenkost\u00fcm Haustier-Schuhe Haustier-T-Haustier-Pyjama Haustier-Schlafanzug Haustier-Schwimmweste Haustier-Halstuch\u3001Tierspielzeug Kauspielzeug Interaktives Hundespielzeug Katzenspielzeug Quietschspielzeug Seilspielzeug Puzzle-Spielzeug Zerrspielzeug Ballwerfer Katzenminze-Spielzeug\u3001Tiertransporter Hunderucksack Katzentransporter Haustier-Kinderwagen Reise-Tiertransporter Soft-Side-Tiertransporter Hard-Side-Tiertransporter Haustier-Tragetuch Haustier-Autositz Airline-zugelassener Tiertransporter\u3001Tierbedarf Haustier-Zubeh\u00f6r Haustierbedarf Haustier-Pflegeprodukte Haustier-Pflegemittel Haustier-Sicherheitsausr\u00fcstung","robots":{"index":"index","follow":"follow","max-snippet":"max-snippet:-1","max-image-preview":"max-image-preview:large","max-video-preview":"max-video-preview:-1"},"canonical":"https:\/\/www.seatouintl.com\/de\/produkt\/unverzichtbare-hundekapuzenpullover\/","og_locale":"de_DE","og_type":"article","og_title":"Essential Dog Hoodies - SeaToU-Pet bed Dog bed Cat bed Orthopedic pet bed Heated pet bed Self-warming pet bed Cave pet bed Donut pet bed Bolster pet bed Outdoor pet house Pet blanket Pet mat Pet pad Cooling pet mat Waterproof pet pad Faux fur pet blanket Washable pet blanket Pet throw Pet bed liner \u3001Pet clothing Dog sweater Cat hoodie Pet raincoat Pet Halloween costume Pet booties Pet T-shirt Pet pajamas Pet life jacket Pet bandana\u3001Pet toys Chew toys Interactive dog toys Cat teaser wand Squeaky toys Rope toys Puzzle toys Tug toys Ball launcher Catnip toys\u3001Pet carrier Dog backpack Cat carrier Pet stroller Travel pet carrier Soft-sided pet carrier Hard-sided pet carrier Pet sling Pet car seat Airline-approved pet carrier\u3001Pet supplies Pet accessories Pet essentials Pet care products Pet grooming supplies Pet safety gear","og_description":"Very stretchy, durable, soft texture  Hole opening for leash attachment  V-shaped cut for mess free potty","og_url":"https:\/\/www.seatouintl.com\/de\/produkt\/unverzichtbare-hundekapuzenpullover\/","og_site_name":"SeaToU-Pet bed Dog bed Cat bed Orthopedic pet bed Heated pet bed Self-warming pet bed Cave pet bed Donut pet bed Bolster pet bed Outdoor pet house Pet blanket Pet mat Pet pad Cooling pet mat Waterproof pet pad Faux fur pet blanket Washable pet blanket Pet throw Pet bed liner \u3001Pet clothing Dog sweater Cat hoodie Pet raincoat Pet Halloween costume Pet booties Pet T-shirt Pet pajamas Pet life jacket Pet bandana\u3001Pet toys Chew toys Interactive dog toys Cat teaser wand Squeaky toys Rope toys Puzzle toys Tug toys Ball launcher Catnip toys\u3001Pet carrier Dog backpack Cat carrier Pet stroller Travel pet carrier Soft-sided pet carrier Hard-sided pet carrier Pet sling Pet car seat Airline-approved pet carrier\u3001Pet supplies Pet accessories Pet essentials Pet care products Pet grooming supplies Pet safety gear","article_publisher":"https:\/\/facebook.com\/seatouintl","article_modified_time":"2026-01-28T15:32:46+00:00","og_image":[{"width":800,"height":680,"url":"https:\/\/www.seatouintl.com\/wp-content\/uploads\/2025\/11\/dog_hoodie_sweater_chihuahua_600x1-1.jpg","type":"image\/jpeg"}],"twitter_card":"summary_large_image","twitter_misc":{"Gesch\u00e4tzte Lesezeit":"1\u00a0Minute"},"schema":{"@context":"https:\/\/schema.org","@graph":[{"@type":"WebPage","@id":"https:\/\/www.seatouintl.com\/product\/essential-dog-hoodies\/","url":"https:\/\/www.seatouintl.com\/product\/essential-dog-hoodies\/","name":"Essential Dog Hoodies - SeaToU-Haustierbett Hundebett Katzenbett Orthop\u00e4disches Haustierbett Beheiztes Haustierbett Selbstw\u00e4rmendes Haustierbett H\u00f6hlen-Haustierbett Donut-Haustierbett Nackenrolle Haustierbett Haustierhaus Haustierdecke Haustiermatte K\u00fchlende Haustiermatte Wasserdichte Haustiermatte Kunstfell-Haustierdecke Waschbare Haustierdecke Haustier\u00fcberwurf Haustierbetteinlage \u3001Haustierbekleidung Hundepullover Katzenkapuzenpulli Haustierregenmantel Haustier-Halloweenkost\u00fcm Haustier-Schuhe Haustier-T-Haustier-Pyjama Haustier-Schlafanzug Haustier-Schwimmweste Haustier-Halstuch\u3001Tierspielzeug Kauspielzeug Interaktives Hundespielzeug Katzenspielzeug Quietschspielzeug Seilspielzeug Puzzle-Spielzeug Zerrspielzeug Ballwerfer Katzenminze-Spielzeug\u3001Tiertransporter Hunderucksack Katzentransporter Haustier-Kinderwagen Reise-Tiertransporter Soft-Side-Tiertransporter Hard-Side-Tiertransporter Haustier-Tragetuch Haustier-Autositz Airline-zugelassener Tiertransporter\u3001Tierbedarf Haustier-Zubeh\u00f6r Haustierbedarf Haustier-Pflegeprodukte Haustier-Pflegemittel Haustier-Sicherheitsausr\u00fcstung","isPartOf":{"@id":"https:\/\/www.seatouintl.com\/#website"},"primaryImageOfPage":{"@id":"https:\/\/www.seatouintl.com\/product\/essential-dog-hoodies\/#primaryimage"},"image":{"@id":"https:\/\/www.seatouintl.com\/product\/essential-dog-hoodies\/#primaryimage"},"thumbnailUrl":"https:\/\/www.seatouintl.com\/wp-content\/uploads\/2025\/11\/dog_hoodie_sweater_chihuahua_600x1-1.jpg","datePublished":"2025-11-08T03:04:18+00:00","dateModified":"2026-01-28T15:32:46+00:00","breadcrumb":{"@id":"https:\/\/www.seatouintl.com\/product\/essential-dog-hoodies\/#breadcrumb"},"inLanguage":"de","potentialAction":[{"@type":"ReadAction","target":["https:\/\/www.seatouintl.com\/product\/essential-dog-hoodies\/"]}]},{"@type":"ImageObject","inLanguage":"de","@id":"https:\/\/www.seatouintl.com\/product\/essential-dog-hoodies\/#primaryimage","url":"https:\/\/www.seatouintl.com\/wp-content\/uploads\/2025\/11\/dog_hoodie_sweater_chihuahua_600x1-1.jpg","contentUrl":"https:\/\/www.seatouintl.com\/wp-content\/uploads\/2025\/11\/dog_hoodie_sweater_chihuahua_600x1-1.jpg","width":800,"height":680},{"@type":"BreadcrumbList","@id":"https:\/\/www.seatouintl.com\/product\/essential-dog-hoodies\/#breadcrumb","itemListElement":[{"@type":"ListItem","position":1,"name":"\u9996\u9875","item":"https:\/\/www.seatouintl.com\/"},{"@type":"ListItem","position":2,"name":"Products","item":"https:\/\/www.seatouintl.com\/products\/"},{"@type":"ListItem","position":3,"name":"Essential Dog Hoodies"}]},{"@type":"WebSite","@id":"https:\/\/www.seatouintl.com\/#website","url":"https:\/\/www.seatouintl.com\/","name":"seatou","description":"Haustierbett Hundebett Katzenbett Orthop\u00e4disches Haustierbett Beheiztes Haustierbett Selbstw\u00e4rmendes Haustierbett H\u00f6hlen-Haustierbett Nackenrolle Haustierbett Haustierhaus Haustierdecke Haustiermatte Haustiermatte K\u00fchlende Haustiermatte Wasserdichte Haustiermatte Kunstfell-Tierdecke Waschbare Haustierdecke Haustier\u00fcberwurf Haustierbetteinlage \u3001Tierbekleidung Hundepullover Katzenkapuzenpulli Haustier-Regenmantel Haustier-Halloweenkost\u00fcm Haustier-Schuhe Haustier-T-Haustier-Pyjama Haustier-Schlafanzug Haustier-Schwimmweste Haustier-Halstuch\u3001Tierspielzeug Kauspielzeug Interaktives Hundespielzeug Katzenspielzeug Quietschspielzeug Seilspielzeug Puzzle-Spielzeug Zerrspielzeug Ballwerfer Katzenminze-Spielzeug\u3001Tiertransporter Hunderucksack Katzentransporter Haustier-Kinderwagen Reise-Tiertransporter Soft-Side-Tiertransporter Hard-Side-Tiertransporter Haustier-Tragetuch Haustier-Autositz Airline-zugelassener Tiertransporter\u3001Tierbedarf Haustier-Zubeh\u00f6r Haustierbedarf Haustier-Pflegeprodukte Haustier-Pflegemittel Haustier-Sicherheitsausr\u00fcstung","publisher":{"@id":"https:\/\/www.seatouintl.com\/#organization"},"potentialAction":[{"@type":"SearchAction","target":{"@type":"EntryPoint","urlTemplate":"https:\/\/www.seatouintl.com\/?s={search_term_string}"},"query-input":{"@type":"PropertyValueSpecification","valueRequired":true,"valueName":"search_term_string"}}],"inLanguage":"de"},{"@type":"Organization","@id":"https:\/\/www.seatouintl.com\/#organization","name":"seatou","url":"https:\/\/www.seatouintl.com\/","logo":{"@type":"ImageObject","inLanguage":"de","@id":"https:\/\/www.seatouintl.com\/#\/schema\/logo\/image\/","url":"https:\/\/www.seatouintl.com\/wp-content\/uploads\/2025\/10\/LOGO1.png","contentUrl":"https:\/\/www.seatouintl.com\/wp-content\/uploads\/2025\/10\/LOGO1.png","width":1043,"height":454,"caption":"seatou"},"image":{"@id":"https:\/\/www.seatouintl.com\/#\/schema\/logo\/image\/"},"sameAs":["https:\/\/facebook.com\/seatouintl"]}]}},"_links":{"self":[{"href":"https:\/\/www.seatouintl.com\/de\/wp-json\/wp\/v2\/product\/3448","targetHints":{"allow":["GET"]}}],"collection":[{"href":"https:\/\/www.seatouintl.com\/de\/wp-json\/wp\/v2\/product"}],"about":[{"href":"https:\/\/www.seatouintl.com\/de\/wp-json\/wp\/v2\/types\/product"}],"wp:featuredmedia":[{"embeddable":true,"href":"https:\/\/www.seatouintl.com\/de\/wp-json\/wp\/v2\/media\/3768"}],"wp:attachment":[{"href":"https:\/\/www.seatouintl.com\/de\/wp-json\/wp\/v2\/media?parent=3448"}],"wp:term":[{"taxonomy":"product_brand","embeddable":true,"href":"https:\/\/www.seatouintl.com\/de\/wp-json\/wp\/v2\/product_brand?post=3448"},{"taxonomy":"product_cat","embeddable":true,"href":"https:\/\/www.seatouintl.com\/de\/wp-json\/wp\/v2\/product_cat?post=3448"},{"taxonomy":"product_tag","embeddable":true,"href":"https:\/\/www.seatouintl.com\/de\/wp-json\/wp\/v2\/product_tag?post=3448"}],"curies":[{"name":"wp","href":"https:\/\/api.w.org\/{rel}","templated":true}]}}