{"id":3508,"date":"2025-11-08T16:22:33","date_gmt":"2025-11-08T08:22:33","guid":{"rendered":"https:\/\/www.seatouintl.com\/?post_type=product&#038;p=3508"},"modified":"2026-01-28T23:30:16","modified_gmt":"2026-01-28T15:30:16","slug":"doppelseitig-gesteppte-daunenjacke","status":"publish","type":"product","link":"https:\/\/www.seatouintl.com\/de\/produkt\/doppelseitig-gesteppte-daunenjacke\/","title":{"rendered":"Beidseitig gesteppte Daunenjacke"},"content":{"rendered":"","protected":false},"excerpt":{"rendered":"<p class=\"_translated-text_6w45d_150\" data-id=\"translated-text\">Eine wendbare Jacke, die auf verschiedene Weise getragen werden kann. Diese Jacke kann auf zwei Arten getragen werden: mit einer flauschigen Boa-Au\u00dfenseite und einer gesteppten Innenseite, wodurch ein milit\u00e4risch inspirierter Look entsteht. Sie ist \u00e4rmellos und hat Druckkn\u00f6pfe auf der R\u00fcckseite, wodurch sie leicht zu tragen ist. Es ist ein gro\u00dfartiges Oberbekleidungsst\u00fcck, das allein oder \u00fcbereinander getragen werden kann.<\/p>\n<p class=\"_translated-text_6w45d_150\" data-id=\"translated-text\">Material: Gesteppter Stoff 100% Polyester, Boa-Stoff 100% Polyester<\/p>\n<h4>Gr\u00f6\u00dfe:<\/h4>\n<table class=\"table_product_size\">\n<tbody>\n<tr>\n<th>Gr\u00f6\u00dfe\uff08cm\uff09<\/th>\n<th>Umfang des Halses<\/th>\n<th>Brustumfang<\/th>\n<th>Ebene<\/th>\n<th>Bauch<\/th>\n<th>\u00c4rmel<\/th>\n<\/tr>\n<tr>\n<td style=\"text-align: center;\">S<\/td>\n<td style=\"text-align: center;\">23<\/td>\n<td style=\"text-align: center;\">42<\/td>\n<td style=\"text-align: center;\">24<\/td>\n<td style=\"text-align: center;\">21<\/td>\n<td style=\"text-align: center;\">&#8211;<\/td>\n<\/tr>\n<tr>\n<td style=\"text-align: center;\">M<\/td>\n<td style=\"text-align: center;\">26<\/td>\n<td style=\"text-align: center;\">47<\/td>\n<td style=\"text-align: center;\">28<\/td>\n<td style=\"text-align: center;\">24<\/td>\n<td style=\"text-align: center;\">&#8211;<\/td>\n<\/tr>\n<tr>\n<td style=\"text-align: center;\">L<\/td>\n<td style=\"text-align: center;\">29<\/td>\n<td style=\"text-align: center;\">52<\/td>\n<td style=\"text-align: center;\">32<\/td>\n<td style=\"text-align: center;\">27<\/td>\n<td style=\"text-align: center;\">&#8211;<\/td>\n<\/tr>\n<tr>\n<td style=\"text-align: center;\">XL<\/td>\n<td style=\"text-align: center;\">32<\/td>\n<td style=\"text-align: center;\">57<\/td>\n<td style=\"text-align: center;\">36<\/td>\n<td style=\"text-align: center;\">30<\/td>\n<td style=\"text-align: center;\">&#8211;<\/td>\n<\/tr>\n<\/tbody>\n<\/table>\n<h5>Wichtigste Vorteile:<\/h5>\n<ul>\n<li>Warm &amp; Atmungsaktiv<\/li>\n<li>W\u00e4rmespeichernde Faser<\/li>\n<li>Feuchte-aktivierte Heizung<\/li>\n<li>Geruchshemmend<\/li>\n<li>Schimmelresistent<\/li>\n<\/ul>","protected":false},"featured_media":3509,"template":"","meta":[],"product_brand":[],"product_cat":[57],"product_tag":[72],"class_list":{"0":"post-3508","1":"product","2":"type-product","3":"status-publish","4":"has-post-thumbnail","6":"product_cat-fashionable-dog-clothes-cozy-sweaters-raincoats-or-festive-pet-wear","7":"product_tag-costurmes","9":"first","10":"instock","11":"featured","12":"shipping-taxable","13":"product-type-simple"},"yoast_head":"<!-- This site is optimized with the Yoast SEO plugin v26.5 - https:\/\/yoast.com\/wordpress\/plugins\/seo\/ -->\n<title>Double-sided quilted down jacket - SeaToU-Pet bed Dog bed Cat bed Orthopedic pet bed Heated pet bed Self-warming pet bed Cave pet bed Donut pet bed Bolster pet bed Outdoor pet house Pet blanket Pet mat Pet pad Cooling pet mat Waterproof pet pad Faux fur pet blanket Washable pet blanket Pet throw Pet bed liner \u3001Pet clothing Dog sweater Cat hoodie Pet raincoat Pet Halloween costume Pet booties Pet T-shirt Pet pajamas Pet life jacket Pet bandana\u3001Pet toys Chew toys Interactive dog toys Cat teaser wand Squeaky toys Rope toys Puzzle toys Tug toys Ball launcher Catnip toys\u3001Pet carrier Dog backpack Cat carrier Pet stroller Travel pet carrier Soft-sided pet carrier Hard-sided pet carrier Pet sling Pet car seat Airline-approved pet carrier\u3001Pet supplies Pet accessories Pet essentials Pet care products Pet grooming supplies Pet safety gear<\/title>\n<meta name=\"robots\" content=\"index, follow, max-snippet:-1, max-image-preview:large, max-video-preview:-1\" \/>\n<link rel=\"canonical\" href=\"https:\/\/www.seatouintl.com\/de\/produkt\/doppelseitig-gesteppte-daunenjacke\/\" \/>\n<meta property=\"og:locale\" content=\"de_DE\" \/>\n<meta property=\"og:type\" content=\"article\" \/>\n<meta property=\"og:title\" content=\"Double-sided quilted down jacket - SeaToU-Pet bed Dog bed Cat bed Orthopedic pet bed Heated pet bed Self-warming pet bed Cave pet bed Donut pet bed Bolster pet bed Outdoor pet house Pet blanket Pet mat Pet pad Cooling pet mat Waterproof pet pad Faux fur pet blanket Washable pet blanket Pet throw Pet bed liner \u3001Pet clothing Dog sweater Cat hoodie Pet raincoat Pet Halloween costume Pet booties Pet T-shirt Pet pajamas Pet life jacket Pet bandana\u3001Pet toys Chew toys Interactive dog toys Cat teaser wand Squeaky toys Rope toys Puzzle toys Tug toys Ball launcher Catnip toys\u3001Pet carrier Dog backpack Cat carrier Pet stroller Travel pet carrier Soft-sided pet carrier Hard-sided pet carrier Pet sling Pet car seat Airline-approved pet carrier\u3001Pet supplies Pet accessories Pet essentials Pet care products Pet grooming supplies Pet safety gear\" \/>\n<meta property=\"og:description\" content=\"A reversible jacket that can be worn in a variety of ways. This jacket can be worn in two ways: with a fluffy boa exterior and a quilted interior, creating a military-inspired look. It&#039;s sleeveless and has snap buttons on the back, making it easy to wear. It&#039;s a great outerwear piece to wear on its own or layered. Material: Quilted fabric 100% polyester, Boa fabric 100% polyester  Size:    Size\uff08cm\uff09 Neck Circumference Chest Circumference Leagth Belly Sleeve   S 23 42 24 21 -   M 26 47 28 24 -   L 29 52 32 27 -   XL 32 57 36 30 -    Key Benefits:   Warm &amp; Breathable  Heat accumulating fiber\u200c  Moisture-activated heating  Anti-odor  Mildew-resistant\" \/>\n<meta property=\"og:url\" content=\"https:\/\/www.seatouintl.com\/de\/produkt\/doppelseitig-gesteppte-daunenjacke\/\" \/>\n<meta property=\"og:site_name\" content=\"SeaToU-Pet bed Dog bed Cat bed Orthopedic pet bed Heated pet bed Self-warming pet bed Cave pet bed Donut pet bed Bolster pet bed Outdoor pet house Pet blanket Pet mat Pet pad Cooling pet mat Waterproof pet pad Faux fur pet blanket Washable pet blanket Pet throw Pet bed liner \u3001Pet clothing Dog sweater Cat hoodie Pet raincoat Pet Halloween costume Pet booties Pet T-shirt Pet pajamas Pet life jacket Pet bandana\u3001Pet toys Chew toys Interactive dog toys Cat teaser wand Squeaky toys Rope toys Puzzle toys Tug toys Ball launcher Catnip toys\u3001Pet carrier Dog backpack Cat carrier Pet stroller Travel pet carrier Soft-sided pet carrier Hard-sided pet carrier Pet sling Pet car seat Airline-approved pet carrier\u3001Pet supplies Pet accessories Pet essentials Pet care products Pet grooming supplies Pet safety gear\" \/>\n<meta property=\"article:publisher\" content=\"https:\/\/facebook.com\/seatouintl\" \/>\n<meta property=\"article:modified_time\" content=\"2026-01-28T15:30:16+00:00\" \/>\n<meta property=\"og:image\" content=\"https:\/\/www.seatouintl.com\/wp-content\/uploads\/2025\/11\/Double-sided-quilted-down-jacket.jpg\" \/>\n\t<meta property=\"og:image:width\" content=\"800\" \/>\n\t<meta property=\"og:image:height\" content=\"680\" \/>\n\t<meta property=\"og:image:type\" content=\"image\/jpeg\" \/>\n<meta name=\"twitter:card\" content=\"summary_large_image\" \/>\n<meta name=\"twitter:label1\" content=\"Gesch\u00e4tzte Lesezeit\" \/>\n\t<meta name=\"twitter:data1\" content=\"1\u00a0Minute\" \/>\n<script type=\"application\/ld+json\" class=\"yoast-schema-graph\">{\"@context\":\"https:\/\/schema.org\",\"@graph\":[{\"@type\":\"WebPage\",\"@id\":\"https:\/\/www.seatouintl.com\/product\/double-sided-quilted-down-jacket\/\",\"url\":\"https:\/\/www.seatouintl.com\/product\/double-sided-quilted-down-jacket\/\",\"name\":\"Double-sided quilted down jacket - SeaToU-Pet bed Dog bed Cat bed Orthopedic pet bed Heated pet bed Self-warming pet bed Cave pet bed Donut pet bed Bolster pet bed Outdoor pet house Pet blanket Pet mat Pet pad Cooling pet mat Waterproof pet pad Faux fur pet blanket Washable pet blanket Pet throw Pet bed liner \u3001Pet clothing Dog sweater Cat hoodie Pet raincoat Pet Halloween costume Pet booties Pet T-shirt Pet pajamas Pet life jacket Pet bandana\u3001Pet toys Chew toys Interactive dog toys Cat teaser wand Squeaky toys Rope toys Puzzle toys Tug toys Ball launcher Catnip toys\u3001Pet carrier Dog backpack Cat carrier Pet stroller Travel pet carrier Soft-sided pet carrier Hard-sided pet carrier Pet sling Pet car seat Airline-approved pet carrier\u3001Pet supplies Pet accessories Pet essentials Pet care products Pet grooming supplies Pet safety gear\",\"isPartOf\":{\"@id\":\"https:\/\/www.seatouintl.com\/#website\"},\"primaryImageOfPage\":{\"@id\":\"https:\/\/www.seatouintl.com\/product\/double-sided-quilted-down-jacket\/#primaryimage\"},\"image\":{\"@id\":\"https:\/\/www.seatouintl.com\/product\/double-sided-quilted-down-jacket\/#primaryimage\"},\"thumbnailUrl\":\"https:\/\/www.seatouintl.com\/wp-content\/uploads\/2025\/11\/Double-sided-quilted-down-jacket.jpg\",\"datePublished\":\"2025-11-08T08:22:33+00:00\",\"dateModified\":\"2026-01-28T15:30:16+00:00\",\"breadcrumb\":{\"@id\":\"https:\/\/www.seatouintl.com\/product\/double-sided-quilted-down-jacket\/#breadcrumb\"},\"inLanguage\":\"de\",\"potentialAction\":[{\"@type\":\"ReadAction\",\"target\":[\"https:\/\/www.seatouintl.com\/product\/double-sided-quilted-down-jacket\/\"]}]},{\"@type\":\"ImageObject\",\"inLanguage\":\"de\",\"@id\":\"https:\/\/www.seatouintl.com\/product\/double-sided-quilted-down-jacket\/#primaryimage\",\"url\":\"https:\/\/www.seatouintl.com\/wp-content\/uploads\/2025\/11\/Double-sided-quilted-down-jacket.jpg\",\"contentUrl\":\"https:\/\/www.seatouintl.com\/wp-content\/uploads\/2025\/11\/Double-sided-quilted-down-jacket.jpg\",\"width\":800,\"height\":680},{\"@type\":\"BreadcrumbList\",\"@id\":\"https:\/\/www.seatouintl.com\/product\/double-sided-quilted-down-jacket\/#breadcrumb\",\"itemListElement\":[{\"@type\":\"ListItem\",\"position\":1,\"name\":\"\u9996\u9875\",\"item\":\"https:\/\/www.seatouintl.com\/\"},{\"@type\":\"ListItem\",\"position\":2,\"name\":\"Products\",\"item\":\"https:\/\/www.seatouintl.com\/products\/\"},{\"@type\":\"ListItem\",\"position\":3,\"name\":\"Double-sided quilted down jacket\"}]},{\"@type\":\"WebSite\",\"@id\":\"https:\/\/www.seatouintl.com\/#website\",\"url\":\"https:\/\/www.seatouintl.com\/\",\"name\":\"seatou\",\"description\":\"Pet bed Dog bed Cat bed Orthopedic pet bed Heated pet bed Self-warming pet bed Cave pet bed Donut pet bed Bolster pet bed Outdoor pet house Pet blanket Pet mat Pet pad Cooling pet mat Waterproof pet pad Faux fur pet blanket Washable pet blanket Pet throw Pet bed liner \u3001Pet clothing Dog sweater Cat hoodie Pet raincoat Pet Halloween costume Pet booties Pet T-shirt Pet pajamas Pet life jacket Pet bandana\u3001Pet toys Chew toys Interactive dog toys Cat teaser wand Squeaky toys Rope toys Puzzle toys Tug toys Ball launcher Catnip toys\u3001Pet carrier Dog backpack Cat carrier Pet stroller Travel pet carrier Soft-sided pet carrier Hard-sided pet carrier Pet sling Pet car seat Airline-approved pet carrier\u3001Pet supplies Pet accessories Pet essentials Pet care products Pet grooming supplies Pet safety gear\",\"publisher\":{\"@id\":\"https:\/\/www.seatouintl.com\/#organization\"},\"potentialAction\":[{\"@type\":\"SearchAction\",\"target\":{\"@type\":\"EntryPoint\",\"urlTemplate\":\"https:\/\/www.seatouintl.com\/?s={search_term_string}\"},\"query-input\":{\"@type\":\"PropertyValueSpecification\",\"valueRequired\":true,\"valueName\":\"search_term_string\"}}],\"inLanguage\":\"de\"},{\"@type\":\"Organization\",\"@id\":\"https:\/\/www.seatouintl.com\/#organization\",\"name\":\"seatou\",\"url\":\"https:\/\/www.seatouintl.com\/\",\"logo\":{\"@type\":\"ImageObject\",\"inLanguage\":\"de\",\"@id\":\"https:\/\/www.seatouintl.com\/#\/schema\/logo\/image\/\",\"url\":\"https:\/\/www.seatouintl.com\/wp-content\/uploads\/2025\/10\/LOGO1.png\",\"contentUrl\":\"https:\/\/www.seatouintl.com\/wp-content\/uploads\/2025\/10\/LOGO1.png\",\"width\":1043,\"height\":454,\"caption\":\"seatou\"},\"image\":{\"@id\":\"https:\/\/www.seatouintl.com\/#\/schema\/logo\/image\/\"},\"sameAs\":[\"https:\/\/facebook.com\/seatouintl\"]}]}<\/script>\n<!-- \/ Yoast SEO plugin. -->","yoast_head_json":{"title":"Doppelseitig gesteppte Daunenjacke - SeaToU-Haustierbett Hundebett Katzenbett Orthop\u00e4disches Haustierbett Beheiztes Haustierbett Selbstw\u00e4rmendes Haustierbett H\u00f6hlen-Haustierbett Donut-Haustierbett Nackenrolle Haustierbett Haustierhaus Haustierdecke Haustiermatte K\u00fchlende Haustiermatte Wasserdichte Haustiermatte Kunstfell-Haustierdecke Waschbare Haustierdecke Haustier\u00fcberwurf Haustierbetteinlage \u3001Haustierbekleidung Hundepullover Katzenkapuzenpulli Haustierregenmantel Haustier-Halloweenkost\u00fcm Haustier-Schuhe Haustier-T-Haustier-Pyjama Haustier-Schlafanzug Haustier-Schwimmweste Haustier-Halstuch\u3001Tierspielzeug Kauspielzeug Interaktives Hundespielzeug Katzenspielzeug Quietschspielzeug Seilspielzeug Puzzle-Spielzeug Zerrspielzeug Ballwerfer Katzenminze-Spielzeug\u3001Tiertransporter Hunderucksack Katzentransporter Haustier-Kinderwagen Reise-Tiertransporter Soft-Side-Tiertransporter Hard-Side-Tiertransporter Haustier-Tragetuch Haustier-Autositz Airline-zugelassener Tiertransporter\u3001Tierbedarf Haustier-Zubeh\u00f6r Haustierbedarf Haustier-Pflegeprodukte Haustier-Pflegemittel Haustier-Sicherheitsausr\u00fcstung","robots":{"index":"index","follow":"follow","max-snippet":"max-snippet:-1","max-image-preview":"max-image-preview:large","max-video-preview":"max-video-preview:-1"},"canonical":"https:\/\/www.seatouintl.com\/de\/produkt\/doppelseitig-gesteppte-daunenjacke\/","og_locale":"de_DE","og_type":"article","og_title":"Double-sided quilted down jacket - SeaToU-Pet bed Dog bed Cat bed Orthopedic pet bed Heated pet bed Self-warming pet bed Cave pet bed Donut pet bed Bolster pet bed Outdoor pet house Pet blanket Pet mat Pet pad Cooling pet mat Waterproof pet pad Faux fur pet blanket Washable pet blanket Pet throw Pet bed liner \u3001Pet clothing Dog sweater Cat hoodie Pet raincoat Pet Halloween costume Pet booties Pet T-shirt Pet pajamas Pet life jacket Pet bandana\u3001Pet toys Chew toys Interactive dog toys Cat teaser wand Squeaky toys Rope toys Puzzle toys Tug toys Ball launcher Catnip toys\u3001Pet carrier Dog backpack Cat carrier Pet stroller Travel pet carrier Soft-sided pet carrier Hard-sided pet carrier Pet sling Pet car seat Airline-approved pet carrier\u3001Pet supplies Pet accessories Pet essentials Pet care products Pet grooming supplies Pet safety gear","og_description":"A reversible jacket that can be worn in a variety of ways. This jacket can be worn in two ways: with a fluffy boa exterior and a quilted interior, creating a military-inspired look. It's sleeveless and has snap buttons on the back, making it easy to wear. It's a great outerwear piece to wear on its own or layered. Material: Quilted fabric 100% polyester, Boa fabric 100% polyester  Size:    Size\uff08cm\uff09 Neck Circumference Chest Circumference Leagth Belly Sleeve   S 23 42 24 21 -   M 26 47 28 24 -   L 29 52 32 27 -   XL 32 57 36 30 -    Key Benefits:   Warm &amp; Breathable  Heat accumulating fiber\u200c  Moisture-activated heating  Anti-odor  Mildew-resistant","og_url":"https:\/\/www.seatouintl.com\/de\/produkt\/doppelseitig-gesteppte-daunenjacke\/","og_site_name":"SeaToU-Pet bed Dog bed Cat bed Orthopedic pet bed Heated pet bed Self-warming pet bed Cave pet bed Donut pet bed Bolster pet bed Outdoor pet house Pet blanket Pet mat Pet pad Cooling pet mat Waterproof pet pad Faux fur pet blanket Washable pet blanket Pet throw Pet bed liner \u3001Pet clothing Dog sweater Cat hoodie Pet raincoat Pet Halloween costume Pet booties Pet T-shirt Pet pajamas Pet life jacket Pet bandana\u3001Pet toys Chew toys Interactive dog toys Cat teaser wand Squeaky toys Rope toys Puzzle toys Tug toys Ball launcher Catnip toys\u3001Pet carrier Dog backpack Cat carrier Pet stroller Travel pet carrier Soft-sided pet carrier Hard-sided pet carrier Pet sling Pet car seat Airline-approved pet carrier\u3001Pet supplies Pet accessories Pet essentials Pet care products Pet grooming supplies Pet safety gear","article_publisher":"https:\/\/facebook.com\/seatouintl","article_modified_time":"2026-01-28T15:30:16+00:00","og_image":[{"width":800,"height":680,"url":"https:\/\/www.seatouintl.com\/wp-content\/uploads\/2025\/11\/Double-sided-quilted-down-jacket.jpg","type":"image\/jpeg"}],"twitter_card":"summary_large_image","twitter_misc":{"Gesch\u00e4tzte Lesezeit":"1\u00a0Minute"},"schema":{"@context":"https:\/\/schema.org","@graph":[{"@type":"WebPage","@id":"https:\/\/www.seatouintl.com\/product\/double-sided-quilted-down-jacket\/","url":"https:\/\/www.seatouintl.com\/product\/double-sided-quilted-down-jacket\/","name":"Doppelseitig gesteppte Daunenjacke - SeaToU-Haustierbett Hundebett Katzenbett Orthop\u00e4disches Haustierbett Beheiztes Haustierbett Selbstw\u00e4rmendes Haustierbett H\u00f6hlen-Haustierbett Donut-Haustierbett Nackenrolle Haustierbett Haustierhaus Haustierdecke Haustiermatte K\u00fchlende Haustiermatte Wasserdichte Haustiermatte Kunstfell-Haustierdecke Waschbare Haustierdecke Haustier\u00fcberwurf Haustierbetteinlage \u3001Haustierbekleidung Hundepullover Katzenkapuzenpulli Haustierregenmantel Haustier-Halloweenkost\u00fcm Haustier-Schuhe Haustier-T-Haustier-Pyjama Haustier-Schlafanzug Haustier-Schwimmweste Haustier-Halstuch\u3001Tierspielzeug Kauspielzeug Interaktives Hundespielzeug Katzenspielzeug Quietschspielzeug Seilspielzeug Puzzle-Spielzeug Zerrspielzeug Ballwerfer Katzenminze-Spielzeug\u3001Tiertransporter Hunderucksack Katzentransporter Haustier-Kinderwagen Reise-Tiertransporter Soft-Side-Tiertransporter Hard-Side-Tiertransporter Haustier-Tragetuch Haustier-Autositz Airline-zugelassener Tiertransporter\u3001Tierbedarf Haustier-Zubeh\u00f6r Haustierbedarf Haustier-Pflegeprodukte Haustier-Pflegemittel Haustier-Sicherheitsausr\u00fcstung","isPartOf":{"@id":"https:\/\/www.seatouintl.com\/#website"},"primaryImageOfPage":{"@id":"https:\/\/www.seatouintl.com\/product\/double-sided-quilted-down-jacket\/#primaryimage"},"image":{"@id":"https:\/\/www.seatouintl.com\/product\/double-sided-quilted-down-jacket\/#primaryimage"},"thumbnailUrl":"https:\/\/www.seatouintl.com\/wp-content\/uploads\/2025\/11\/Double-sided-quilted-down-jacket.jpg","datePublished":"2025-11-08T08:22:33+00:00","dateModified":"2026-01-28T15:30:16+00:00","breadcrumb":{"@id":"https:\/\/www.seatouintl.com\/product\/double-sided-quilted-down-jacket\/#breadcrumb"},"inLanguage":"de","potentialAction":[{"@type":"ReadAction","target":["https:\/\/www.seatouintl.com\/product\/double-sided-quilted-down-jacket\/"]}]},{"@type":"ImageObject","inLanguage":"de","@id":"https:\/\/www.seatouintl.com\/product\/double-sided-quilted-down-jacket\/#primaryimage","url":"https:\/\/www.seatouintl.com\/wp-content\/uploads\/2025\/11\/Double-sided-quilted-down-jacket.jpg","contentUrl":"https:\/\/www.seatouintl.com\/wp-content\/uploads\/2025\/11\/Double-sided-quilted-down-jacket.jpg","width":800,"height":680},{"@type":"BreadcrumbList","@id":"https:\/\/www.seatouintl.com\/product\/double-sided-quilted-down-jacket\/#breadcrumb","itemListElement":[{"@type":"ListItem","position":1,"name":"\u9996\u9875","item":"https:\/\/www.seatouintl.com\/"},{"@type":"ListItem","position":2,"name":"Products","item":"https:\/\/www.seatouintl.com\/products\/"},{"@type":"ListItem","position":3,"name":"Double-sided quilted down jacket"}]},{"@type":"WebSite","@id":"https:\/\/www.seatouintl.com\/#website","url":"https:\/\/www.seatouintl.com\/","name":"seatou","description":"Haustierbett Hundebett Katzenbett Orthop\u00e4disches Haustierbett Beheiztes Haustierbett Selbstw\u00e4rmendes Haustierbett H\u00f6hlen-Haustierbett Nackenrolle Haustierbett Haustierhaus Haustierdecke Haustiermatte Haustiermatte K\u00fchlende Haustiermatte Wasserdichte Haustiermatte Kunstfell-Tierdecke Waschbare Haustierdecke Haustier\u00fcberwurf Haustierbetteinlage \u3001Tierbekleidung Hundepullover Katzenkapuzenpulli Haustier-Regenmantel Haustier-Halloweenkost\u00fcm Haustier-Schuhe Haustier-T-Haustier-Pyjama Haustier-Schlafanzug Haustier-Schwimmweste Haustier-Halstuch\u3001Tierspielzeug Kauspielzeug Interaktives Hundespielzeug Katzenspielzeug Quietschspielzeug Seilspielzeug Puzzle-Spielzeug Zerrspielzeug Ballwerfer Katzenminze-Spielzeug\u3001Tiertransporter Hunderucksack Katzentransporter Haustier-Kinderwagen Reise-Tiertransporter Soft-Side-Tiertransporter Hard-Side-Tiertransporter Haustier-Tragetuch Haustier-Autositz Airline-zugelassener Tiertransporter\u3001Tierbedarf Haustier-Zubeh\u00f6r Haustierbedarf Haustier-Pflegeprodukte Haustier-Pflegemittel Haustier-Sicherheitsausr\u00fcstung","publisher":{"@id":"https:\/\/www.seatouintl.com\/#organization"},"potentialAction":[{"@type":"SearchAction","target":{"@type":"EntryPoint","urlTemplate":"https:\/\/www.seatouintl.com\/?s={search_term_string}"},"query-input":{"@type":"PropertyValueSpecification","valueRequired":true,"valueName":"search_term_string"}}],"inLanguage":"de"},{"@type":"Organization","@id":"https:\/\/www.seatouintl.com\/#organization","name":"seatou","url":"https:\/\/www.seatouintl.com\/","logo":{"@type":"ImageObject","inLanguage":"de","@id":"https:\/\/www.seatouintl.com\/#\/schema\/logo\/image\/","url":"https:\/\/www.seatouintl.com\/wp-content\/uploads\/2025\/10\/LOGO1.png","contentUrl":"https:\/\/www.seatouintl.com\/wp-content\/uploads\/2025\/10\/LOGO1.png","width":1043,"height":454,"caption":"seatou"},"image":{"@id":"https:\/\/www.seatouintl.com\/#\/schema\/logo\/image\/"},"sameAs":["https:\/\/facebook.com\/seatouintl"]}]}},"_links":{"self":[{"href":"https:\/\/www.seatouintl.com\/de\/wp-json\/wp\/v2\/product\/3508","targetHints":{"allow":["GET"]}}],"collection":[{"href":"https:\/\/www.seatouintl.com\/de\/wp-json\/wp\/v2\/product"}],"about":[{"href":"https:\/\/www.seatouintl.com\/de\/wp-json\/wp\/v2\/types\/product"}],"wp:featuredmedia":[{"embeddable":true,"href":"https:\/\/www.seatouintl.com\/de\/wp-json\/wp\/v2\/media\/3509"}],"wp:attachment":[{"href":"https:\/\/www.seatouintl.com\/de\/wp-json\/wp\/v2\/media?parent=3508"}],"wp:term":[{"taxonomy":"product_brand","embeddable":true,"href":"https:\/\/www.seatouintl.com\/de\/wp-json\/wp\/v2\/product_brand?post=3508"},{"taxonomy":"product_cat","embeddable":true,"href":"https:\/\/www.seatouintl.com\/de\/wp-json\/wp\/v2\/product_cat?post=3508"},{"taxonomy":"product_tag","embeddable":true,"href":"https:\/\/www.seatouintl.com\/de\/wp-json\/wp\/v2\/product_tag?post=3508"}],"curies":[{"name":"wp","href":"https:\/\/api.w.org\/{rel}","templated":true}]}}