{"id":3631,"date":"2025-11-09T21:45:09","date_gmt":"2025-11-09T13:45:09","guid":{"rendered":"https:\/\/www.seatouintl.com\/?post_type=product&#038;p=3631"},"modified":"2026-01-28T23:28:03","modified_gmt":"2026-01-28T15:28:03","slug":"regenmantel-mit-offnung-fur-hundegeschirr","status":"publish","type":"product","link":"https:\/\/www.seatouintl.com\/de\/produkt\/regenmantel-mit-offnung-fur-hundegeschirr\/","title":{"rendered":"Regenmantel mit \u00d6ffnung f\u00fcr Hundegeschirr"},"content":{"rendered":"","protected":false},"excerpt":{"rendered":"<p>Der HUFT Magical Mist Raincoat ist aus hochwertigem, wasserdichtem 100%-Gewebe gefertigt und sorgt daf\u00fcr, dass das Fell Ihres pelzigen Freundes auch bei feuchtem Wetter trocken und gesch\u00fctzt bleibt.<\/p>\n<p>Mit einem praktischen Klettverschluss auf der Vorderseite bietet dieser Regenmantel einen bequemen und sicheren Sitz, der f\u00fcr Hunde aller Gr\u00f6\u00dfen leicht zu tragen ist. An der Kapuze, den \u00c4rmeln und dem unteren Saum befinden sich zus\u00e4tzliche Klettverschl\u00fcsse, mit denen Sie die Passform an die individuelle Form Ihres Hundes anpassen k\u00f6nnen. Die Leinen\u00f6ffnung im Nacken ist mit Schutzklappen versehen, die das Eindringen von Regen bei Spazierg\u00e4ngen verhindern. Au\u00dferdem haben wir eine Leinen\u00f6ffnung am Geschirr mit einer Klappe f\u00fcr einfachen, wasserdichten Zugang angebracht.<\/p>\n<p>Der Regenmantel eignet sich perfekt f\u00fcr n\u00e4chtliche Spazierg\u00e4nge und sorgt daf\u00fcr, dass Ihr Haustier dank des reflektierenden Streifens auf der R\u00fcckseite des Mantels gut sichtbar ist.<\/p>\n<p><strong>Merkmale:<\/strong><\/p>\n<ul>\n<li>Wasserdicht und doppellagig<\/li>\n<li>Mit Klettverschluss verstellbare Kapuze, \u00c4rmel und unterer Saum<\/li>\n<li>Klettverschluss auf der Vorderseite<\/li>\n<li>Eine Halsbandleinen\u00f6ffnung und eine Gurtleinen\u00f6ffnung mit Klappen<\/li>\n<li>Geeignet f\u00fcr alle Rassen<\/li>\n<li>Leicht zu tragen<\/li>\n<li>Kommt mit einer Tasche zur Aufbewahrung<\/li>\n<li>Reflektierender Streifen auf der R\u00fcckseite f\u00fcr bessere Sichtbarkeit<\/li>\n<\/ul>","protected":false},"featured_media":3633,"template":"","meta":[],"product_brand":[],"product_cat":[57],"product_tag":[73],"class_list":{"0":"post-3631","1":"product","2":"type-product","3":"status-publish","4":"has-post-thumbnail","6":"product_cat-fashionable-dog-clothes-cozy-sweaters-raincoats-or-festive-pet-wear","7":"product_tag-raincoat","9":"first","10":"instock","11":"shipping-taxable","12":"product-type-simple"},"yoast_head":"<!-- This site is optimized with the Yoast SEO plugin v26.5 - https:\/\/yoast.com\/wordpress\/plugins\/seo\/ -->\n<title>Raincoat With Harness Opening For Dog - SeaToU-Pet bed Dog bed Cat bed Orthopedic pet bed Heated pet bed Self-warming pet bed Cave pet bed Donut pet bed Bolster pet bed Outdoor pet house Pet blanket Pet mat Pet pad Cooling pet mat Waterproof pet pad Faux fur pet blanket Washable pet blanket Pet throw Pet bed liner \u3001Pet clothing Dog sweater Cat hoodie Pet raincoat Pet Halloween costume Pet booties Pet T-shirt Pet pajamas Pet life jacket Pet bandana\u3001Pet toys Chew toys Interactive dog toys Cat teaser wand Squeaky toys Rope toys Puzzle toys Tug toys Ball launcher Catnip toys\u3001Pet carrier Dog backpack Cat carrier Pet stroller Travel pet carrier Soft-sided pet carrier Hard-sided pet carrier Pet sling Pet car seat Airline-approved pet carrier\u3001Pet supplies Pet accessories Pet essentials Pet care products Pet grooming supplies Pet safety gear<\/title>\n<meta name=\"description\" content=\"Made from high-quality, 100% water-proof fabric, HUFT Magical Mist Raincoat ensures that your furry friend&#039;s coat remains dry and protected even during the wettest of weather.Featuring a convenient velcro closure in the front, this raincoat offers a snug and secure fit that&#039;s easy to wear for dogs of all sizes. Toggles are added on the hood, sleeves and bottom hem for added adjustability, allowing you to customize the fit according to your dog&#039;s unique shape. The collar leash opening at the back of the neck includes protective flaps to keep rain from seeping in during walks. We&#039;ve also added a harness leash opening with a flap for easy, water-resistant access.Perfect for night strolls, the raincoat will keep your pet visible with the reflective strip on the back of the coat.\" \/>\n<meta name=\"robots\" content=\"index, follow, max-snippet:-1, max-image-preview:large, max-video-preview:-1\" \/>\n<link rel=\"canonical\" href=\"https:\/\/www.seatouintl.com\/de\/produkt\/regenmantel-mit-offnung-fur-hundegeschirr\/\" \/>\n<meta property=\"og:locale\" content=\"de_DE\" \/>\n<meta property=\"og:type\" content=\"article\" \/>\n<meta property=\"og:title\" content=\"Raincoat With Harness Opening For Dog - SeaToU-Pet bed Dog bed Cat bed Orthopedic pet bed Heated pet bed Self-warming pet bed Cave pet bed Donut pet bed Bolster pet bed Outdoor pet house Pet blanket Pet mat Pet pad Cooling pet mat Waterproof pet pad Faux fur pet blanket Washable pet blanket Pet throw Pet bed liner \u3001Pet clothing Dog sweater Cat hoodie Pet raincoat Pet Halloween costume Pet booties Pet T-shirt Pet pajamas Pet life jacket Pet bandana\u3001Pet toys Chew toys Interactive dog toys Cat teaser wand Squeaky toys Rope toys Puzzle toys Tug toys Ball launcher Catnip toys\u3001Pet carrier Dog backpack Cat carrier Pet stroller Travel pet carrier Soft-sided pet carrier Hard-sided pet carrier Pet sling Pet car seat Airline-approved pet carrier\u3001Pet supplies Pet accessories Pet essentials Pet care products Pet grooming supplies Pet safety gear\" \/>\n<meta property=\"og:description\" content=\"Made from high-quality, 100% water-proof fabric, HUFT Magical Mist Raincoat ensures that your furry friend&#039;s coat remains dry and protected even during the wettest of weather.Featuring a convenient velcro closure in the front, this raincoat offers a snug and secure fit that&#039;s easy to wear for dogs of all sizes. Toggles are added on the hood, sleeves and bottom hem for added adjustability, allowing you to customize the fit according to your dog&#039;s unique shape. The collar leash opening at the back of the neck includes protective flaps to keep rain from seeping in during walks. We&#039;ve also added a harness leash opening with a flap for easy, water-resistant access.Perfect for night strolls, the raincoat will keep your pet visible with the reflective strip on the back of the coat.\" \/>\n<meta property=\"og:url\" content=\"https:\/\/www.seatouintl.com\/de\/produkt\/regenmantel-mit-offnung-fur-hundegeschirr\/\" \/>\n<meta property=\"og:site_name\" content=\"SeaToU-Pet bed Dog bed Cat bed Orthopedic pet bed Heated pet bed Self-warming pet bed Cave pet bed Donut pet bed Bolster pet bed Outdoor pet house Pet blanket Pet mat Pet pad Cooling pet mat Waterproof pet pad Faux fur pet blanket Washable pet blanket Pet throw Pet bed liner \u3001Pet clothing Dog sweater Cat hoodie Pet raincoat Pet Halloween costume Pet booties Pet T-shirt Pet pajamas Pet life jacket Pet bandana\u3001Pet toys Chew toys Interactive dog toys Cat teaser wand Squeaky toys Rope toys Puzzle toys Tug toys Ball launcher Catnip toys\u3001Pet carrier Dog backpack Cat carrier Pet stroller Travel pet carrier Soft-sided pet carrier Hard-sided pet carrier Pet sling Pet car seat Airline-approved pet carrier\u3001Pet supplies Pet accessories Pet essentials Pet care products Pet grooming supplies Pet safety gear\" \/>\n<meta property=\"article:publisher\" content=\"https:\/\/facebook.com\/seatouintl\" \/>\n<meta property=\"article:modified_time\" content=\"2026-01-28T15:28:03+00:00\" \/>\n<meta property=\"og:image\" content=\"https:\/\/www.seatouintl.com\/wp-content\/uploads\/2025\/11\/Raincoat-With-Harness-Opening-For-Dog.jpg\" \/>\n\t<meta property=\"og:image:width\" content=\"800\" \/>\n\t<meta property=\"og:image:height\" content=\"680\" \/>\n\t<meta property=\"og:image:type\" content=\"image\/jpeg\" \/>\n<meta name=\"twitter:card\" content=\"summary_large_image\" \/>\n<meta name=\"twitter:label1\" content=\"Gesch\u00e4tzte Lesezeit\" \/>\n\t<meta name=\"twitter:data1\" content=\"1\u00a0Minute\" \/>\n<script type=\"application\/ld+json\" class=\"yoast-schema-graph\">{\"@context\":\"https:\/\/schema.org\",\"@graph\":[{\"@type\":\"WebPage\",\"@id\":\"https:\/\/www.seatouintl.com\/product\/raincoat-with-harness-opening-for-dog\/\",\"url\":\"https:\/\/www.seatouintl.com\/product\/raincoat-with-harness-opening-for-dog\/\",\"name\":\"Raincoat With Harness Opening For Dog - SeaToU-Pet bed Dog bed Cat bed Orthopedic pet bed Heated pet bed Self-warming pet bed Cave pet bed Donut pet bed Bolster pet bed Outdoor pet house Pet blanket Pet mat Pet pad Cooling pet mat Waterproof pet pad Faux fur pet blanket Washable pet blanket Pet throw Pet bed liner \u3001Pet clothing Dog sweater Cat hoodie Pet raincoat Pet Halloween costume Pet booties Pet T-shirt Pet pajamas Pet life jacket Pet bandana\u3001Pet toys Chew toys Interactive dog toys Cat teaser wand Squeaky toys Rope toys Puzzle toys Tug toys Ball launcher Catnip toys\u3001Pet carrier Dog backpack Cat carrier Pet stroller Travel pet carrier Soft-sided pet carrier Hard-sided pet carrier Pet sling Pet car seat Airline-approved pet carrier\u3001Pet supplies Pet accessories Pet essentials Pet care products Pet grooming supplies Pet safety gear\",\"isPartOf\":{\"@id\":\"https:\/\/www.seatouintl.com\/#website\"},\"primaryImageOfPage\":{\"@id\":\"https:\/\/www.seatouintl.com\/product\/raincoat-with-harness-opening-for-dog\/#primaryimage\"},\"image\":{\"@id\":\"https:\/\/www.seatouintl.com\/product\/raincoat-with-harness-opening-for-dog\/#primaryimage\"},\"thumbnailUrl\":\"https:\/\/www.seatouintl.com\/wp-content\/uploads\/2025\/11\/Raincoat-With-Harness-Opening-For-Dog.jpg\",\"datePublished\":\"2025-11-09T13:45:09+00:00\",\"dateModified\":\"2026-01-28T15:28:03+00:00\",\"description\":\"Made from high-quality, 100% water-proof fabric, HUFT Magical Mist Raincoat ensures that your furry friend's coat remains dry and protected even during the wettest of weather.Featuring a convenient velcro closure in the front, this raincoat offers a snug and secure fit that's easy to wear for dogs of all sizes. Toggles are added on the hood, sleeves and bottom hem for added adjustability, allowing you to customize the fit according to your dog's unique shape. The collar leash opening at the back of the neck includes protective flaps to keep rain from seeping in during walks. We've also added a harness leash opening with a flap for easy, water-resistant access.Perfect for night strolls, the raincoat will keep your pet visible with the reflective strip on the back of the coat.\",\"breadcrumb\":{\"@id\":\"https:\/\/www.seatouintl.com\/product\/raincoat-with-harness-opening-for-dog\/#breadcrumb\"},\"inLanguage\":\"de\",\"potentialAction\":[{\"@type\":\"ReadAction\",\"target\":[\"https:\/\/www.seatouintl.com\/product\/raincoat-with-harness-opening-for-dog\/\"]}]},{\"@type\":\"ImageObject\",\"inLanguage\":\"de\",\"@id\":\"https:\/\/www.seatouintl.com\/product\/raincoat-with-harness-opening-for-dog\/#primaryimage\",\"url\":\"https:\/\/www.seatouintl.com\/wp-content\/uploads\/2025\/11\/Raincoat-With-Harness-Opening-For-Dog.jpg\",\"contentUrl\":\"https:\/\/www.seatouintl.com\/wp-content\/uploads\/2025\/11\/Raincoat-With-Harness-Opening-For-Dog.jpg\",\"width\":800,\"height\":680},{\"@type\":\"BreadcrumbList\",\"@id\":\"https:\/\/www.seatouintl.com\/product\/raincoat-with-harness-opening-for-dog\/#breadcrumb\",\"itemListElement\":[{\"@type\":\"ListItem\",\"position\":1,\"name\":\"\u9996\u9875\",\"item\":\"https:\/\/www.seatouintl.com\/\"},{\"@type\":\"ListItem\",\"position\":2,\"name\":\"Products\",\"item\":\"https:\/\/www.seatouintl.com\/products\/\"},{\"@type\":\"ListItem\",\"position\":3,\"name\":\"Raincoat With Harness Opening For Dog\"}]},{\"@type\":\"WebSite\",\"@id\":\"https:\/\/www.seatouintl.com\/#website\",\"url\":\"https:\/\/www.seatouintl.com\/\",\"name\":\"seatou\",\"description\":\"Pet bed Dog bed Cat bed Orthopedic pet bed Heated pet bed Self-warming pet bed Cave pet bed Donut pet bed Bolster pet bed Outdoor pet house Pet blanket Pet mat Pet pad Cooling pet mat Waterproof pet pad Faux fur pet blanket Washable pet blanket Pet throw Pet bed liner \u3001Pet clothing Dog sweater Cat hoodie Pet raincoat Pet Halloween costume Pet booties Pet T-shirt Pet pajamas Pet life jacket Pet bandana\u3001Pet toys Chew toys Interactive dog toys Cat teaser wand Squeaky toys Rope toys Puzzle toys Tug toys Ball launcher Catnip toys\u3001Pet carrier Dog backpack Cat carrier Pet stroller Travel pet carrier Soft-sided pet carrier Hard-sided pet carrier Pet sling Pet car seat Airline-approved pet carrier\u3001Pet supplies Pet accessories Pet essentials Pet care products Pet grooming supplies Pet safety gear\",\"publisher\":{\"@id\":\"https:\/\/www.seatouintl.com\/#organization\"},\"potentialAction\":[{\"@type\":\"SearchAction\",\"target\":{\"@type\":\"EntryPoint\",\"urlTemplate\":\"https:\/\/www.seatouintl.com\/?s={search_term_string}\"},\"query-input\":{\"@type\":\"PropertyValueSpecification\",\"valueRequired\":true,\"valueName\":\"search_term_string\"}}],\"inLanguage\":\"de\"},{\"@type\":\"Organization\",\"@id\":\"https:\/\/www.seatouintl.com\/#organization\",\"name\":\"seatou\",\"url\":\"https:\/\/www.seatouintl.com\/\",\"logo\":{\"@type\":\"ImageObject\",\"inLanguage\":\"de\",\"@id\":\"https:\/\/www.seatouintl.com\/#\/schema\/logo\/image\/\",\"url\":\"https:\/\/www.seatouintl.com\/wp-content\/uploads\/2025\/10\/LOGO1.png\",\"contentUrl\":\"https:\/\/www.seatouintl.com\/wp-content\/uploads\/2025\/10\/LOGO1.png\",\"width\":1043,\"height\":454,\"caption\":\"seatou\"},\"image\":{\"@id\":\"https:\/\/www.seatouintl.com\/#\/schema\/logo\/image\/\"},\"sameAs\":[\"https:\/\/facebook.com\/seatouintl\"]}]}<\/script>\n<!-- \/ Yoast SEO plugin. -->","yoast_head_json":{"title":"Raincoat With Harness Opening For Dog - SeaToU-Pet bed Dog bed Cat bed Orthopedic pet bed Heated pet bed Self-warming pet bed Cave pet bed Donut pet bed Bolster pet bed Outdoor pet house Pet blanket Pet mat Pet pad Cooling pet mat Waterproof pet pad Faux fur pet blanket Washable pet blanket Pet throw Pet bed liner \u3001Pet clothing Dog sweater Cat hoodie Pet raincoat Pet Halloween costume Pet booties Pet T-Haustier-Pyjama Haustier-Schlafanzug Haustier-Schwimmweste Haustier-Halstuch\u3001Tierspielzeug Kauspielzeug Interaktives Hundespielzeug Katzenspielzeug Quietschspielzeug Seilspielzeug Puzzle-Spielzeug Zerrspielzeug Ballwerfer Katzenminze-Spielzeug\u3001Tiertransporter Hunderucksack Katzentransporter Haustier-Kinderwagen Reise-Tiertransporter Soft-Side-Tiertransporter Hard-Side-Tiertransporter Haustier-Tragetuch Haustier-Autositz Airline-zugelassener Tiertransporter\u3001Tierbedarf Haustier-Zubeh\u00f6r Haustierbedarf Haustier-Pflegeprodukte Haustier-Pflegemittel Haustier-Sicherheitsausr\u00fcstung","description":"Der HUFT Magical Mist Raincoat ist aus hochwertigem, wasserdichtem 100%-Gewebe gefertigt und sorgt daf\u00fcr, dass das Fell Ihres pelzigen Freundes auch bei feuchtem Wetter trocken und gesch\u00fctzt bleibt.Mit einem praktischen Klettverschluss auf der Vorderseite bietet dieser Regenmantel eine bequeme und sichere Passform, die f\u00fcr Hunde aller Gr\u00f6\u00dfen leicht zu tragen ist. An der Kapuze, an den \u00c4rmeln und am unteren Saum befinden sich zus\u00e4tzliche Klettverschl\u00fcsse, mit denen Sie die Passform an die individuelle Form Ihres Hundes anpassen k\u00f6nnen. Die Leinen\u00f6ffnung im Nacken ist mit Schutzklappen versehen, die das Eindringen von Regen bei Spazierg\u00e4ngen verhindern. Der Regenmantel eignet sich perfekt f\u00fcr n\u00e4chtliche Spazierg\u00e4nge, da Ihr Hund dank des reflektierenden Streifens auf der R\u00fcckseite des Mantels immer gut sichtbar ist.","robots":{"index":"index","follow":"follow","max-snippet":"max-snippet:-1","max-image-preview":"max-image-preview:large","max-video-preview":"max-video-preview:-1"},"canonical":"https:\/\/www.seatouintl.com\/de\/produkt\/regenmantel-mit-offnung-fur-hundegeschirr\/","og_locale":"de_DE","og_type":"article","og_title":"Raincoat With Harness Opening For Dog - SeaToU-Pet bed Dog bed Cat bed Orthopedic pet bed Heated pet bed Self-warming pet bed Cave pet bed Donut pet bed Bolster pet bed Outdoor pet house Pet blanket Pet mat Pet pad Cooling pet mat Waterproof pet pad Faux fur pet blanket Washable pet blanket Pet throw Pet bed liner \u3001Pet clothing Dog sweater Cat hoodie Pet raincoat Pet Halloween costume Pet booties Pet T-shirt Pet pajamas Pet life jacket Pet bandana\u3001Pet toys Chew toys Interactive dog toys Cat teaser wand Squeaky toys Rope toys Puzzle toys Tug toys Ball launcher Catnip toys\u3001Pet carrier Dog backpack Cat carrier Pet stroller Travel pet carrier Soft-sided pet carrier Hard-sided pet carrier Pet sling Pet car seat Airline-approved pet carrier\u3001Pet supplies Pet accessories Pet essentials Pet care products Pet grooming supplies Pet safety gear","og_description":"Made from high-quality, 100% water-proof fabric, HUFT Magical Mist Raincoat ensures that your furry friend's coat remains dry and protected even during the wettest of weather.Featuring a convenient velcro closure in the front, this raincoat offers a snug and secure fit that's easy to wear for dogs of all sizes. Toggles are added on the hood, sleeves and bottom hem for added adjustability, allowing you to customize the fit according to your dog's unique shape. The collar leash opening at the back of the neck includes protective flaps to keep rain from seeping in during walks. We've also added a harness leash opening with a flap for easy, water-resistant access.Perfect for night strolls, the raincoat will keep your pet visible with the reflective strip on the back of the coat.","og_url":"https:\/\/www.seatouintl.com\/de\/produkt\/regenmantel-mit-offnung-fur-hundegeschirr\/","og_site_name":"SeaToU-Pet bed Dog bed Cat bed Orthopedic pet bed Heated pet bed Self-warming pet bed Cave pet bed Donut pet bed Bolster pet bed Outdoor pet house Pet blanket Pet mat Pet pad Cooling pet mat Waterproof pet pad Faux fur pet blanket Washable pet blanket Pet throw Pet bed liner \u3001Pet clothing Dog sweater Cat hoodie Pet raincoat Pet Halloween costume Pet booties Pet T-shirt Pet pajamas Pet life jacket Pet bandana\u3001Pet toys Chew toys Interactive dog toys Cat teaser wand Squeaky toys Rope toys Puzzle toys Tug toys Ball launcher Catnip toys\u3001Pet carrier Dog backpack Cat carrier Pet stroller Travel pet carrier Soft-sided pet carrier Hard-sided pet carrier Pet sling Pet car seat Airline-approved pet carrier\u3001Pet supplies Pet accessories Pet essentials Pet care products Pet grooming supplies Pet safety gear","article_publisher":"https:\/\/facebook.com\/seatouintl","article_modified_time":"2026-01-28T15:28:03+00:00","og_image":[{"width":800,"height":680,"url":"https:\/\/www.seatouintl.com\/wp-content\/uploads\/2025\/11\/Raincoat-With-Harness-Opening-For-Dog.jpg","type":"image\/jpeg"}],"twitter_card":"summary_large_image","twitter_misc":{"Gesch\u00e4tzte Lesezeit":"1\u00a0Minute"},"schema":{"@context":"https:\/\/schema.org","@graph":[{"@type":"WebPage","@id":"https:\/\/www.seatouintl.com\/product\/raincoat-with-harness-opening-for-dog\/","url":"https:\/\/www.seatouintl.com\/product\/raincoat-with-harness-opening-for-dog\/","name":"Raincoat With Harness Opening For Dog - SeaToU-Pet bed Dog bed Cat bed Orthopedic pet bed Heated pet bed Self-warming pet bed Cave pet bed Donut pet bed Bolster pet bed Outdoor pet house Pet blanket Pet mat Pet pad Cooling pet mat Waterproof pet pad Faux fur pet blanket Washable pet blanket Pet throw Pet bed liner \u3001Pet clothing Dog sweater Cat hoodie Pet raincoat Pet Halloween costume Pet booties Pet T-Haustier-Pyjama Haustier-Schlafanzug Haustier-Schwimmweste Haustier-Halstuch\u3001Tierspielzeug Kauspielzeug Interaktives Hundespielzeug Katzenspielzeug Quietschspielzeug Seilspielzeug Puzzle-Spielzeug Zerrspielzeug Ballwerfer Katzenminze-Spielzeug\u3001Tiertransporter Hunderucksack Katzentransporter Haustier-Kinderwagen Reise-Tiertransporter Soft-Side-Tiertransporter Hard-Side-Tiertransporter Haustier-Tragetuch Haustier-Autositz Airline-zugelassener Tiertransporter\u3001Tierbedarf Haustier-Zubeh\u00f6r Haustierbedarf Haustier-Pflegeprodukte Haustier-Pflegemittel Haustier-Sicherheitsausr\u00fcstung","isPartOf":{"@id":"https:\/\/www.seatouintl.com\/#website"},"primaryImageOfPage":{"@id":"https:\/\/www.seatouintl.com\/product\/raincoat-with-harness-opening-for-dog\/#primaryimage"},"image":{"@id":"https:\/\/www.seatouintl.com\/product\/raincoat-with-harness-opening-for-dog\/#primaryimage"},"thumbnailUrl":"https:\/\/www.seatouintl.com\/wp-content\/uploads\/2025\/11\/Raincoat-With-Harness-Opening-For-Dog.jpg","datePublished":"2025-11-09T13:45:09+00:00","dateModified":"2026-01-28T15:28:03+00:00","description":"Der HUFT Magical Mist Raincoat ist aus hochwertigem, wasserdichtem 100%-Gewebe gefertigt und sorgt daf\u00fcr, dass das Fell Ihres pelzigen Freundes auch bei feuchtem Wetter trocken und gesch\u00fctzt bleibt.Mit einem praktischen Klettverschluss auf der Vorderseite bietet dieser Regenmantel eine bequeme und sichere Passform, die f\u00fcr Hunde aller Gr\u00f6\u00dfen leicht zu tragen ist. An der Kapuze, an den \u00c4rmeln und am unteren Saum befinden sich zus\u00e4tzliche Klettverschl\u00fcsse, mit denen Sie die Passform an die individuelle Form Ihres Hundes anpassen k\u00f6nnen. Die Leinen\u00f6ffnung im Nacken ist mit Schutzklappen versehen, die das Eindringen von Regen bei Spazierg\u00e4ngen verhindern. Der Regenmantel eignet sich perfekt f\u00fcr n\u00e4chtliche Spazierg\u00e4nge, da Ihr Hund dank des reflektierenden Streifens auf der R\u00fcckseite des Mantels immer gut sichtbar ist.","breadcrumb":{"@id":"https:\/\/www.seatouintl.com\/product\/raincoat-with-harness-opening-for-dog\/#breadcrumb"},"inLanguage":"de","potentialAction":[{"@type":"ReadAction","target":["https:\/\/www.seatouintl.com\/product\/raincoat-with-harness-opening-for-dog\/"]}]},{"@type":"ImageObject","inLanguage":"de","@id":"https:\/\/www.seatouintl.com\/product\/raincoat-with-harness-opening-for-dog\/#primaryimage","url":"https:\/\/www.seatouintl.com\/wp-content\/uploads\/2025\/11\/Raincoat-With-Harness-Opening-For-Dog.jpg","contentUrl":"https:\/\/www.seatouintl.com\/wp-content\/uploads\/2025\/11\/Raincoat-With-Harness-Opening-For-Dog.jpg","width":800,"height":680},{"@type":"BreadcrumbList","@id":"https:\/\/www.seatouintl.com\/product\/raincoat-with-harness-opening-for-dog\/#breadcrumb","itemListElement":[{"@type":"ListItem","position":1,"name":"\u9996\u9875","item":"https:\/\/www.seatouintl.com\/"},{"@type":"ListItem","position":2,"name":"Products","item":"https:\/\/www.seatouintl.com\/products\/"},{"@type":"ListItem","position":3,"name":"Raincoat With Harness Opening For Dog"}]},{"@type":"WebSite","@id":"https:\/\/www.seatouintl.com\/#website","url":"https:\/\/www.seatouintl.com\/","name":"seatou","description":"Haustierbett Hundebett Katzenbett Orthop\u00e4disches Haustierbett Beheiztes Haustierbett Selbstw\u00e4rmendes Haustierbett H\u00f6hlen-Haustierbett Nackenrolle Haustierbett Haustierhaus Haustierdecke Haustiermatte Haustiermatte K\u00fchlende Haustiermatte Wasserdichte Haustiermatte Kunstfell-Tierdecke Waschbare Haustierdecke Haustier\u00fcberwurf Haustierbetteinlage \u3001Tierbekleidung Hundepullover Katzenkapuzenpulli Haustier-Regenmantel Haustier-Halloweenkost\u00fcm Haustier-Schuhe Haustier-T-Haustier-Pyjama Haustier-Schlafanzug Haustier-Schwimmweste Haustier-Halstuch\u3001Tierspielzeug Kauspielzeug Interaktives Hundespielzeug Katzenspielzeug Quietschspielzeug Seilspielzeug Puzzle-Spielzeug Zerrspielzeug Ballwerfer Katzenminze-Spielzeug\u3001Tiertransporter Hunderucksack Katzentransporter Haustier-Kinderwagen Reise-Tiertransporter Soft-Side-Tiertransporter Hard-Side-Tiertransporter Haustier-Tragetuch Haustier-Autositz Airline-zugelassener Tiertransporter\u3001Tierbedarf Haustier-Zubeh\u00f6r Haustierbedarf Haustier-Pflegeprodukte Haustier-Pflegemittel Haustier-Sicherheitsausr\u00fcstung","publisher":{"@id":"https:\/\/www.seatouintl.com\/#organization"},"potentialAction":[{"@type":"SearchAction","target":{"@type":"EntryPoint","urlTemplate":"https:\/\/www.seatouintl.com\/?s={search_term_string}"},"query-input":{"@type":"PropertyValueSpecification","valueRequired":true,"valueName":"search_term_string"}}],"inLanguage":"de"},{"@type":"Organization","@id":"https:\/\/www.seatouintl.com\/#organization","name":"seatou","url":"https:\/\/www.seatouintl.com\/","logo":{"@type":"ImageObject","inLanguage":"de","@id":"https:\/\/www.seatouintl.com\/#\/schema\/logo\/image\/","url":"https:\/\/www.seatouintl.com\/wp-content\/uploads\/2025\/10\/LOGO1.png","contentUrl":"https:\/\/www.seatouintl.com\/wp-content\/uploads\/2025\/10\/LOGO1.png","width":1043,"height":454,"caption":"seatou"},"image":{"@id":"https:\/\/www.seatouintl.com\/#\/schema\/logo\/image\/"},"sameAs":["https:\/\/facebook.com\/seatouintl"]}]}},"_links":{"self":[{"href":"https:\/\/www.seatouintl.com\/de\/wp-json\/wp\/v2\/product\/3631","targetHints":{"allow":["GET"]}}],"collection":[{"href":"https:\/\/www.seatouintl.com\/de\/wp-json\/wp\/v2\/product"}],"about":[{"href":"https:\/\/www.seatouintl.com\/de\/wp-json\/wp\/v2\/types\/product"}],"wp:featuredmedia":[{"embeddable":true,"href":"https:\/\/www.seatouintl.com\/de\/wp-json\/wp\/v2\/media\/3633"}],"wp:attachment":[{"href":"https:\/\/www.seatouintl.com\/de\/wp-json\/wp\/v2\/media?parent=3631"}],"wp:term":[{"taxonomy":"product_brand","embeddable":true,"href":"https:\/\/www.seatouintl.com\/de\/wp-json\/wp\/v2\/product_brand?post=3631"},{"taxonomy":"product_cat","embeddable":true,"href":"https:\/\/www.seatouintl.com\/de\/wp-json\/wp\/v2\/product_cat?post=3631"},{"taxonomy":"product_tag","embeddable":true,"href":"https:\/\/www.seatouintl.com\/de\/wp-json\/wp\/v2\/product_tag?post=3631"}],"curies":[{"name":"wp","href":"https:\/\/api.w.org\/{rel}","templated":true}]}}