{"id":3703,"date":"2025-11-10T10:34:37","date_gmt":"2025-11-10T02:34:37","guid":{"rendered":"https:\/\/www.seatouintl.com\/?post_type=product&#038;p=3703"},"modified":"2025-11-10T10:35:30","modified_gmt":"2025-11-10T02:35:30","slug":"tipi-zelt-bett-fur-hund-katze","status":"publish","type":"product","link":"https:\/\/www.seatouintl.com\/de\/produkt\/tipi-zelt-bett-fur-hund-katze\/","title":{"rendered":"Tipi-Zelt-Bett f\u00fcr Hund &amp; Katze"},"content":{"rendered":"","protected":false},"excerpt":{"rendered":"<div class=\"pdp_desc_toph tabactive\">\n<h2><img decoding=\"async\" class=\"alignnone wp-image-2254\" src=\"https:\/\/www.seatouintl.com\/wp-content\/uploads\/2025\/10\/LOGO3-1-300x103.png\" alt=\"\" width=\"151\" height=\"52\" srcset=\"https:\/\/www.seatouintl.com\/wp-content\/uploads\/2025\/10\/LOGO3-1-300x103.png 300w, https:\/\/www.seatouintl.com\/wp-content\/uploads\/2025\/10\/LOGO3-1-600x207.png 600w, https:\/\/www.seatouintl.com\/wp-content\/uploads\/2025\/10\/LOGO3-1-400x138.png 400w, https:\/\/www.seatouintl.com\/wp-content\/uploads\/2025\/10\/LOGO3-1-768x265.png 768w, https:\/\/www.seatouintl.com\/wp-content\/uploads\/2025\/10\/LOGO3-1.png 850w\" sizes=\"(max-width: 151px) 100vw, 151px\" \/><\/h2>\n<h2>Beschreibung des Produkts<\/h2>\n<\/div>\n<div class=\"pdp_desc_deatil pdp_desc_txt\">\n<p><i><span style=\"font-weight: 400;\">Ihr Zuhause in Ihrem Zuhause<\/span><\/i><span style=\"font-weight: 400;\">.<\/span><\/p>\n<p><span style=\"font-weight: 400;\">Das aus strapazierf\u00e4higem Twill-Stoff gefertigte Seatou Personalized Teepee Tent bietet Ihrem Haustier einen eigenen Raum. Die einfache Montage sorgt f\u00fcr einen schnellen Aufbau des Zeltes, w\u00e4hrend die herausnehmbare, gepolsterte Matte auch separat verwendet werden kann und einen weichen R\u00fcckzugsort f\u00fcr Ihren pelzigen Liebling bietet. Das Zelt verf\u00fcgt \u00fcber Mesh-Fenster an den Seiten, die f\u00fcr eine optimale Bel\u00fcftung sorgen, und die verstellbaren Vorh\u00e4nge k\u00f6nnen zum Schutz der Privatsph\u00e4re zugezogen oder zur\u00fcckgebunden werden, um ein Freiluftgef\u00fchl zu erzeugen.<\/span><\/p>\n<p><span style=\"font-weight: 400;\">Denn wer liebt nicht ein wenig Zeit f\u00fcr sich selbst in einer gem\u00fctlichen Ecke?<\/span><\/p>\n<p><b>Merkmale:<\/b><\/p>\n<ul>\n<li style=\"font-weight: 400;\" aria-level=\"1\"><span style=\"font-weight: 400;\">Material: Twill<\/span><\/li>\n<li style=\"font-weight: 400;\" aria-level=\"1\"><span style=\"font-weight: 400;\">Wird mit einer gepolsterten Haustiermatte geliefert, die separat verwendet werden kann<\/span><\/li>\n<li style=\"font-weight: 400;\" aria-level=\"1\"><span style=\"font-weight: 400;\">Netzfenster an der Seite und Vorh\u00e4nge an der Vorderseite<\/span><\/li>\n<li style=\"font-weight: 400;\" aria-level=\"1\"><span style=\"font-weight: 400;\">Kann mit dem Namen Ihres Haustiers personalisiert werden (bis zu 8 Buchstaben)<\/span><\/li>\n<li style=\"font-weight: 400;\" aria-level=\"1\"><span style=\"font-weight: 400;\">Leicht auf- und abbaubar<\/span><\/li>\n<li style=\"font-weight: 400;\" aria-level=\"1\"><span style=\"font-weight: 400;\">Leicht zu pflegen<\/span><\/li>\n<li style=\"font-weight: 400;\" aria-level=\"1\"><span style=\"font-weight: 400;\">Erh\u00e4ltlich in einer Gr\u00f6\u00dfe<\/span><\/li>\n<\/ul>\n<\/div>","protected":false},"featured_media":3712,"template":"","meta":[],"product_brand":[],"product_cat":[55,63],"product_tag":[],"class_list":{"0":"post-3703","1":"product","2":"type-product","3":"status-publish","4":"has-post-thumbnail","6":"product_cat-pet-beds-warm-breathable-dog-cat-anti-odor-mildew-resistant","7":"product_cat-other-products","9":"first","10":"instock","11":"shipping-taxable","12":"product-type-simple"},"yoast_head":"<!-- This site is optimized with the Yoast SEO plugin v26.5 - https:\/\/yoast.com\/wordpress\/plugins\/seo\/ -->\n<title>Teepee Tent Bed For Dog &amp; Cat - SeaToU-Pet bed Dog bed Cat bed Orthopedic pet bed Heated pet bed Self-warming pet bed Cave pet bed Donut pet bed Bolster pet bed Outdoor pet house Pet blanket Pet mat Pet pad Cooling pet mat Waterproof pet pad Faux fur pet blanket Washable pet blanket Pet throw Pet bed liner \u3001Pet clothing Dog sweater Cat hoodie Pet raincoat Pet Halloween costume Pet booties Pet T-shirt Pet pajamas Pet life jacket Pet bandana\u3001Pet toys Chew toys Interactive dog toys Cat teaser wand Squeaky toys Rope toys Puzzle toys Tug toys Ball launcher Catnip toys\u3001Pet carrier Dog backpack Cat carrier Pet stroller Travel pet carrier Soft-sided pet carrier Hard-sided pet carrier Pet sling Pet car seat Airline-approved pet carrier\u3001Pet supplies Pet accessories Pet essentials Pet care products Pet grooming supplies Pet safety gear<\/title>\n<meta name=\"description\" content=\"Product DescriptionTheir home within your home.Made of durable twill fabric, Seatou Personalised Teepee Tent gives your pet a space of their own. Easy assembly ensures quick setup of the tent, while the removable cushioned mat can also be used separately, providing a soft retreat for your furry one. The tent features mesh windows on the sides that offer optimal ventilation, and adjustable curtains can be drawn for privacy or tied back for an open-air feel.Because who doesn&#039;t love a little me-time in a cosy corner?Features:Material: TwillComes with a cushioned pet mat that can be used separatelyMesh windows on the side and curtains at the frontCan be personalised to your pet&#039;s name (up to 8 letters)Easy to set up and dismantleEasy to maintainAvailable in one size\" \/>\n<meta name=\"robots\" content=\"index, follow, max-snippet:-1, max-image-preview:large, max-video-preview:-1\" \/>\n<link rel=\"canonical\" href=\"https:\/\/www.seatouintl.com\/de\/produkt\/tipi-zelt-bett-fur-hund-katze\/\" \/>\n<meta property=\"og:locale\" content=\"de_DE\" \/>\n<meta property=\"og:type\" content=\"article\" \/>\n<meta property=\"og:title\" content=\"Teepee Tent Bed For Dog &amp; Cat - SeaToU-Pet bed Dog bed Cat bed Orthopedic pet bed Heated pet bed Self-warming pet bed Cave pet bed Donut pet bed Bolster pet bed Outdoor pet house Pet blanket Pet mat Pet pad Cooling pet mat Waterproof pet pad Faux fur pet blanket Washable pet blanket Pet throw Pet bed liner \u3001Pet clothing Dog sweater Cat hoodie Pet raincoat Pet Halloween costume Pet booties Pet T-shirt Pet pajamas Pet life jacket Pet bandana\u3001Pet toys Chew toys Interactive dog toys Cat teaser wand Squeaky toys Rope toys Puzzle toys Tug toys Ball launcher Catnip toys\u3001Pet carrier Dog backpack Cat carrier Pet stroller Travel pet carrier Soft-sided pet carrier Hard-sided pet carrier Pet sling Pet car seat Airline-approved pet carrier\u3001Pet supplies Pet accessories Pet essentials Pet care products Pet grooming supplies Pet safety gear\" \/>\n<meta property=\"og:description\" content=\"Product DescriptionTheir home within your home.Made of durable twill fabric, Seatou Personalised Teepee Tent gives your pet a space of their own. Easy assembly ensures quick setup of the tent, while the removable cushioned mat can also be used separately, providing a soft retreat for your furry one. The tent features mesh windows on the sides that offer optimal ventilation, and adjustable curtains can be drawn for privacy or tied back for an open-air feel.Because who doesn&#039;t love a little me-time in a cosy corner?Features:Material: TwillComes with a cushioned pet mat that can be used separatelyMesh windows on the side and curtains at the frontCan be personalised to your pet&#039;s name (up to 8 letters)Easy to set up and dismantleEasy to maintainAvailable in one size\" \/>\n<meta property=\"og:url\" content=\"https:\/\/www.seatouintl.com\/de\/produkt\/tipi-zelt-bett-fur-hund-katze\/\" \/>\n<meta property=\"og:site_name\" content=\"SeaToU-Pet bed Dog bed Cat bed Orthopedic pet bed Heated pet bed Self-warming pet bed Cave pet bed Donut pet bed Bolster pet bed Outdoor pet house Pet blanket Pet mat Pet pad Cooling pet mat Waterproof pet pad Faux fur pet blanket Washable pet blanket Pet throw Pet bed liner \u3001Pet clothing Dog sweater Cat hoodie Pet raincoat Pet Halloween costume Pet booties Pet T-shirt Pet pajamas Pet life jacket Pet bandana\u3001Pet toys Chew toys Interactive dog toys Cat teaser wand Squeaky toys Rope toys Puzzle toys Tug toys Ball launcher Catnip toys\u3001Pet carrier Dog backpack Cat carrier Pet stroller Travel pet carrier Soft-sided pet carrier Hard-sided pet carrier Pet sling Pet car seat Airline-approved pet carrier\u3001Pet supplies Pet accessories Pet essentials Pet care products Pet grooming supplies Pet safety gear\" \/>\n<meta property=\"article:publisher\" content=\"https:\/\/facebook.com\/seatouintl\" \/>\n<meta property=\"article:modified_time\" content=\"2025-11-10T02:35:30+00:00\" \/>\n<meta property=\"og:image\" content=\"https:\/\/www.seatouintl.com\/wp-content\/uploads\/2025\/11\/Teepee-Tent-For-Dogs-and-Cats-1.jpg\" \/>\n\t<meta property=\"og:image:width\" content=\"800\" \/>\n\t<meta property=\"og:image:height\" content=\"680\" \/>\n\t<meta property=\"og:image:type\" content=\"image\/jpeg\" \/>\n<meta name=\"twitter:card\" content=\"summary_large_image\" \/>\n<meta name=\"twitter:label1\" content=\"Gesch\u00e4tzte Lesezeit\" \/>\n\t<meta name=\"twitter:data1\" content=\"1\u00a0Minute\" \/>\n<script type=\"application\/ld+json\" class=\"yoast-schema-graph\">{\"@context\":\"https:\/\/schema.org\",\"@graph\":[{\"@type\":\"WebPage\",\"@id\":\"https:\/\/www.seatouintl.com\/product\/teepee-tent-bed-for-dog-cat\/\",\"url\":\"https:\/\/www.seatouintl.com\/product\/teepee-tent-bed-for-dog-cat\/\",\"name\":\"Teepee Tent Bed For Dog & Cat - SeaToU-Pet bed Dog bed Cat bed Orthopedic pet bed Heated pet bed Self-warming pet bed Cave pet bed Donut pet bed Bolster pet bed Outdoor pet house Pet blanket Pet mat Pet pad Cooling pet mat Waterproof pet pad Faux fur pet blanket Washable pet blanket Pet throw Pet bed liner \u3001Pet clothing Dog sweater Cat hoodie Pet raincoat Pet Halloween costume Pet booties Pet T-shirt Pet pajamas Pet life jacket Pet bandana\u3001Pet toys Chew toys Interactive dog toys Cat teaser wand Squeaky toys Rope toys Puzzle toys Tug toys Ball launcher Catnip toys\u3001Pet carrier Dog backpack Cat carrier Pet stroller Travel pet carrier Soft-sided pet carrier Hard-sided pet carrier Pet sling Pet car seat Airline-approved pet carrier\u3001Pet supplies Pet accessories Pet essentials Pet care products Pet grooming supplies Pet safety gear\",\"isPartOf\":{\"@id\":\"https:\/\/www.seatouintl.com\/#website\"},\"primaryImageOfPage\":{\"@id\":\"https:\/\/www.seatouintl.com\/product\/teepee-tent-bed-for-dog-cat\/#primaryimage\"},\"image\":{\"@id\":\"https:\/\/www.seatouintl.com\/product\/teepee-tent-bed-for-dog-cat\/#primaryimage\"},\"thumbnailUrl\":\"https:\/\/www.seatouintl.com\/wp-content\/uploads\/2025\/11\/Teepee-Tent-For-Dogs-and-Cats-1.jpg\",\"datePublished\":\"2025-11-10T02:34:37+00:00\",\"dateModified\":\"2025-11-10T02:35:30+00:00\",\"description\":\"Product DescriptionTheir home within your home.Made of durable twill fabric, Seatou Personalised Teepee Tent gives your pet a space of their own. Easy assembly ensures quick setup of the tent, while the removable cushioned mat can also be used separately, providing a soft retreat for your furry one. The tent features mesh windows on the sides that offer optimal ventilation, and adjustable curtains can be drawn for privacy or tied back for an open-air feel.Because who doesn't love a little me-time in a cosy corner?Features:Material: TwillComes with a cushioned pet mat that can be used separatelyMesh windows on the side and curtains at the frontCan be personalised to your pet's name (up to 8 letters)Easy to set up and dismantleEasy to maintainAvailable in one size\",\"breadcrumb\":{\"@id\":\"https:\/\/www.seatouintl.com\/product\/teepee-tent-bed-for-dog-cat\/#breadcrumb\"},\"inLanguage\":\"de\",\"potentialAction\":[{\"@type\":\"ReadAction\",\"target\":[\"https:\/\/www.seatouintl.com\/product\/teepee-tent-bed-for-dog-cat\/\"]}]},{\"@type\":\"ImageObject\",\"inLanguage\":\"de\",\"@id\":\"https:\/\/www.seatouintl.com\/product\/teepee-tent-bed-for-dog-cat\/#primaryimage\",\"url\":\"https:\/\/www.seatouintl.com\/wp-content\/uploads\/2025\/11\/Teepee-Tent-For-Dogs-and-Cats-1.jpg\",\"contentUrl\":\"https:\/\/www.seatouintl.com\/wp-content\/uploads\/2025\/11\/Teepee-Tent-For-Dogs-and-Cats-1.jpg\",\"width\":800,\"height\":680},{\"@type\":\"BreadcrumbList\",\"@id\":\"https:\/\/www.seatouintl.com\/product\/teepee-tent-bed-for-dog-cat\/#breadcrumb\",\"itemListElement\":[{\"@type\":\"ListItem\",\"position\":1,\"name\":\"\u9996\u9875\",\"item\":\"https:\/\/www.seatouintl.com\/\"},{\"@type\":\"ListItem\",\"position\":2,\"name\":\"Products\",\"item\":\"https:\/\/www.seatouintl.com\/products\/\"},{\"@type\":\"ListItem\",\"position\":3,\"name\":\"Teepee Tent Bed For Dog &#038; Cat\"}]},{\"@type\":\"WebSite\",\"@id\":\"https:\/\/www.seatouintl.com\/#website\",\"url\":\"https:\/\/www.seatouintl.com\/\",\"name\":\"seatou\",\"description\":\"Pet bed Dog bed Cat bed Orthopedic pet bed Heated pet bed Self-warming pet bed Cave pet bed Donut pet bed Bolster pet bed Outdoor pet house Pet blanket Pet mat Pet pad Cooling pet mat Waterproof pet pad Faux fur pet blanket Washable pet blanket Pet throw Pet bed liner \u3001Pet clothing Dog sweater Cat hoodie Pet raincoat Pet Halloween costume Pet booties Pet T-shirt Pet pajamas Pet life jacket Pet bandana\u3001Pet toys Chew toys Interactive dog toys Cat teaser wand Squeaky toys Rope toys Puzzle toys Tug toys Ball launcher Catnip toys\u3001Pet carrier Dog backpack Cat carrier Pet stroller Travel pet carrier Soft-sided pet carrier Hard-sided pet carrier Pet sling Pet car seat Airline-approved pet carrier\u3001Pet supplies Pet accessories Pet essentials Pet care products Pet grooming supplies Pet safety gear\",\"publisher\":{\"@id\":\"https:\/\/www.seatouintl.com\/#organization\"},\"potentialAction\":[{\"@type\":\"SearchAction\",\"target\":{\"@type\":\"EntryPoint\",\"urlTemplate\":\"https:\/\/www.seatouintl.com\/?s={search_term_string}\"},\"query-input\":{\"@type\":\"PropertyValueSpecification\",\"valueRequired\":true,\"valueName\":\"search_term_string\"}}],\"inLanguage\":\"de\"},{\"@type\":\"Organization\",\"@id\":\"https:\/\/www.seatouintl.com\/#organization\",\"name\":\"seatou\",\"url\":\"https:\/\/www.seatouintl.com\/\",\"logo\":{\"@type\":\"ImageObject\",\"inLanguage\":\"de\",\"@id\":\"https:\/\/www.seatouintl.com\/#\/schema\/logo\/image\/\",\"url\":\"https:\/\/www.seatouintl.com\/wp-content\/uploads\/2025\/10\/LOGO1.png\",\"contentUrl\":\"https:\/\/www.seatouintl.com\/wp-content\/uploads\/2025\/10\/LOGO1.png\",\"width\":1043,\"height\":454,\"caption\":\"seatou\"},\"image\":{\"@id\":\"https:\/\/www.seatouintl.com\/#\/schema\/logo\/image\/\"},\"sameAs\":[\"https:\/\/facebook.com\/seatouintl\"]}]}<\/script>\n<!-- \/ Yoast SEO plugin. -->","yoast_head_json":{"title":"Tipi Zeltbett f\u00fcr Hund &amp; Katze - SeaToU-Haustierbett Hundebett Katzenbett Orthop\u00e4disches Haustierbett Beheiztes Haustierbett Selbstw\u00e4rmendes Haustierbett H\u00f6hlen-Haustierbett Donut-Haustierbett Nackenrolle Haustierbett Haustierhaus Haustierdecke Haustiermatte K\u00fchlende Haustiermatte Wasserdichte Haustiermatte Kunstfell-Haustierdecke Waschbare Haustierdecke Haustier\u00fcberwurf Haustierbetteinlage \u3001Haustierbekleidung Hundepullover Katzenkapuzenpulli Haustierregenmantel Haustier-Halloweenkost\u00fcm Haustiersch\u00fchchen Haustier-T-Haustier-Pyjama Haustier-Schlafanzug Haustier-Schwimmweste Haustier-Halstuch\u3001Tierspielzeug Kauspielzeug Interaktives Hundespielzeug Katzenspielzeug Quietschspielzeug Seilspielzeug Puzzle-Spielzeug Zerrspielzeug Ballwerfer Katzenminze-Spielzeug\u3001Tiertransporter Hunderucksack Katzentransporter Haustier-Kinderwagen Reise-Tiertransporter Soft-Side-Tiertransporter Hard-Side-Tiertransporter Haustier-Tragetuch Haustier-Autositz Airline-zugelassener Tiertransporter\u3001Tierbedarf Haustier-Zubeh\u00f6r Haustierbedarf Haustier-Pflegeprodukte Haustier-Pflegemittel Haustier-Sicherheitsausr\u00fcstung","description":"ProduktbeschreibungDas Seatou Teepee-Zelt ist aus strapazierf\u00e4higem Twill-Stoff gefertigt und bietet Ihrem Haustier einen eigenen Raum. Die einfache Montage sorgt f\u00fcr einen schnellen Aufbau des Zeltes, w\u00e4hrend die herausnehmbare, gepolsterte Matte auch separat verwendet werden kann und einen weichen R\u00fcckzugsort f\u00fcr Ihren pelzigen Liebling bietet. Das Zelt verf\u00fcgt \u00fcber Mesh-Fenster an den Seiten, die f\u00fcr eine optimale Bel\u00fcftung sorgen, und die verstellbaren Vorh\u00e4nge k\u00f6nnen zur Wahrung der Privatsph\u00e4re zugezogen oder zur\u00fcckgebunden werden, um ein Freiluftgef\u00fchl zu erzeugen, denn wer liebt es nicht, sich in einer gem\u00fctlichen Ecke zur\u00fcckzuziehen? TwillKommt mit einer gepolsterten Haustiermatte, die separat verwendet werden kannNetzfenster an den Seiten und Vorh\u00e4nge an der VorderseiteKann mit dem Namen Ihres Haustiers personalisiert werden (bis zu 8 Buchstaben)Einfacher Auf- und AbbauLeicht zu pflegenErh\u00e4ltlich in einer Gr\u00f6\u00dfe","robots":{"index":"index","follow":"follow","max-snippet":"max-snippet:-1","max-image-preview":"max-image-preview:large","max-video-preview":"max-video-preview:-1"},"canonical":"https:\/\/www.seatouintl.com\/de\/produkt\/tipi-zelt-bett-fur-hund-katze\/","og_locale":"de_DE","og_type":"article","og_title":"Teepee Tent Bed For Dog & Cat - SeaToU-Pet bed Dog bed Cat bed Orthopedic pet bed Heated pet bed Self-warming pet bed Cave pet bed Donut pet bed Bolster pet bed Outdoor pet house Pet blanket Pet mat Pet pad Cooling pet mat Waterproof pet pad Faux fur pet blanket Washable pet blanket Pet throw Pet bed liner \u3001Pet clothing Dog sweater Cat hoodie Pet raincoat Pet Halloween costume Pet booties Pet T-shirt Pet pajamas Pet life jacket Pet bandana\u3001Pet toys Chew toys Interactive dog toys Cat teaser wand Squeaky toys Rope toys Puzzle toys Tug toys Ball launcher Catnip toys\u3001Pet carrier Dog backpack Cat carrier Pet stroller Travel pet carrier Soft-sided pet carrier Hard-sided pet carrier Pet sling Pet car seat Airline-approved pet carrier\u3001Pet supplies Pet accessories Pet essentials Pet care products Pet grooming supplies Pet safety gear","og_description":"Product DescriptionTheir home within your home.Made of durable twill fabric, Seatou Personalised Teepee Tent gives your pet a space of their own. Easy assembly ensures quick setup of the tent, while the removable cushioned mat can also be used separately, providing a soft retreat for your furry one. The tent features mesh windows on the sides that offer optimal ventilation, and adjustable curtains can be drawn for privacy or tied back for an open-air feel.Because who doesn't love a little me-time in a cosy corner?Features:Material: TwillComes with a cushioned pet mat that can be used separatelyMesh windows on the side and curtains at the frontCan be personalised to your pet's name (up to 8 letters)Easy to set up and dismantleEasy to maintainAvailable in one size","og_url":"https:\/\/www.seatouintl.com\/de\/produkt\/tipi-zelt-bett-fur-hund-katze\/","og_site_name":"SeaToU-Pet bed Dog bed Cat bed Orthopedic pet bed Heated pet bed Self-warming pet bed Cave pet bed Donut pet bed Bolster pet bed Outdoor pet house Pet blanket Pet mat Pet pad Cooling pet mat Waterproof pet pad Faux fur pet blanket Washable pet blanket Pet throw Pet bed liner \u3001Pet clothing Dog sweater Cat hoodie Pet raincoat Pet Halloween costume Pet booties Pet T-shirt Pet pajamas Pet life jacket Pet bandana\u3001Pet toys Chew toys Interactive dog toys Cat teaser wand Squeaky toys Rope toys Puzzle toys Tug toys Ball launcher Catnip toys\u3001Pet carrier Dog backpack Cat carrier Pet stroller Travel pet carrier Soft-sided pet carrier Hard-sided pet carrier Pet sling Pet car seat Airline-approved pet carrier\u3001Pet supplies Pet accessories Pet essentials Pet care products Pet grooming supplies Pet safety gear","article_publisher":"https:\/\/facebook.com\/seatouintl","article_modified_time":"2025-11-10T02:35:30+00:00","og_image":[{"width":800,"height":680,"url":"https:\/\/www.seatouintl.com\/wp-content\/uploads\/2025\/11\/Teepee-Tent-For-Dogs-and-Cats-1.jpg","type":"image\/jpeg"}],"twitter_card":"summary_large_image","twitter_misc":{"Gesch\u00e4tzte Lesezeit":"1\u00a0Minute"},"schema":{"@context":"https:\/\/schema.org","@graph":[{"@type":"WebPage","@id":"https:\/\/www.seatouintl.com\/product\/teepee-tent-bed-for-dog-cat\/","url":"https:\/\/www.seatouintl.com\/product\/teepee-tent-bed-for-dog-cat\/","name":"Tipi Zeltbett f\u00fcr Hund &amp; Katze - SeaToU-Haustierbett Hundebett Katzenbett Orthop\u00e4disches Haustierbett Beheiztes Haustierbett Selbstw\u00e4rmendes Haustierbett H\u00f6hlen-Haustierbett Donut-Haustierbett Nackenrolle Haustierbett Haustierhaus Haustierdecke Haustiermatte K\u00fchlende Haustiermatte Wasserdichte Haustiermatte Kunstfell-Haustierdecke Waschbare Haustierdecke Haustier\u00fcberwurf Haustierbetteinlage \u3001Haustierbekleidung Hundepullover Katzenkapuzenpulli Haustierregenmantel Haustier-Halloweenkost\u00fcm Haustiersch\u00fchchen Haustier-T-Haustier-Pyjama Haustier-Schlafanzug Haustier-Schwimmweste Haustier-Halstuch\u3001Tierspielzeug Kauspielzeug Interaktives Hundespielzeug Katzenspielzeug Quietschspielzeug Seilspielzeug Puzzle-Spielzeug Zerrspielzeug Ballwerfer Katzenminze-Spielzeug\u3001Tiertransporter Hunderucksack Katzentransporter Haustier-Kinderwagen Reise-Tiertransporter Soft-Side-Tiertransporter Hard-Side-Tiertransporter Haustier-Tragetuch Haustier-Autositz Airline-zugelassener Tiertransporter\u3001Tierbedarf Haustier-Zubeh\u00f6r Haustierbedarf Haustier-Pflegeprodukte Haustier-Pflegemittel Haustier-Sicherheitsausr\u00fcstung","isPartOf":{"@id":"https:\/\/www.seatouintl.com\/#website"},"primaryImageOfPage":{"@id":"https:\/\/www.seatouintl.com\/product\/teepee-tent-bed-for-dog-cat\/#primaryimage"},"image":{"@id":"https:\/\/www.seatouintl.com\/product\/teepee-tent-bed-for-dog-cat\/#primaryimage"},"thumbnailUrl":"https:\/\/www.seatouintl.com\/wp-content\/uploads\/2025\/11\/Teepee-Tent-For-Dogs-and-Cats-1.jpg","datePublished":"2025-11-10T02:34:37+00:00","dateModified":"2025-11-10T02:35:30+00:00","description":"ProduktbeschreibungDas Seatou Teepee-Zelt ist aus strapazierf\u00e4higem Twill-Stoff gefertigt und bietet Ihrem Haustier einen eigenen Raum. Die einfache Montage sorgt f\u00fcr einen schnellen Aufbau des Zeltes, w\u00e4hrend die herausnehmbare, gepolsterte Matte auch separat verwendet werden kann und einen weichen R\u00fcckzugsort f\u00fcr Ihren pelzigen Liebling bietet. Das Zelt verf\u00fcgt \u00fcber Mesh-Fenster an den Seiten, die f\u00fcr eine optimale Bel\u00fcftung sorgen, und die verstellbaren Vorh\u00e4nge k\u00f6nnen zur Wahrung der Privatsph\u00e4re zugezogen oder zur\u00fcckgebunden werden, um ein Freiluftgef\u00fchl zu erzeugen, denn wer liebt es nicht, sich in einer gem\u00fctlichen Ecke zur\u00fcckzuziehen? TwillKommt mit einer gepolsterten Haustiermatte, die separat verwendet werden kannNetzfenster an den Seiten und Vorh\u00e4nge an der VorderseiteKann mit dem Namen Ihres Haustiers personalisiert werden (bis zu 8 Buchstaben)Einfacher Auf- und AbbauLeicht zu pflegenErh\u00e4ltlich in einer Gr\u00f6\u00dfe","breadcrumb":{"@id":"https:\/\/www.seatouintl.com\/product\/teepee-tent-bed-for-dog-cat\/#breadcrumb"},"inLanguage":"de","potentialAction":[{"@type":"ReadAction","target":["https:\/\/www.seatouintl.com\/product\/teepee-tent-bed-for-dog-cat\/"]}]},{"@type":"ImageObject","inLanguage":"de","@id":"https:\/\/www.seatouintl.com\/product\/teepee-tent-bed-for-dog-cat\/#primaryimage","url":"https:\/\/www.seatouintl.com\/wp-content\/uploads\/2025\/11\/Teepee-Tent-For-Dogs-and-Cats-1.jpg","contentUrl":"https:\/\/www.seatouintl.com\/wp-content\/uploads\/2025\/11\/Teepee-Tent-For-Dogs-and-Cats-1.jpg","width":800,"height":680},{"@type":"BreadcrumbList","@id":"https:\/\/www.seatouintl.com\/product\/teepee-tent-bed-for-dog-cat\/#breadcrumb","itemListElement":[{"@type":"ListItem","position":1,"name":"\u9996\u9875","item":"https:\/\/www.seatouintl.com\/"},{"@type":"ListItem","position":2,"name":"Products","item":"https:\/\/www.seatouintl.com\/products\/"},{"@type":"ListItem","position":3,"name":"Teepee Tent Bed For Dog &#038; Cat"}]},{"@type":"WebSite","@id":"https:\/\/www.seatouintl.com\/#website","url":"https:\/\/www.seatouintl.com\/","name":"seatou","description":"Haustierbett Hundebett Katzenbett Orthop\u00e4disches Haustierbett Beheiztes Haustierbett Selbstw\u00e4rmendes Haustierbett H\u00f6hlen-Haustierbett Nackenrolle Haustierbett Haustierhaus Haustierdecke Haustiermatte Haustiermatte K\u00fchlende Haustiermatte Wasserdichte Haustiermatte Kunstfell-Tierdecke Waschbare Haustierdecke Haustier\u00fcberwurf Haustierbetteinlage \u3001Tierbekleidung Hundepullover Katzenkapuzenpulli Haustier-Regenmantel Haustier-Halloweenkost\u00fcm Haustier-Schuhe Haustier-T-Haustier-Pyjama Haustier-Schlafanzug Haustier-Schwimmweste Haustier-Halstuch\u3001Tierspielzeug Kauspielzeug Interaktives Hundespielzeug Katzenspielzeug Quietschspielzeug Seilspielzeug Puzzle-Spielzeug Zerrspielzeug Ballwerfer Katzenminze-Spielzeug\u3001Tiertransporter Hunderucksack Katzentransporter Haustier-Kinderwagen Reise-Tiertransporter Soft-Side-Tiertransporter Hard-Side-Tiertransporter Haustier-Tragetuch Haustier-Autositz Airline-zugelassener Tiertransporter\u3001Tierbedarf Haustier-Zubeh\u00f6r Haustierbedarf Haustier-Pflegeprodukte Haustier-Pflegemittel Haustier-Sicherheitsausr\u00fcstung","publisher":{"@id":"https:\/\/www.seatouintl.com\/#organization"},"potentialAction":[{"@type":"SearchAction","target":{"@type":"EntryPoint","urlTemplate":"https:\/\/www.seatouintl.com\/?s={search_term_string}"},"query-input":{"@type":"PropertyValueSpecification","valueRequired":true,"valueName":"search_term_string"}}],"inLanguage":"de"},{"@type":"Organization","@id":"https:\/\/www.seatouintl.com\/#organization","name":"seatou","url":"https:\/\/www.seatouintl.com\/","logo":{"@type":"ImageObject","inLanguage":"de","@id":"https:\/\/www.seatouintl.com\/#\/schema\/logo\/image\/","url":"https:\/\/www.seatouintl.com\/wp-content\/uploads\/2025\/10\/LOGO1.png","contentUrl":"https:\/\/www.seatouintl.com\/wp-content\/uploads\/2025\/10\/LOGO1.png","width":1043,"height":454,"caption":"seatou"},"image":{"@id":"https:\/\/www.seatouintl.com\/#\/schema\/logo\/image\/"},"sameAs":["https:\/\/facebook.com\/seatouintl"]}]}},"_links":{"self":[{"href":"https:\/\/www.seatouintl.com\/de\/wp-json\/wp\/v2\/product\/3703","targetHints":{"allow":["GET"]}}],"collection":[{"href":"https:\/\/www.seatouintl.com\/de\/wp-json\/wp\/v2\/product"}],"about":[{"href":"https:\/\/www.seatouintl.com\/de\/wp-json\/wp\/v2\/types\/product"}],"wp:featuredmedia":[{"embeddable":true,"href":"https:\/\/www.seatouintl.com\/de\/wp-json\/wp\/v2\/media\/3712"}],"wp:attachment":[{"href":"https:\/\/www.seatouintl.com\/de\/wp-json\/wp\/v2\/media?parent=3703"}],"wp:term":[{"taxonomy":"product_brand","embeddable":true,"href":"https:\/\/www.seatouintl.com\/de\/wp-json\/wp\/v2\/product_brand?post=3703"},{"taxonomy":"product_cat","embeddable":true,"href":"https:\/\/www.seatouintl.com\/de\/wp-json\/wp\/v2\/product_cat?post=3703"},{"taxonomy":"product_tag","embeddable":true,"href":"https:\/\/www.seatouintl.com\/de\/wp-json\/wp\/v2\/product_tag?post=3703"}],"curies":[{"name":"wp","href":"https:\/\/api.w.org\/{rel}","templated":true}]}}