{"id":4645,"date":"2025-12-05T08:09:55","date_gmt":"2025-12-05T00:09:55","guid":{"rendered":"https:\/\/www.seatouintl.com\/?post_type=product&#038;p=4645"},"modified":"2025-12-05T08:09:56","modified_gmt":"2025-12-05T00:09:56","slug":"hundeautositze-lose-beste-plusch-hundeautobett-fur-rucksitz","status":"publish","type":"product","link":"https:\/\/www.seatouintl.com\/de\/produkt\/hundeautositze-lose-beste-plusch-hundeautobett-fur-rucksitz\/","title":{"rendered":"Hundeautositze Bulk Bestes Pl\u00fcsch Hundeautobett f\u00fcr R\u00fccksitz"},"content":{"rendered":"","protected":false},"excerpt":{"rendered":"<p><img decoding=\"async\" class=\"alignnone  wp-image-2254\" src=\"https:\/\/www.seatouintl.com\/wp-content\/uploads\/2025\/10\/LOGO3-1-300x103.png\" alt=\"\" width=\"151\" height=\"52\" srcset=\"https:\/\/www.seatouintl.com\/wp-content\/uploads\/2025\/10\/LOGO3-1-300x103.png 300w, https:\/\/www.seatouintl.com\/wp-content\/uploads\/2025\/10\/LOGO3-1-600x207.png 600w, https:\/\/www.seatouintl.com\/wp-content\/uploads\/2025\/10\/LOGO3-1-400x138.png 400w, https:\/\/www.seatouintl.com\/wp-content\/uploads\/2025\/10\/LOGO3-1-768x265.png 768w, https:\/\/www.seatouintl.com\/wp-content\/uploads\/2025\/10\/LOGO3-1.png 850w\" sizes=\"(max-width: 151px) 100vw, 151px\" \/><br \/>\nProduktspezifikation:<br \/>\nGr\u00f6\u00dfe:55X50XH34CM<br \/>\nArtikeltyp:Haustiertransporter<br \/>\nMaterial:Recyceltes Material<br \/>\nMOQ:300<\/p>\n<h2>Eigenschaften von Hundeautositzen<\/h2>\n<ol>\n<li><strong>Reichlich Platz f\u00fcr Komfort<\/strong>: Unsere Hundeautositze bieten ger\u00e4umige Abmessungen von 55x50xH34cm, damit sich Haustiere w\u00e4hrend der Autofahrt ausstrecken und entspannen k\u00f6nnen. Diese gro\u00dfz\u00fcgige Gr\u00f6\u00dfe bietet einen gem\u00fctlichen R\u00fcckzugsort auf dem R\u00fccksitz und f\u00f6rdert den Komfort und die Ruhe der pelzigen Passagiere.<\/li>\n<li><strong>Umweltvertr\u00e4gliche Materialien<\/strong>: Unsere Autositze f\u00fcr Hunde werden aus recycelten Materialien hergestellt und verk\u00f6rpern unser Engagement f\u00fcr Nachhaltigkeit. Durch die Verwendung von umweltfreundlichen Materialien legen wir Wert auf \u00f6kologische Verantwortung und bieten gleichzeitig ein langlebiges und zuverl\u00e4ssiges Produkt f\u00fcr den Transport von Haustieren.<\/li>\n<li><strong>Widerstandsf\u00e4higes, wasserdichtes Design<\/strong>: Das Bett ist wasserdicht und widersteht Versch\u00fcttungen und Unf\u00e4llen. Dadurch bleibt das Bett auch bei schwierigen Reisebedingungen trocken und hygienisch und sorgt f\u00fcr eine saubere und komfortable Umgebung f\u00fcr Haustiere.<\/li>\n<li><strong>Sichere Unterst\u00fctzung f\u00fcr Haustiere<\/strong>: Mit einer Gewichtsbeschr\u00e4nkung von 15 kg bietet unser Hunde-Autobett stabilen Halt f\u00fcr Haustiere unterschiedlicher Gr\u00f6\u00dfe. Dies gew\u00e4hrleistet Stabilit\u00e4t und Sicherheit w\u00e4hrend der Autofahrt und gibt Tierbesitzern die Gewissheit, dass ihre pelzigen Gef\u00e4hrten sicher und bequem liegen.<\/li>\n<li><strong>Ma\u00dfgeschneidert auf Ihre Pr\u00e4ferenzen<\/strong>: Unser bester Pl\u00fcsch-Autositz f\u00fcr Hunde f\u00fcr den R\u00fccksitz ist individuell anpassbar, um individuellen Vorlieben und Stilen zu entsprechen. Von der Auswahl der Farben und Muster bis hin zum Hinzuf\u00fcgen pers\u00f6nlicher Details haben Kunden die Freiheit, ein Bett zu kreieren, das ihren einzigartigen Geschmack widerspiegelt und gleichzeitig optimalen Komfort und Freude f\u00fcr ihre Haustiere gew\u00e4hrleistet.<\/li>\n<\/ol>","protected":false},"featured_media":4646,"template":"","meta":[],"product_brand":[],"product_cat":[56],"product_tag":[],"class_list":{"0":"post-4645","1":"product","2":"type-product","3":"status-publish","4":"has-post-thumbnail","6":"product_cat-pet-carriers-fashionable-convenient-safe-easy","8":"first","9":"instock","10":"shipping-taxable","11":"product-type-simple"},"yoast_head":"<!-- This site is optimized with the Yoast SEO plugin v26.5 - https:\/\/yoast.com\/wordpress\/plugins\/seo\/ -->\n<title>Dog Car Seats Bulk Best Plush Dog Car Bed For Backseat - SeaToU-Pet bed Dog bed Cat bed Orthopedic pet bed Heated pet bed Self-warming pet bed Cave pet bed Donut pet bed Bolster pet bed Outdoor pet house Pet blanket Pet mat Pet pad Cooling pet mat Waterproof pet pad Faux fur pet blanket Washable pet blanket Pet throw Pet bed liner \u3001Pet clothing Dog sweater Cat hoodie Pet raincoat Pet Halloween costume Pet booties Pet T-shirt Pet pajamas Pet life jacket Pet bandana\u3001Pet toys Chew toys Interactive dog toys Cat teaser wand Squeaky toys Rope toys Puzzle toys Tug toys Ball launcher Catnip toys\u3001Pet carrier Dog backpack Cat carrier Pet stroller Travel pet carrier Soft-sided pet carrier Hard-sided pet carrier Pet sling Pet car seat Airline-approved pet carrier\u3001Pet supplies Pet accessories Pet essentials Pet care products Pet grooming supplies Pet safety gear<\/title>\n<meta name=\"robots\" content=\"index, follow, max-snippet:-1, max-image-preview:large, max-video-preview:-1\" \/>\n<link rel=\"canonical\" href=\"https:\/\/www.seatouintl.com\/de\/produkt\/hundeautositze-lose-beste-plusch-hundeautobett-fur-rucksitz\/\" \/>\n<meta property=\"og:locale\" content=\"de_DE\" \/>\n<meta property=\"og:type\" content=\"article\" \/>\n<meta property=\"og:title\" content=\"Dog Car Seats Bulk Best Plush Dog Car Bed For Backseat - SeaToU-Pet bed Dog bed Cat bed Orthopedic pet bed Heated pet bed Self-warming pet bed Cave pet bed Donut pet bed Bolster pet bed Outdoor pet house Pet blanket Pet mat Pet pad Cooling pet mat Waterproof pet pad Faux fur pet blanket Washable pet blanket Pet throw Pet bed liner \u3001Pet clothing Dog sweater Cat hoodie Pet raincoat Pet Halloween costume Pet booties Pet T-shirt Pet pajamas Pet life jacket Pet bandana\u3001Pet toys Chew toys Interactive dog toys Cat teaser wand Squeaky toys Rope toys Puzzle toys Tug toys Ball launcher Catnip toys\u3001Pet carrier Dog backpack Cat carrier Pet stroller Travel pet carrier Soft-sided pet carrier Hard-sided pet carrier Pet sling Pet car seat Airline-approved pet carrier\u3001Pet supplies Pet accessories Pet essentials Pet care products Pet grooming supplies Pet safety gear\" \/>\n<meta property=\"og:description\" content=\"Product Specification: Size:55X50XH34CM Item Type:Pet Carrier Material:Recycled material MOQ:300 Features Of Dog Car Seats   Ample Space for Comfort: Our Dog Car Seats provides spacious dimensions of 55x50xH34cm, ensuring pets can stretch out and relax during car rides. This generous size offers a cozy retreat in the backseat, promoting comfort and tranquility for furry passengers.  Environmentally Conscious Materials: Crafted from recycled materials, our dog car seats embodies our commitment to sustainability. By utilizing eco-friendly materials, we prioritize environmental responsibility while providing a durable and reliable product for pet transportation.  Resilient Waterproof Design: Engineered to withstand spills and accidents, it features a waterproof construction. This ensures that the bed remains dry and hygienic, even in challenging travel conditions, maintaining a clean and comfortable environment for pets.  Secure Support for Pets: With a weight limit of 15kg, our Dog Car Bed offers sturdy support for pets of various sizes. This ensures stability and safety during car journeys, providing pet owners with peace of mind knowing their furry companions are secure and comfortable.  Tailored to Your Preferences: Our best plush dog car seat for backseat is customizable to suit individual preferences and styles. From choosing colors and patterns to adding personalized details, customers have the freedom to create a bed that reflects their unique taste while ensuring optimal comfort and enjoyment for their pets.\" \/>\n<meta property=\"og:url\" content=\"https:\/\/www.seatouintl.com\/de\/produkt\/hundeautositze-lose-beste-plusch-hundeautobett-fur-rucksitz\/\" \/>\n<meta property=\"og:site_name\" content=\"SeaToU-Pet bed Dog bed Cat bed Orthopedic pet bed Heated pet bed Self-warming pet bed Cave pet bed Donut pet bed Bolster pet bed Outdoor pet house Pet blanket Pet mat Pet pad Cooling pet mat Waterproof pet pad Faux fur pet blanket Washable pet blanket Pet throw Pet bed liner \u3001Pet clothing Dog sweater Cat hoodie Pet raincoat Pet Halloween costume Pet booties Pet T-shirt Pet pajamas Pet life jacket Pet bandana\u3001Pet toys Chew toys Interactive dog toys Cat teaser wand Squeaky toys Rope toys Puzzle toys Tug toys Ball launcher Catnip toys\u3001Pet carrier Dog backpack Cat carrier Pet stroller Travel pet carrier Soft-sided pet carrier Hard-sided pet carrier Pet sling Pet car seat Airline-approved pet carrier\u3001Pet supplies Pet accessories Pet essentials Pet care products Pet grooming supplies Pet safety gear\" \/>\n<meta property=\"article:publisher\" content=\"https:\/\/facebook.com\/seatouintl\" \/>\n<meta property=\"article:modified_time\" content=\"2025-12-05T00:09:56+00:00\" \/>\n<meta property=\"og:image\" content=\"https:\/\/www.seatouintl.com\/wp-content\/uploads\/2025\/12\/dog-car-seats.jpg\" \/>\n\t<meta property=\"og:image:width\" content=\"600\" \/>\n\t<meta property=\"og:image:height\" content=\"600\" \/>\n\t<meta property=\"og:image:type\" content=\"image\/jpeg\" \/>\n<meta name=\"twitter:card\" content=\"summary_large_image\" \/>\n<meta name=\"twitter:label1\" content=\"Gesch\u00e4tzte Lesezeit\" \/>\n\t<meta name=\"twitter:data1\" content=\"1\u00a0Minute\" \/>\n<script type=\"application\/ld+json\" class=\"yoast-schema-graph\">{\"@context\":\"https:\/\/schema.org\",\"@graph\":[{\"@type\":\"WebPage\",\"@id\":\"https:\/\/www.seatouintl.com\/product\/dog-car-seats-bulk-best-plush-dog-car-bed-for-backseat\/\",\"url\":\"https:\/\/www.seatouintl.com\/product\/dog-car-seats-bulk-best-plush-dog-car-bed-for-backseat\/\",\"name\":\"Dog Car Seats Bulk Best Plush Dog Car Bed For Backseat - SeaToU-Pet bed Dog bed Cat bed Orthopedic pet bed Heated pet bed Self-warming pet bed Cave pet bed Donut pet bed Bolster pet bed Outdoor pet house Pet blanket Pet mat Pet pad Cooling pet mat Waterproof pet pad Faux fur pet blanket Washable pet blanket Pet throw Pet bed liner \u3001Pet clothing Dog sweater Cat hoodie Pet raincoat Pet Halloween costume Pet booties Pet T-shirt Pet pajamas Pet life jacket Pet bandana\u3001Pet toys Chew toys Interactive dog toys Cat teaser wand Squeaky toys Rope toys Puzzle toys Tug toys Ball launcher Catnip toys\u3001Pet carrier Dog backpack Cat carrier Pet stroller Travel pet carrier Soft-sided pet carrier Hard-sided pet carrier Pet sling Pet car seat Airline-approved pet carrier\u3001Pet supplies Pet accessories Pet essentials Pet care products Pet grooming supplies Pet safety gear\",\"isPartOf\":{\"@id\":\"https:\/\/www.seatouintl.com\/#website\"},\"primaryImageOfPage\":{\"@id\":\"https:\/\/www.seatouintl.com\/product\/dog-car-seats-bulk-best-plush-dog-car-bed-for-backseat\/#primaryimage\"},\"image\":{\"@id\":\"https:\/\/www.seatouintl.com\/product\/dog-car-seats-bulk-best-plush-dog-car-bed-for-backseat\/#primaryimage\"},\"thumbnailUrl\":\"https:\/\/www.seatouintl.com\/wp-content\/uploads\/2025\/12\/dog-car-seats.jpg\",\"datePublished\":\"2025-12-05T00:09:55+00:00\",\"dateModified\":\"2025-12-05T00:09:56+00:00\",\"breadcrumb\":{\"@id\":\"https:\/\/www.seatouintl.com\/product\/dog-car-seats-bulk-best-plush-dog-car-bed-for-backseat\/#breadcrumb\"},\"inLanguage\":\"de\",\"potentialAction\":[{\"@type\":\"ReadAction\",\"target\":[\"https:\/\/www.seatouintl.com\/product\/dog-car-seats-bulk-best-plush-dog-car-bed-for-backseat\/\"]}]},{\"@type\":\"ImageObject\",\"inLanguage\":\"de\",\"@id\":\"https:\/\/www.seatouintl.com\/product\/dog-car-seats-bulk-best-plush-dog-car-bed-for-backseat\/#primaryimage\",\"url\":\"https:\/\/www.seatouintl.com\/wp-content\/uploads\/2025\/12\/dog-car-seats.jpg\",\"contentUrl\":\"https:\/\/www.seatouintl.com\/wp-content\/uploads\/2025\/12\/dog-car-seats.jpg\",\"width\":600,\"height\":600},{\"@type\":\"BreadcrumbList\",\"@id\":\"https:\/\/www.seatouintl.com\/product\/dog-car-seats-bulk-best-plush-dog-car-bed-for-backseat\/#breadcrumb\",\"itemListElement\":[{\"@type\":\"ListItem\",\"position\":1,\"name\":\"\u9996\u9875\",\"item\":\"https:\/\/www.seatouintl.com\/\"},{\"@type\":\"ListItem\",\"position\":2,\"name\":\"Products\",\"item\":\"https:\/\/www.seatouintl.com\/products\/\"},{\"@type\":\"ListItem\",\"position\":3,\"name\":\"Dog Car Seats Bulk Best Plush Dog Car Bed For Backseat\"}]},{\"@type\":\"WebSite\",\"@id\":\"https:\/\/www.seatouintl.com\/#website\",\"url\":\"https:\/\/www.seatouintl.com\/\",\"name\":\"seatou\",\"description\":\"Pet bed Dog bed Cat bed Orthopedic pet bed Heated pet bed Self-warming pet bed Cave pet bed Donut pet bed Bolster pet bed Outdoor pet house Pet blanket Pet mat Pet pad Cooling pet mat Waterproof pet pad Faux fur pet blanket Washable pet blanket Pet throw Pet bed liner \u3001Pet clothing Dog sweater Cat hoodie Pet raincoat Pet Halloween costume Pet booties Pet T-shirt Pet pajamas Pet life jacket Pet bandana\u3001Pet toys Chew toys Interactive dog toys Cat teaser wand Squeaky toys Rope toys Puzzle toys Tug toys Ball launcher Catnip toys\u3001Pet carrier Dog backpack Cat carrier Pet stroller Travel pet carrier Soft-sided pet carrier Hard-sided pet carrier Pet sling Pet car seat Airline-approved pet carrier\u3001Pet supplies Pet accessories Pet essentials Pet care products Pet grooming supplies Pet safety gear\",\"publisher\":{\"@id\":\"https:\/\/www.seatouintl.com\/#organization\"},\"potentialAction\":[{\"@type\":\"SearchAction\",\"target\":{\"@type\":\"EntryPoint\",\"urlTemplate\":\"https:\/\/www.seatouintl.com\/?s={search_term_string}\"},\"query-input\":{\"@type\":\"PropertyValueSpecification\",\"valueRequired\":true,\"valueName\":\"search_term_string\"}}],\"inLanguage\":\"de\"},{\"@type\":\"Organization\",\"@id\":\"https:\/\/www.seatouintl.com\/#organization\",\"name\":\"seatou\",\"url\":\"https:\/\/www.seatouintl.com\/\",\"logo\":{\"@type\":\"ImageObject\",\"inLanguage\":\"de\",\"@id\":\"https:\/\/www.seatouintl.com\/#\/schema\/logo\/image\/\",\"url\":\"https:\/\/www.seatouintl.com\/wp-content\/uploads\/2025\/10\/LOGO1.png\",\"contentUrl\":\"https:\/\/www.seatouintl.com\/wp-content\/uploads\/2025\/10\/LOGO1.png\",\"width\":1043,\"height\":454,\"caption\":\"seatou\"},\"image\":{\"@id\":\"https:\/\/www.seatouintl.com\/#\/schema\/logo\/image\/\"},\"sameAs\":[\"https:\/\/facebook.com\/seatouintl\"]}]}<\/script>\n<!-- \/ Yoast SEO plugin. -->","yoast_head_json":{"title":"Dog Car Seats Bulk Best Plush Dog Car Bed For Backseat - SeaToU-Haustierbett Hundebett Katzenbett Orthop\u00e4disches Haustierbett Beheiztes Haustierbett Selbstw\u00e4rmendes Haustierbett H\u00f6hlenhaustierbett Donut Haustierbett Nackenrolle Haustierbett Outdoor Haustierhaus Haustierdecke Haustiermatte K\u00fchlende Haustiermatte Wasserdichte Haustiermatte Kunstfell Haustierdecke Waschbare Haustierdecke Haustier\u00fcberwurf Haustierbetteinlage \u3001Haustierbekleidung Hundepullover Katzenkapuzenpulli Haustierregenmantel Haustier-Halloweenkost\u00fcm Haustiersch\u00fchchen Haustier-T-Haustier-Pyjama Haustier-Schlafanzug Haustier-Schwimmweste Haustier-Halstuch\u3001Tierspielzeug Kauspielzeug Interaktives Hundespielzeug Katzenspielzeug Quietschspielzeug Seilspielzeug Puzzle-Spielzeug Zerrspielzeug Ballwerfer Katzenminze-Spielzeug\u3001Tiertransporter Hunderucksack Katzentransporter Haustier-Kinderwagen Reise-Tiertransporter Soft-Side-Tiertransporter Hard-Side-Tiertransporter Haustier-Tragetuch Haustier-Autositz Airline-zugelassener Tiertransporter\u3001Tierbedarf Haustier-Zubeh\u00f6r Haustierbedarf Haustier-Pflegeprodukte Haustier-Pflegemittel Haustier-Sicherheitsausr\u00fcstung","robots":{"index":"index","follow":"follow","max-snippet":"max-snippet:-1","max-image-preview":"max-image-preview:large","max-video-preview":"max-video-preview:-1"},"canonical":"https:\/\/www.seatouintl.com\/de\/produkt\/hundeautositze-lose-beste-plusch-hundeautobett-fur-rucksitz\/","og_locale":"de_DE","og_type":"article","og_title":"Dog Car Seats Bulk Best Plush Dog Car Bed For Backseat - SeaToU-Pet bed Dog bed Cat bed Orthopedic pet bed Heated pet bed Self-warming pet bed Cave pet bed Donut pet bed Bolster pet bed Outdoor pet house Pet blanket Pet mat Pet pad Cooling pet mat Waterproof pet pad Faux fur pet blanket Washable pet blanket Pet throw Pet bed liner \u3001Pet clothing Dog sweater Cat hoodie Pet raincoat Pet Halloween costume Pet booties Pet T-shirt Pet pajamas Pet life jacket Pet bandana\u3001Pet toys Chew toys Interactive dog toys Cat teaser wand Squeaky toys Rope toys Puzzle toys Tug toys Ball launcher Catnip toys\u3001Pet carrier Dog backpack Cat carrier Pet stroller Travel pet carrier Soft-sided pet carrier Hard-sided pet carrier Pet sling Pet car seat Airline-approved pet carrier\u3001Pet supplies Pet accessories Pet essentials Pet care products Pet grooming supplies Pet safety gear","og_description":"Product Specification: Size:55X50XH34CM Item Type:Pet Carrier Material:Recycled material MOQ:300 Features Of Dog Car Seats   Ample Space for Comfort: Our Dog Car Seats provides spacious dimensions of 55x50xH34cm, ensuring pets can stretch out and relax during car rides. This generous size offers a cozy retreat in the backseat, promoting comfort and tranquility for furry passengers.  Environmentally Conscious Materials: Crafted from recycled materials, our dog car seats embodies our commitment to sustainability. By utilizing eco-friendly materials, we prioritize environmental responsibility while providing a durable and reliable product for pet transportation.  Resilient Waterproof Design: Engineered to withstand spills and accidents, it features a waterproof construction. This ensures that the bed remains dry and hygienic, even in challenging travel conditions, maintaining a clean and comfortable environment for pets.  Secure Support for Pets: With a weight limit of 15kg, our Dog Car Bed offers sturdy support for pets of various sizes. This ensures stability and safety during car journeys, providing pet owners with peace of mind knowing their furry companions are secure and comfortable.  Tailored to Your Preferences: Our best plush dog car seat for backseat is customizable to suit individual preferences and styles. From choosing colors and patterns to adding personalized details, customers have the freedom to create a bed that reflects their unique taste while ensuring optimal comfort and enjoyment for their pets.","og_url":"https:\/\/www.seatouintl.com\/de\/produkt\/hundeautositze-lose-beste-plusch-hundeautobett-fur-rucksitz\/","og_site_name":"SeaToU-Pet bed Dog bed Cat bed Orthopedic pet bed Heated pet bed Self-warming pet bed Cave pet bed Donut pet bed Bolster pet bed Outdoor pet house Pet blanket Pet mat Pet pad Cooling pet mat Waterproof pet pad Faux fur pet blanket Washable pet blanket Pet throw Pet bed liner \u3001Pet clothing Dog sweater Cat hoodie Pet raincoat Pet Halloween costume Pet booties Pet T-shirt Pet pajamas Pet life jacket Pet bandana\u3001Pet toys Chew toys Interactive dog toys Cat teaser wand Squeaky toys Rope toys Puzzle toys Tug toys Ball launcher Catnip toys\u3001Pet carrier Dog backpack Cat carrier Pet stroller Travel pet carrier Soft-sided pet carrier Hard-sided pet carrier Pet sling Pet car seat Airline-approved pet carrier\u3001Pet supplies Pet accessories Pet essentials Pet care products Pet grooming supplies Pet safety gear","article_publisher":"https:\/\/facebook.com\/seatouintl","article_modified_time":"2025-12-05T00:09:56+00:00","og_image":[{"width":600,"height":600,"url":"https:\/\/www.seatouintl.com\/wp-content\/uploads\/2025\/12\/dog-car-seats.jpg","type":"image\/jpeg"}],"twitter_card":"summary_large_image","twitter_misc":{"Gesch\u00e4tzte Lesezeit":"1\u00a0Minute"},"schema":{"@context":"https:\/\/schema.org","@graph":[{"@type":"WebPage","@id":"https:\/\/www.seatouintl.com\/product\/dog-car-seats-bulk-best-plush-dog-car-bed-for-backseat\/","url":"https:\/\/www.seatouintl.com\/product\/dog-car-seats-bulk-best-plush-dog-car-bed-for-backseat\/","name":"Dog Car Seats Bulk Best Plush Dog Car Bed For Backseat - SeaToU-Haustierbett Hundebett Katzenbett Orthop\u00e4disches Haustierbett Beheiztes Haustierbett Selbstw\u00e4rmendes Haustierbett H\u00f6hlenhaustierbett Donut Haustierbett Nackenrolle Haustierbett Outdoor Haustierhaus Haustierdecke Haustiermatte K\u00fchlende Haustiermatte Wasserdichte Haustiermatte Kunstfell Haustierdecke Waschbare Haustierdecke Haustier\u00fcberwurf Haustierbetteinlage \u3001Haustierbekleidung Hundepullover Katzenkapuzenpulli Haustierregenmantel Haustier-Halloweenkost\u00fcm Haustiersch\u00fchchen Haustier-T-Haustier-Pyjama Haustier-Schlafanzug Haustier-Schwimmweste Haustier-Halstuch\u3001Tierspielzeug Kauspielzeug Interaktives Hundespielzeug Katzenspielzeug Quietschspielzeug Seilspielzeug Puzzle-Spielzeug Zerrspielzeug Ballwerfer Katzenminze-Spielzeug\u3001Tiertransporter Hunderucksack Katzentransporter Haustier-Kinderwagen Reise-Tiertransporter Soft-Side-Tiertransporter Hard-Side-Tiertransporter Haustier-Tragetuch Haustier-Autositz Airline-zugelassener Tiertransporter\u3001Tierbedarf Haustier-Zubeh\u00f6r Haustierbedarf Haustier-Pflegeprodukte Haustier-Pflegemittel Haustier-Sicherheitsausr\u00fcstung","isPartOf":{"@id":"https:\/\/www.seatouintl.com\/#website"},"primaryImageOfPage":{"@id":"https:\/\/www.seatouintl.com\/product\/dog-car-seats-bulk-best-plush-dog-car-bed-for-backseat\/#primaryimage"},"image":{"@id":"https:\/\/www.seatouintl.com\/product\/dog-car-seats-bulk-best-plush-dog-car-bed-for-backseat\/#primaryimage"},"thumbnailUrl":"https:\/\/www.seatouintl.com\/wp-content\/uploads\/2025\/12\/dog-car-seats.jpg","datePublished":"2025-12-05T00:09:55+00:00","dateModified":"2025-12-05T00:09:56+00:00","breadcrumb":{"@id":"https:\/\/www.seatouintl.com\/product\/dog-car-seats-bulk-best-plush-dog-car-bed-for-backseat\/#breadcrumb"},"inLanguage":"de","potentialAction":[{"@type":"ReadAction","target":["https:\/\/www.seatouintl.com\/product\/dog-car-seats-bulk-best-plush-dog-car-bed-for-backseat\/"]}]},{"@type":"ImageObject","inLanguage":"de","@id":"https:\/\/www.seatouintl.com\/product\/dog-car-seats-bulk-best-plush-dog-car-bed-for-backseat\/#primaryimage","url":"https:\/\/www.seatouintl.com\/wp-content\/uploads\/2025\/12\/dog-car-seats.jpg","contentUrl":"https:\/\/www.seatouintl.com\/wp-content\/uploads\/2025\/12\/dog-car-seats.jpg","width":600,"height":600},{"@type":"BreadcrumbList","@id":"https:\/\/www.seatouintl.com\/product\/dog-car-seats-bulk-best-plush-dog-car-bed-for-backseat\/#breadcrumb","itemListElement":[{"@type":"ListItem","position":1,"name":"\u9996\u9875","item":"https:\/\/www.seatouintl.com\/"},{"@type":"ListItem","position":2,"name":"Products","item":"https:\/\/www.seatouintl.com\/products\/"},{"@type":"ListItem","position":3,"name":"Dog Car Seats Bulk Best Plush Dog Car Bed For Backseat"}]},{"@type":"WebSite","@id":"https:\/\/www.seatouintl.com\/#website","url":"https:\/\/www.seatouintl.com\/","name":"seatou","description":"Haustierbett Hundebett Katzenbett Orthop\u00e4disches Haustierbett Beheiztes Haustierbett Selbstw\u00e4rmendes Haustierbett H\u00f6hlen-Haustierbett Nackenrolle Haustierbett Haustierhaus Haustierdecke Haustiermatte Haustiermatte K\u00fchlende Haustiermatte Wasserdichte Haustiermatte Kunstfell-Tierdecke Waschbare Haustierdecke Haustier\u00fcberwurf Haustierbetteinlage \u3001Tierbekleidung Hundepullover Katzenkapuzenpulli Haustier-Regenmantel Haustier-Halloweenkost\u00fcm Haustier-Schuhe Haustier-T-Haustier-Pyjama Haustier-Schlafanzug Haustier-Schwimmweste Haustier-Halstuch\u3001Tierspielzeug Kauspielzeug Interaktives Hundespielzeug Katzenspielzeug Quietschspielzeug Seilspielzeug Puzzle-Spielzeug Zerrspielzeug Ballwerfer Katzenminze-Spielzeug\u3001Tiertransporter Hunderucksack Katzentransporter Haustier-Kinderwagen Reise-Tiertransporter Soft-Side-Tiertransporter Hard-Side-Tiertransporter Haustier-Tragetuch Haustier-Autositz Airline-zugelassener Tiertransporter\u3001Tierbedarf Haustier-Zubeh\u00f6r Haustierbedarf Haustier-Pflegeprodukte Haustier-Pflegemittel Haustier-Sicherheitsausr\u00fcstung","publisher":{"@id":"https:\/\/www.seatouintl.com\/#organization"},"potentialAction":[{"@type":"SearchAction","target":{"@type":"EntryPoint","urlTemplate":"https:\/\/www.seatouintl.com\/?s={search_term_string}"},"query-input":{"@type":"PropertyValueSpecification","valueRequired":true,"valueName":"search_term_string"}}],"inLanguage":"de"},{"@type":"Organization","@id":"https:\/\/www.seatouintl.com\/#organization","name":"seatou","url":"https:\/\/www.seatouintl.com\/","logo":{"@type":"ImageObject","inLanguage":"de","@id":"https:\/\/www.seatouintl.com\/#\/schema\/logo\/image\/","url":"https:\/\/www.seatouintl.com\/wp-content\/uploads\/2025\/10\/LOGO1.png","contentUrl":"https:\/\/www.seatouintl.com\/wp-content\/uploads\/2025\/10\/LOGO1.png","width":1043,"height":454,"caption":"seatou"},"image":{"@id":"https:\/\/www.seatouintl.com\/#\/schema\/logo\/image\/"},"sameAs":["https:\/\/facebook.com\/seatouintl"]}]}},"_links":{"self":[{"href":"https:\/\/www.seatouintl.com\/de\/wp-json\/wp\/v2\/product\/4645","targetHints":{"allow":["GET"]}}],"collection":[{"href":"https:\/\/www.seatouintl.com\/de\/wp-json\/wp\/v2\/product"}],"about":[{"href":"https:\/\/www.seatouintl.com\/de\/wp-json\/wp\/v2\/types\/product"}],"wp:featuredmedia":[{"embeddable":true,"href":"https:\/\/www.seatouintl.com\/de\/wp-json\/wp\/v2\/media\/4646"}],"wp:attachment":[{"href":"https:\/\/www.seatouintl.com\/de\/wp-json\/wp\/v2\/media?parent=4645"}],"wp:term":[{"taxonomy":"product_brand","embeddable":true,"href":"https:\/\/www.seatouintl.com\/de\/wp-json\/wp\/v2\/product_brand?post=4645"},{"taxonomy":"product_cat","embeddable":true,"href":"https:\/\/www.seatouintl.com\/de\/wp-json\/wp\/v2\/product_cat?post=4645"},{"taxonomy":"product_tag","embeddable":true,"href":"https:\/\/www.seatouintl.com\/de\/wp-json\/wp\/v2\/product_tag?post=4645"}],"curies":[{"name":"wp","href":"https:\/\/api.w.org\/{rel}","templated":true}]}}