{"id":81,"date":"2021-11-30T15:34:14","date_gmt":"2021-11-30T15:34:14","guid":{"rendered":"https:\/\/startersites.io\/blocksy\/petsy\/?post_type=product&#038;p=81"},"modified":"2026-01-28T23:22:53","modified_gmt":"2026-01-28T15:22:53","slug":"beste-winter-hundepullover-fur-kleine-rassen","status":"publish","type":"product","link":"https:\/\/www.seatouintl.com\/de\/produkt\/beste-winter-hundepullover-fur-kleine-rassen\/","title":{"rendered":"Beste Winter-Hundepullover f\u00fcr kleine Rassen"},"content":{"rendered":"<p>\u201cWarum sich mit dem Gew\u00f6hnlichen zufrieden geben, wenn Ihr Haustier etwas Au\u00dfergew\u00f6hnliches haben kann? Unsere antibakterielle, geruchshemmende Kleidung h\u00e4lt sie frisch und gl\u00fccklich! \ud83d\udc36\ud83d\udc95 #PetFashion #HealthyPets\u201d<\/p>","protected":false},"excerpt":{"rendered":"<p><img decoding=\"async\" class=\"alignnone wp-image-2254\" src=\"https:\/\/www.seatouintl.com\/wp-content\/uploads\/2025\/10\/LOGO3-1-300x103.png\" alt=\"\" width=\"201\" height=\"69\" srcset=\"https:\/\/www.seatouintl.com\/wp-content\/uploads\/2025\/10\/LOGO3-1-300x103.png 300w, https:\/\/www.seatouintl.com\/wp-content\/uploads\/2025\/10\/LOGO3-1-600x207.png 600w, https:\/\/www.seatouintl.com\/wp-content\/uploads\/2025\/10\/LOGO3-1-400x138.png 400w, https:\/\/www.seatouintl.com\/wp-content\/uploads\/2025\/10\/LOGO3-1-768x265.png 768w, https:\/\/www.seatouintl.com\/wp-content\/uploads\/2025\/10\/LOGO3-1.png 850w\" sizes=\"(max-width: 201px) 100vw, 201px\" \/><\/p>\n<p>Weiche und bequeme Haustierkleidung mit antibakterieller und geruchsabweisender Technologie<br \/>\nUltra-weiches Gewebe: Sanft zur Haut Ihres Haustieres, f\u00fcr ganzt\u00e4gigen Komfort.<br \/>\nAnti-Bakterieller Schutz: Hemmt das Bakterienwachstum, damit Ihr Haustier frisch und gesund bleibt.<br \/>\nGeruchsresistentes Design: Neutralisiert wirksam Ger\u00fcche, auch nach langem Tragen.<br \/>\nAtmungsaktiv und leicht: Erm\u00f6glicht Luftzirkulation f\u00fcr optimalen Komfort in allen Jahreszeiten.<\/p>\n<h4><span class=\"notranslate immersive-translate-target-wrapper\" lang=\"en\"><span class=\"notranslate immersive-translate-target-translation-theme-none immersive-translate-target-translation-inline-wrapper-theme-none immersive-translate-target-translation-inline-wrapper\" data-immersive-translate-translation-element-mark=\"1\"><span class=\"notranslate immersive-translate-target-inner immersive-translate-target-translation-theme-none-inner\" data-immersive-translate-translation-element-mark=\"1\">Wichtigste Materialien:<\/span><\/span><\/span><\/h4>\n<p>Polyester Pl\u00fcsch<\/p>\n<h4>Gr\u00f6\u00dfe:<\/h4>\n<table class=\"table_product_size\">\n<tbody>\n<tr>\n<th>Gr\u00f6\u00dfe\uff08cm\uff09<\/th>\n<th>Umfang des Halses<\/th>\n<th>Brustumfang<\/th>\n<th>Ebene<\/th>\n<th>Bauch<\/th>\n<th>\u00c4rmel<\/th>\n<\/tr>\n<tr>\n<td style=\"text-align: center;\">S<\/td>\n<td style=\"text-align: center;\">23<\/td>\n<td style=\"text-align: center;\">33<\/td>\n<td style=\"text-align: center;\">22<\/td>\n<td style=\"text-align: center;\">14<\/td>\n<td style=\"text-align: center;\">4<\/td>\n<\/tr>\n<tr>\n<td style=\"text-align: center;\">M<\/td>\n<td style=\"text-align: center;\">26<\/td>\n<td style=\"text-align: center;\">38<\/td>\n<td style=\"text-align: center;\">26<\/td>\n<td style=\"text-align: center;\">16<\/td>\n<td style=\"text-align: center;\">5<\/td>\n<\/tr>\n<tr>\n<td style=\"text-align: center;\">L<\/td>\n<td style=\"text-align: center;\">29<\/td>\n<td style=\"text-align: center;\">43<\/td>\n<td style=\"text-align: center;\">30<\/td>\n<td style=\"text-align: center;\">18<\/td>\n<td style=\"text-align: center;\">6<\/td>\n<\/tr>\n<tr>\n<td style=\"text-align: center;\">XL<\/td>\n<td style=\"text-align: center;\">32<\/td>\n<td style=\"text-align: center;\">48<\/td>\n<td style=\"text-align: center;\">34<\/td>\n<td style=\"text-align: center;\">20<\/td>\n<td style=\"text-align: center;\">7<\/td>\n<\/tr>\n<\/tbody>\n<\/table>\n<h5>Wichtigste Vorteile:<\/h5>\n<ul>\n<li>Warm &amp; Atmungsaktiv<\/li>\n<li>W\u00e4rmespeichernde Faser<\/li>\n<li>Feuchte-aktivierte Heizung<\/li>\n<li>Geruchshemmend<\/li>\n<li>Schimmelresistent<\/li>\n<\/ul>","protected":false},"featured_media":2818,"template":"","meta":[],"product_brand":[],"product_cat":[57],"product_tag":[],"class_list":{"0":"post-81","1":"product","2":"type-product","3":"status-publish","4":"has-post-thumbnail","6":"product_cat-fashionable-dog-clothes-cozy-sweaters-raincoats-or-festive-pet-wear","8":"first","9":"instock","10":"shipping-taxable","11":"product-type-simple"},"yoast_head":"<!-- This site is optimized with the Yoast SEO plugin v26.5 - https:\/\/yoast.com\/wordpress\/plugins\/seo\/ -->\n<title>Best Winter Dog Sweaters for Small Breeds - SeaToU-Pet bed Dog bed Cat bed Orthopedic pet bed Heated pet bed Self-warming pet bed Cave pet bed Donut pet bed Bolster pet bed Outdoor pet house Pet blanket Pet mat Pet pad Cooling pet mat Waterproof pet pad Faux fur pet blanket Washable pet blanket Pet throw Pet bed liner \u3001Pet clothing Dog sweater Cat hoodie Pet raincoat Pet Halloween costume Pet booties Pet T-shirt Pet pajamas Pet life jacket Pet bandana\u3001Pet toys Chew toys Interactive dog toys Cat teaser wand Squeaky toys Rope toys Puzzle toys Tug toys Ball launcher Catnip toys\u3001Pet carrier Dog backpack Cat carrier Pet stroller Travel pet carrier Soft-sided pet carrier Hard-sided pet carrier Pet sling Pet car seat Airline-approved pet carrier\u3001Pet supplies Pet accessories Pet essentials Pet care products Pet grooming supplies Pet safety gear<\/title>\n<meta name=\"description\" content=\"Shop cozy winter dog sweaters for small breeds. Free shipping on orders\" \/>\n<meta name=\"robots\" content=\"index, follow, max-snippet:-1, max-image-preview:large, max-video-preview:-1\" \/>\n<link rel=\"canonical\" href=\"https:\/\/www.seatouintl.com\/de\/produkt\/beste-winter-hundepullover-fur-kleine-rassen\/\" \/>\n<meta property=\"og:locale\" content=\"de_DE\" \/>\n<meta property=\"og:type\" content=\"article\" \/>\n<meta property=\"og:title\" content=\"Best Winter Dog Sweaters for Small Breeds - SeaToU-Pet bed Dog bed Cat bed Orthopedic pet bed Heated pet bed Self-warming pet bed Cave pet bed Donut pet bed Bolster pet bed Outdoor pet house Pet blanket Pet mat Pet pad Cooling pet mat Waterproof pet pad Faux fur pet blanket Washable pet blanket Pet throw Pet bed liner \u3001Pet clothing Dog sweater Cat hoodie Pet raincoat Pet Halloween costume Pet booties Pet T-shirt Pet pajamas Pet life jacket Pet bandana\u3001Pet toys Chew toys Interactive dog toys Cat teaser wand Squeaky toys Rope toys Puzzle toys Tug toys Ball launcher Catnip toys\u3001Pet carrier Dog backpack Cat carrier Pet stroller Travel pet carrier Soft-sided pet carrier Hard-sided pet carrier Pet sling Pet car seat Airline-approved pet carrier\u3001Pet supplies Pet accessories Pet essentials Pet care products Pet grooming supplies Pet safety gear\" \/>\n<meta property=\"og:description\" content=\"Shop cozy winter dog sweaters for small breeds. Free shipping on orders\" \/>\n<meta property=\"og:url\" content=\"https:\/\/www.seatouintl.com\/de\/produkt\/beste-winter-hundepullover-fur-kleine-rassen\/\" \/>\n<meta property=\"og:site_name\" content=\"SeaToU-Pet bed Dog bed Cat bed Orthopedic pet bed Heated pet bed Self-warming pet bed Cave pet bed Donut pet bed Bolster pet bed Outdoor pet house Pet blanket Pet mat Pet pad Cooling pet mat Waterproof pet pad Faux fur pet blanket Washable pet blanket Pet throw Pet bed liner \u3001Pet clothing Dog sweater Cat hoodie Pet raincoat Pet Halloween costume Pet booties Pet T-shirt Pet pajamas Pet life jacket Pet bandana\u3001Pet toys Chew toys Interactive dog toys Cat teaser wand Squeaky toys Rope toys Puzzle toys Tug toys Ball launcher Catnip toys\u3001Pet carrier Dog backpack Cat carrier Pet stroller Travel pet carrier Soft-sided pet carrier Hard-sided pet carrier Pet sling Pet car seat Airline-approved pet carrier\u3001Pet supplies Pet accessories Pet essentials Pet care products Pet grooming supplies Pet safety gear\" \/>\n<meta property=\"article:publisher\" content=\"https:\/\/facebook.com\/seatouintl\" \/>\n<meta property=\"article:modified_time\" content=\"2026-01-28T15:22:53+00:00\" \/>\n<meta property=\"og:image\" content=\"https:\/\/www.seatouintl.com\/wp-content\/uploads\/2021\/11\/sweater-winter-pet-clothing-comfort-anti-bacterial-odor-resistant-soft-1-3.jpg\" \/>\n\t<meta property=\"og:image:width\" content=\"800\" \/>\n\t<meta property=\"og:image:height\" content=\"680\" \/>\n\t<meta property=\"og:image:type\" content=\"image\/jpeg\" \/>\n<meta name=\"twitter:card\" content=\"summary_large_image\" \/>\n<meta name=\"twitter:label1\" content=\"Gesch\u00e4tzte Lesezeit\" \/>\n\t<meta name=\"twitter:data1\" content=\"1\u00a0Minute\" \/>\n<script type=\"application\/ld+json\" class=\"yoast-schema-graph\">{\"@context\":\"https:\/\/schema.org\",\"@graph\":[{\"@type\":\"WebPage\",\"@id\":\"https:\/\/www.seatouintl.com\/product\/best-winter-dog-sweaters-for-small-breeds\/\",\"url\":\"https:\/\/www.seatouintl.com\/product\/best-winter-dog-sweaters-for-small-breeds\/\",\"name\":\"Best Winter Dog Sweaters for Small Breeds - SeaToU-Pet bed Dog bed Cat bed Orthopedic pet bed Heated pet bed Self-warming pet bed Cave pet bed Donut pet bed Bolster pet bed Outdoor pet house Pet blanket Pet mat Pet pad Cooling pet mat Waterproof pet pad Faux fur pet blanket Washable pet blanket Pet throw Pet bed liner \u3001Pet clothing Dog sweater Cat hoodie Pet raincoat Pet Halloween costume Pet booties Pet T-shirt Pet pajamas Pet life jacket Pet bandana\u3001Pet toys Chew toys Interactive dog toys Cat teaser wand Squeaky toys Rope toys Puzzle toys Tug toys Ball launcher Catnip toys\u3001Pet carrier Dog backpack Cat carrier Pet stroller Travel pet carrier Soft-sided pet carrier Hard-sided pet carrier Pet sling Pet car seat Airline-approved pet carrier\u3001Pet supplies Pet accessories Pet essentials Pet care products Pet grooming supplies Pet safety gear\",\"isPartOf\":{\"@id\":\"https:\/\/www.seatouintl.com\/#website\"},\"primaryImageOfPage\":{\"@id\":\"https:\/\/www.seatouintl.com\/product\/best-winter-dog-sweaters-for-small-breeds\/#primaryimage\"},\"image\":{\"@id\":\"https:\/\/www.seatouintl.com\/product\/best-winter-dog-sweaters-for-small-breeds\/#primaryimage\"},\"thumbnailUrl\":\"https:\/\/www.seatouintl.com\/wp-content\/uploads\/2021\/11\/sweater-winter-pet-clothing-comfort-anti-bacterial-odor-resistant-soft-1-3.jpg\",\"datePublished\":\"2021-11-30T15:34:14+00:00\",\"dateModified\":\"2026-01-28T15:22:53+00:00\",\"description\":\"Shop cozy winter dog sweaters for small breeds. Free shipping on orders\",\"breadcrumb\":{\"@id\":\"https:\/\/www.seatouintl.com\/product\/best-winter-dog-sweaters-for-small-breeds\/#breadcrumb\"},\"inLanguage\":\"de\",\"potentialAction\":[{\"@type\":\"ReadAction\",\"target\":[\"https:\/\/www.seatouintl.com\/product\/best-winter-dog-sweaters-for-small-breeds\/\"]}]},{\"@type\":\"ImageObject\",\"inLanguage\":\"de\",\"@id\":\"https:\/\/www.seatouintl.com\/product\/best-winter-dog-sweaters-for-small-breeds\/#primaryimage\",\"url\":\"https:\/\/www.seatouintl.com\/wp-content\/uploads\/2021\/11\/sweater-winter-pet-clothing-comfort-anti-bacterial-odor-resistant-soft-1-3.jpg\",\"contentUrl\":\"https:\/\/www.seatouintl.com\/wp-content\/uploads\/2021\/11\/sweater-winter-pet-clothing-comfort-anti-bacterial-odor-resistant-soft-1-3.jpg\",\"width\":800,\"height\":680},{\"@type\":\"BreadcrumbList\",\"@id\":\"https:\/\/www.seatouintl.com\/product\/best-winter-dog-sweaters-for-small-breeds\/#breadcrumb\",\"itemListElement\":[{\"@type\":\"ListItem\",\"position\":1,\"name\":\"\u9996\u9875\",\"item\":\"https:\/\/www.seatouintl.com\/\"},{\"@type\":\"ListItem\",\"position\":2,\"name\":\"Products\",\"item\":\"https:\/\/www.seatouintl.com\/products\/\"},{\"@type\":\"ListItem\",\"position\":3,\"name\":\"Best Winter Dog Sweaters for Small Breeds\"}]},{\"@type\":\"WebSite\",\"@id\":\"https:\/\/www.seatouintl.com\/#website\",\"url\":\"https:\/\/www.seatouintl.com\/\",\"name\":\"seatou\",\"description\":\"Pet bed Dog bed Cat bed Orthopedic pet bed Heated pet bed Self-warming pet bed Cave pet bed Donut pet bed Bolster pet bed Outdoor pet house Pet blanket Pet mat Pet pad Cooling pet mat Waterproof pet pad Faux fur pet blanket Washable pet blanket Pet throw Pet bed liner \u3001Pet clothing Dog sweater Cat hoodie Pet raincoat Pet Halloween costume Pet booties Pet T-shirt Pet pajamas Pet life jacket Pet bandana\u3001Pet toys Chew toys Interactive dog toys Cat teaser wand Squeaky toys Rope toys Puzzle toys Tug toys Ball launcher Catnip toys\u3001Pet carrier Dog backpack Cat carrier Pet stroller Travel pet carrier Soft-sided pet carrier Hard-sided pet carrier Pet sling Pet car seat Airline-approved pet carrier\u3001Pet supplies Pet accessories Pet essentials Pet care products Pet grooming supplies Pet safety gear\",\"publisher\":{\"@id\":\"https:\/\/www.seatouintl.com\/#organization\"},\"potentialAction\":[{\"@type\":\"SearchAction\",\"target\":{\"@type\":\"EntryPoint\",\"urlTemplate\":\"https:\/\/www.seatouintl.com\/?s={search_term_string}\"},\"query-input\":{\"@type\":\"PropertyValueSpecification\",\"valueRequired\":true,\"valueName\":\"search_term_string\"}}],\"inLanguage\":\"de\"},{\"@type\":\"Organization\",\"@id\":\"https:\/\/www.seatouintl.com\/#organization\",\"name\":\"seatou\",\"url\":\"https:\/\/www.seatouintl.com\/\",\"logo\":{\"@type\":\"ImageObject\",\"inLanguage\":\"de\",\"@id\":\"https:\/\/www.seatouintl.com\/#\/schema\/logo\/image\/\",\"url\":\"https:\/\/www.seatouintl.com\/wp-content\/uploads\/2025\/10\/LOGO1.png\",\"contentUrl\":\"https:\/\/www.seatouintl.com\/wp-content\/uploads\/2025\/10\/LOGO1.png\",\"width\":1043,\"height\":454,\"caption\":\"seatou\"},\"image\":{\"@id\":\"https:\/\/www.seatouintl.com\/#\/schema\/logo\/image\/\"},\"sameAs\":[\"https:\/\/facebook.com\/seatouintl\"]}]}<\/script>\n<!-- \/ Yoast SEO plugin. -->","yoast_head_json":{"title":"Best Winter Dog Sweaters for Small Breeds - SeaToU-Haustierbett Hundebett Katzenbett Orthop\u00e4disches Haustierbett Beheiztes Haustierbett Selbstw\u00e4rmendes Haustierbett H\u00f6hlen-Haustierbett Donut-Haustierbett Nackenrolle Haustierbett Haustierhaus Haustierdecke Haustiermatte K\u00fchlende Haustiermatte Wasserdichte Haustiermatte Kunstfell-Haustierdecke Waschbare Haustierdecke Haustier\u00fcberwurf Haustierbetteinlage \u3001Haustierbekleidung Hundepullover Katzenkapuzenpulli Haustierregenmantel Haustier-Halloweenkost\u00fcm Haustiersch\u00fchchen Haustier-T-Haustier-Pyjama Haustier-Schlafanzug Haustier-Schwimmweste Haustier-Halstuch\u3001Tierspielzeug Kauspielzeug Interaktives Hundespielzeug Katzenspielzeug Quietschspielzeug Seilspielzeug Puzzle-Spielzeug Zerrspielzeug Ballwerfer Katzenminze-Spielzeug\u3001Tiertransporter Hunderucksack Katzentransporter Haustier-Kinderwagen Reise-Tiertransporter Soft-Side-Tiertransporter Hard-Side-Tiertransporter Haustier-Tragetuch Haustier-Autositz Airline-zugelassener Tiertransporter\u3001Tierbedarf Haustier-Zubeh\u00f6r Haustierbedarf Haustier-Pflegeprodukte Haustier-Pflegemittel Haustier-Sicherheitsausr\u00fcstung","description":"Kaufen Sie kuschelige Winter-Hundepullover f\u00fcr kleine Rassen. Kostenloser Versand bei Bestellungen","robots":{"index":"index","follow":"follow","max-snippet":"max-snippet:-1","max-image-preview":"max-image-preview:large","max-video-preview":"max-video-preview:-1"},"canonical":"https:\/\/www.seatouintl.com\/de\/produkt\/beste-winter-hundepullover-fur-kleine-rassen\/","og_locale":"de_DE","og_type":"article","og_title":"Best Winter Dog Sweaters for Small Breeds - SeaToU-Pet bed Dog bed Cat bed Orthopedic pet bed Heated pet bed Self-warming pet bed Cave pet bed Donut pet bed Bolster pet bed Outdoor pet house Pet blanket Pet mat Pet pad Cooling pet mat Waterproof pet pad Faux fur pet blanket Washable pet blanket Pet throw Pet bed liner \u3001Pet clothing Dog sweater Cat hoodie Pet raincoat Pet Halloween costume Pet booties Pet T-shirt Pet pajamas Pet life jacket Pet bandana\u3001Pet toys Chew toys Interactive dog toys Cat teaser wand Squeaky toys Rope toys Puzzle toys Tug toys Ball launcher Catnip toys\u3001Pet carrier Dog backpack Cat carrier Pet stroller Travel pet carrier Soft-sided pet carrier Hard-sided pet carrier Pet sling Pet car seat Airline-approved pet carrier\u3001Pet supplies Pet accessories Pet essentials Pet care products Pet grooming supplies Pet safety gear","og_description":"Shop cozy winter dog sweaters for small breeds. Free shipping on orders","og_url":"https:\/\/www.seatouintl.com\/de\/produkt\/beste-winter-hundepullover-fur-kleine-rassen\/","og_site_name":"SeaToU-Pet bed Dog bed Cat bed Orthopedic pet bed Heated pet bed Self-warming pet bed Cave pet bed Donut pet bed Bolster pet bed Outdoor pet house Pet blanket Pet mat Pet pad Cooling pet mat Waterproof pet pad Faux fur pet blanket Washable pet blanket Pet throw Pet bed liner \u3001Pet clothing Dog sweater Cat hoodie Pet raincoat Pet Halloween costume Pet booties Pet T-shirt Pet pajamas Pet life jacket Pet bandana\u3001Pet toys Chew toys Interactive dog toys Cat teaser wand Squeaky toys Rope toys Puzzle toys Tug toys Ball launcher Catnip toys\u3001Pet carrier Dog backpack Cat carrier Pet stroller Travel pet carrier Soft-sided pet carrier Hard-sided pet carrier Pet sling Pet car seat Airline-approved pet carrier\u3001Pet supplies Pet accessories Pet essentials Pet care products Pet grooming supplies Pet safety gear","article_publisher":"https:\/\/facebook.com\/seatouintl","article_modified_time":"2026-01-28T15:22:53+00:00","og_image":[{"width":800,"height":680,"url":"https:\/\/www.seatouintl.com\/wp-content\/uploads\/2021\/11\/sweater-winter-pet-clothing-comfort-anti-bacterial-odor-resistant-soft-1-3.jpg","type":"image\/jpeg"}],"twitter_card":"summary_large_image","twitter_misc":{"Gesch\u00e4tzte Lesezeit":"1\u00a0Minute"},"schema":{"@context":"https:\/\/schema.org","@graph":[{"@type":"WebPage","@id":"https:\/\/www.seatouintl.com\/product\/best-winter-dog-sweaters-for-small-breeds\/","url":"https:\/\/www.seatouintl.com\/product\/best-winter-dog-sweaters-for-small-breeds\/","name":"Best Winter Dog Sweaters for Small Breeds - SeaToU-Haustierbett Hundebett Katzenbett Orthop\u00e4disches Haustierbett Beheiztes Haustierbett Selbstw\u00e4rmendes Haustierbett H\u00f6hlen-Haustierbett Donut-Haustierbett Nackenrolle Haustierbett Haustierhaus Haustierdecke Haustiermatte K\u00fchlende Haustiermatte Wasserdichte Haustiermatte Kunstfell-Haustierdecke Waschbare Haustierdecke Haustier\u00fcberwurf Haustierbetteinlage \u3001Haustierbekleidung Hundepullover Katzenkapuzenpulli Haustierregenmantel Haustier-Halloweenkost\u00fcm Haustiersch\u00fchchen Haustier-T-Haustier-Pyjama Haustier-Schlafanzug Haustier-Schwimmweste Haustier-Halstuch\u3001Tierspielzeug Kauspielzeug Interaktives Hundespielzeug Katzenspielzeug Quietschspielzeug Seilspielzeug Puzzle-Spielzeug Zerrspielzeug Ballwerfer Katzenminze-Spielzeug\u3001Tiertransporter Hunderucksack Katzentransporter Haustier-Kinderwagen Reise-Tiertransporter Soft-Side-Tiertransporter Hard-Side-Tiertransporter Haustier-Tragetuch Haustier-Autositz Airline-zugelassener Tiertransporter\u3001Tierbedarf Haustier-Zubeh\u00f6r Haustierbedarf Haustier-Pflegeprodukte Haustier-Pflegemittel Haustier-Sicherheitsausr\u00fcstung","isPartOf":{"@id":"https:\/\/www.seatouintl.com\/#website"},"primaryImageOfPage":{"@id":"https:\/\/www.seatouintl.com\/product\/best-winter-dog-sweaters-for-small-breeds\/#primaryimage"},"image":{"@id":"https:\/\/www.seatouintl.com\/product\/best-winter-dog-sweaters-for-small-breeds\/#primaryimage"},"thumbnailUrl":"https:\/\/www.seatouintl.com\/wp-content\/uploads\/2021\/11\/sweater-winter-pet-clothing-comfort-anti-bacterial-odor-resistant-soft-1-3.jpg","datePublished":"2021-11-30T15:34:14+00:00","dateModified":"2026-01-28T15:22:53+00:00","description":"Kaufen Sie kuschelige Winter-Hundepullover f\u00fcr kleine Rassen. Kostenloser Versand bei Bestellungen","breadcrumb":{"@id":"https:\/\/www.seatouintl.com\/product\/best-winter-dog-sweaters-for-small-breeds\/#breadcrumb"},"inLanguage":"de","potentialAction":[{"@type":"ReadAction","target":["https:\/\/www.seatouintl.com\/product\/best-winter-dog-sweaters-for-small-breeds\/"]}]},{"@type":"ImageObject","inLanguage":"de","@id":"https:\/\/www.seatouintl.com\/product\/best-winter-dog-sweaters-for-small-breeds\/#primaryimage","url":"https:\/\/www.seatouintl.com\/wp-content\/uploads\/2021\/11\/sweater-winter-pet-clothing-comfort-anti-bacterial-odor-resistant-soft-1-3.jpg","contentUrl":"https:\/\/www.seatouintl.com\/wp-content\/uploads\/2021\/11\/sweater-winter-pet-clothing-comfort-anti-bacterial-odor-resistant-soft-1-3.jpg","width":800,"height":680},{"@type":"BreadcrumbList","@id":"https:\/\/www.seatouintl.com\/product\/best-winter-dog-sweaters-for-small-breeds\/#breadcrumb","itemListElement":[{"@type":"ListItem","position":1,"name":"\u9996\u9875","item":"https:\/\/www.seatouintl.com\/"},{"@type":"ListItem","position":2,"name":"Products","item":"https:\/\/www.seatouintl.com\/products\/"},{"@type":"ListItem","position":3,"name":"Best Winter Dog Sweaters for Small Breeds"}]},{"@type":"WebSite","@id":"https:\/\/www.seatouintl.com\/#website","url":"https:\/\/www.seatouintl.com\/","name":"seatou","description":"Haustierbett Hundebett Katzenbett Orthop\u00e4disches Haustierbett Beheiztes Haustierbett Selbstw\u00e4rmendes Haustierbett H\u00f6hlen-Haustierbett Nackenrolle Haustierbett Haustierhaus Haustierdecke Haustiermatte Haustiermatte K\u00fchlende Haustiermatte Wasserdichte Haustiermatte Kunstfell-Tierdecke Waschbare Haustierdecke Haustier\u00fcberwurf Haustierbetteinlage \u3001Tierbekleidung Hundepullover Katzenkapuzenpulli Haustier-Regenmantel Haustier-Halloweenkost\u00fcm Haustier-Schuhe Haustier-T-Haustier-Pyjama Haustier-Schlafanzug Haustier-Schwimmweste Haustier-Halstuch\u3001Tierspielzeug Kauspielzeug Interaktives Hundespielzeug Katzenspielzeug Quietschspielzeug Seilspielzeug Puzzle-Spielzeug Zerrspielzeug Ballwerfer Katzenminze-Spielzeug\u3001Tiertransporter Hunderucksack Katzentransporter Haustier-Kinderwagen Reise-Tiertransporter Soft-Side-Tiertransporter Hard-Side-Tiertransporter Haustier-Tragetuch Haustier-Autositz Airline-zugelassener Tiertransporter\u3001Tierbedarf Haustier-Zubeh\u00f6r Haustierbedarf Haustier-Pflegeprodukte Haustier-Pflegemittel Haustier-Sicherheitsausr\u00fcstung","publisher":{"@id":"https:\/\/www.seatouintl.com\/#organization"},"potentialAction":[{"@type":"SearchAction","target":{"@type":"EntryPoint","urlTemplate":"https:\/\/www.seatouintl.com\/?s={search_term_string}"},"query-input":{"@type":"PropertyValueSpecification","valueRequired":true,"valueName":"search_term_string"}}],"inLanguage":"de"},{"@type":"Organization","@id":"https:\/\/www.seatouintl.com\/#organization","name":"seatou","url":"https:\/\/www.seatouintl.com\/","logo":{"@type":"ImageObject","inLanguage":"de","@id":"https:\/\/www.seatouintl.com\/#\/schema\/logo\/image\/","url":"https:\/\/www.seatouintl.com\/wp-content\/uploads\/2025\/10\/LOGO1.png","contentUrl":"https:\/\/www.seatouintl.com\/wp-content\/uploads\/2025\/10\/LOGO1.png","width":1043,"height":454,"caption":"seatou"},"image":{"@id":"https:\/\/www.seatouintl.com\/#\/schema\/logo\/image\/"},"sameAs":["https:\/\/facebook.com\/seatouintl"]}]}},"_links":{"self":[{"href":"https:\/\/www.seatouintl.com\/de\/wp-json\/wp\/v2\/product\/81","targetHints":{"allow":["GET"]}}],"collection":[{"href":"https:\/\/www.seatouintl.com\/de\/wp-json\/wp\/v2\/product"}],"about":[{"href":"https:\/\/www.seatouintl.com\/de\/wp-json\/wp\/v2\/types\/product"}],"wp:featuredmedia":[{"embeddable":true,"href":"https:\/\/www.seatouintl.com\/de\/wp-json\/wp\/v2\/media\/2818"}],"wp:attachment":[{"href":"https:\/\/www.seatouintl.com\/de\/wp-json\/wp\/v2\/media?parent=81"}],"wp:term":[{"taxonomy":"product_brand","embeddable":true,"href":"https:\/\/www.seatouintl.com\/de\/wp-json\/wp\/v2\/product_brand?post=81"},{"taxonomy":"product_cat","embeddable":true,"href":"https:\/\/www.seatouintl.com\/de\/wp-json\/wp\/v2\/product_cat?post=81"},{"taxonomy":"product_tag","embeddable":true,"href":"https:\/\/www.seatouintl.com\/de\/wp-json\/wp\/v2\/product_tag?post=81"}],"curies":[{"name":"wp","href":"https:\/\/api.w.org\/{rel}","templated":true}]}}