{"id":83,"date":"2021-11-30T15:35:23","date_gmt":"2021-11-30T15:35:23","guid":{"rendered":"https:\/\/startersites.io\/blocksy\/petsy\/?post_type=product&#038;p=83"},"modified":"2025-11-05T09:12:17","modified_gmt":"2025-11-05T01:12:17","slug":"ornare-suspendisse","status":"publish","type":"product","link":"https:\/\/www.seatouintl.com\/de\/produkt\/ornare-suspendisse\/","title":{"rendered":"Abnehmbarer Kinderwagen f\u00fcr Haustiere"},"content":{"rendered":"","protected":false},"excerpt":{"rendered":"<p>Quam viverra orci sagittis eu. Facilisis gravida neque convallis a cras. Malesuada fames ac turpis egestas maecenas pharetra convallis posuere. Sed turpis tincidunt id aliquet risus.<\/p>\n<p>Proin fermentum leo vel orci porta non pulvinar neque laoreet. Imperdiet dui accumsan sit amet nulla. Felis eget nunc lobortis mattis aliquam. Eget nunc lobortis mattis aliquam faucibus purus in massa tempor.<\/p>","protected":false},"featured_media":3273,"template":"","meta":[],"product_brand":[],"product_cat":[58],"product_tag":[],"class_list":{"0":"post-83","1":"product","2":"type-product","3":"status-publish","4":"has-post-thumbnail","6":"product_cat-stroller","8":"first","9":"instock","10":"shipping-taxable","11":"product-type-simple"},"yoast_head":"<!-- This site is optimized with the Yoast SEO plugin v26.5 - https:\/\/yoast.com\/wordpress\/plugins\/seo\/ -->\n<title>Detachable Pet Stroller - SeaToU-Pet bed Dog bed Cat bed Orthopedic pet bed Heated pet bed Self-warming pet bed Cave pet bed Donut pet bed Bolster pet bed Outdoor pet house Pet blanket Pet mat Pet pad Cooling pet mat Waterproof pet pad Faux fur pet blanket Washable pet blanket Pet throw Pet bed liner \u3001Pet clothing Dog sweater Cat hoodie Pet raincoat Pet Halloween costume Pet booties Pet T-shirt Pet pajamas Pet life jacket Pet bandana\u3001Pet toys Chew toys Interactive dog toys Cat teaser wand Squeaky toys Rope toys Puzzle toys Tug toys Ball launcher Catnip toys\u3001Pet carrier Dog backpack Cat carrier Pet stroller Travel pet carrier Soft-sided pet carrier Hard-sided pet carrier Pet sling Pet car seat Airline-approved pet carrier\u3001Pet supplies Pet accessories Pet essentials Pet care products Pet grooming supplies Pet safety gear<\/title>\n<meta name=\"robots\" content=\"index, follow, max-snippet:-1, max-image-preview:large, max-video-preview:-1\" \/>\n<link rel=\"canonical\" href=\"https:\/\/www.seatouintl.com\/de\/produkt\/ornare-suspendisse\/\" \/>\n<meta property=\"og:locale\" content=\"de_DE\" \/>\n<meta property=\"og:type\" content=\"article\" \/>\n<meta property=\"og:title\" content=\"Detachable Pet Stroller - SeaToU-Pet bed Dog bed Cat bed Orthopedic pet bed Heated pet bed Self-warming pet bed Cave pet bed Donut pet bed Bolster pet bed Outdoor pet house Pet blanket Pet mat Pet pad Cooling pet mat Waterproof pet pad Faux fur pet blanket Washable pet blanket Pet throw Pet bed liner \u3001Pet clothing Dog sweater Cat hoodie Pet raincoat Pet Halloween costume Pet booties Pet T-shirt Pet pajamas Pet life jacket Pet bandana\u3001Pet toys Chew toys Interactive dog toys Cat teaser wand Squeaky toys Rope toys Puzzle toys Tug toys Ball launcher Catnip toys\u3001Pet carrier Dog backpack Cat carrier Pet stroller Travel pet carrier Soft-sided pet carrier Hard-sided pet carrier Pet sling Pet car seat Airline-approved pet carrier\u3001Pet supplies Pet accessories Pet essentials Pet care products Pet grooming supplies Pet safety gear\" \/>\n<meta property=\"og:description\" content=\"Quam viverra orci sagittis eu. Facilisis gravida neque convallis a cras. Malesuada fames ac turpis egestas maecenas pharetra convallis posuere. Sed turpis tincidunt id aliquet risus.  Proin fermentum leo vel orci porta non pulvinar neque laoreet. Imperdiet dui accumsan sit amet nulla. Felis eget nunc lobortis mattis aliquam. Eget nunc lobortis mattis aliquam faucibus purus in massa tempor.\" \/>\n<meta property=\"og:url\" content=\"https:\/\/www.seatouintl.com\/de\/produkt\/ornare-suspendisse\/\" \/>\n<meta property=\"og:site_name\" content=\"SeaToU-Pet bed Dog bed Cat bed Orthopedic pet bed Heated pet bed Self-warming pet bed Cave pet bed Donut pet bed Bolster pet bed Outdoor pet house Pet blanket Pet mat Pet pad Cooling pet mat Waterproof pet pad Faux fur pet blanket Washable pet blanket Pet throw Pet bed liner \u3001Pet clothing Dog sweater Cat hoodie Pet raincoat Pet Halloween costume Pet booties Pet T-shirt Pet pajamas Pet life jacket Pet bandana\u3001Pet toys Chew toys Interactive dog toys Cat teaser wand Squeaky toys Rope toys Puzzle toys Tug toys Ball launcher Catnip toys\u3001Pet carrier Dog backpack Cat carrier Pet stroller Travel pet carrier Soft-sided pet carrier Hard-sided pet carrier Pet sling Pet car seat Airline-approved pet carrier\u3001Pet supplies Pet accessories Pet essentials Pet care products Pet grooming supplies Pet safety gear\" \/>\n<meta property=\"article:publisher\" content=\"https:\/\/facebook.com\/seatouintl\" \/>\n<meta property=\"article:modified_time\" content=\"2025-11-05T01:12:17+00:00\" \/>\n<meta property=\"og:image\" content=\"https:\/\/www.seatouintl.com\/wp-content\/uploads\/2021\/11\/fBnWMWPKt1-scaled.jpg\" \/>\n\t<meta property=\"og:image:width\" content=\"2560\" \/>\n\t<meta property=\"og:image:height\" content=\"2176\" \/>\n\t<meta property=\"og:image:type\" content=\"image\/jpeg\" \/>\n<meta name=\"twitter:card\" content=\"summary_large_image\" \/>\n<meta name=\"twitter:label1\" content=\"Gesch\u00e4tzte Lesezeit\" \/>\n\t<meta name=\"twitter:data1\" content=\"1\u00a0Minute\" \/>\n<script type=\"application\/ld+json\" class=\"yoast-schema-graph\">{\"@context\":\"https:\/\/schema.org\",\"@graph\":[{\"@type\":\"WebPage\",\"@id\":\"https:\/\/www.seatouintl.com\/product\/ornare-suspendisse\/\",\"url\":\"https:\/\/www.seatouintl.com\/product\/ornare-suspendisse\/\",\"name\":\"Detachable Pet Stroller - SeaToU-Pet bed Dog bed Cat bed Orthopedic pet bed Heated pet bed Self-warming pet bed Cave pet bed Donut pet bed Bolster pet bed Outdoor pet house Pet blanket Pet mat Pet pad Cooling pet mat Waterproof pet pad Faux fur pet blanket Washable pet blanket Pet throw Pet bed liner \u3001Pet clothing Dog sweater Cat hoodie Pet raincoat Pet Halloween costume Pet booties Pet T-shirt Pet pajamas Pet life jacket Pet bandana\u3001Pet toys Chew toys Interactive dog toys Cat teaser wand Squeaky toys Rope toys Puzzle toys Tug toys Ball launcher Catnip toys\u3001Pet carrier Dog backpack Cat carrier Pet stroller Travel pet carrier Soft-sided pet carrier Hard-sided pet carrier Pet sling Pet car seat Airline-approved pet carrier\u3001Pet supplies Pet accessories Pet essentials Pet care products Pet grooming supplies Pet safety gear\",\"isPartOf\":{\"@id\":\"https:\/\/www.seatouintl.com\/#website\"},\"primaryImageOfPage\":{\"@id\":\"https:\/\/www.seatouintl.com\/product\/ornare-suspendisse\/#primaryimage\"},\"image\":{\"@id\":\"https:\/\/www.seatouintl.com\/product\/ornare-suspendisse\/#primaryimage\"},\"thumbnailUrl\":\"https:\/\/www.seatouintl.com\/wp-content\/uploads\/2021\/11\/fBnWMWPKt1-scaled.jpg\",\"datePublished\":\"2021-11-30T15:35:23+00:00\",\"dateModified\":\"2025-11-05T01:12:17+00:00\",\"breadcrumb\":{\"@id\":\"https:\/\/www.seatouintl.com\/product\/ornare-suspendisse\/#breadcrumb\"},\"inLanguage\":\"de\",\"potentialAction\":[{\"@type\":\"ReadAction\",\"target\":[\"https:\/\/www.seatouintl.com\/product\/ornare-suspendisse\/\"]}]},{\"@type\":\"ImageObject\",\"inLanguage\":\"de\",\"@id\":\"https:\/\/www.seatouintl.com\/product\/ornare-suspendisse\/#primaryimage\",\"url\":\"https:\/\/www.seatouintl.com\/wp-content\/uploads\/2021\/11\/fBnWMWPKt1-scaled.jpg\",\"contentUrl\":\"https:\/\/www.seatouintl.com\/wp-content\/uploads\/2021\/11\/fBnWMWPKt1-scaled.jpg\",\"width\":2560,\"height\":2176},{\"@type\":\"BreadcrumbList\",\"@id\":\"https:\/\/www.seatouintl.com\/product\/ornare-suspendisse\/#breadcrumb\",\"itemListElement\":[{\"@type\":\"ListItem\",\"position\":1,\"name\":\"\u9996\u9875\",\"item\":\"https:\/\/www.seatouintl.com\/\"},{\"@type\":\"ListItem\",\"position\":2,\"name\":\"Products\",\"item\":\"https:\/\/www.seatouintl.com\/products\/\"},{\"@type\":\"ListItem\",\"position\":3,\"name\":\"Detachable Pet Stroller\"}]},{\"@type\":\"WebSite\",\"@id\":\"https:\/\/www.seatouintl.com\/#website\",\"url\":\"https:\/\/www.seatouintl.com\/\",\"name\":\"seatou\",\"description\":\"Pet bed Dog bed Cat bed Orthopedic pet bed Heated pet bed Self-warming pet bed Cave pet bed Donut pet bed Bolster pet bed Outdoor pet house Pet blanket Pet mat Pet pad Cooling pet mat Waterproof pet pad Faux fur pet blanket Washable pet blanket Pet throw Pet bed liner \u3001Pet clothing Dog sweater Cat hoodie Pet raincoat Pet Halloween costume Pet booties Pet T-shirt Pet pajamas Pet life jacket Pet bandana\u3001Pet toys Chew toys Interactive dog toys Cat teaser wand Squeaky toys Rope toys Puzzle toys Tug toys Ball launcher Catnip toys\u3001Pet carrier Dog backpack Cat carrier Pet stroller Travel pet carrier Soft-sided pet carrier Hard-sided pet carrier Pet sling Pet car seat Airline-approved pet carrier\u3001Pet supplies Pet accessories Pet essentials Pet care products Pet grooming supplies Pet safety gear\",\"publisher\":{\"@id\":\"https:\/\/www.seatouintl.com\/#organization\"},\"potentialAction\":[{\"@type\":\"SearchAction\",\"target\":{\"@type\":\"EntryPoint\",\"urlTemplate\":\"https:\/\/www.seatouintl.com\/?s={search_term_string}\"},\"query-input\":{\"@type\":\"PropertyValueSpecification\",\"valueRequired\":true,\"valueName\":\"search_term_string\"}}],\"inLanguage\":\"de\"},{\"@type\":\"Organization\",\"@id\":\"https:\/\/www.seatouintl.com\/#organization\",\"name\":\"seatou\",\"url\":\"https:\/\/www.seatouintl.com\/\",\"logo\":{\"@type\":\"ImageObject\",\"inLanguage\":\"de\",\"@id\":\"https:\/\/www.seatouintl.com\/#\/schema\/logo\/image\/\",\"url\":\"https:\/\/www.seatouintl.com\/wp-content\/uploads\/2025\/10\/LOGO1.png\",\"contentUrl\":\"https:\/\/www.seatouintl.com\/wp-content\/uploads\/2025\/10\/LOGO1.png\",\"width\":1043,\"height\":454,\"caption\":\"seatou\"},\"image\":{\"@id\":\"https:\/\/www.seatouintl.com\/#\/schema\/logo\/image\/\"},\"sameAs\":[\"https:\/\/facebook.com\/seatouintl\"]}]}<\/script>\n<!-- \/ Yoast SEO plugin. -->","yoast_head_json":{"title":"Abnehmbarer Kinderwagen f\u00fcr Haustiere - SeaToU-Haustierbett Hundebett Katzenbett Orthop\u00e4disches Haustierbett Beheiztes Haustierbett Selbstw\u00e4rmendes Haustierbett H\u00f6hlen-Haustierbett Donut-Haustierbett Nackenrolle Haustierbett Haustierhaus Haustierdecke Haustiermatte K\u00fchlende Haustiermatte Wasserdichte Haustiermatte Kunstfell-Haustierdecke Waschbare Haustierdecke Haustier\u00fcberwurf Haustierbetteinlage \u3001Haustierbekleidung Hundepullover Katzenkapuzenpulli Haustierregenmantel Haustier-Halloweenkost\u00fcm Haustier-Schuhe Haustier-T-Haustier-Pyjama Haustier-Schlafanzug Haustier-Schwimmweste Haustier-Halstuch\u3001Tierspielzeug Kauspielzeug Interaktives Hundespielzeug Katzenspielzeug Quietschspielzeug Seilspielzeug Puzzle-Spielzeug Zerrspielzeug Ballwerfer Katzenminze-Spielzeug\u3001Tiertransporter Hunderucksack Katzentransporter Haustier-Kinderwagen Reise-Tiertransporter Soft-Side-Tiertransporter Hard-Side-Tiertransporter Haustier-Tragetuch Haustier-Autositz Airline-zugelassener Tiertransporter\u3001Tierbedarf Haustier-Zubeh\u00f6r Haustierbedarf Haustier-Pflegeprodukte Haustier-Pflegemittel Haustier-Sicherheitsausr\u00fcstung","robots":{"index":"index","follow":"follow","max-snippet":"max-snippet:-1","max-image-preview":"max-image-preview:large","max-video-preview":"max-video-preview:-1"},"canonical":"https:\/\/www.seatouintl.com\/de\/produkt\/ornare-suspendisse\/","og_locale":"de_DE","og_type":"article","og_title":"Detachable Pet Stroller - SeaToU-Pet bed Dog bed Cat bed Orthopedic pet bed Heated pet bed Self-warming pet bed Cave pet bed Donut pet bed Bolster pet bed Outdoor pet house Pet blanket Pet mat Pet pad Cooling pet mat Waterproof pet pad Faux fur pet blanket Washable pet blanket Pet throw Pet bed liner \u3001Pet clothing Dog sweater Cat hoodie Pet raincoat Pet Halloween costume Pet booties Pet T-shirt Pet pajamas Pet life jacket Pet bandana\u3001Pet toys Chew toys Interactive dog toys Cat teaser wand Squeaky toys Rope toys Puzzle toys Tug toys Ball launcher Catnip toys\u3001Pet carrier Dog backpack Cat carrier Pet stroller Travel pet carrier Soft-sided pet carrier Hard-sided pet carrier Pet sling Pet car seat Airline-approved pet carrier\u3001Pet supplies Pet accessories Pet essentials Pet care products Pet grooming supplies Pet safety gear","og_description":"Quam viverra orci sagittis eu. Facilisis gravida neque convallis a cras. Malesuada fames ac turpis egestas maecenas pharetra convallis posuere. Sed turpis tincidunt id aliquet risus.  Proin fermentum leo vel orci porta non pulvinar neque laoreet. Imperdiet dui accumsan sit amet nulla. Felis eget nunc lobortis mattis aliquam. Eget nunc lobortis mattis aliquam faucibus purus in massa tempor.","og_url":"https:\/\/www.seatouintl.com\/de\/produkt\/ornare-suspendisse\/","og_site_name":"SeaToU-Pet bed Dog bed Cat bed Orthopedic pet bed Heated pet bed Self-warming pet bed Cave pet bed Donut pet bed Bolster pet bed Outdoor pet house Pet blanket Pet mat Pet pad Cooling pet mat Waterproof pet pad Faux fur pet blanket Washable pet blanket Pet throw Pet bed liner \u3001Pet clothing Dog sweater Cat hoodie Pet raincoat Pet Halloween costume Pet booties Pet T-shirt Pet pajamas Pet life jacket Pet bandana\u3001Pet toys Chew toys Interactive dog toys Cat teaser wand Squeaky toys Rope toys Puzzle toys Tug toys Ball launcher Catnip toys\u3001Pet carrier Dog backpack Cat carrier Pet stroller Travel pet carrier Soft-sided pet carrier Hard-sided pet carrier Pet sling Pet car seat Airline-approved pet carrier\u3001Pet supplies Pet accessories Pet essentials Pet care products Pet grooming supplies Pet safety gear","article_publisher":"https:\/\/facebook.com\/seatouintl","article_modified_time":"2025-11-05T01:12:17+00:00","og_image":[{"width":2560,"height":2176,"url":"https:\/\/www.seatouintl.com\/wp-content\/uploads\/2021\/11\/fBnWMWPKt1-scaled.jpg","type":"image\/jpeg"}],"twitter_card":"summary_large_image","twitter_misc":{"Gesch\u00e4tzte Lesezeit":"1\u00a0Minute"},"schema":{"@context":"https:\/\/schema.org","@graph":[{"@type":"WebPage","@id":"https:\/\/www.seatouintl.com\/product\/ornare-suspendisse\/","url":"https:\/\/www.seatouintl.com\/product\/ornare-suspendisse\/","name":"Abnehmbarer Kinderwagen f\u00fcr Haustiere - SeaToU-Haustierbett Hundebett Katzenbett Orthop\u00e4disches Haustierbett Beheiztes Haustierbett Selbstw\u00e4rmendes Haustierbett H\u00f6hlen-Haustierbett Donut-Haustierbett Nackenrolle Haustierbett Haustierhaus Haustierdecke Haustiermatte K\u00fchlende Haustiermatte Wasserdichte Haustiermatte Kunstfell-Haustierdecke Waschbare Haustierdecke Haustier\u00fcberwurf Haustierbetteinlage \u3001Haustierbekleidung Hundepullover Katzenkapuzenpulli Haustierregenmantel Haustier-Halloweenkost\u00fcm Haustier-Schuhe Haustier-T-Haustier-Pyjama Haustier-Schlafanzug Haustier-Schwimmweste Haustier-Halstuch\u3001Tierspielzeug Kauspielzeug Interaktives Hundespielzeug Katzenspielzeug Quietschspielzeug Seilspielzeug Puzzle-Spielzeug Zerrspielzeug Ballwerfer Katzenminze-Spielzeug\u3001Tiertransporter Hunderucksack Katzentransporter Haustier-Kinderwagen Reise-Tiertransporter Soft-Side-Tiertransporter Hard-Side-Tiertransporter Haustier-Tragetuch Haustier-Autositz Airline-zugelassener Tiertransporter\u3001Tierbedarf Haustier-Zubeh\u00f6r Haustierbedarf Haustier-Pflegeprodukte Haustier-Pflegemittel Haustier-Sicherheitsausr\u00fcstung","isPartOf":{"@id":"https:\/\/www.seatouintl.com\/#website"},"primaryImageOfPage":{"@id":"https:\/\/www.seatouintl.com\/product\/ornare-suspendisse\/#primaryimage"},"image":{"@id":"https:\/\/www.seatouintl.com\/product\/ornare-suspendisse\/#primaryimage"},"thumbnailUrl":"https:\/\/www.seatouintl.com\/wp-content\/uploads\/2021\/11\/fBnWMWPKt1-scaled.jpg","datePublished":"2021-11-30T15:35:23+00:00","dateModified":"2025-11-05T01:12:17+00:00","breadcrumb":{"@id":"https:\/\/www.seatouintl.com\/product\/ornare-suspendisse\/#breadcrumb"},"inLanguage":"de","potentialAction":[{"@type":"ReadAction","target":["https:\/\/www.seatouintl.com\/product\/ornare-suspendisse\/"]}]},{"@type":"ImageObject","inLanguage":"de","@id":"https:\/\/www.seatouintl.com\/product\/ornare-suspendisse\/#primaryimage","url":"https:\/\/www.seatouintl.com\/wp-content\/uploads\/2021\/11\/fBnWMWPKt1-scaled.jpg","contentUrl":"https:\/\/www.seatouintl.com\/wp-content\/uploads\/2021\/11\/fBnWMWPKt1-scaled.jpg","width":2560,"height":2176},{"@type":"BreadcrumbList","@id":"https:\/\/www.seatouintl.com\/product\/ornare-suspendisse\/#breadcrumb","itemListElement":[{"@type":"ListItem","position":1,"name":"\u9996\u9875","item":"https:\/\/www.seatouintl.com\/"},{"@type":"ListItem","position":2,"name":"Products","item":"https:\/\/www.seatouintl.com\/products\/"},{"@type":"ListItem","position":3,"name":"Detachable Pet Stroller"}]},{"@type":"WebSite","@id":"https:\/\/www.seatouintl.com\/#website","url":"https:\/\/www.seatouintl.com\/","name":"seatou","description":"Haustierbett Hundebett Katzenbett Orthop\u00e4disches Haustierbett Beheiztes Haustierbett Selbstw\u00e4rmendes Haustierbett H\u00f6hlen-Haustierbett Nackenrolle Haustierbett Haustierhaus Haustierdecke Haustiermatte Haustiermatte K\u00fchlende Haustiermatte Wasserdichte Haustiermatte Kunstfell-Tierdecke Waschbare Haustierdecke Haustier\u00fcberwurf Haustierbetteinlage \u3001Tierbekleidung Hundepullover Katzenkapuzenpulli Haustier-Regenmantel Haustier-Halloweenkost\u00fcm Haustier-Schuhe Haustier-T-Haustier-Pyjama Haustier-Schlafanzug Haustier-Schwimmweste Haustier-Halstuch\u3001Tierspielzeug Kauspielzeug Interaktives Hundespielzeug Katzenspielzeug Quietschspielzeug Seilspielzeug Puzzle-Spielzeug Zerrspielzeug Ballwerfer Katzenminze-Spielzeug\u3001Tiertransporter Hunderucksack Katzentransporter Haustier-Kinderwagen Reise-Tiertransporter Soft-Side-Tiertransporter Hard-Side-Tiertransporter Haustier-Tragetuch Haustier-Autositz Airline-zugelassener Tiertransporter\u3001Tierbedarf Haustier-Zubeh\u00f6r Haustierbedarf Haustier-Pflegeprodukte Haustier-Pflegemittel Haustier-Sicherheitsausr\u00fcstung","publisher":{"@id":"https:\/\/www.seatouintl.com\/#organization"},"potentialAction":[{"@type":"SearchAction","target":{"@type":"EntryPoint","urlTemplate":"https:\/\/www.seatouintl.com\/?s={search_term_string}"},"query-input":{"@type":"PropertyValueSpecification","valueRequired":true,"valueName":"search_term_string"}}],"inLanguage":"de"},{"@type":"Organization","@id":"https:\/\/www.seatouintl.com\/#organization","name":"seatou","url":"https:\/\/www.seatouintl.com\/","logo":{"@type":"ImageObject","inLanguage":"de","@id":"https:\/\/www.seatouintl.com\/#\/schema\/logo\/image\/","url":"https:\/\/www.seatouintl.com\/wp-content\/uploads\/2025\/10\/LOGO1.png","contentUrl":"https:\/\/www.seatouintl.com\/wp-content\/uploads\/2025\/10\/LOGO1.png","width":1043,"height":454,"caption":"seatou"},"image":{"@id":"https:\/\/www.seatouintl.com\/#\/schema\/logo\/image\/"},"sameAs":["https:\/\/facebook.com\/seatouintl"]}]}},"_links":{"self":[{"href":"https:\/\/www.seatouintl.com\/de\/wp-json\/wp\/v2\/product\/83","targetHints":{"allow":["GET"]}}],"collection":[{"href":"https:\/\/www.seatouintl.com\/de\/wp-json\/wp\/v2\/product"}],"about":[{"href":"https:\/\/www.seatouintl.com\/de\/wp-json\/wp\/v2\/types\/product"}],"wp:featuredmedia":[{"embeddable":true,"href":"https:\/\/www.seatouintl.com\/de\/wp-json\/wp\/v2\/media\/3273"}],"wp:attachment":[{"href":"https:\/\/www.seatouintl.com\/de\/wp-json\/wp\/v2\/media?parent=83"}],"wp:term":[{"taxonomy":"product_brand","embeddable":true,"href":"https:\/\/www.seatouintl.com\/de\/wp-json\/wp\/v2\/product_brand?post=83"},{"taxonomy":"product_cat","embeddable":true,"href":"https:\/\/www.seatouintl.com\/de\/wp-json\/wp\/v2\/product_cat?post=83"},{"taxonomy":"product_tag","embeddable":true,"href":"https:\/\/www.seatouintl.com\/de\/wp-json\/wp\/v2\/product_tag?post=83"}],"curies":[{"name":"wp","href":"https:\/\/api.w.org\/{rel}","templated":true}]}}