{"id":3390,"date":"2025-11-06T21:28:54","date_gmt":"2025-11-06T13:28:54","guid":{"rendered":"https:\/\/www.seatouintl.com\/?post_type=product&#038;p=3390"},"modified":"2025-11-06T21:28:54","modified_gmt":"2025-11-06T13:28:54","slug":"vaqueros-coleccion-de-animales-marinos-con-cuerda-juguetes-para-perros-masticar","status":"publish","type":"product","link":"https:\/\/www.seatouintl.com\/es\/producto\/vaqueros-coleccion-de-animales-marinos-con-cuerda-juguetes-para-perros-masticar\/","title":{"rendered":"Denim Colecci\u00f3n Animales Marinos Con Cuerda Juguetes Para Perro"},"content":{"rendered":"","protected":false},"excerpt":{"rendered":"<p><img decoding=\"async\" class=\"alignnone  wp-image-2254\" src=\"https:\/\/www.seatouintl.com\/wp-content\/uploads\/2025\/10\/LOGO3-1-300x103.png\" alt=\"\" width=\"151\" height=\"52\" srcset=\"https:\/\/www.seatouintl.com\/wp-content\/uploads\/2025\/10\/LOGO3-1-300x103.png 300w, https:\/\/www.seatouintl.com\/wp-content\/uploads\/2025\/10\/LOGO3-1-600x207.png 600w, https:\/\/www.seatouintl.com\/wp-content\/uploads\/2025\/10\/LOGO3-1-400x138.png 400w, https:\/\/www.seatouintl.com\/wp-content\/uploads\/2025\/10\/LOGO3-1-768x265.png 768w, https:\/\/www.seatouintl.com\/wp-content\/uploads\/2025\/10\/LOGO3-1.png 850w\" sizes=\"(max-width: 151px) 100vw, 151px\" \/><\/p>\n<p>Un genial conjunto de juguetes para perros con forma de animales del oc\u00e9ano azul profundo. Contiene varias cuerdas para que el perro se divierta tirando de ellas desde varias direcciones.<\/p>\n<h5>Tama\u00f1o:<\/h5>\n<p>4,3\u201d\u00d76,5\u201d\u00d72,6\u201d (langosta)<\/p>\n<p>7,1\u201d (Estrella de mar 1)<\/p>\n<p>5,9\u201d\u00d76,5\u201d (Estrella de mar 2)<\/p>\n<h5>Material principal:<\/h5>\n<p>Tejido vaquero, cuerda de algod\u00f3n, chirriador<\/p>\n<h5>Beneficios clave:<\/h5>\n<ul>\n<li>Material seguro y duradero<\/li>\n<li>Lavable a m\u00e1quina<\/li>\n<li>Diversi\u00f3n chirriante<\/li>\n<li>Resistente a tirones<\/li>\n<\/ul>","protected":false},"featured_media":3393,"template":"","meta":[],"product_brand":[],"product_cat":[59],"product_tag":[67],"class_list":{"0":"post-3390","1":"product","2":"type-product","3":"status-publish","4":"has-post-thumbnail","6":"product_cat-plush-dog-toys-rubber-chew-toys","7":"product_tag-toys","9":"first","10":"instock","11":"shipping-taxable","12":"product-type-simple"},"yoast_head":"<!-- This site is optimized with the Yoast SEO plugin v26.5 - https:\/\/yoast.com\/wordpress\/plugins\/seo\/ -->\n<title>Denim Sea Animals Collection With Rope Dog Chew Toys - SeaToU-Pet bed Dog bed Cat bed Orthopedic pet bed Heated pet bed Self-warming pet bed Cave pet bed Donut pet bed Bolster pet bed Outdoor pet house Pet blanket Pet mat Pet pad Cooling pet mat Waterproof pet pad Faux fur pet blanket Washable pet blanket Pet throw Pet bed liner \u3001Pet clothing Dog sweater Cat hoodie Pet raincoat Pet Halloween costume Pet booties Pet T-shirt Pet pajamas Pet life jacket Pet bandana\u3001Pet toys Chew toys Interactive dog toys Cat teaser wand Squeaky toys Rope toys Puzzle toys Tug toys Ball launcher Catnip toys\u3001Pet carrier Dog backpack Cat carrier Pet stroller Travel pet carrier Soft-sided pet carrier Hard-sided pet carrier Pet sling Pet car seat Airline-approved pet carrier\u3001Pet supplies Pet accessories Pet essentials Pet care products Pet grooming supplies Pet safety gear<\/title>\n<meta name=\"description\" content=\"A cool set of deep blue denim dog toys in the shape of animals from the deep blue ocean. Contains multiple ropes to allow tugging fun from various directions.\" \/>\n<meta name=\"robots\" content=\"index, follow, max-snippet:-1, max-image-preview:large, max-video-preview:-1\" \/>\n<link rel=\"canonical\" href=\"https:\/\/www.seatouintl.com\/es\/producto\/vaqueros-coleccion-de-animales-marinos-con-cuerda-juguetes-para-perros-masticar\/\" \/>\n<meta property=\"og:locale\" content=\"es_ES\" \/>\n<meta property=\"og:type\" content=\"article\" \/>\n<meta property=\"og:title\" content=\"Denim Sea Animals Collection With Rope Dog Chew Toys - SeaToU-Pet bed Dog bed Cat bed Orthopedic pet bed Heated pet bed Self-warming pet bed Cave pet bed Donut pet bed Bolster pet bed Outdoor pet house Pet blanket Pet mat Pet pad Cooling pet mat Waterproof pet pad Faux fur pet blanket Washable pet blanket Pet throw Pet bed liner \u3001Pet clothing Dog sweater Cat hoodie Pet raincoat Pet Halloween costume Pet booties Pet T-shirt Pet pajamas Pet life jacket Pet bandana\u3001Pet toys Chew toys Interactive dog toys Cat teaser wand Squeaky toys Rope toys Puzzle toys Tug toys Ball launcher Catnip toys\u3001Pet carrier Dog backpack Cat carrier Pet stroller Travel pet carrier Soft-sided pet carrier Hard-sided pet carrier Pet sling Pet car seat Airline-approved pet carrier\u3001Pet supplies Pet accessories Pet essentials Pet care products Pet grooming supplies Pet safety gear\" \/>\n<meta property=\"og:description\" content=\"A cool set of deep blue denim dog toys in the shape of animals from the deep blue ocean. Contains multiple ropes to allow tugging fun from various directions.\" \/>\n<meta property=\"og:url\" content=\"https:\/\/www.seatouintl.com\/es\/producto\/vaqueros-coleccion-de-animales-marinos-con-cuerda-juguetes-para-perros-masticar\/\" \/>\n<meta property=\"og:site_name\" content=\"SeaToU-Pet bed Dog bed Cat bed Orthopedic pet bed Heated pet bed Self-warming pet bed Cave pet bed Donut pet bed Bolster pet bed Outdoor pet house Pet blanket Pet mat Pet pad Cooling pet mat Waterproof pet pad Faux fur pet blanket Washable pet blanket Pet throw Pet bed liner \u3001Pet clothing Dog sweater Cat hoodie Pet raincoat Pet Halloween costume Pet booties Pet T-shirt Pet pajamas Pet life jacket Pet bandana\u3001Pet toys Chew toys Interactive dog toys Cat teaser wand Squeaky toys Rope toys Puzzle toys Tug toys Ball launcher Catnip toys\u3001Pet carrier Dog backpack Cat carrier Pet stroller Travel pet carrier Soft-sided pet carrier Hard-sided pet carrier Pet sling Pet car seat Airline-approved pet carrier\u3001Pet supplies Pet accessories Pet essentials Pet care products Pet grooming supplies Pet safety gear\" \/>\n<meta property=\"article:publisher\" content=\"https:\/\/facebook.com\/seatouintl\" \/>\n<meta property=\"og:image\" content=\"https:\/\/www.seatouintl.com\/wp-content\/uploads\/2025\/11\/denim-sea-animals-collection-with-rope-dog-chew-toys.jpg\" \/>\n\t<meta property=\"og:image:width\" content=\"800\" \/>\n\t<meta property=\"og:image:height\" content=\"680\" \/>\n\t<meta property=\"og:image:type\" content=\"image\/jpeg\" \/>\n<meta name=\"twitter:card\" content=\"summary_large_image\" \/>\n<meta name=\"twitter:label1\" content=\"Tiempo de lectura\" \/>\n\t<meta name=\"twitter:data1\" content=\"1 minuto\" \/>\n<script type=\"application\/ld+json\" class=\"yoast-schema-graph\">{\"@context\":\"https:\/\/schema.org\",\"@graph\":[{\"@type\":\"WebPage\",\"@id\":\"https:\/\/www.seatouintl.com\/product\/denim-sea-animals-collection-with-rope-dog-chew-toys\/\",\"url\":\"https:\/\/www.seatouintl.com\/product\/denim-sea-animals-collection-with-rope-dog-chew-toys\/\",\"name\":\"Denim Sea Animals Collection With Rope Dog Chew Toys - SeaToU-Pet bed Dog bed Cat bed Orthopedic pet bed Heated pet bed Self-warming pet bed Cave pet bed Donut pet bed Bolster pet bed Outdoor pet house Pet blanket Pet mat Pet pad Cooling pet mat Waterproof pet pad Faux fur pet blanket Washable pet blanket Pet throw Pet bed liner \u3001Pet clothing Dog sweater Cat hoodie Pet raincoat Pet Halloween costume Pet booties Pet T-shirt Pet pajamas Pet life jacket Pet bandana\u3001Pet toys Chew toys Interactive dog toys Cat teaser wand Squeaky toys Rope toys Puzzle toys Tug toys Ball launcher Catnip toys\u3001Pet carrier Dog backpack Cat carrier Pet stroller Travel pet carrier Soft-sided pet carrier Hard-sided pet carrier Pet sling Pet car seat Airline-approved pet carrier\u3001Pet supplies Pet accessories Pet essentials Pet care products Pet grooming supplies Pet safety gear\",\"isPartOf\":{\"@id\":\"https:\/\/www.seatouintl.com\/#website\"},\"primaryImageOfPage\":{\"@id\":\"https:\/\/www.seatouintl.com\/product\/denim-sea-animals-collection-with-rope-dog-chew-toys\/#primaryimage\"},\"image\":{\"@id\":\"https:\/\/www.seatouintl.com\/product\/denim-sea-animals-collection-with-rope-dog-chew-toys\/#primaryimage\"},\"thumbnailUrl\":\"https:\/\/www.seatouintl.com\/wp-content\/uploads\/2025\/11\/denim-sea-animals-collection-with-rope-dog-chew-toys.jpg\",\"datePublished\":\"2025-11-06T13:28:54+00:00\",\"description\":\"A cool set of deep blue denim dog toys in the shape of animals from the deep blue ocean. Contains multiple ropes to allow tugging fun from various directions.\",\"breadcrumb\":{\"@id\":\"https:\/\/www.seatouintl.com\/product\/denim-sea-animals-collection-with-rope-dog-chew-toys\/#breadcrumb\"},\"inLanguage\":\"es\",\"potentialAction\":[{\"@type\":\"ReadAction\",\"target\":[\"https:\/\/www.seatouintl.com\/product\/denim-sea-animals-collection-with-rope-dog-chew-toys\/\"]}]},{\"@type\":\"ImageObject\",\"inLanguage\":\"es\",\"@id\":\"https:\/\/www.seatouintl.com\/product\/denim-sea-animals-collection-with-rope-dog-chew-toys\/#primaryimage\",\"url\":\"https:\/\/www.seatouintl.com\/wp-content\/uploads\/2025\/11\/denim-sea-animals-collection-with-rope-dog-chew-toys.jpg\",\"contentUrl\":\"https:\/\/www.seatouintl.com\/wp-content\/uploads\/2025\/11\/denim-sea-animals-collection-with-rope-dog-chew-toys.jpg\",\"width\":800,\"height\":680},{\"@type\":\"BreadcrumbList\",\"@id\":\"https:\/\/www.seatouintl.com\/product\/denim-sea-animals-collection-with-rope-dog-chew-toys\/#breadcrumb\",\"itemListElement\":[{\"@type\":\"ListItem\",\"position\":1,\"name\":\"\u9996\u9875\",\"item\":\"https:\/\/www.seatouintl.com\/\"},{\"@type\":\"ListItem\",\"position\":2,\"name\":\"Products\",\"item\":\"https:\/\/www.seatouintl.com\/products\/\"},{\"@type\":\"ListItem\",\"position\":3,\"name\":\"Denim Sea Animals Collection With Rope Dog Chew Toys\"}]},{\"@type\":\"WebSite\",\"@id\":\"https:\/\/www.seatouintl.com\/#website\",\"url\":\"https:\/\/www.seatouintl.com\/\",\"name\":\"seatou\",\"description\":\"Pet bed Dog bed Cat bed Orthopedic pet bed Heated pet bed Self-warming pet bed Cave pet bed Donut pet bed Bolster pet bed Outdoor pet house Pet blanket Pet mat Pet pad Cooling pet mat Waterproof pet pad Faux fur pet blanket Washable pet blanket Pet throw Pet bed liner \u3001Pet clothing Dog sweater Cat hoodie Pet raincoat Pet Halloween costume Pet booties Pet T-shirt Pet pajamas Pet life jacket Pet bandana\u3001Pet toys Chew toys Interactive dog toys Cat teaser wand Squeaky toys Rope toys Puzzle toys Tug toys Ball launcher Catnip toys\u3001Pet carrier Dog backpack Cat carrier Pet stroller Travel pet carrier Soft-sided pet carrier Hard-sided pet carrier Pet sling Pet car seat Airline-approved pet carrier\u3001Pet supplies Pet accessories Pet essentials Pet care products Pet grooming supplies Pet safety gear\",\"publisher\":{\"@id\":\"https:\/\/www.seatouintl.com\/#organization\"},\"potentialAction\":[{\"@type\":\"SearchAction\",\"target\":{\"@type\":\"EntryPoint\",\"urlTemplate\":\"https:\/\/www.seatouintl.com\/?s={search_term_string}\"},\"query-input\":{\"@type\":\"PropertyValueSpecification\",\"valueRequired\":true,\"valueName\":\"search_term_string\"}}],\"inLanguage\":\"es\"},{\"@type\":\"Organization\",\"@id\":\"https:\/\/www.seatouintl.com\/#organization\",\"name\":\"seatou\",\"url\":\"https:\/\/www.seatouintl.com\/\",\"logo\":{\"@type\":\"ImageObject\",\"inLanguage\":\"es\",\"@id\":\"https:\/\/www.seatouintl.com\/#\/schema\/logo\/image\/\",\"url\":\"https:\/\/www.seatouintl.com\/wp-content\/uploads\/2025\/10\/LOGO1.png\",\"contentUrl\":\"https:\/\/www.seatouintl.com\/wp-content\/uploads\/2025\/10\/LOGO1.png\",\"width\":1043,\"height\":454,\"caption\":\"seatou\"},\"image\":{\"@id\":\"https:\/\/www.seatouintl.com\/#\/schema\/logo\/image\/\"},\"sameAs\":[\"https:\/\/facebook.com\/seatouintl\"]}]}<\/script>\n<!-- \/ Yoast SEO plugin. -->","yoast_head_json":{"title":"Denim Sea Animals Collection With Rope Dog Chew Toys - SeaToU-Pet bed Dog bed Cat bed Orthopedic pet bed Heated pet bed Self-warming pet bed Cave pet bed Donut pet bed Bolster pet bed Outdoor pet house Pet blanket Pet mat Pet pad Cooling pet mat Waterproof pet pad Faux fur pet blanket Washable pet blanket Pet throw Pet bed liner \u3001Pet clothing Dog sweater Cat hoodie Pet raincoat Pet Halloween costume Pet booties Pet T-Juguetes para mascotas Juguetes interactivos para perros Juguetes para gatos Juguetes chirriantes Juguetes de cuerda Juguetes de rompecabezas Juguetes de tracci\u00f3n Lanzapelotas Juguetes con hierba gatera\u3001Transport\u00edn Mochila para perros Transport\u00edn para gatos Cochecito de viaje Transport\u00edn blando Transport\u00edn r\u00edgido Eslinga para mascotas Silla de coche para mascotas Transport\u00edn homologado por la aerol\u00ednea\u3001Accesorios para mascotas Productos esenciales para mascotas Productos para el cuidado de mascotas Art\u00edculos para el aseo de mascotas Material de seguridad para mascotas","description":"Un genial conjunto de juguetes para perros con forma de animales del oc\u00e9ano azul profundo. Contiene varias cuerdas para que el perro se divierta tirando de ellas desde varias direcciones.","robots":{"index":"index","follow":"follow","max-snippet":"max-snippet:-1","max-image-preview":"max-image-preview:large","max-video-preview":"max-video-preview:-1"},"canonical":"https:\/\/www.seatouintl.com\/es\/producto\/vaqueros-coleccion-de-animales-marinos-con-cuerda-juguetes-para-perros-masticar\/","og_locale":"es_ES","og_type":"article","og_title":"Denim Sea Animals Collection With Rope Dog Chew Toys - SeaToU-Pet bed Dog bed Cat bed Orthopedic pet bed Heated pet bed Self-warming pet bed Cave pet bed Donut pet bed Bolster pet bed Outdoor pet house Pet blanket Pet mat Pet pad Cooling pet mat Waterproof pet pad Faux fur pet blanket Washable pet blanket Pet throw Pet bed liner \u3001Pet clothing Dog sweater Cat hoodie Pet raincoat Pet Halloween costume Pet booties Pet T-shirt Pet pajamas Pet life jacket Pet bandana\u3001Pet toys Chew toys Interactive dog toys Cat teaser wand Squeaky toys Rope toys Puzzle toys Tug toys Ball launcher Catnip toys\u3001Pet carrier Dog backpack Cat carrier Pet stroller Travel pet carrier Soft-sided pet carrier Hard-sided pet carrier Pet sling Pet car seat Airline-approved pet carrier\u3001Pet supplies Pet accessories Pet essentials Pet care products Pet grooming supplies Pet safety gear","og_description":"A cool set of deep blue denim dog toys in the shape of animals from the deep blue ocean. Contains multiple ropes to allow tugging fun from various directions.","og_url":"https:\/\/www.seatouintl.com\/es\/producto\/vaqueros-coleccion-de-animales-marinos-con-cuerda-juguetes-para-perros-masticar\/","og_site_name":"SeaToU-Pet bed Dog bed Cat bed Orthopedic pet bed Heated pet bed Self-warming pet bed Cave pet bed Donut pet bed Bolster pet bed Outdoor pet house Pet blanket Pet mat Pet pad Cooling pet mat Waterproof pet pad Faux fur pet blanket Washable pet blanket Pet throw Pet bed liner \u3001Pet clothing Dog sweater Cat hoodie Pet raincoat Pet Halloween costume Pet booties Pet T-shirt Pet pajamas Pet life jacket Pet bandana\u3001Pet toys Chew toys Interactive dog toys Cat teaser wand Squeaky toys Rope toys Puzzle toys Tug toys Ball launcher Catnip toys\u3001Pet carrier Dog backpack Cat carrier Pet stroller Travel pet carrier Soft-sided pet carrier Hard-sided pet carrier Pet sling Pet car seat Airline-approved pet carrier\u3001Pet supplies Pet accessories Pet essentials Pet care products Pet grooming supplies Pet safety gear","article_publisher":"https:\/\/facebook.com\/seatouintl","og_image":[{"width":800,"height":680,"url":"https:\/\/www.seatouintl.com\/wp-content\/uploads\/2025\/11\/denim-sea-animals-collection-with-rope-dog-chew-toys.jpg","type":"image\/jpeg"}],"twitter_card":"summary_large_image","twitter_misc":{"Tiempo de lectura":"1 minuto"},"schema":{"@context":"https:\/\/schema.org","@graph":[{"@type":"WebPage","@id":"https:\/\/www.seatouintl.com\/product\/denim-sea-animals-collection-with-rope-dog-chew-toys\/","url":"https:\/\/www.seatouintl.com\/product\/denim-sea-animals-collection-with-rope-dog-chew-toys\/","name":"Denim Sea Animals Collection With Rope Dog Chew Toys - SeaToU-Pet bed Dog bed Cat bed Orthopedic pet bed Heated pet bed Self-warming pet bed Cave pet bed Donut pet bed Bolster pet bed Outdoor pet house Pet blanket Pet mat Pet pad Cooling pet mat Waterproof pet pad Faux fur pet blanket Washable pet blanket Pet throw Pet bed liner \u3001Pet clothing Dog sweater Cat hoodie Pet raincoat Pet Halloween costume Pet booties Pet T-Juguetes para mascotas Juguetes interactivos para perros Juguetes para gatos Juguetes chirriantes Juguetes de cuerda Juguetes de rompecabezas Juguetes de tracci\u00f3n Lanzapelotas Juguetes con hierba gatera\u3001Transport\u00edn Mochila para perros Transport\u00edn para gatos Cochecito de viaje Transport\u00edn blando Transport\u00edn r\u00edgido Eslinga para mascotas Silla de coche para mascotas Transport\u00edn homologado por la aerol\u00ednea\u3001Accesorios para mascotas Productos esenciales para mascotas Productos para el cuidado de mascotas Art\u00edculos para el aseo de mascotas Material de seguridad para mascotas","isPartOf":{"@id":"https:\/\/www.seatouintl.com\/#website"},"primaryImageOfPage":{"@id":"https:\/\/www.seatouintl.com\/product\/denim-sea-animals-collection-with-rope-dog-chew-toys\/#primaryimage"},"image":{"@id":"https:\/\/www.seatouintl.com\/product\/denim-sea-animals-collection-with-rope-dog-chew-toys\/#primaryimage"},"thumbnailUrl":"https:\/\/www.seatouintl.com\/wp-content\/uploads\/2025\/11\/denim-sea-animals-collection-with-rope-dog-chew-toys.jpg","datePublished":"2025-11-06T13:28:54+00:00","description":"Un genial conjunto de juguetes para perros con forma de animales del oc\u00e9ano azul profundo. Contiene varias cuerdas para que el perro se divierta tirando de ellas desde varias direcciones.","breadcrumb":{"@id":"https:\/\/www.seatouintl.com\/product\/denim-sea-animals-collection-with-rope-dog-chew-toys\/#breadcrumb"},"inLanguage":"es","potentialAction":[{"@type":"ReadAction","target":["https:\/\/www.seatouintl.com\/product\/denim-sea-animals-collection-with-rope-dog-chew-toys\/"]}]},{"@type":"ImageObject","inLanguage":"es","@id":"https:\/\/www.seatouintl.com\/product\/denim-sea-animals-collection-with-rope-dog-chew-toys\/#primaryimage","url":"https:\/\/www.seatouintl.com\/wp-content\/uploads\/2025\/11\/denim-sea-animals-collection-with-rope-dog-chew-toys.jpg","contentUrl":"https:\/\/www.seatouintl.com\/wp-content\/uploads\/2025\/11\/denim-sea-animals-collection-with-rope-dog-chew-toys.jpg","width":800,"height":680},{"@type":"BreadcrumbList","@id":"https:\/\/www.seatouintl.com\/product\/denim-sea-animals-collection-with-rope-dog-chew-toys\/#breadcrumb","itemListElement":[{"@type":"ListItem","position":1,"name":"\u9996\u9875","item":"https:\/\/www.seatouintl.com\/"},{"@type":"ListItem","position":2,"name":"Products","item":"https:\/\/www.seatouintl.com\/products\/"},{"@type":"ListItem","position":3,"name":"Denim Sea Animals Collection With Rope Dog Chew Toys"}]},{"@type":"WebSite","@id":"https:\/\/www.seatouintl.com\/#website","url":"https:\/\/www.seatouintl.com\/","name":"seatou","description":"Cama para mascotas Cama para perros Cama para gatos Cama ortop\u00e9dica para mascotas Cama autocalentable para mascotas Cueva para mascotas Cama para mascotas Donut Cama para mascotas Almohada para mascotas Casa para mascotas al aire libre Manta para mascotas Estera para mascotas Almohadilla para mascotas Enfriamiento Estera para mascotas Impermeable Estera para mascotas Manta de piel sint\u00e9tica para mascotas Manta lavable para mascotas Colcha para mascotas Ropa para mascotas Su\u00e9ter para perros Sudadera con capucha para gatos Impermeable para mascotas Disfraz de Halloween para mascotas Botines para mascotas Camiseta para mascotas Pijama para mascotas Chaleco salvavidas Bandana para mascotasJuguetes para mascotas Juguetes interactivos para perros Juguetes para gatos Juguetes chirriantes Juguetes de cuerda Juguetes de rompecabezas Juguetes de tracci\u00f3n Lanzapelotas Juguetes con hierba gatera\u3001Transport\u00edn Mochila para perros Transport\u00edn para gatos Cochecito de viaje Transport\u00edn blando Transport\u00edn r\u00edgido Eslinga para mascotas Silla de coche para mascotas Transport\u00edn homologado por la aerol\u00ednea\u3001Accesorios para mascotas Productos esenciales para mascotas Productos para el cuidado de mascotas Art\u00edculos para el aseo de mascotas Material de seguridad para mascotas","publisher":{"@id":"https:\/\/www.seatouintl.com\/#organization"},"potentialAction":[{"@type":"SearchAction","target":{"@type":"EntryPoint","urlTemplate":"https:\/\/www.seatouintl.com\/?s={search_term_string}"},"query-input":{"@type":"PropertyValueSpecification","valueRequired":true,"valueName":"search_term_string"}}],"inLanguage":"es"},{"@type":"Organization","@id":"https:\/\/www.seatouintl.com\/#organization","name":"seatou","url":"https:\/\/www.seatouintl.com\/","logo":{"@type":"ImageObject","inLanguage":"es","@id":"https:\/\/www.seatouintl.com\/#\/schema\/logo\/image\/","url":"https:\/\/www.seatouintl.com\/wp-content\/uploads\/2025\/10\/LOGO1.png","contentUrl":"https:\/\/www.seatouintl.com\/wp-content\/uploads\/2025\/10\/LOGO1.png","width":1043,"height":454,"caption":"seatou"},"image":{"@id":"https:\/\/www.seatouintl.com\/#\/schema\/logo\/image\/"},"sameAs":["https:\/\/facebook.com\/seatouintl"]}]}},"_links":{"self":[{"href":"https:\/\/www.seatouintl.com\/es\/wp-json\/wp\/v2\/product\/3390","targetHints":{"allow":["GET"]}}],"collection":[{"href":"https:\/\/www.seatouintl.com\/es\/wp-json\/wp\/v2\/product"}],"about":[{"href":"https:\/\/www.seatouintl.com\/es\/wp-json\/wp\/v2\/types\/product"}],"wp:featuredmedia":[{"embeddable":true,"href":"https:\/\/www.seatouintl.com\/es\/wp-json\/wp\/v2\/media\/3393"}],"wp:attachment":[{"href":"https:\/\/www.seatouintl.com\/es\/wp-json\/wp\/v2\/media?parent=3390"}],"wp:term":[{"taxonomy":"product_brand","embeddable":true,"href":"https:\/\/www.seatouintl.com\/es\/wp-json\/wp\/v2\/product_brand?post=3390"},{"taxonomy":"product_cat","embeddable":true,"href":"https:\/\/www.seatouintl.com\/es\/wp-json\/wp\/v2\/product_cat?post=3390"},{"taxonomy":"product_tag","embeddable":true,"href":"https:\/\/www.seatouintl.com\/es\/wp-json\/wp\/v2\/product_tag?post=3390"}],"curies":[{"name":"wp","href":"https:\/\/api.w.org\/{rel}","templated":true}]}}