{"id":3631,"date":"2025-11-09T21:45:09","date_gmt":"2025-11-09T13:45:09","guid":{"rendered":"https:\/\/www.seatouintl.com\/?post_type=product&#038;p=3631"},"modified":"2026-01-28T23:28:03","modified_gmt":"2026-01-28T15:28:03","slug":"impermeable-con-abertura-para-arnes-de-perro","status":"publish","type":"product","link":"https:\/\/www.seatouintl.com\/es\/producto\/impermeable-con-abertura-para-arnes-de-perro\/","title":{"rendered":"Impermeable con abertura para arn\u00e9s de perro"},"content":{"rendered":"","protected":false},"excerpt":{"rendered":"<p>Fabricado con tejido 100% impermeable de alta calidad, el chubasquero HUFT Magical Mist garantiza que el pelaje de tu amigo peludo permanezca seco y protegido incluso en los d\u00edas m\u00e1s h\u00famedos.<\/p>\n<p>Con un pr\u00e1ctico cierre de velcro en la parte delantera, este impermeable ofrece un ajuste ce\u00f1ido y seguro que resulta f\u00e1cil de llevar para perros de todos los tama\u00f1os. La capucha, las mangas y el dobladillo inferior disponen de corchetes que permiten ajustar el chubasquero a la forma de su perro. La abertura para la correa del cuello en la nuca incluye solapas protectoras para evitar que se filtre la lluvia durante los paseos. Tambi\u00e9n hemos a\u00f1adido una abertura para la correa del arn\u00e9s con solapa para un acceso f\u00e1cil y resistente al agua.<\/p>\n<p>Perfecto para los paseos nocturnos, el impermeable mantendr\u00e1 visible a tu mascota gracias a la banda reflectante de la parte posterior del abrigo.<\/p>\n<p><strong>Caracter\u00edsticas:<\/strong><\/p>\n<ul>\n<li>Impermeable y de doble capa<\/li>\n<li>Capucha, mangas y dobladillo inferior ajustables mediante corchetes<\/li>\n<li>Cierre de velcro en la parte delantera<\/li>\n<li>Una abertura para la correa del collar y una abertura para la correa del arn\u00e9s con solapas<\/li>\n<li>Apto para todas las razas<\/li>\n<li>F\u00e1cil de llevar<\/li>\n<li>Viene con una bolsa para guardarlo<\/li>\n<li>Banda reflectante en la espalda para mayor visibilidad<\/li>\n<\/ul>","protected":false},"featured_media":3633,"template":"","meta":[],"product_brand":[],"product_cat":[57],"product_tag":[73],"class_list":{"0":"post-3631","1":"product","2":"type-product","3":"status-publish","4":"has-post-thumbnail","6":"product_cat-fashionable-dog-clothes-cozy-sweaters-raincoats-or-festive-pet-wear","7":"product_tag-raincoat","9":"first","10":"instock","11":"shipping-taxable","12":"product-type-simple"},"yoast_head":"<!-- This site is optimized with the Yoast SEO plugin v26.5 - https:\/\/yoast.com\/wordpress\/plugins\/seo\/ -->\n<title>Raincoat With Harness Opening For Dog - SeaToU-Pet bed Dog bed Cat bed Orthopedic pet bed Heated pet bed Self-warming pet bed Cave pet bed Donut pet bed Bolster pet bed Outdoor pet house Pet blanket Pet mat Pet pad Cooling pet mat Waterproof pet pad Faux fur pet blanket Washable pet blanket Pet throw Pet bed liner \u3001Pet clothing Dog sweater Cat hoodie Pet raincoat Pet Halloween costume Pet booties Pet T-shirt Pet pajamas Pet life jacket Pet bandana\u3001Pet toys Chew toys Interactive dog toys Cat teaser wand Squeaky toys Rope toys Puzzle toys Tug toys Ball launcher Catnip toys\u3001Pet carrier Dog backpack Cat carrier Pet stroller Travel pet carrier Soft-sided pet carrier Hard-sided pet carrier Pet sling Pet car seat Airline-approved pet carrier\u3001Pet supplies Pet accessories Pet essentials Pet care products Pet grooming supplies Pet safety gear<\/title>\n<meta name=\"description\" content=\"Made from high-quality, 100% water-proof fabric, HUFT Magical Mist Raincoat ensures that your furry friend&#039;s coat remains dry and protected even during the wettest of weather.Featuring a convenient velcro closure in the front, this raincoat offers a snug and secure fit that&#039;s easy to wear for dogs of all sizes. Toggles are added on the hood, sleeves and bottom hem for added adjustability, allowing you to customize the fit according to your dog&#039;s unique shape. The collar leash opening at the back of the neck includes protective flaps to keep rain from seeping in during walks. We&#039;ve also added a harness leash opening with a flap for easy, water-resistant access.Perfect for night strolls, the raincoat will keep your pet visible with the reflective strip on the back of the coat.\" \/>\n<meta name=\"robots\" content=\"index, follow, max-snippet:-1, max-image-preview:large, max-video-preview:-1\" \/>\n<link rel=\"canonical\" href=\"https:\/\/www.seatouintl.com\/es\/producto\/impermeable-con-abertura-para-arnes-de-perro\/\" \/>\n<meta property=\"og:locale\" content=\"es_ES\" \/>\n<meta property=\"og:type\" content=\"article\" \/>\n<meta property=\"og:title\" content=\"Raincoat With Harness Opening For Dog - SeaToU-Pet bed Dog bed Cat bed Orthopedic pet bed Heated pet bed Self-warming pet bed Cave pet bed Donut pet bed Bolster pet bed Outdoor pet house Pet blanket Pet mat Pet pad Cooling pet mat Waterproof pet pad Faux fur pet blanket Washable pet blanket Pet throw Pet bed liner \u3001Pet clothing Dog sweater Cat hoodie Pet raincoat Pet Halloween costume Pet booties Pet T-shirt Pet pajamas Pet life jacket Pet bandana\u3001Pet toys Chew toys Interactive dog toys Cat teaser wand Squeaky toys Rope toys Puzzle toys Tug toys Ball launcher Catnip toys\u3001Pet carrier Dog backpack Cat carrier Pet stroller Travel pet carrier Soft-sided pet carrier Hard-sided pet carrier Pet sling Pet car seat Airline-approved pet carrier\u3001Pet supplies Pet accessories Pet essentials Pet care products Pet grooming supplies Pet safety gear\" \/>\n<meta property=\"og:description\" content=\"Made from high-quality, 100% water-proof fabric, HUFT Magical Mist Raincoat ensures that your furry friend&#039;s coat remains dry and protected even during the wettest of weather.Featuring a convenient velcro closure in the front, this raincoat offers a snug and secure fit that&#039;s easy to wear for dogs of all sizes. Toggles are added on the hood, sleeves and bottom hem for added adjustability, allowing you to customize the fit according to your dog&#039;s unique shape. The collar leash opening at the back of the neck includes protective flaps to keep rain from seeping in during walks. We&#039;ve also added a harness leash opening with a flap for easy, water-resistant access.Perfect for night strolls, the raincoat will keep your pet visible with the reflective strip on the back of the coat.\" \/>\n<meta property=\"og:url\" content=\"https:\/\/www.seatouintl.com\/es\/producto\/impermeable-con-abertura-para-arnes-de-perro\/\" \/>\n<meta property=\"og:site_name\" content=\"SeaToU-Pet bed Dog bed Cat bed Orthopedic pet bed Heated pet bed Self-warming pet bed Cave pet bed Donut pet bed Bolster pet bed Outdoor pet house Pet blanket Pet mat Pet pad Cooling pet mat Waterproof pet pad Faux fur pet blanket Washable pet blanket Pet throw Pet bed liner \u3001Pet clothing Dog sweater Cat hoodie Pet raincoat Pet Halloween costume Pet booties Pet T-shirt Pet pajamas Pet life jacket Pet bandana\u3001Pet toys Chew toys Interactive dog toys Cat teaser wand Squeaky toys Rope toys Puzzle toys Tug toys Ball launcher Catnip toys\u3001Pet carrier Dog backpack Cat carrier Pet stroller Travel pet carrier Soft-sided pet carrier Hard-sided pet carrier Pet sling Pet car seat Airline-approved pet carrier\u3001Pet supplies Pet accessories Pet essentials Pet care products Pet grooming supplies Pet safety gear\" \/>\n<meta property=\"article:publisher\" content=\"https:\/\/facebook.com\/seatouintl\" \/>\n<meta property=\"article:modified_time\" content=\"2026-01-28T15:28:03+00:00\" \/>\n<meta property=\"og:image\" content=\"https:\/\/www.seatouintl.com\/wp-content\/uploads\/2025\/11\/Raincoat-With-Harness-Opening-For-Dog.jpg\" \/>\n\t<meta property=\"og:image:width\" content=\"800\" \/>\n\t<meta property=\"og:image:height\" content=\"680\" \/>\n\t<meta property=\"og:image:type\" content=\"image\/jpeg\" \/>\n<meta name=\"twitter:card\" content=\"summary_large_image\" \/>\n<meta name=\"twitter:label1\" content=\"Tiempo de lectura\" \/>\n\t<meta name=\"twitter:data1\" content=\"1 minuto\" \/>\n<script type=\"application\/ld+json\" class=\"yoast-schema-graph\">{\"@context\":\"https:\/\/schema.org\",\"@graph\":[{\"@type\":\"WebPage\",\"@id\":\"https:\/\/www.seatouintl.com\/product\/raincoat-with-harness-opening-for-dog\/\",\"url\":\"https:\/\/www.seatouintl.com\/product\/raincoat-with-harness-opening-for-dog\/\",\"name\":\"Raincoat With Harness Opening For Dog - SeaToU-Pet bed Dog bed Cat bed Orthopedic pet bed Heated pet bed Self-warming pet bed Cave pet bed Donut pet bed Bolster pet bed Outdoor pet house Pet blanket Pet mat Pet pad Cooling pet mat Waterproof pet pad Faux fur pet blanket Washable pet blanket Pet throw Pet bed liner \u3001Pet clothing Dog sweater Cat hoodie Pet raincoat Pet Halloween costume Pet booties Pet T-shirt Pet pajamas Pet life jacket Pet bandana\u3001Pet toys Chew toys Interactive dog toys Cat teaser wand Squeaky toys Rope toys Puzzle toys Tug toys Ball launcher Catnip toys\u3001Pet carrier Dog backpack Cat carrier Pet stroller Travel pet carrier Soft-sided pet carrier Hard-sided pet carrier Pet sling Pet car seat Airline-approved pet carrier\u3001Pet supplies Pet accessories Pet essentials Pet care products Pet grooming supplies Pet safety gear\",\"isPartOf\":{\"@id\":\"https:\/\/www.seatouintl.com\/#website\"},\"primaryImageOfPage\":{\"@id\":\"https:\/\/www.seatouintl.com\/product\/raincoat-with-harness-opening-for-dog\/#primaryimage\"},\"image\":{\"@id\":\"https:\/\/www.seatouintl.com\/product\/raincoat-with-harness-opening-for-dog\/#primaryimage\"},\"thumbnailUrl\":\"https:\/\/www.seatouintl.com\/wp-content\/uploads\/2025\/11\/Raincoat-With-Harness-Opening-For-Dog.jpg\",\"datePublished\":\"2025-11-09T13:45:09+00:00\",\"dateModified\":\"2026-01-28T15:28:03+00:00\",\"description\":\"Made from high-quality, 100% water-proof fabric, HUFT Magical Mist Raincoat ensures that your furry friend's coat remains dry and protected even during the wettest of weather.Featuring a convenient velcro closure in the front, this raincoat offers a snug and secure fit that's easy to wear for dogs of all sizes. Toggles are added on the hood, sleeves and bottom hem for added adjustability, allowing you to customize the fit according to your dog's unique shape. The collar leash opening at the back of the neck includes protective flaps to keep rain from seeping in during walks. We've also added a harness leash opening with a flap for easy, water-resistant access.Perfect for night strolls, the raincoat will keep your pet visible with the reflective strip on the back of the coat.\",\"breadcrumb\":{\"@id\":\"https:\/\/www.seatouintl.com\/product\/raincoat-with-harness-opening-for-dog\/#breadcrumb\"},\"inLanguage\":\"es\",\"potentialAction\":[{\"@type\":\"ReadAction\",\"target\":[\"https:\/\/www.seatouintl.com\/product\/raincoat-with-harness-opening-for-dog\/\"]}]},{\"@type\":\"ImageObject\",\"inLanguage\":\"es\",\"@id\":\"https:\/\/www.seatouintl.com\/product\/raincoat-with-harness-opening-for-dog\/#primaryimage\",\"url\":\"https:\/\/www.seatouintl.com\/wp-content\/uploads\/2025\/11\/Raincoat-With-Harness-Opening-For-Dog.jpg\",\"contentUrl\":\"https:\/\/www.seatouintl.com\/wp-content\/uploads\/2025\/11\/Raincoat-With-Harness-Opening-For-Dog.jpg\",\"width\":800,\"height\":680},{\"@type\":\"BreadcrumbList\",\"@id\":\"https:\/\/www.seatouintl.com\/product\/raincoat-with-harness-opening-for-dog\/#breadcrumb\",\"itemListElement\":[{\"@type\":\"ListItem\",\"position\":1,\"name\":\"\u9996\u9875\",\"item\":\"https:\/\/www.seatouintl.com\/\"},{\"@type\":\"ListItem\",\"position\":2,\"name\":\"Products\",\"item\":\"https:\/\/www.seatouintl.com\/products\/\"},{\"@type\":\"ListItem\",\"position\":3,\"name\":\"Raincoat With Harness Opening For Dog\"}]},{\"@type\":\"WebSite\",\"@id\":\"https:\/\/www.seatouintl.com\/#website\",\"url\":\"https:\/\/www.seatouintl.com\/\",\"name\":\"seatou\",\"description\":\"Pet bed Dog bed Cat bed Orthopedic pet bed Heated pet bed Self-warming pet bed Cave pet bed Donut pet bed Bolster pet bed Outdoor pet house Pet blanket Pet mat Pet pad Cooling pet mat Waterproof pet pad Faux fur pet blanket Washable pet blanket Pet throw Pet bed liner \u3001Pet clothing Dog sweater Cat hoodie Pet raincoat Pet Halloween costume Pet booties Pet T-shirt Pet pajamas Pet life jacket Pet bandana\u3001Pet toys Chew toys Interactive dog toys Cat teaser wand Squeaky toys Rope toys Puzzle toys Tug toys Ball launcher Catnip toys\u3001Pet carrier Dog backpack Cat carrier Pet stroller Travel pet carrier Soft-sided pet carrier Hard-sided pet carrier Pet sling Pet car seat Airline-approved pet carrier\u3001Pet supplies Pet accessories Pet essentials Pet care products Pet grooming supplies Pet safety gear\",\"publisher\":{\"@id\":\"https:\/\/www.seatouintl.com\/#organization\"},\"potentialAction\":[{\"@type\":\"SearchAction\",\"target\":{\"@type\":\"EntryPoint\",\"urlTemplate\":\"https:\/\/www.seatouintl.com\/?s={search_term_string}\"},\"query-input\":{\"@type\":\"PropertyValueSpecification\",\"valueRequired\":true,\"valueName\":\"search_term_string\"}}],\"inLanguage\":\"es\"},{\"@type\":\"Organization\",\"@id\":\"https:\/\/www.seatouintl.com\/#organization\",\"name\":\"seatou\",\"url\":\"https:\/\/www.seatouintl.com\/\",\"logo\":{\"@type\":\"ImageObject\",\"inLanguage\":\"es\",\"@id\":\"https:\/\/www.seatouintl.com\/#\/schema\/logo\/image\/\",\"url\":\"https:\/\/www.seatouintl.com\/wp-content\/uploads\/2025\/10\/LOGO1.png\",\"contentUrl\":\"https:\/\/www.seatouintl.com\/wp-content\/uploads\/2025\/10\/LOGO1.png\",\"width\":1043,\"height\":454,\"caption\":\"seatou\"},\"image\":{\"@id\":\"https:\/\/www.seatouintl.com\/#\/schema\/logo\/image\/\"},\"sameAs\":[\"https:\/\/facebook.com\/seatouintl\"]}]}<\/script>\n<!-- \/ Yoast SEO plugin. -->","yoast_head_json":{"title":"Impermeable con abertura de arn\u00e9s para perro - SeaToU-Cama para mascotas Cama para perros Cama para gatos Cama ortop\u00e9dica para mascotas Cama calefactable para mascotas Cama autocalentable para mascotas Cueva de mascotas Cama para mascotas Donut Cama para mascotas Almohadilla para mascotas Casa de mascotas al aire libre Manta para mascotas Estera para mascotas Estera para mascotas de refrigeraci\u00f3n Estera impermeable para mascotas Manta de piel sint\u00e9tica para mascotas Manta lavable para mascotas Ropa para mascotas Sudadera para perros Sudadera con capucha para gatos Impermeable para mascotas Disfraz de Halloween para mascotas Botines para mascotas Camiseta para mascotas Pijama para mascotas Chaleco salvavidas para mascotas Bandana para mascotasJuguetes para mascotas Juguetes interactivos para perros Juguetes para gatos Juguetes chirriantes Juguetes de cuerda Juguetes de rompecabezas Juguetes de tracci\u00f3n Lanzapelotas Juguetes con hierba gatera\u3001Transport\u00edn Mochila para perros Transport\u00edn para gatos Cochecito de viaje Transport\u00edn blando Transport\u00edn r\u00edgido Eslinga para mascotas Silla de coche para mascotas Transport\u00edn homologado por la aerol\u00ednea\u3001Accesorios para mascotas Productos esenciales para mascotas Productos para el cuidado de mascotas Art\u00edculos para el aseo de mascotas Material de seguridad para mascotas","description":"Fabricado con tejido impermeable 100% de alta calidad, el chubasquero Magical Mist de HUFT garantiza que el pelaje de tu amigo peludo permanezca seco y protegido incluso en las condiciones meteorol\u00f3gicas m\u00e1s h\u00famedas. La capucha, las mangas y el dobladillo inferior se ajustan mediante corchetes, lo que le permite adaptar el ajuste a la forma \u00fanica de su perro. La abertura para la correa del cuello en la nuca incluye solapas protectoras para evitar que se filtre la lluvia durante los paseos. Tambi\u00e9n hemos a\u00f1adido una abertura para la correa del arn\u00e9s con solapa para un acceso f\u00e1cil y resistente al agua.Perfecto para los paseos nocturnos, el impermeable mantendr\u00e1 visible a su mascota gracias a la tira reflectante de la parte posterior del abrigo.","robots":{"index":"index","follow":"follow","max-snippet":"max-snippet:-1","max-image-preview":"max-image-preview:large","max-video-preview":"max-video-preview:-1"},"canonical":"https:\/\/www.seatouintl.com\/es\/producto\/impermeable-con-abertura-para-arnes-de-perro\/","og_locale":"es_ES","og_type":"article","og_title":"Raincoat With Harness Opening For Dog - SeaToU-Pet bed Dog bed Cat bed Orthopedic pet bed Heated pet bed Self-warming pet bed Cave pet bed Donut pet bed Bolster pet bed Outdoor pet house Pet blanket Pet mat Pet pad Cooling pet mat Waterproof pet pad Faux fur pet blanket Washable pet blanket Pet throw Pet bed liner \u3001Pet clothing Dog sweater Cat hoodie Pet raincoat Pet Halloween costume Pet booties Pet T-shirt Pet pajamas Pet life jacket Pet bandana\u3001Pet toys Chew toys Interactive dog toys Cat teaser wand Squeaky toys Rope toys Puzzle toys Tug toys Ball launcher Catnip toys\u3001Pet carrier Dog backpack Cat carrier Pet stroller Travel pet carrier Soft-sided pet carrier Hard-sided pet carrier Pet sling Pet car seat Airline-approved pet carrier\u3001Pet supplies Pet accessories Pet essentials Pet care products Pet grooming supplies Pet safety gear","og_description":"Made from high-quality, 100% water-proof fabric, HUFT Magical Mist Raincoat ensures that your furry friend's coat remains dry and protected even during the wettest of weather.Featuring a convenient velcro closure in the front, this raincoat offers a snug and secure fit that's easy to wear for dogs of all sizes. Toggles are added on the hood, sleeves and bottom hem for added adjustability, allowing you to customize the fit according to your dog's unique shape. The collar leash opening at the back of the neck includes protective flaps to keep rain from seeping in during walks. We've also added a harness leash opening with a flap for easy, water-resistant access.Perfect for night strolls, the raincoat will keep your pet visible with the reflective strip on the back of the coat.","og_url":"https:\/\/www.seatouintl.com\/es\/producto\/impermeable-con-abertura-para-arnes-de-perro\/","og_site_name":"SeaToU-Pet bed Dog bed Cat bed Orthopedic pet bed Heated pet bed Self-warming pet bed Cave pet bed Donut pet bed Bolster pet bed Outdoor pet house Pet blanket Pet mat Pet pad Cooling pet mat Waterproof pet pad Faux fur pet blanket Washable pet blanket Pet throw Pet bed liner \u3001Pet clothing Dog sweater Cat hoodie Pet raincoat Pet Halloween costume Pet booties Pet T-shirt Pet pajamas Pet life jacket Pet bandana\u3001Pet toys Chew toys Interactive dog toys Cat teaser wand Squeaky toys Rope toys Puzzle toys Tug toys Ball launcher Catnip toys\u3001Pet carrier Dog backpack Cat carrier Pet stroller Travel pet carrier Soft-sided pet carrier Hard-sided pet carrier Pet sling Pet car seat Airline-approved pet carrier\u3001Pet supplies Pet accessories Pet essentials Pet care products Pet grooming supplies Pet safety gear","article_publisher":"https:\/\/facebook.com\/seatouintl","article_modified_time":"2026-01-28T15:28:03+00:00","og_image":[{"width":800,"height":680,"url":"https:\/\/www.seatouintl.com\/wp-content\/uploads\/2025\/11\/Raincoat-With-Harness-Opening-For-Dog.jpg","type":"image\/jpeg"}],"twitter_card":"summary_large_image","twitter_misc":{"Tiempo de lectura":"1 minuto"},"schema":{"@context":"https:\/\/schema.org","@graph":[{"@type":"WebPage","@id":"https:\/\/www.seatouintl.com\/product\/raincoat-with-harness-opening-for-dog\/","url":"https:\/\/www.seatouintl.com\/product\/raincoat-with-harness-opening-for-dog\/","name":"Impermeable con abertura de arn\u00e9s para perro - SeaToU-Cama para mascotas Cama para perros Cama para gatos Cama ortop\u00e9dica para mascotas Cama calefactable para mascotas Cama autocalentable para mascotas Cueva de mascotas Cama para mascotas Donut Cama para mascotas Almohadilla para mascotas Casa de mascotas al aire libre Manta para mascotas Estera para mascotas Estera para mascotas de refrigeraci\u00f3n Estera impermeable para mascotas Manta de piel sint\u00e9tica para mascotas Manta lavable para mascotas Ropa para mascotas Sudadera para perros Sudadera con capucha para gatos Impermeable para mascotas Disfraz de Halloween para mascotas Botines para mascotas Camiseta para mascotas Pijama para mascotas Chaleco salvavidas para mascotas Bandana para mascotasJuguetes para mascotas Juguetes interactivos para perros Juguetes para gatos Juguetes chirriantes Juguetes de cuerda Juguetes de rompecabezas Juguetes de tracci\u00f3n Lanzapelotas Juguetes con hierba gatera\u3001Transport\u00edn Mochila para perros Transport\u00edn para gatos Cochecito de viaje Transport\u00edn blando Transport\u00edn r\u00edgido Eslinga para mascotas Silla de coche para mascotas Transport\u00edn homologado por la aerol\u00ednea\u3001Accesorios para mascotas Productos esenciales para mascotas Productos para el cuidado de mascotas Art\u00edculos para el aseo de mascotas Material de seguridad para mascotas","isPartOf":{"@id":"https:\/\/www.seatouintl.com\/#website"},"primaryImageOfPage":{"@id":"https:\/\/www.seatouintl.com\/product\/raincoat-with-harness-opening-for-dog\/#primaryimage"},"image":{"@id":"https:\/\/www.seatouintl.com\/product\/raincoat-with-harness-opening-for-dog\/#primaryimage"},"thumbnailUrl":"https:\/\/www.seatouintl.com\/wp-content\/uploads\/2025\/11\/Raincoat-With-Harness-Opening-For-Dog.jpg","datePublished":"2025-11-09T13:45:09+00:00","dateModified":"2026-01-28T15:28:03+00:00","description":"Fabricado con tejido impermeable 100% de alta calidad, el chubasquero Magical Mist de HUFT garantiza que el pelaje de tu amigo peludo permanezca seco y protegido incluso en las condiciones meteorol\u00f3gicas m\u00e1s h\u00famedas. La capucha, las mangas y el dobladillo inferior se ajustan mediante corchetes, lo que le permite adaptar el ajuste a la forma \u00fanica de su perro. La abertura para la correa del cuello en la nuca incluye solapas protectoras para evitar que se filtre la lluvia durante los paseos. Tambi\u00e9n hemos a\u00f1adido una abertura para la correa del arn\u00e9s con solapa para un acceso f\u00e1cil y resistente al agua.Perfecto para los paseos nocturnos, el impermeable mantendr\u00e1 visible a su mascota gracias a la tira reflectante de la parte posterior del abrigo.","breadcrumb":{"@id":"https:\/\/www.seatouintl.com\/product\/raincoat-with-harness-opening-for-dog\/#breadcrumb"},"inLanguage":"es","potentialAction":[{"@type":"ReadAction","target":["https:\/\/www.seatouintl.com\/product\/raincoat-with-harness-opening-for-dog\/"]}]},{"@type":"ImageObject","inLanguage":"es","@id":"https:\/\/www.seatouintl.com\/product\/raincoat-with-harness-opening-for-dog\/#primaryimage","url":"https:\/\/www.seatouintl.com\/wp-content\/uploads\/2025\/11\/Raincoat-With-Harness-Opening-For-Dog.jpg","contentUrl":"https:\/\/www.seatouintl.com\/wp-content\/uploads\/2025\/11\/Raincoat-With-Harness-Opening-For-Dog.jpg","width":800,"height":680},{"@type":"BreadcrumbList","@id":"https:\/\/www.seatouintl.com\/product\/raincoat-with-harness-opening-for-dog\/#breadcrumb","itemListElement":[{"@type":"ListItem","position":1,"name":"\u9996\u9875","item":"https:\/\/www.seatouintl.com\/"},{"@type":"ListItem","position":2,"name":"Products","item":"https:\/\/www.seatouintl.com\/products\/"},{"@type":"ListItem","position":3,"name":"Raincoat With Harness Opening For Dog"}]},{"@type":"WebSite","@id":"https:\/\/www.seatouintl.com\/#website","url":"https:\/\/www.seatouintl.com\/","name":"seatou","description":"Cama para mascotas Cama para perros Cama para gatos Cama ortop\u00e9dica para mascotas Cama autocalentable para mascotas Cueva para mascotas Cama para mascotas Donut Cama para mascotas Almohada para mascotas Casa para mascotas al aire libre Manta para mascotas Estera para mascotas Almohadilla para mascotas Enfriamiento Estera para mascotas Impermeable Estera para mascotas Manta de piel sint\u00e9tica para mascotas Manta lavable para mascotas Colcha para mascotas Ropa para mascotas Su\u00e9ter para perros Sudadera con capucha para gatos Impermeable para mascotas Disfraz de Halloween para mascotas Botines para mascotas Camiseta para mascotas Pijama para mascotas Chaleco salvavidas Bandana para mascotasJuguetes para mascotas Juguetes interactivos para perros Juguetes para gatos Juguetes chirriantes Juguetes de cuerda Juguetes de rompecabezas Juguetes de tracci\u00f3n Lanzapelotas Juguetes con hierba gatera\u3001Transport\u00edn Mochila para perros Transport\u00edn para gatos Cochecito de viaje Transport\u00edn blando Transport\u00edn r\u00edgido Eslinga para mascotas Silla de coche para mascotas Transport\u00edn homologado por la aerol\u00ednea\u3001Accesorios para mascotas Productos esenciales para mascotas Productos para el cuidado de mascotas Art\u00edculos para el aseo de mascotas Material de seguridad para mascotas","publisher":{"@id":"https:\/\/www.seatouintl.com\/#organization"},"potentialAction":[{"@type":"SearchAction","target":{"@type":"EntryPoint","urlTemplate":"https:\/\/www.seatouintl.com\/?s={search_term_string}"},"query-input":{"@type":"PropertyValueSpecification","valueRequired":true,"valueName":"search_term_string"}}],"inLanguage":"es"},{"@type":"Organization","@id":"https:\/\/www.seatouintl.com\/#organization","name":"seatou","url":"https:\/\/www.seatouintl.com\/","logo":{"@type":"ImageObject","inLanguage":"es","@id":"https:\/\/www.seatouintl.com\/#\/schema\/logo\/image\/","url":"https:\/\/www.seatouintl.com\/wp-content\/uploads\/2025\/10\/LOGO1.png","contentUrl":"https:\/\/www.seatouintl.com\/wp-content\/uploads\/2025\/10\/LOGO1.png","width":1043,"height":454,"caption":"seatou"},"image":{"@id":"https:\/\/www.seatouintl.com\/#\/schema\/logo\/image\/"},"sameAs":["https:\/\/facebook.com\/seatouintl"]}]}},"_links":{"self":[{"href":"https:\/\/www.seatouintl.com\/es\/wp-json\/wp\/v2\/product\/3631","targetHints":{"allow":["GET"]}}],"collection":[{"href":"https:\/\/www.seatouintl.com\/es\/wp-json\/wp\/v2\/product"}],"about":[{"href":"https:\/\/www.seatouintl.com\/es\/wp-json\/wp\/v2\/types\/product"}],"wp:featuredmedia":[{"embeddable":true,"href":"https:\/\/www.seatouintl.com\/es\/wp-json\/wp\/v2\/media\/3633"}],"wp:attachment":[{"href":"https:\/\/www.seatouintl.com\/es\/wp-json\/wp\/v2\/media?parent=3631"}],"wp:term":[{"taxonomy":"product_brand","embeddable":true,"href":"https:\/\/www.seatouintl.com\/es\/wp-json\/wp\/v2\/product_brand?post=3631"},{"taxonomy":"product_cat","embeddable":true,"href":"https:\/\/www.seatouintl.com\/es\/wp-json\/wp\/v2\/product_cat?post=3631"},{"taxonomy":"product_tag","embeddable":true,"href":"https:\/\/www.seatouintl.com\/es\/wp-json\/wp\/v2\/product_tag?post=3631"}],"curies":[{"name":"wp","href":"https:\/\/api.w.org\/{rel}","templated":true}]}}