{"id":3686,"date":"2025-11-10T09:48:54","date_gmt":"2025-11-10T01:48:54","guid":{"rendered":"https:\/\/www.seatouintl.com\/?post_type=product&#038;p=3686"},"modified":"2026-01-03T14:26:44","modified_gmt":"2026-01-03T06:26:44","slug":"cama-tienda-de-campana-furbulous-para-gato","status":"publish","type":"product","link":"https:\/\/www.seatouintl.com\/es\/producto\/cama-tienda-de-campana-furbulous-para-gato\/","title":{"rendered":"Furbulous Cama Tienda Para Gato"},"content":{"rendered":"","protected":false},"excerpt":{"rendered":"<div class=\"pdp_desc_toph tabactive\">\n<h2><img decoding=\"async\" class=\"alignnone wp-image-2254\" src=\"https:\/\/www.seatouintl.com\/wp-content\/uploads\/2025\/10\/LOGO3-1-300x103.png\" alt=\"\" width=\"151\" height=\"52\" srcset=\"https:\/\/www.seatouintl.com\/wp-content\/uploads\/2025\/10\/LOGO3-1-300x103.png 300w, https:\/\/www.seatouintl.com\/wp-content\/uploads\/2025\/10\/LOGO3-1-600x207.png 600w, https:\/\/www.seatouintl.com\/wp-content\/uploads\/2025\/10\/LOGO3-1-400x138.png 400w, https:\/\/www.seatouintl.com\/wp-content\/uploads\/2025\/10\/LOGO3-1-768x265.png 768w, https:\/\/www.seatouintl.com\/wp-content\/uploads\/2025\/10\/LOGO3-1.png 850w\" sizes=\"(max-width: 151px) 100vw, 151px\" \/><\/h2>\n<h2>Descripci\u00f3n del producto<\/h2>\n<\/div>\n<div class=\"pdp_desc_deatil pdp_desc_txt\">\n<p><em>Para el gato al que le gusta tener su propio rinc\u00f3n.<\/em><\/p>\n<p>Esta acogedora cama en forma de tienda de campa\u00f1a proporciona a su felino la intimidad que tanto le gusta y le ayuda a sentirse seguro y protegido. La cama tiene un dise\u00f1o de tienda de campa\u00f1a con un tejido de textura suave y una ventana para mayor comodidad, que ayuda a los gatos a sentirse seguros y c\u00f3modos. \u00bfY lo mejor? Se pliega y se convierte en una c\u00f3moda cama que tiene un pomp\u00f3n en su interior para que tu gato juegue con \u00e9l entre siesta y siesta.<\/p>\n<p><strong>Caracter\u00edsticas:<\/strong><\/p>\n<ul>\n<li>Fabricado con material no t\u00f3xico<\/li>\n<li>Alivia el estr\u00e9s y la ansiedad<\/li>\n<li>Tiene un coj\u00edn extra\u00edble<\/li>\n<li>Se puede plegar para formar una cama<\/li>\n<li>La ventana garantiza la ventilaci\u00f3n cruzada<\/li>\n<li>Incluye un pomp\u00f3n para jugar<\/li>\n<\/ul>\n<\/div>","protected":false},"featured_media":3696,"template":"","meta":[],"product_brand":[],"product_cat":[55],"product_tag":[],"class_list":{"0":"post-3686","1":"product","2":"type-product","3":"status-publish","4":"has-post-thumbnail","6":"product_cat-pet-beds-warm-breathable-dog-cat-anti-odor-mildew-resistant","8":"first","9":"instock","10":"featured","11":"shipping-taxable","12":"product-type-simple"},"yoast_head":"<!-- This site is optimized with the Yoast SEO plugin v26.5 - https:\/\/yoast.com\/wordpress\/plugins\/seo\/ -->\n<title>Furbulous Tent Bed For Cat - SeaToU-Pet bed Dog bed Cat bed Orthopedic pet bed Heated pet bed Self-warming pet bed Cave pet bed Donut pet bed Bolster pet bed Outdoor pet house Pet blanket Pet mat Pet pad Cooling pet mat Waterproof pet pad Faux fur pet blanket Washable pet blanket Pet throw Pet bed liner \u3001Pet clothing Dog sweater Cat hoodie Pet raincoat Pet Halloween costume Pet booties Pet T-shirt Pet pajamas Pet life jacket Pet bandana\u3001Pet toys Chew toys Interactive dog toys Cat teaser wand Squeaky toys Rope toys Puzzle toys Tug toys Ball launcher Catnip toys\u3001Pet carrier Dog backpack Cat carrier Pet stroller Travel pet carrier Soft-sided pet carrier Hard-sided pet carrier Pet sling Pet car seat Airline-approved pet carrier\u3001Pet supplies Pet accessories Pet essentials Pet care products Pet grooming supplies Pet safety gear<\/title>\n<meta name=\"description\" content=\"For the cat who likes their own little corner.This cosy tent bed gives your feline the privacy they love and helps them feel safe and secure. The bed is made in a tent design with soft-textured fabric and a window for comfort, which helps cats feel safe and snug. The best part? It folds down into a comfy bed that has a pompom inside for your cat to play with between naps!\" \/>\n<meta name=\"robots\" content=\"index, follow, max-snippet:-1, max-image-preview:large, max-video-preview:-1\" \/>\n<link rel=\"canonical\" href=\"https:\/\/www.seatouintl.com\/es\/producto\/cama-tienda-de-campana-furbulous-para-gato\/\" \/>\n<meta property=\"og:locale\" content=\"es_ES\" \/>\n<meta property=\"og:type\" content=\"article\" \/>\n<meta property=\"og:title\" content=\"Furbulous Tent Bed For Cat - SeaToU-Pet bed Dog bed Cat bed Orthopedic pet bed Heated pet bed Self-warming pet bed Cave pet bed Donut pet bed Bolster pet bed Outdoor pet house Pet blanket Pet mat Pet pad Cooling pet mat Waterproof pet pad Faux fur pet blanket Washable pet blanket Pet throw Pet bed liner \u3001Pet clothing Dog sweater Cat hoodie Pet raincoat Pet Halloween costume Pet booties Pet T-shirt Pet pajamas Pet life jacket Pet bandana\u3001Pet toys Chew toys Interactive dog toys Cat teaser wand Squeaky toys Rope toys Puzzle toys Tug toys Ball launcher Catnip toys\u3001Pet carrier Dog backpack Cat carrier Pet stroller Travel pet carrier Soft-sided pet carrier Hard-sided pet carrier Pet sling Pet car seat Airline-approved pet carrier\u3001Pet supplies Pet accessories Pet essentials Pet care products Pet grooming supplies Pet safety gear\" \/>\n<meta property=\"og:description\" content=\"For the cat who likes their own little corner.This cosy tent bed gives your feline the privacy they love and helps them feel safe and secure. The bed is made in a tent design with soft-textured fabric and a window for comfort, which helps cats feel safe and snug. The best part? It folds down into a comfy bed that has a pompom inside for your cat to play with between naps!\" \/>\n<meta property=\"og:url\" content=\"https:\/\/www.seatouintl.com\/es\/producto\/cama-tienda-de-campana-furbulous-para-gato\/\" \/>\n<meta property=\"og:site_name\" content=\"SeaToU-Pet bed Dog bed Cat bed Orthopedic pet bed Heated pet bed Self-warming pet bed Cave pet bed Donut pet bed Bolster pet bed Outdoor pet house Pet blanket Pet mat Pet pad Cooling pet mat Waterproof pet pad Faux fur pet blanket Washable pet blanket Pet throw Pet bed liner \u3001Pet clothing Dog sweater Cat hoodie Pet raincoat Pet Halloween costume Pet booties Pet T-shirt Pet pajamas Pet life jacket Pet bandana\u3001Pet toys Chew toys Interactive dog toys Cat teaser wand Squeaky toys Rope toys Puzzle toys Tug toys Ball launcher Catnip toys\u3001Pet carrier Dog backpack Cat carrier Pet stroller Travel pet carrier Soft-sided pet carrier Hard-sided pet carrier Pet sling Pet car seat Airline-approved pet carrier\u3001Pet supplies Pet accessories Pet essentials Pet care products Pet grooming supplies Pet safety gear\" \/>\n<meta property=\"article:publisher\" content=\"https:\/\/facebook.com\/seatouintl\" \/>\n<meta property=\"article:modified_time\" content=\"2026-01-03T06:26:44+00:00\" \/>\n<meta property=\"og:image\" content=\"https:\/\/www.seatouintl.com\/wp-content\/uploads\/2025\/11\/Furbulous-Tent-Bed-For-Cat-2.jpg\" \/>\n\t<meta property=\"og:image:width\" content=\"800\" \/>\n\t<meta property=\"og:image:height\" content=\"680\" \/>\n\t<meta property=\"og:image:type\" content=\"image\/jpeg\" \/>\n<meta name=\"twitter:card\" content=\"summary_large_image\" \/>\n<meta name=\"twitter:label1\" content=\"Tiempo de lectura\" \/>\n\t<meta name=\"twitter:data1\" content=\"1 minuto\" \/>\n<script type=\"application\/ld+json\" class=\"yoast-schema-graph\">{\"@context\":\"https:\/\/schema.org\",\"@graph\":[{\"@type\":\"WebPage\",\"@id\":\"https:\/\/www.seatouintl.com\/product\/furbulous-tent-bed-for-cat\/\",\"url\":\"https:\/\/www.seatouintl.com\/product\/furbulous-tent-bed-for-cat\/\",\"name\":\"Furbulous Tent Bed For Cat - SeaToU-Pet bed Dog bed Cat bed Orthopedic pet bed Heated pet bed Self-warming pet bed Cave pet bed Donut pet bed Bolster pet bed Outdoor pet house Pet blanket Pet mat Pet pad Cooling pet mat Waterproof pet pad Faux fur pet blanket Washable pet blanket Pet throw Pet bed liner \u3001Pet clothing Dog sweater Cat hoodie Pet raincoat Pet Halloween costume Pet booties Pet T-shirt Pet pajamas Pet life jacket Pet bandana\u3001Pet toys Chew toys Interactive dog toys Cat teaser wand Squeaky toys Rope toys Puzzle toys Tug toys Ball launcher Catnip toys\u3001Pet carrier Dog backpack Cat carrier Pet stroller Travel pet carrier Soft-sided pet carrier Hard-sided pet carrier Pet sling Pet car seat Airline-approved pet carrier\u3001Pet supplies Pet accessories Pet essentials Pet care products Pet grooming supplies Pet safety gear\",\"isPartOf\":{\"@id\":\"https:\/\/www.seatouintl.com\/#website\"},\"primaryImageOfPage\":{\"@id\":\"https:\/\/www.seatouintl.com\/product\/furbulous-tent-bed-for-cat\/#primaryimage\"},\"image\":{\"@id\":\"https:\/\/www.seatouintl.com\/product\/furbulous-tent-bed-for-cat\/#primaryimage\"},\"thumbnailUrl\":\"https:\/\/www.seatouintl.com\/wp-content\/uploads\/2025\/11\/Furbulous-Tent-Bed-For-Cat-2.jpg\",\"datePublished\":\"2025-11-10T01:48:54+00:00\",\"dateModified\":\"2026-01-03T06:26:44+00:00\",\"description\":\"For the cat who likes their own little corner.This cosy tent bed gives your feline the privacy they love and helps them feel safe and secure. The bed is made in a tent design with soft-textured fabric and a window for comfort, which helps cats feel safe and snug. The best part? It folds down into a comfy bed that has a pompom inside for your cat to play with between naps!\",\"breadcrumb\":{\"@id\":\"https:\/\/www.seatouintl.com\/product\/furbulous-tent-bed-for-cat\/#breadcrumb\"},\"inLanguage\":\"es\",\"potentialAction\":[{\"@type\":\"ReadAction\",\"target\":[\"https:\/\/www.seatouintl.com\/product\/furbulous-tent-bed-for-cat\/\"]}]},{\"@type\":\"ImageObject\",\"inLanguage\":\"es\",\"@id\":\"https:\/\/www.seatouintl.com\/product\/furbulous-tent-bed-for-cat\/#primaryimage\",\"url\":\"https:\/\/www.seatouintl.com\/wp-content\/uploads\/2025\/11\/Furbulous-Tent-Bed-For-Cat-2.jpg\",\"contentUrl\":\"https:\/\/www.seatouintl.com\/wp-content\/uploads\/2025\/11\/Furbulous-Tent-Bed-For-Cat-2.jpg\",\"width\":800,\"height\":680},{\"@type\":\"BreadcrumbList\",\"@id\":\"https:\/\/www.seatouintl.com\/product\/furbulous-tent-bed-for-cat\/#breadcrumb\",\"itemListElement\":[{\"@type\":\"ListItem\",\"position\":1,\"name\":\"\u9996\u9875\",\"item\":\"https:\/\/www.seatouintl.com\/\"},{\"@type\":\"ListItem\",\"position\":2,\"name\":\"Products\",\"item\":\"https:\/\/www.seatouintl.com\/products\/\"},{\"@type\":\"ListItem\",\"position\":3,\"name\":\"Furbulous Tent Bed For Cat\"}]},{\"@type\":\"WebSite\",\"@id\":\"https:\/\/www.seatouintl.com\/#website\",\"url\":\"https:\/\/www.seatouintl.com\/\",\"name\":\"seatou\",\"description\":\"Pet bed Dog bed Cat bed Orthopedic pet bed Heated pet bed Self-warming pet bed Cave pet bed Donut pet bed Bolster pet bed Outdoor pet house Pet blanket Pet mat Pet pad Cooling pet mat Waterproof pet pad Faux fur pet blanket Washable pet blanket Pet throw Pet bed liner \u3001Pet clothing Dog sweater Cat hoodie Pet raincoat Pet Halloween costume Pet booties Pet T-shirt Pet pajamas Pet life jacket Pet bandana\u3001Pet toys Chew toys Interactive dog toys Cat teaser wand Squeaky toys Rope toys Puzzle toys Tug toys Ball launcher Catnip toys\u3001Pet carrier Dog backpack Cat carrier Pet stroller Travel pet carrier Soft-sided pet carrier Hard-sided pet carrier Pet sling Pet car seat Airline-approved pet carrier\u3001Pet supplies Pet accessories Pet essentials Pet care products Pet grooming supplies Pet safety gear\",\"publisher\":{\"@id\":\"https:\/\/www.seatouintl.com\/#organization\"},\"potentialAction\":[{\"@type\":\"SearchAction\",\"target\":{\"@type\":\"EntryPoint\",\"urlTemplate\":\"https:\/\/www.seatouintl.com\/?s={search_term_string}\"},\"query-input\":{\"@type\":\"PropertyValueSpecification\",\"valueRequired\":true,\"valueName\":\"search_term_string\"}}],\"inLanguage\":\"es\"},{\"@type\":\"Organization\",\"@id\":\"https:\/\/www.seatouintl.com\/#organization\",\"name\":\"seatou\",\"url\":\"https:\/\/www.seatouintl.com\/\",\"logo\":{\"@type\":\"ImageObject\",\"inLanguage\":\"es\",\"@id\":\"https:\/\/www.seatouintl.com\/#\/schema\/logo\/image\/\",\"url\":\"https:\/\/www.seatouintl.com\/wp-content\/uploads\/2025\/10\/LOGO1.png\",\"contentUrl\":\"https:\/\/www.seatouintl.com\/wp-content\/uploads\/2025\/10\/LOGO1.png\",\"width\":1043,\"height\":454,\"caption\":\"seatou\"},\"image\":{\"@id\":\"https:\/\/www.seatouintl.com\/#\/schema\/logo\/image\/\"},\"sameAs\":[\"https:\/\/facebook.com\/seatouintl\"]}]}<\/script>\n<!-- \/ Yoast SEO plugin. -->","yoast_head_json":{"title":"Furbulous Tent Bed For Cat - SeaToU-Pet bed Dog bed Cat bed Orthopedic pet bed Heated pet bed Self-warming pet bed Cave pet bed Donut pet bed Bolster pet bed Outdoor pet house Pet blanket Pet mat Pet pad Cooling pet mat Waterproof pet pad Faux fur pet blanket Washable pet blanket Pet throw Pet bed liner \u3001Pet clothing Dog sweater Cat hoodie Pet raincoat Pet Halloween costume Pet booties Pet T-Juguetes para mascotas Juguetes interactivos para perros Juguetes para gatos Juguetes chirriantes Juguetes de cuerda Juguetes de rompecabezas Juguetes de tracci\u00f3n Lanzapelotas Juguetes con hierba gatera\u3001Transport\u00edn Mochila para perros Transport\u00edn para gatos Cochecito de viaje Transport\u00edn blando Transport\u00edn r\u00edgido Eslinga para mascotas Silla de coche para mascotas Transport\u00edn homologado por la aerol\u00ednea\u3001Accesorios para mascotas Productos esenciales para mascotas Productos para el cuidado de mascotas Art\u00edculos para el aseo de mascotas Material de seguridad para mascotas","description":"Esta acogedora cama en forma de tienda de campa\u00f1a proporciona a su felino la intimidad que tanto le gusta y le ayuda a sentirse seguro y protegido. La cama tiene un dise\u00f1o de tienda de campa\u00f1a con un tejido de textura suave y una ventana para mayor comodidad, que ayuda a los gatos a sentirse seguros y c\u00f3modos. \u00bfY lo mejor? Se pliega y se convierte en una c\u00f3moda cama que tiene un pomp\u00f3n en su interior para que tu gato juegue con \u00e9l entre siesta y siesta.","robots":{"index":"index","follow":"follow","max-snippet":"max-snippet:-1","max-image-preview":"max-image-preview:large","max-video-preview":"max-video-preview:-1"},"canonical":"https:\/\/www.seatouintl.com\/es\/producto\/cama-tienda-de-campana-furbulous-para-gato\/","og_locale":"es_ES","og_type":"article","og_title":"Furbulous Tent Bed For Cat - SeaToU-Pet bed Dog bed Cat bed Orthopedic pet bed Heated pet bed Self-warming pet bed Cave pet bed Donut pet bed Bolster pet bed Outdoor pet house Pet blanket Pet mat Pet pad Cooling pet mat Waterproof pet pad Faux fur pet blanket Washable pet blanket Pet throw Pet bed liner \u3001Pet clothing Dog sweater Cat hoodie Pet raincoat Pet Halloween costume Pet booties Pet T-shirt Pet pajamas Pet life jacket Pet bandana\u3001Pet toys Chew toys Interactive dog toys Cat teaser wand Squeaky toys Rope toys Puzzle toys Tug toys Ball launcher Catnip toys\u3001Pet carrier Dog backpack Cat carrier Pet stroller Travel pet carrier Soft-sided pet carrier Hard-sided pet carrier Pet sling Pet car seat Airline-approved pet carrier\u3001Pet supplies Pet accessories Pet essentials Pet care products Pet grooming supplies Pet safety gear","og_description":"For the cat who likes their own little corner.This cosy tent bed gives your feline the privacy they love and helps them feel safe and secure. The bed is made in a tent design with soft-textured fabric and a window for comfort, which helps cats feel safe and snug. The best part? It folds down into a comfy bed that has a pompom inside for your cat to play with between naps!","og_url":"https:\/\/www.seatouintl.com\/es\/producto\/cama-tienda-de-campana-furbulous-para-gato\/","og_site_name":"SeaToU-Pet bed Dog bed Cat bed Orthopedic pet bed Heated pet bed Self-warming pet bed Cave pet bed Donut pet bed Bolster pet bed Outdoor pet house Pet blanket Pet mat Pet pad Cooling pet mat Waterproof pet pad Faux fur pet blanket Washable pet blanket Pet throw Pet bed liner \u3001Pet clothing Dog sweater Cat hoodie Pet raincoat Pet Halloween costume Pet booties Pet T-shirt Pet pajamas Pet life jacket Pet bandana\u3001Pet toys Chew toys Interactive dog toys Cat teaser wand Squeaky toys Rope toys Puzzle toys Tug toys Ball launcher Catnip toys\u3001Pet carrier Dog backpack Cat carrier Pet stroller Travel pet carrier Soft-sided pet carrier Hard-sided pet carrier Pet sling Pet car seat Airline-approved pet carrier\u3001Pet supplies Pet accessories Pet essentials Pet care products Pet grooming supplies Pet safety gear","article_publisher":"https:\/\/facebook.com\/seatouintl","article_modified_time":"2026-01-03T06:26:44+00:00","og_image":[{"width":800,"height":680,"url":"https:\/\/www.seatouintl.com\/wp-content\/uploads\/2025\/11\/Furbulous-Tent-Bed-For-Cat-2.jpg","type":"image\/jpeg"}],"twitter_card":"summary_large_image","twitter_misc":{"Tiempo de lectura":"1 minuto"},"schema":{"@context":"https:\/\/schema.org","@graph":[{"@type":"WebPage","@id":"https:\/\/www.seatouintl.com\/product\/furbulous-tent-bed-for-cat\/","url":"https:\/\/www.seatouintl.com\/product\/furbulous-tent-bed-for-cat\/","name":"Furbulous Tent Bed For Cat - SeaToU-Pet bed Dog bed Cat bed Orthopedic pet bed Heated pet bed Self-warming pet bed Cave pet bed Donut pet bed Bolster pet bed Outdoor pet house Pet blanket Pet mat Pet pad Cooling pet mat Waterproof pet pad Faux fur pet blanket Washable pet blanket Pet throw Pet bed liner \u3001Pet clothing Dog sweater Cat hoodie Pet raincoat Pet Halloween costume Pet booties Pet T-Juguetes para mascotas Juguetes interactivos para perros Juguetes para gatos Juguetes chirriantes Juguetes de cuerda Juguetes de rompecabezas Juguetes de tracci\u00f3n Lanzapelotas Juguetes con hierba gatera\u3001Transport\u00edn Mochila para perros Transport\u00edn para gatos Cochecito de viaje Transport\u00edn blando Transport\u00edn r\u00edgido Eslinga para mascotas Silla de coche para mascotas Transport\u00edn homologado por la aerol\u00ednea\u3001Accesorios para mascotas Productos esenciales para mascotas Productos para el cuidado de mascotas Art\u00edculos para el aseo de mascotas Material de seguridad para mascotas","isPartOf":{"@id":"https:\/\/www.seatouintl.com\/#website"},"primaryImageOfPage":{"@id":"https:\/\/www.seatouintl.com\/product\/furbulous-tent-bed-for-cat\/#primaryimage"},"image":{"@id":"https:\/\/www.seatouintl.com\/product\/furbulous-tent-bed-for-cat\/#primaryimage"},"thumbnailUrl":"https:\/\/www.seatouintl.com\/wp-content\/uploads\/2025\/11\/Furbulous-Tent-Bed-For-Cat-2.jpg","datePublished":"2025-11-10T01:48:54+00:00","dateModified":"2026-01-03T06:26:44+00:00","description":"Esta acogedora cama en forma de tienda de campa\u00f1a proporciona a su felino la intimidad que tanto le gusta y le ayuda a sentirse seguro y protegido. La cama tiene un dise\u00f1o de tienda de campa\u00f1a con un tejido de textura suave y una ventana para mayor comodidad, que ayuda a los gatos a sentirse seguros y c\u00f3modos. \u00bfY lo mejor? Se pliega y se convierte en una c\u00f3moda cama que tiene un pomp\u00f3n en su interior para que tu gato juegue con \u00e9l entre siesta y siesta.","breadcrumb":{"@id":"https:\/\/www.seatouintl.com\/product\/furbulous-tent-bed-for-cat\/#breadcrumb"},"inLanguage":"es","potentialAction":[{"@type":"ReadAction","target":["https:\/\/www.seatouintl.com\/product\/furbulous-tent-bed-for-cat\/"]}]},{"@type":"ImageObject","inLanguage":"es","@id":"https:\/\/www.seatouintl.com\/product\/furbulous-tent-bed-for-cat\/#primaryimage","url":"https:\/\/www.seatouintl.com\/wp-content\/uploads\/2025\/11\/Furbulous-Tent-Bed-For-Cat-2.jpg","contentUrl":"https:\/\/www.seatouintl.com\/wp-content\/uploads\/2025\/11\/Furbulous-Tent-Bed-For-Cat-2.jpg","width":800,"height":680},{"@type":"BreadcrumbList","@id":"https:\/\/www.seatouintl.com\/product\/furbulous-tent-bed-for-cat\/#breadcrumb","itemListElement":[{"@type":"ListItem","position":1,"name":"\u9996\u9875","item":"https:\/\/www.seatouintl.com\/"},{"@type":"ListItem","position":2,"name":"Products","item":"https:\/\/www.seatouintl.com\/products\/"},{"@type":"ListItem","position":3,"name":"Furbulous Tent Bed For Cat"}]},{"@type":"WebSite","@id":"https:\/\/www.seatouintl.com\/#website","url":"https:\/\/www.seatouintl.com\/","name":"seatou","description":"Cama para mascotas Cama para perros Cama para gatos Cama ortop\u00e9dica para mascotas Cama autocalentable para mascotas Cueva para mascotas Cama para mascotas Donut Cama para mascotas Almohada para mascotas Casa para mascotas al aire libre Manta para mascotas Estera para mascotas Almohadilla para mascotas Enfriamiento Estera para mascotas Impermeable Estera para mascotas Manta de piel sint\u00e9tica para mascotas Manta lavable para mascotas Colcha para mascotas Ropa para mascotas Su\u00e9ter para perros Sudadera con capucha para gatos Impermeable para mascotas Disfraz de Halloween para mascotas Botines para mascotas Camiseta para mascotas Pijama para mascotas Chaleco salvavidas Bandana para mascotasJuguetes para mascotas Juguetes interactivos para perros Juguetes para gatos Juguetes chirriantes Juguetes de cuerda Juguetes de rompecabezas Juguetes de tracci\u00f3n Lanzapelotas Juguetes con hierba gatera\u3001Transport\u00edn Mochila para perros Transport\u00edn para gatos Cochecito de viaje Transport\u00edn blando Transport\u00edn r\u00edgido Eslinga para mascotas Silla de coche para mascotas Transport\u00edn homologado por la aerol\u00ednea\u3001Accesorios para mascotas Productos esenciales para mascotas Productos para el cuidado de mascotas Art\u00edculos para el aseo de mascotas Material de seguridad para mascotas","publisher":{"@id":"https:\/\/www.seatouintl.com\/#organization"},"potentialAction":[{"@type":"SearchAction","target":{"@type":"EntryPoint","urlTemplate":"https:\/\/www.seatouintl.com\/?s={search_term_string}"},"query-input":{"@type":"PropertyValueSpecification","valueRequired":true,"valueName":"search_term_string"}}],"inLanguage":"es"},{"@type":"Organization","@id":"https:\/\/www.seatouintl.com\/#organization","name":"seatou","url":"https:\/\/www.seatouintl.com\/","logo":{"@type":"ImageObject","inLanguage":"es","@id":"https:\/\/www.seatouintl.com\/#\/schema\/logo\/image\/","url":"https:\/\/www.seatouintl.com\/wp-content\/uploads\/2025\/10\/LOGO1.png","contentUrl":"https:\/\/www.seatouintl.com\/wp-content\/uploads\/2025\/10\/LOGO1.png","width":1043,"height":454,"caption":"seatou"},"image":{"@id":"https:\/\/www.seatouintl.com\/#\/schema\/logo\/image\/"},"sameAs":["https:\/\/facebook.com\/seatouintl"]}]}},"_links":{"self":[{"href":"https:\/\/www.seatouintl.com\/es\/wp-json\/wp\/v2\/product\/3686","targetHints":{"allow":["GET"]}}],"collection":[{"href":"https:\/\/www.seatouintl.com\/es\/wp-json\/wp\/v2\/product"}],"about":[{"href":"https:\/\/www.seatouintl.com\/es\/wp-json\/wp\/v2\/types\/product"}],"wp:featuredmedia":[{"embeddable":true,"href":"https:\/\/www.seatouintl.com\/es\/wp-json\/wp\/v2\/media\/3696"}],"wp:attachment":[{"href":"https:\/\/www.seatouintl.com\/es\/wp-json\/wp\/v2\/media?parent=3686"}],"wp:term":[{"taxonomy":"product_brand","embeddable":true,"href":"https:\/\/www.seatouintl.com\/es\/wp-json\/wp\/v2\/product_brand?post=3686"},{"taxonomy":"product_cat","embeddable":true,"href":"https:\/\/www.seatouintl.com\/es\/wp-json\/wp\/v2\/product_cat?post=3686"},{"taxonomy":"product_tag","embeddable":true,"href":"https:\/\/www.seatouintl.com\/es\/wp-json\/wp\/v2\/product_tag?post=3686"}],"curies":[{"name":"wp","href":"https:\/\/api.w.org\/{rel}","templated":true}]}}