{"id":3703,"date":"2025-11-10T10:34:37","date_gmt":"2025-11-10T02:34:37","guid":{"rendered":"https:\/\/www.seatouintl.com\/?post_type=product&#038;p=3703"},"modified":"2025-11-10T10:35:30","modified_gmt":"2025-11-10T02:35:30","slug":"tienda-tipi-cama-para-perro-gato","status":"publish","type":"product","link":"https:\/\/www.seatouintl.com\/es\/producto\/tienda-tipi-cama-para-perro-gato\/","title":{"rendered":"Tienda de campa\u00f1a Teepee para perros y gatos"},"content":{"rendered":"","protected":false},"excerpt":{"rendered":"<div class=\"pdp_desc_toph tabactive\">\n<h2><img decoding=\"async\" class=\"alignnone wp-image-2254\" src=\"https:\/\/www.seatouintl.com\/wp-content\/uploads\/2025\/10\/LOGO3-1-300x103.png\" alt=\"\" width=\"151\" height=\"52\" srcset=\"https:\/\/www.seatouintl.com\/wp-content\/uploads\/2025\/10\/LOGO3-1-300x103.png 300w, https:\/\/www.seatouintl.com\/wp-content\/uploads\/2025\/10\/LOGO3-1-600x207.png 600w, https:\/\/www.seatouintl.com\/wp-content\/uploads\/2025\/10\/LOGO3-1-400x138.png 400w, https:\/\/www.seatouintl.com\/wp-content\/uploads\/2025\/10\/LOGO3-1-768x265.png 768w, https:\/\/www.seatouintl.com\/wp-content\/uploads\/2025\/10\/LOGO3-1.png 850w\" sizes=\"(max-width: 151px) 100vw, 151px\" \/><\/h2>\n<h2>Descripci\u00f3n del producto<\/h2>\n<\/div>\n<div class=\"pdp_desc_deatil pdp_desc_txt\">\n<p><i><span style=\"font-weight: 400;\">Su casa dentro de tu casa<\/span><\/i><span style=\"font-weight: 400;\">.<\/span><\/p>\n<p><span style=\"font-weight: 400;\">Fabricada con tejido de sarga resistente, la tienda tipi personalizada Seatou ofrece a tu mascota un espacio propio. El f\u00e1cil montaje garantiza una r\u00e1pida instalaci\u00f3n de la tienda, mientras que la alfombrilla acolchada extra\u00edble tambi\u00e9n se puede utilizar por separado, proporcionando un suave refugio para tu peludo. La tienda cuenta con ventanas de malla en los laterales que ofrecen una ventilaci\u00f3n \u00f3ptima, y las cortinas ajustables se pueden correr para mayor intimidad o atar hacia atr\u00e1s para una sensaci\u00f3n de aire libre.<\/span><\/p>\n<p><span style=\"font-weight: 400;\">Porque, \u00bfa qui\u00e9n no le gusta pasar un rato conmigo en un rinc\u00f3n acogedor?<\/span><\/p>\n<p><b>Caracter\u00edsticas:<\/b><\/p>\n<ul>\n<li style=\"font-weight: 400;\" aria-level=\"1\"><span style=\"font-weight: 400;\">Material: Sarga<\/span><\/li>\n<li style=\"font-weight: 400;\" aria-level=\"1\"><span style=\"font-weight: 400;\">Viene con una alfombrilla acolchada para mascotas que puede utilizarse por separado<\/span><\/li>\n<li style=\"font-weight: 400;\" aria-level=\"1\"><span style=\"font-weight: 400;\">Ventanas de malla en los laterales y cortinas en la parte delantera<\/span><\/li>\n<li style=\"font-weight: 400;\" aria-level=\"1\"><span style=\"font-weight: 400;\">Puede personalizarse con el nombre de su mascota (hasta 8 letras)<\/span><\/li>\n<li style=\"font-weight: 400;\" aria-level=\"1\"><span style=\"font-weight: 400;\">F\u00e1cil de montar y desmontar<\/span><\/li>\n<li style=\"font-weight: 400;\" aria-level=\"1\"><span style=\"font-weight: 400;\">F\u00e1cil de mantener<\/span><\/li>\n<li style=\"font-weight: 400;\" aria-level=\"1\"><span style=\"font-weight: 400;\">Disponible en talla \u00fanica<\/span><\/li>\n<\/ul>\n<\/div>","protected":false},"featured_media":3712,"template":"","meta":[],"product_brand":[],"product_cat":[55,63],"product_tag":[],"class_list":{"0":"post-3703","1":"product","2":"type-product","3":"status-publish","4":"has-post-thumbnail","6":"product_cat-pet-beds-warm-breathable-dog-cat-anti-odor-mildew-resistant","7":"product_cat-other-products","9":"first","10":"instock","11":"shipping-taxable","12":"product-type-simple"},"yoast_head":"<!-- This site is optimized with the Yoast SEO plugin v26.5 - https:\/\/yoast.com\/wordpress\/plugins\/seo\/ -->\n<title>Teepee Tent Bed For Dog &amp; Cat - SeaToU-Pet bed Dog bed Cat bed Orthopedic pet bed Heated pet bed Self-warming pet bed Cave pet bed Donut pet bed Bolster pet bed Outdoor pet house Pet blanket Pet mat Pet pad Cooling pet mat Waterproof pet pad Faux fur pet blanket Washable pet blanket Pet throw Pet bed liner \u3001Pet clothing Dog sweater Cat hoodie Pet raincoat Pet Halloween costume Pet booties Pet T-shirt Pet pajamas Pet life jacket Pet bandana\u3001Pet toys Chew toys Interactive dog toys Cat teaser wand Squeaky toys Rope toys Puzzle toys Tug toys Ball launcher Catnip toys\u3001Pet carrier Dog backpack Cat carrier Pet stroller Travel pet carrier Soft-sided pet carrier Hard-sided pet carrier Pet sling Pet car seat Airline-approved pet carrier\u3001Pet supplies Pet accessories Pet essentials Pet care products Pet grooming supplies Pet safety gear<\/title>\n<meta name=\"description\" content=\"Product DescriptionTheir home within your home.Made of durable twill fabric, Seatou Personalised Teepee Tent gives your pet a space of their own. Easy assembly ensures quick setup of the tent, while the removable cushioned mat can also be used separately, providing a soft retreat for your furry one. The tent features mesh windows on the sides that offer optimal ventilation, and adjustable curtains can be drawn for privacy or tied back for an open-air feel.Because who doesn&#039;t love a little me-time in a cosy corner?Features:Material: TwillComes with a cushioned pet mat that can be used separatelyMesh windows on the side and curtains at the frontCan be personalised to your pet&#039;s name (up to 8 letters)Easy to set up and dismantleEasy to maintainAvailable in one size\" \/>\n<meta name=\"robots\" content=\"index, follow, max-snippet:-1, max-image-preview:large, max-video-preview:-1\" \/>\n<link rel=\"canonical\" href=\"https:\/\/www.seatouintl.com\/es\/producto\/tienda-tipi-cama-para-perro-gato\/\" \/>\n<meta property=\"og:locale\" content=\"es_ES\" \/>\n<meta property=\"og:type\" content=\"article\" \/>\n<meta property=\"og:title\" content=\"Teepee Tent Bed For Dog &amp; Cat - SeaToU-Pet bed Dog bed Cat bed Orthopedic pet bed Heated pet bed Self-warming pet bed Cave pet bed Donut pet bed Bolster pet bed Outdoor pet house Pet blanket Pet mat Pet pad Cooling pet mat Waterproof pet pad Faux fur pet blanket Washable pet blanket Pet throw Pet bed liner \u3001Pet clothing Dog sweater Cat hoodie Pet raincoat Pet Halloween costume Pet booties Pet T-shirt Pet pajamas Pet life jacket Pet bandana\u3001Pet toys Chew toys Interactive dog toys Cat teaser wand Squeaky toys Rope toys Puzzle toys Tug toys Ball launcher Catnip toys\u3001Pet carrier Dog backpack Cat carrier Pet stroller Travel pet carrier Soft-sided pet carrier Hard-sided pet carrier Pet sling Pet car seat Airline-approved pet carrier\u3001Pet supplies Pet accessories Pet essentials Pet care products Pet grooming supplies Pet safety gear\" \/>\n<meta property=\"og:description\" content=\"Product DescriptionTheir home within your home.Made of durable twill fabric, Seatou Personalised Teepee Tent gives your pet a space of their own. Easy assembly ensures quick setup of the tent, while the removable cushioned mat can also be used separately, providing a soft retreat for your furry one. The tent features mesh windows on the sides that offer optimal ventilation, and adjustable curtains can be drawn for privacy or tied back for an open-air feel.Because who doesn&#039;t love a little me-time in a cosy corner?Features:Material: TwillComes with a cushioned pet mat that can be used separatelyMesh windows on the side and curtains at the frontCan be personalised to your pet&#039;s name (up to 8 letters)Easy to set up and dismantleEasy to maintainAvailable in one size\" \/>\n<meta property=\"og:url\" content=\"https:\/\/www.seatouintl.com\/es\/producto\/tienda-tipi-cama-para-perro-gato\/\" \/>\n<meta property=\"og:site_name\" content=\"SeaToU-Pet bed Dog bed Cat bed Orthopedic pet bed Heated pet bed Self-warming pet bed Cave pet bed Donut pet bed Bolster pet bed Outdoor pet house Pet blanket Pet mat Pet pad Cooling pet mat Waterproof pet pad Faux fur pet blanket Washable pet blanket Pet throw Pet bed liner \u3001Pet clothing Dog sweater Cat hoodie Pet raincoat Pet Halloween costume Pet booties Pet T-shirt Pet pajamas Pet life jacket Pet bandana\u3001Pet toys Chew toys Interactive dog toys Cat teaser wand Squeaky toys Rope toys Puzzle toys Tug toys Ball launcher Catnip toys\u3001Pet carrier Dog backpack Cat carrier Pet stroller Travel pet carrier Soft-sided pet carrier Hard-sided pet carrier Pet sling Pet car seat Airline-approved pet carrier\u3001Pet supplies Pet accessories Pet essentials Pet care products Pet grooming supplies Pet safety gear\" \/>\n<meta property=\"article:publisher\" content=\"https:\/\/facebook.com\/seatouintl\" \/>\n<meta property=\"article:modified_time\" content=\"2025-11-10T02:35:30+00:00\" \/>\n<meta property=\"og:image\" content=\"https:\/\/www.seatouintl.com\/wp-content\/uploads\/2025\/11\/Teepee-Tent-For-Dogs-and-Cats-1.jpg\" \/>\n\t<meta property=\"og:image:width\" content=\"800\" \/>\n\t<meta property=\"og:image:height\" content=\"680\" \/>\n\t<meta property=\"og:image:type\" content=\"image\/jpeg\" \/>\n<meta name=\"twitter:card\" content=\"summary_large_image\" \/>\n<meta name=\"twitter:label1\" content=\"Tiempo de lectura\" \/>\n\t<meta name=\"twitter:data1\" content=\"1 minuto\" \/>\n<script type=\"application\/ld+json\" class=\"yoast-schema-graph\">{\"@context\":\"https:\/\/schema.org\",\"@graph\":[{\"@type\":\"WebPage\",\"@id\":\"https:\/\/www.seatouintl.com\/product\/teepee-tent-bed-for-dog-cat\/\",\"url\":\"https:\/\/www.seatouintl.com\/product\/teepee-tent-bed-for-dog-cat\/\",\"name\":\"Teepee Tent Bed For Dog & Cat - SeaToU-Pet bed Dog bed Cat bed Orthopedic pet bed Heated pet bed Self-warming pet bed Cave pet bed Donut pet bed Bolster pet bed Outdoor pet house Pet blanket Pet mat Pet pad Cooling pet mat Waterproof pet pad Faux fur pet blanket Washable pet blanket Pet throw Pet bed liner \u3001Pet clothing Dog sweater Cat hoodie Pet raincoat Pet Halloween costume Pet booties Pet T-shirt Pet pajamas Pet life jacket Pet bandana\u3001Pet toys Chew toys Interactive dog toys Cat teaser wand Squeaky toys Rope toys Puzzle toys Tug toys Ball launcher Catnip toys\u3001Pet carrier Dog backpack Cat carrier Pet stroller Travel pet carrier Soft-sided pet carrier Hard-sided pet carrier Pet sling Pet car seat Airline-approved pet carrier\u3001Pet supplies Pet accessories Pet essentials Pet care products Pet grooming supplies Pet safety gear\",\"isPartOf\":{\"@id\":\"https:\/\/www.seatouintl.com\/#website\"},\"primaryImageOfPage\":{\"@id\":\"https:\/\/www.seatouintl.com\/product\/teepee-tent-bed-for-dog-cat\/#primaryimage\"},\"image\":{\"@id\":\"https:\/\/www.seatouintl.com\/product\/teepee-tent-bed-for-dog-cat\/#primaryimage\"},\"thumbnailUrl\":\"https:\/\/www.seatouintl.com\/wp-content\/uploads\/2025\/11\/Teepee-Tent-For-Dogs-and-Cats-1.jpg\",\"datePublished\":\"2025-11-10T02:34:37+00:00\",\"dateModified\":\"2025-11-10T02:35:30+00:00\",\"description\":\"Product DescriptionTheir home within your home.Made of durable twill fabric, Seatou Personalised Teepee Tent gives your pet a space of their own. Easy assembly ensures quick setup of the tent, while the removable cushioned mat can also be used separately, providing a soft retreat for your furry one. The tent features mesh windows on the sides that offer optimal ventilation, and adjustable curtains can be drawn for privacy or tied back for an open-air feel.Because who doesn't love a little me-time in a cosy corner?Features:Material: TwillComes with a cushioned pet mat that can be used separatelyMesh windows on the side and curtains at the frontCan be personalised to your pet's name (up to 8 letters)Easy to set up and dismantleEasy to maintainAvailable in one size\",\"breadcrumb\":{\"@id\":\"https:\/\/www.seatouintl.com\/product\/teepee-tent-bed-for-dog-cat\/#breadcrumb\"},\"inLanguage\":\"es\",\"potentialAction\":[{\"@type\":\"ReadAction\",\"target\":[\"https:\/\/www.seatouintl.com\/product\/teepee-tent-bed-for-dog-cat\/\"]}]},{\"@type\":\"ImageObject\",\"inLanguage\":\"es\",\"@id\":\"https:\/\/www.seatouintl.com\/product\/teepee-tent-bed-for-dog-cat\/#primaryimage\",\"url\":\"https:\/\/www.seatouintl.com\/wp-content\/uploads\/2025\/11\/Teepee-Tent-For-Dogs-and-Cats-1.jpg\",\"contentUrl\":\"https:\/\/www.seatouintl.com\/wp-content\/uploads\/2025\/11\/Teepee-Tent-For-Dogs-and-Cats-1.jpg\",\"width\":800,\"height\":680},{\"@type\":\"BreadcrumbList\",\"@id\":\"https:\/\/www.seatouintl.com\/product\/teepee-tent-bed-for-dog-cat\/#breadcrumb\",\"itemListElement\":[{\"@type\":\"ListItem\",\"position\":1,\"name\":\"\u9996\u9875\",\"item\":\"https:\/\/www.seatouintl.com\/\"},{\"@type\":\"ListItem\",\"position\":2,\"name\":\"Products\",\"item\":\"https:\/\/www.seatouintl.com\/products\/\"},{\"@type\":\"ListItem\",\"position\":3,\"name\":\"Teepee Tent Bed For Dog &#038; Cat\"}]},{\"@type\":\"WebSite\",\"@id\":\"https:\/\/www.seatouintl.com\/#website\",\"url\":\"https:\/\/www.seatouintl.com\/\",\"name\":\"seatou\",\"description\":\"Pet bed Dog bed Cat bed Orthopedic pet bed Heated pet bed Self-warming pet bed Cave pet bed Donut pet bed Bolster pet bed Outdoor pet house Pet blanket Pet mat Pet pad Cooling pet mat Waterproof pet pad Faux fur pet blanket Washable pet blanket Pet throw Pet bed liner \u3001Pet clothing Dog sweater Cat hoodie Pet raincoat Pet Halloween costume Pet booties Pet T-shirt Pet pajamas Pet life jacket Pet bandana\u3001Pet toys Chew toys Interactive dog toys Cat teaser wand Squeaky toys Rope toys Puzzle toys Tug toys Ball launcher Catnip toys\u3001Pet carrier Dog backpack Cat carrier Pet stroller Travel pet carrier Soft-sided pet carrier Hard-sided pet carrier Pet sling Pet car seat Airline-approved pet carrier\u3001Pet supplies Pet accessories Pet essentials Pet care products Pet grooming supplies Pet safety gear\",\"publisher\":{\"@id\":\"https:\/\/www.seatouintl.com\/#organization\"},\"potentialAction\":[{\"@type\":\"SearchAction\",\"target\":{\"@type\":\"EntryPoint\",\"urlTemplate\":\"https:\/\/www.seatouintl.com\/?s={search_term_string}\"},\"query-input\":{\"@type\":\"PropertyValueSpecification\",\"valueRequired\":true,\"valueName\":\"search_term_string\"}}],\"inLanguage\":\"es\"},{\"@type\":\"Organization\",\"@id\":\"https:\/\/www.seatouintl.com\/#organization\",\"name\":\"seatou\",\"url\":\"https:\/\/www.seatouintl.com\/\",\"logo\":{\"@type\":\"ImageObject\",\"inLanguage\":\"es\",\"@id\":\"https:\/\/www.seatouintl.com\/#\/schema\/logo\/image\/\",\"url\":\"https:\/\/www.seatouintl.com\/wp-content\/uploads\/2025\/10\/LOGO1.png\",\"contentUrl\":\"https:\/\/www.seatouintl.com\/wp-content\/uploads\/2025\/10\/LOGO1.png\",\"width\":1043,\"height\":454,\"caption\":\"seatou\"},\"image\":{\"@id\":\"https:\/\/www.seatouintl.com\/#\/schema\/logo\/image\/\"},\"sameAs\":[\"https:\/\/facebook.com\/seatouintl\"]}]}<\/script>\n<!-- \/ Yoast SEO plugin. -->","yoast_head_json":{"title":"Teepee Tienda de campa\u00f1a Cama para perro y gato - SeaToU-Cama para mascotas Cama para perros Cama para gatos Cama ortop\u00e9dica para mascotas Cama climatizada para mascotas Cama autocalentable para mascotas Cueva para mascotas Cama Donut para mascotas Cama acolchada para mascotas Casa para mascotas al aire libre Manta para mascotas Alfombra para mascotas Alfombra refrescante para mascotas Alfombra impermeable para mascotas Manta de piel sint\u00e9tica para mascotas Manta lavable para mascotas Ropa para mascotas Su\u00e9ter para perros Sudadera con capucha para gatos Impermeable para mascotas Disfraz de Halloween para mascotas Botines para mascotas Camiseta para mascotas Pijama para mascotas Chaleco salvavidas para mascotas Bandana para mascotasJuguetes para mascotas Juguetes interactivos para perros Juguetes para gatos Juguetes chirriantes Juguetes de cuerda Juguetes de rompecabezas Juguetes de tracci\u00f3n Lanzapelotas Juguetes con hierba gatera\u3001Transport\u00edn Mochila para perros Transport\u00edn para gatos Cochecito de viaje Transport\u00edn blando Transport\u00edn r\u00edgido Eslinga para mascotas Silla de coche para mascotas Transport\u00edn homologado por la aerol\u00ednea\u3001Accesorios para mascotas Productos esenciales para mascotas Productos para el cuidado de mascotas Art\u00edculos para el aseo de mascotas Material de seguridad para mascotas","description":"Descripci\u00f3n del productoLa tienda de campa\u00f1a personalizada Seatou, fabricada en tela de sarga resistente, ofrece a tu mascota un espacio propio. El f\u00e1cil montaje garantiza una r\u00e1pida instalaci\u00f3n de la tienda, mientras que la alfombrilla acolchada extra\u00edble tambi\u00e9n se puede utilizar por separado, proporcionando un refugio suave para tu peludo. La tienda cuenta con ventanas de malla en los laterales que ofrecen una ventilaci\u00f3n \u00f3ptima, y las cortinas ajustables se pueden correr para mantener la intimidad o se pueden atar para crear un espacio al aire libre: SargaViene con una alfombrilla acolchada para mascotas que se puede usar por separadoVentanas de malla en los laterales y cortinas en la parte delanteraPuede personalizarse con el nombre de su mascota (hasta 8 letras)F\u00e1cil de montar y desmontarF\u00e1cil de mantenerDisponible en un solo tama\u00f1o","robots":{"index":"index","follow":"follow","max-snippet":"max-snippet:-1","max-image-preview":"max-image-preview:large","max-video-preview":"max-video-preview:-1"},"canonical":"https:\/\/www.seatouintl.com\/es\/producto\/tienda-tipi-cama-para-perro-gato\/","og_locale":"es_ES","og_type":"article","og_title":"Teepee Tent Bed For Dog & Cat - SeaToU-Pet bed Dog bed Cat bed Orthopedic pet bed Heated pet bed Self-warming pet bed Cave pet bed Donut pet bed Bolster pet bed Outdoor pet house Pet blanket Pet mat Pet pad Cooling pet mat Waterproof pet pad Faux fur pet blanket Washable pet blanket Pet throw Pet bed liner \u3001Pet clothing Dog sweater Cat hoodie Pet raincoat Pet Halloween costume Pet booties Pet T-shirt Pet pajamas Pet life jacket Pet bandana\u3001Pet toys Chew toys Interactive dog toys Cat teaser wand Squeaky toys Rope toys Puzzle toys Tug toys Ball launcher Catnip toys\u3001Pet carrier Dog backpack Cat carrier Pet stroller Travel pet carrier Soft-sided pet carrier Hard-sided pet carrier Pet sling Pet car seat Airline-approved pet carrier\u3001Pet supplies Pet accessories Pet essentials Pet care products Pet grooming supplies Pet safety gear","og_description":"Product DescriptionTheir home within your home.Made of durable twill fabric, Seatou Personalised Teepee Tent gives your pet a space of their own. Easy assembly ensures quick setup of the tent, while the removable cushioned mat can also be used separately, providing a soft retreat for your furry one. The tent features mesh windows on the sides that offer optimal ventilation, and adjustable curtains can be drawn for privacy or tied back for an open-air feel.Because who doesn't love a little me-time in a cosy corner?Features:Material: TwillComes with a cushioned pet mat that can be used separatelyMesh windows on the side and curtains at the frontCan be personalised to your pet's name (up to 8 letters)Easy to set up and dismantleEasy to maintainAvailable in one size","og_url":"https:\/\/www.seatouintl.com\/es\/producto\/tienda-tipi-cama-para-perro-gato\/","og_site_name":"SeaToU-Pet bed Dog bed Cat bed Orthopedic pet bed Heated pet bed Self-warming pet bed Cave pet bed Donut pet bed Bolster pet bed Outdoor pet house Pet blanket Pet mat Pet pad Cooling pet mat Waterproof pet pad Faux fur pet blanket Washable pet blanket Pet throw Pet bed liner \u3001Pet clothing Dog sweater Cat hoodie Pet raincoat Pet Halloween costume Pet booties Pet T-shirt Pet pajamas Pet life jacket Pet bandana\u3001Pet toys Chew toys Interactive dog toys Cat teaser wand Squeaky toys Rope toys Puzzle toys Tug toys Ball launcher Catnip toys\u3001Pet carrier Dog backpack Cat carrier Pet stroller Travel pet carrier Soft-sided pet carrier Hard-sided pet carrier Pet sling Pet car seat Airline-approved pet carrier\u3001Pet supplies Pet accessories Pet essentials Pet care products Pet grooming supplies Pet safety gear","article_publisher":"https:\/\/facebook.com\/seatouintl","article_modified_time":"2025-11-10T02:35:30+00:00","og_image":[{"width":800,"height":680,"url":"https:\/\/www.seatouintl.com\/wp-content\/uploads\/2025\/11\/Teepee-Tent-For-Dogs-and-Cats-1.jpg","type":"image\/jpeg"}],"twitter_card":"summary_large_image","twitter_misc":{"Tiempo de lectura":"1 minuto"},"schema":{"@context":"https:\/\/schema.org","@graph":[{"@type":"WebPage","@id":"https:\/\/www.seatouintl.com\/product\/teepee-tent-bed-for-dog-cat\/","url":"https:\/\/www.seatouintl.com\/product\/teepee-tent-bed-for-dog-cat\/","name":"Teepee Tienda de campa\u00f1a Cama para perro y gato - SeaToU-Cama para mascotas Cama para perros Cama para gatos Cama ortop\u00e9dica para mascotas Cama climatizada para mascotas Cama autocalentable para mascotas Cueva para mascotas Cama Donut para mascotas Cama acolchada para mascotas Casa para mascotas al aire libre Manta para mascotas Alfombra para mascotas Alfombra refrescante para mascotas Alfombra impermeable para mascotas Manta de piel sint\u00e9tica para mascotas Manta lavable para mascotas Ropa para mascotas Su\u00e9ter para perros Sudadera con capucha para gatos Impermeable para mascotas Disfraz de Halloween para mascotas Botines para mascotas Camiseta para mascotas Pijama para mascotas Chaleco salvavidas para mascotas Bandana para mascotasJuguetes para mascotas Juguetes interactivos para perros Juguetes para gatos Juguetes chirriantes Juguetes de cuerda Juguetes de rompecabezas Juguetes de tracci\u00f3n Lanzapelotas Juguetes con hierba gatera\u3001Transport\u00edn Mochila para perros Transport\u00edn para gatos Cochecito de viaje Transport\u00edn blando Transport\u00edn r\u00edgido Eslinga para mascotas Silla de coche para mascotas Transport\u00edn homologado por la aerol\u00ednea\u3001Accesorios para mascotas Productos esenciales para mascotas Productos para el cuidado de mascotas Art\u00edculos para el aseo de mascotas Material de seguridad para mascotas","isPartOf":{"@id":"https:\/\/www.seatouintl.com\/#website"},"primaryImageOfPage":{"@id":"https:\/\/www.seatouintl.com\/product\/teepee-tent-bed-for-dog-cat\/#primaryimage"},"image":{"@id":"https:\/\/www.seatouintl.com\/product\/teepee-tent-bed-for-dog-cat\/#primaryimage"},"thumbnailUrl":"https:\/\/www.seatouintl.com\/wp-content\/uploads\/2025\/11\/Teepee-Tent-For-Dogs-and-Cats-1.jpg","datePublished":"2025-11-10T02:34:37+00:00","dateModified":"2025-11-10T02:35:30+00:00","description":"Descripci\u00f3n del productoLa tienda de campa\u00f1a personalizada Seatou, fabricada en tela de sarga resistente, ofrece a tu mascota un espacio propio. El f\u00e1cil montaje garantiza una r\u00e1pida instalaci\u00f3n de la tienda, mientras que la alfombrilla acolchada extra\u00edble tambi\u00e9n se puede utilizar por separado, proporcionando un refugio suave para tu peludo. La tienda cuenta con ventanas de malla en los laterales que ofrecen una ventilaci\u00f3n \u00f3ptima, y las cortinas ajustables se pueden correr para mantener la intimidad o se pueden atar para crear un espacio al aire libre: SargaViene con una alfombrilla acolchada para mascotas que se puede usar por separadoVentanas de malla en los laterales y cortinas en la parte delanteraPuede personalizarse con el nombre de su mascota (hasta 8 letras)F\u00e1cil de montar y desmontarF\u00e1cil de mantenerDisponible en un solo tama\u00f1o","breadcrumb":{"@id":"https:\/\/www.seatouintl.com\/product\/teepee-tent-bed-for-dog-cat\/#breadcrumb"},"inLanguage":"es","potentialAction":[{"@type":"ReadAction","target":["https:\/\/www.seatouintl.com\/product\/teepee-tent-bed-for-dog-cat\/"]}]},{"@type":"ImageObject","inLanguage":"es","@id":"https:\/\/www.seatouintl.com\/product\/teepee-tent-bed-for-dog-cat\/#primaryimage","url":"https:\/\/www.seatouintl.com\/wp-content\/uploads\/2025\/11\/Teepee-Tent-For-Dogs-and-Cats-1.jpg","contentUrl":"https:\/\/www.seatouintl.com\/wp-content\/uploads\/2025\/11\/Teepee-Tent-For-Dogs-and-Cats-1.jpg","width":800,"height":680},{"@type":"BreadcrumbList","@id":"https:\/\/www.seatouintl.com\/product\/teepee-tent-bed-for-dog-cat\/#breadcrumb","itemListElement":[{"@type":"ListItem","position":1,"name":"\u9996\u9875","item":"https:\/\/www.seatouintl.com\/"},{"@type":"ListItem","position":2,"name":"Products","item":"https:\/\/www.seatouintl.com\/products\/"},{"@type":"ListItem","position":3,"name":"Teepee Tent Bed For Dog &#038; Cat"}]},{"@type":"WebSite","@id":"https:\/\/www.seatouintl.com\/#website","url":"https:\/\/www.seatouintl.com\/","name":"seatou","description":"Cama para mascotas Cama para perros Cama para gatos Cama ortop\u00e9dica para mascotas Cama autocalentable para mascotas Cueva para mascotas Cama para mascotas Donut Cama para mascotas Almohada para mascotas Casa para mascotas al aire libre Manta para mascotas Estera para mascotas Almohadilla para mascotas Enfriamiento Estera para mascotas Impermeable Estera para mascotas Manta de piel sint\u00e9tica para mascotas Manta lavable para mascotas Colcha para mascotas Ropa para mascotas Su\u00e9ter para perros Sudadera con capucha para gatos Impermeable para mascotas Disfraz de Halloween para mascotas Botines para mascotas Camiseta para mascotas Pijama para mascotas Chaleco salvavidas Bandana para mascotasJuguetes para mascotas Juguetes interactivos para perros Juguetes para gatos Juguetes chirriantes Juguetes de cuerda Juguetes de rompecabezas Juguetes de tracci\u00f3n Lanzapelotas Juguetes con hierba gatera\u3001Transport\u00edn Mochila para perros Transport\u00edn para gatos Cochecito de viaje Transport\u00edn blando Transport\u00edn r\u00edgido Eslinga para mascotas Silla de coche para mascotas Transport\u00edn homologado por la aerol\u00ednea\u3001Accesorios para mascotas Productos esenciales para mascotas Productos para el cuidado de mascotas Art\u00edculos para el aseo de mascotas Material de seguridad para mascotas","publisher":{"@id":"https:\/\/www.seatouintl.com\/#organization"},"potentialAction":[{"@type":"SearchAction","target":{"@type":"EntryPoint","urlTemplate":"https:\/\/www.seatouintl.com\/?s={search_term_string}"},"query-input":{"@type":"PropertyValueSpecification","valueRequired":true,"valueName":"search_term_string"}}],"inLanguage":"es"},{"@type":"Organization","@id":"https:\/\/www.seatouintl.com\/#organization","name":"seatou","url":"https:\/\/www.seatouintl.com\/","logo":{"@type":"ImageObject","inLanguage":"es","@id":"https:\/\/www.seatouintl.com\/#\/schema\/logo\/image\/","url":"https:\/\/www.seatouintl.com\/wp-content\/uploads\/2025\/10\/LOGO1.png","contentUrl":"https:\/\/www.seatouintl.com\/wp-content\/uploads\/2025\/10\/LOGO1.png","width":1043,"height":454,"caption":"seatou"},"image":{"@id":"https:\/\/www.seatouintl.com\/#\/schema\/logo\/image\/"},"sameAs":["https:\/\/facebook.com\/seatouintl"]}]}},"_links":{"self":[{"href":"https:\/\/www.seatouintl.com\/es\/wp-json\/wp\/v2\/product\/3703","targetHints":{"allow":["GET"]}}],"collection":[{"href":"https:\/\/www.seatouintl.com\/es\/wp-json\/wp\/v2\/product"}],"about":[{"href":"https:\/\/www.seatouintl.com\/es\/wp-json\/wp\/v2\/types\/product"}],"wp:featuredmedia":[{"embeddable":true,"href":"https:\/\/www.seatouintl.com\/es\/wp-json\/wp\/v2\/media\/3712"}],"wp:attachment":[{"href":"https:\/\/www.seatouintl.com\/es\/wp-json\/wp\/v2\/media?parent=3703"}],"wp:term":[{"taxonomy":"product_brand","embeddable":true,"href":"https:\/\/www.seatouintl.com\/es\/wp-json\/wp\/v2\/product_brand?post=3703"},{"taxonomy":"product_cat","embeddable":true,"href":"https:\/\/www.seatouintl.com\/es\/wp-json\/wp\/v2\/product_cat?post=3703"},{"taxonomy":"product_tag","embeddable":true,"href":"https:\/\/www.seatouintl.com\/es\/wp-json\/wp\/v2\/product_tag?post=3703"}],"curies":[{"name":"wp","href":"https:\/\/api.w.org\/{rel}","templated":true}]}}