{"id":4625,"date":"2025-12-02T07:08:10","date_gmt":"2025-12-01T23:08:10","guid":{"rendered":"https:\/\/www.seatouintl.com\/?post_type=product&#038;p=4625"},"modified":"2025-12-02T07:13:38","modified_gmt":"2025-12-01T23:13:38","slug":"cama-redonda-para-gatos-soporte-corporal-extraible-almeja-cama-para-mascotas","status":"publish","type":"product","link":"https:\/\/www.seatouintl.com\/es\/producto\/cama-redonda-para-gatos-soporte-corporal-extraible-almeja-cama-para-mascotas\/","title":{"rendered":"Cama redonda para gatos Soporte corporal extra\u00edble Almeja Cama para mascotas"},"content":{"rendered":"","protected":false},"excerpt":{"rendered":"<section class=\"elementor-section elementor-inner-section elementor-element elementor-element-292c7ea elementor-section-boxed elementor-section-height-default elementor-section-height-default\" data-id=\"292c7ea\" data-element_type=\"section\">\n<div class=\"elementor-container elementor-column-gap-default woocommerce-product-gallery--columns-6\">\n<div class=\"elementor-column elementor-col-50 elementor-inner-column elementor-element elementor-element-14555005 woocommerce-product-gallery--columns-6\" data-id=\"14555005\" data-element_type=\"column\">\n<div class=\"elementor-widget-wrap elementor-element-populated woocommerce-product-gallery--columns-6\">\n<div class=\"elementor-element elementor-element-4444825c elementor-widget__width-initial elementor-widget elementor-widget-heading woocommerce-product-gallery--columns-6\" data-id=\"4444825c\" data-element_type=\"widget\" data-widget_type=\"heading.default\">\n<div><img decoding=\"async\" class=\"alignnone wp-image-2254\" src=\"https:\/\/www.seatouintl.com\/wp-content\/uploads\/2025\/10\/LOGO3-1-300x103.png\" alt=\"\" width=\"151\" height=\"52\" srcset=\"https:\/\/www.seatouintl.com\/wp-content\/uploads\/2025\/10\/LOGO3-1-300x103.png 300w, https:\/\/www.seatouintl.com\/wp-content\/uploads\/2025\/10\/LOGO3-1-600x207.png 600w, https:\/\/www.seatouintl.com\/wp-content\/uploads\/2025\/10\/LOGO3-1-400x138.png 400w, https:\/\/www.seatouintl.com\/wp-content\/uploads\/2025\/10\/LOGO3-1-768x265.png 768w, https:\/\/www.seatouintl.com\/wp-content\/uploads\/2025\/10\/LOGO3-1.png 850w\" sizes=\"(max-width: 151px) 100vw, 151px\" \/><\/div>\n<div class=\"elementor-image-gallery\"><span class=\"elementor-heading-title elementor-size-default\">Tama\u00f1o:<\/span>S:60XH18CM M:80XH20CM L:100XH22CM<\/div>\n<\/div>\n<\/div>\n<\/div>\n<\/div>\n<\/section>\n<section class=\"elementor-section elementor-inner-section elementor-element elementor-element-2b269780 elementor-section-boxed elementor-section-height-default elementor-section-height-default\" data-id=\"2b269780\" data-element_type=\"section\">\n<div class=\"elementor-container elementor-column-gap-default woocommerce-product-gallery--columns-6\">\n<div class=\"elementor-column elementor-col-50 elementor-inner-column elementor-element elementor-element-533098c5 woocommerce-product-gallery--columns-6\" data-id=\"533098c5\" data-element_type=\"column\">\n<div class=\"elementor-widget-wrap elementor-element-populated woocommerce-product-gallery--columns-6\">\n<div class=\"elementor-element elementor-element-5156d466 elementor-widget__width-initial elementor-widget elementor-widget-heading woocommerce-product-gallery--columns-6\" data-id=\"5156d466\" data-element_type=\"widget\" data-widget_type=\"heading.default\">\n<div class=\"elementor-image-gallery\"><span class=\"elementor-heading-title elementor-size-default\">Tipo de art\u00edculo:<\/span>Camas para mascotas<\/div>\n<\/div>\n<\/div>\n<\/div>\n<\/div>\n<\/section>\n<section class=\"elementor-section elementor-inner-section elementor-element elementor-element-6465f406 elementor-section-boxed elementor-section-height-default elementor-section-height-default\" data-id=\"6465f406\" data-element_type=\"section\">\n<div class=\"elementor-container elementor-column-gap-default woocommerce-product-gallery--columns-6\">\n<div class=\"elementor-column elementor-col-50 elementor-inner-column elementor-element elementor-element-3704ec98 woocommerce-product-gallery--columns-6\" data-id=\"3704ec98\" data-element_type=\"column\">\n<div class=\"elementor-widget-wrap elementor-element-populated woocommerce-product-gallery--columns-6\">\n<div class=\"elementor-element elementor-element-213eadba elementor-widget__width-initial elementor-widget elementor-widget-heading woocommerce-product-gallery--columns-6\" data-id=\"213eadba\" data-element_type=\"widget\" data-widget_type=\"heading.default\">\n<div class=\"elementor-image-gallery\"><span class=\"elementor-heading-title elementor-size-default\">Material:<\/span>Felpa<\/div>\n<div>\n<h2>Caracter\u00edsticas de la cama redonda para gatos<\/h2>\n<ul>\n<li data-start=\"206\" data-end=\"351\"><strong data-start=\"206\" data-end=\"231\">\u00a0Uso bidireccional<\/strong>\u00a0- Esta cama redonda para gatos puede utilizarse con funda extra\u00edble, para satisfacer las distintas preferencias de los gatos.<\/li>\n<li data-start=\"352\" data-end=\"480\">\n<p data-start=\"355\" data-end=\"480\"><strong data-start=\"355\" data-end=\"381\">Soporte corporal extra\u00edble<\/strong>\u00a0- F\u00e1ciles de limpiar y sustituir, prolongan la vida \u00fatil del producto y mejoran la comodidad para los clientes finales.<\/p>\n<\/li>\n<li data-start=\"481\" data-end=\"606\">\n<p data-start=\"484\" data-end=\"606\"><strong data-start=\"484\" data-end=\"510\">Dise\u00f1o redondo ergon\u00f3mico<\/strong>\u00a0- Proporciona un soporte para todo el cuerpo, ayudando a los gatos a acurrucarse c\u00f3modamente mientras mejora la calidad del sue\u00f1o.<\/p>\n<\/li>\n<li data-start=\"607\" data-end=\"728\">\n<p data-start=\"610\" data-end=\"728\"><strong data-start=\"610\" data-end=\"629\">Fondo antideslizante<\/strong>\u00a0- Garantiza la estabilidad en diversas superficies, reduciendo el movimiento y mejorando la seguridad de las mascotas activas.<\/p>\n<\/li>\n<li data-start=\"729\" data-end=\"868\">\n<p data-start=\"732\" data-end=\"868\"><strong data-start=\"732\" data-end=\"758\">Duradero y de larga duraci\u00f3n<\/strong>\u00a0- Su construcci\u00f3n de alta calidad la hace ideal para compradores a granel que buscan productos fiables y aprobados por el cliente.<\/p>\n<\/li>\n<li data-start=\"869\" data-end=\"979\">\n<p data-start=\"872\" data-end=\"979\"><strong data-start=\"872\" data-end=\"904\">Opciones personalizables para B2B<\/strong>\u00a0- El tejido, el color y la marca pueden adaptarse a las distintas necesidades del mercado.<\/p>\n<\/li>\n<\/ul>\n<\/div>\n<\/div>\n<\/div>\n<\/div>\n<\/div>\n<\/section>","protected":false},"featured_media":4632,"template":"","meta":[],"product_brand":[],"product_cat":[55],"product_tag":[],"class_list":{"0":"post-4625","1":"product","2":"type-product","3":"status-publish","4":"has-post-thumbnail","6":"product_cat-pet-beds-warm-breathable-dog-cat-anti-odor-mildew-resistant","8":"first","9":"instock","10":"shipping-taxable","11":"product-type-simple"},"yoast_head":"<!-- This site is optimized with the Yoast SEO plugin v26.5 - https:\/\/yoast.com\/wordpress\/plugins\/seo\/ -->\n<title>Round Cat Bed Removable Body Support Clam Pet Bed - SeaToU-Pet bed Dog bed Cat bed Orthopedic pet bed Heated pet bed Self-warming pet bed Cave pet bed Donut pet bed Bolster pet bed Outdoor pet house Pet blanket Pet mat Pet pad Cooling pet mat Waterproof pet pad Faux fur pet blanket Washable pet blanket Pet throw Pet bed liner \u3001Pet clothing Dog sweater Cat hoodie Pet raincoat Pet Halloween costume Pet booties Pet T-shirt Pet pajamas Pet life jacket Pet bandana\u3001Pet toys Chew toys Interactive dog toys Cat teaser wand Squeaky toys Rope toys Puzzle toys Tug toys Ball launcher Catnip toys\u3001Pet carrier Dog backpack Cat carrier Pet stroller Travel pet carrier Soft-sided pet carrier Hard-sided pet carrier Pet sling Pet car seat Airline-approved pet carrier\u3001Pet supplies Pet accessories Pet essentials Pet care products Pet grooming supplies Pet safety gear<\/title>\n<meta name=\"description\" content=\"Round Cat Bed Removable Body Support Clam Pet Bed\" \/>\n<meta name=\"robots\" content=\"index, follow, max-snippet:-1, max-image-preview:large, max-video-preview:-1\" \/>\n<link rel=\"canonical\" href=\"https:\/\/www.seatouintl.com\/es\/producto\/cama-redonda-para-gatos-soporte-corporal-extraible-almeja-cama-para-mascotas\/\" \/>\n<meta property=\"og:locale\" content=\"es_ES\" \/>\n<meta property=\"og:type\" content=\"article\" \/>\n<meta property=\"og:title\" content=\"Round Cat Bed Removable Body Support Clam Pet Bed - SeaToU-Pet bed Dog bed Cat bed Orthopedic pet bed Heated pet bed Self-warming pet bed Cave pet bed Donut pet bed Bolster pet bed Outdoor pet house Pet blanket Pet mat Pet pad Cooling pet mat Waterproof pet pad Faux fur pet blanket Washable pet blanket Pet throw Pet bed liner \u3001Pet clothing Dog sweater Cat hoodie Pet raincoat Pet Halloween costume Pet booties Pet T-shirt Pet pajamas Pet life jacket Pet bandana\u3001Pet toys Chew toys Interactive dog toys Cat teaser wand Squeaky toys Rope toys Puzzle toys Tug toys Ball launcher Catnip toys\u3001Pet carrier Dog backpack Cat carrier Pet stroller Travel pet carrier Soft-sided pet carrier Hard-sided pet carrier Pet sling Pet car seat Airline-approved pet carrier\u3001Pet supplies Pet accessories Pet essentials Pet care products Pet grooming supplies Pet safety gear\" \/>\n<meta property=\"og:description\" content=\"Round Cat Bed Removable Body Support Clam Pet Bed\" \/>\n<meta property=\"og:url\" content=\"https:\/\/www.seatouintl.com\/es\/producto\/cama-redonda-para-gatos-soporte-corporal-extraible-almeja-cama-para-mascotas\/\" \/>\n<meta property=\"og:site_name\" content=\"SeaToU-Pet bed Dog bed Cat bed Orthopedic pet bed Heated pet bed Self-warming pet bed Cave pet bed Donut pet bed Bolster pet bed Outdoor pet house Pet blanket Pet mat Pet pad Cooling pet mat Waterproof pet pad Faux fur pet blanket Washable pet blanket Pet throw Pet bed liner \u3001Pet clothing Dog sweater Cat hoodie Pet raincoat Pet Halloween costume Pet booties Pet T-shirt Pet pajamas Pet life jacket Pet bandana\u3001Pet toys Chew toys Interactive dog toys Cat teaser wand Squeaky toys Rope toys Puzzle toys Tug toys Ball launcher Catnip toys\u3001Pet carrier Dog backpack Cat carrier Pet stroller Travel pet carrier Soft-sided pet carrier Hard-sided pet carrier Pet sling Pet car seat Airline-approved pet carrier\u3001Pet supplies Pet accessories Pet essentials Pet care products Pet grooming supplies Pet safety gear\" \/>\n<meta property=\"article:publisher\" content=\"https:\/\/facebook.com\/seatouintl\" \/>\n<meta property=\"article:modified_time\" content=\"2025-12-01T23:13:38+00:00\" \/>\n<meta property=\"og:image\" content=\"https:\/\/www.seatouintl.com\/wp-content\/uploads\/2025\/12\/round-cat-bed-1.jpg\" \/>\n\t<meta property=\"og:image:width\" content=\"600\" \/>\n\t<meta property=\"og:image:height\" content=\"600\" \/>\n\t<meta property=\"og:image:type\" content=\"image\/jpeg\" \/>\n<meta name=\"twitter:card\" content=\"summary_large_image\" \/>\n<meta name=\"twitter:label1\" content=\"Tiempo de lectura\" \/>\n\t<meta name=\"twitter:data1\" content=\"1 minuto\" \/>\n<script type=\"application\/ld+json\" class=\"yoast-schema-graph\">{\"@context\":\"https:\/\/schema.org\",\"@graph\":[{\"@type\":\"WebPage\",\"@id\":\"https:\/\/www.seatouintl.com\/product\/round-cat-bed-removable-body-support-clam-pet-bed\/\",\"url\":\"https:\/\/www.seatouintl.com\/product\/round-cat-bed-removable-body-support-clam-pet-bed\/\",\"name\":\"Round Cat Bed Removable Body Support Clam Pet Bed - SeaToU-Pet bed Dog bed Cat bed Orthopedic pet bed Heated pet bed Self-warming pet bed Cave pet bed Donut pet bed Bolster pet bed Outdoor pet house Pet blanket Pet mat Pet pad Cooling pet mat Waterproof pet pad Faux fur pet blanket Washable pet blanket Pet throw Pet bed liner \u3001Pet clothing Dog sweater Cat hoodie Pet raincoat Pet Halloween costume Pet booties Pet T-shirt Pet pajamas Pet life jacket Pet bandana\u3001Pet toys Chew toys Interactive dog toys Cat teaser wand Squeaky toys Rope toys Puzzle toys Tug toys Ball launcher Catnip toys\u3001Pet carrier Dog backpack Cat carrier Pet stroller Travel pet carrier Soft-sided pet carrier Hard-sided pet carrier Pet sling Pet car seat Airline-approved pet carrier\u3001Pet supplies Pet accessories Pet essentials Pet care products Pet grooming supplies Pet safety gear\",\"isPartOf\":{\"@id\":\"https:\/\/www.seatouintl.com\/#website\"},\"primaryImageOfPage\":{\"@id\":\"https:\/\/www.seatouintl.com\/product\/round-cat-bed-removable-body-support-clam-pet-bed\/#primaryimage\"},\"image\":{\"@id\":\"https:\/\/www.seatouintl.com\/product\/round-cat-bed-removable-body-support-clam-pet-bed\/#primaryimage\"},\"thumbnailUrl\":\"https:\/\/www.seatouintl.com\/wp-content\/uploads\/2025\/12\/round-cat-bed-1.jpg\",\"datePublished\":\"2025-12-01T23:08:10+00:00\",\"dateModified\":\"2025-12-01T23:13:38+00:00\",\"description\":\"Round Cat Bed Removable Body Support Clam Pet Bed\",\"breadcrumb\":{\"@id\":\"https:\/\/www.seatouintl.com\/product\/round-cat-bed-removable-body-support-clam-pet-bed\/#breadcrumb\"},\"inLanguage\":\"es\",\"potentialAction\":[{\"@type\":\"ReadAction\",\"target\":[\"https:\/\/www.seatouintl.com\/product\/round-cat-bed-removable-body-support-clam-pet-bed\/\"]}]},{\"@type\":\"ImageObject\",\"inLanguage\":\"es\",\"@id\":\"https:\/\/www.seatouintl.com\/product\/round-cat-bed-removable-body-support-clam-pet-bed\/#primaryimage\",\"url\":\"https:\/\/www.seatouintl.com\/wp-content\/uploads\/2025\/12\/round-cat-bed-1.jpg\",\"contentUrl\":\"https:\/\/www.seatouintl.com\/wp-content\/uploads\/2025\/12\/round-cat-bed-1.jpg\",\"width\":600,\"height\":600},{\"@type\":\"BreadcrumbList\",\"@id\":\"https:\/\/www.seatouintl.com\/product\/round-cat-bed-removable-body-support-clam-pet-bed\/#breadcrumb\",\"itemListElement\":[{\"@type\":\"ListItem\",\"position\":1,\"name\":\"\u9996\u9875\",\"item\":\"https:\/\/www.seatouintl.com\/\"},{\"@type\":\"ListItem\",\"position\":2,\"name\":\"Products\",\"item\":\"https:\/\/www.seatouintl.com\/products\/\"},{\"@type\":\"ListItem\",\"position\":3,\"name\":\"Round Cat Bed Removable Body Support Clam Pet Bed\"}]},{\"@type\":\"WebSite\",\"@id\":\"https:\/\/www.seatouintl.com\/#website\",\"url\":\"https:\/\/www.seatouintl.com\/\",\"name\":\"seatou\",\"description\":\"Pet bed Dog bed Cat bed Orthopedic pet bed Heated pet bed Self-warming pet bed Cave pet bed Donut pet bed Bolster pet bed Outdoor pet house Pet blanket Pet mat Pet pad Cooling pet mat Waterproof pet pad Faux fur pet blanket Washable pet blanket Pet throw Pet bed liner \u3001Pet clothing Dog sweater Cat hoodie Pet raincoat Pet Halloween costume Pet booties Pet T-shirt Pet pajamas Pet life jacket Pet bandana\u3001Pet toys Chew toys Interactive dog toys Cat teaser wand Squeaky toys Rope toys Puzzle toys Tug toys Ball launcher Catnip toys\u3001Pet carrier Dog backpack Cat carrier Pet stroller Travel pet carrier Soft-sided pet carrier Hard-sided pet carrier Pet sling Pet car seat Airline-approved pet carrier\u3001Pet supplies Pet accessories Pet essentials Pet care products Pet grooming supplies Pet safety gear\",\"publisher\":{\"@id\":\"https:\/\/www.seatouintl.com\/#organization\"},\"potentialAction\":[{\"@type\":\"SearchAction\",\"target\":{\"@type\":\"EntryPoint\",\"urlTemplate\":\"https:\/\/www.seatouintl.com\/?s={search_term_string}\"},\"query-input\":{\"@type\":\"PropertyValueSpecification\",\"valueRequired\":true,\"valueName\":\"search_term_string\"}}],\"inLanguage\":\"es\"},{\"@type\":\"Organization\",\"@id\":\"https:\/\/www.seatouintl.com\/#organization\",\"name\":\"seatou\",\"url\":\"https:\/\/www.seatouintl.com\/\",\"logo\":{\"@type\":\"ImageObject\",\"inLanguage\":\"es\",\"@id\":\"https:\/\/www.seatouintl.com\/#\/schema\/logo\/image\/\",\"url\":\"https:\/\/www.seatouintl.com\/wp-content\/uploads\/2025\/10\/LOGO1.png\",\"contentUrl\":\"https:\/\/www.seatouintl.com\/wp-content\/uploads\/2025\/10\/LOGO1.png\",\"width\":1043,\"height\":454,\"caption\":\"seatou\"},\"image\":{\"@id\":\"https:\/\/www.seatouintl.com\/#\/schema\/logo\/image\/\"},\"sameAs\":[\"https:\/\/facebook.com\/seatouintl\"]}]}<\/script>\n<!-- \/ Yoast SEO plugin. -->","yoast_head_json":{"title":"Cama redonda para gatos Soporte corporal extra\u00edble Almeja Cama para mascotas - SeaToU-Cama para mascotas Cama para perros Cama para gatos Cama ortop\u00e9dica para mascotas Cama calefactable para mascotas Cama autocalentable para mascotas Cueva cama para mascotas Donut Cama para mascotas Almohada para mascotas Casa para mascotas al aire libre Manta para mascotas Estera para mascotas Estera para mascotas Refrescante Estera para mascotas Impermeable Estera para mascotas Piel sint\u00e9tica Manta para mascotas Lavable Manta para mascotas Colcha para mascotas Forro para cama de mascotas \u3001Ropa para mascotas Su\u00e9ter para perros Sudadera con capucha para gatos Impermeable para mascotas Disfraz de Halloween para mascotas Botines para mascotas Camiseta para mascotas Pijama para mascotas Chaleco salvavidas para mascotas Bandana para mascotasJuguetes para mascotas Juguetes interactivos para perros Juguetes para gatos Juguetes chirriantes Juguetes de cuerda Juguetes rompecabezas Juguetes de tracci\u00f3n Lanzapelotas Juguetes con hierba gatera\u3001Transport\u00edn Mochila para perros Transport\u00edn para gatos Cochecito de viaje Transport\u00edn blando Transport\u00edn r\u00edgido Eslinga para mascotas Silla de coche para mascotas Transport\u00edn homologado por la compa\u00f1\u00eda a\u00e9rea\u3001Suministros para mascotas Accesorios para mascotas Art\u00edculos esenciales para mascotas Productos para el cuidado de mascotas Art\u00edculos para el aseo de mascotas Material de seguridad para mascotas","description":"Cama redonda para gatos Soporte corporal extra\u00edble Almeja Cama para mascotas","robots":{"index":"index","follow":"follow","max-snippet":"max-snippet:-1","max-image-preview":"max-image-preview:large","max-video-preview":"max-video-preview:-1"},"canonical":"https:\/\/www.seatouintl.com\/es\/producto\/cama-redonda-para-gatos-soporte-corporal-extraible-almeja-cama-para-mascotas\/","og_locale":"es_ES","og_type":"article","og_title":"Round Cat Bed Removable Body Support Clam Pet Bed - SeaToU-Pet bed Dog bed Cat bed Orthopedic pet bed Heated pet bed Self-warming pet bed Cave pet bed Donut pet bed Bolster pet bed Outdoor pet house Pet blanket Pet mat Pet pad Cooling pet mat Waterproof pet pad Faux fur pet blanket Washable pet blanket Pet throw Pet bed liner \u3001Pet clothing Dog sweater Cat hoodie Pet raincoat Pet Halloween costume Pet booties Pet T-shirt Pet pajamas Pet life jacket Pet bandana\u3001Pet toys Chew toys Interactive dog toys Cat teaser wand Squeaky toys Rope toys Puzzle toys Tug toys Ball launcher Catnip toys\u3001Pet carrier Dog backpack Cat carrier Pet stroller Travel pet carrier Soft-sided pet carrier Hard-sided pet carrier Pet sling Pet car seat Airline-approved pet carrier\u3001Pet supplies Pet accessories Pet essentials Pet care products Pet grooming supplies Pet safety gear","og_description":"Round Cat Bed Removable Body Support Clam Pet Bed","og_url":"https:\/\/www.seatouintl.com\/es\/producto\/cama-redonda-para-gatos-soporte-corporal-extraible-almeja-cama-para-mascotas\/","og_site_name":"SeaToU-Pet bed Dog bed Cat bed Orthopedic pet bed Heated pet bed Self-warming pet bed Cave pet bed Donut pet bed Bolster pet bed Outdoor pet house Pet blanket Pet mat Pet pad Cooling pet mat Waterproof pet pad Faux fur pet blanket Washable pet blanket Pet throw Pet bed liner \u3001Pet clothing Dog sweater Cat hoodie Pet raincoat Pet Halloween costume Pet booties Pet T-shirt Pet pajamas Pet life jacket Pet bandana\u3001Pet toys Chew toys Interactive dog toys Cat teaser wand Squeaky toys Rope toys Puzzle toys Tug toys Ball launcher Catnip toys\u3001Pet carrier Dog backpack Cat carrier Pet stroller Travel pet carrier Soft-sided pet carrier Hard-sided pet carrier Pet sling Pet car seat Airline-approved pet carrier\u3001Pet supplies Pet accessories Pet essentials Pet care products Pet grooming supplies Pet safety gear","article_publisher":"https:\/\/facebook.com\/seatouintl","article_modified_time":"2025-12-01T23:13:38+00:00","og_image":[{"width":600,"height":600,"url":"https:\/\/www.seatouintl.com\/wp-content\/uploads\/2025\/12\/round-cat-bed-1.jpg","type":"image\/jpeg"}],"twitter_card":"summary_large_image","twitter_misc":{"Tiempo de lectura":"1 minuto"},"schema":{"@context":"https:\/\/schema.org","@graph":[{"@type":"WebPage","@id":"https:\/\/www.seatouintl.com\/product\/round-cat-bed-removable-body-support-clam-pet-bed\/","url":"https:\/\/www.seatouintl.com\/product\/round-cat-bed-removable-body-support-clam-pet-bed\/","name":"Cama redonda para gatos Soporte corporal extra\u00edble Almeja Cama para mascotas - SeaToU-Cama para mascotas Cama para perros Cama para gatos Cama ortop\u00e9dica para mascotas Cama calefactable para mascotas Cama autocalentable para mascotas Cueva cama para mascotas Donut Cama para mascotas Almohada para mascotas Casa para mascotas al aire libre Manta para mascotas Estera para mascotas Estera para mascotas Refrescante Estera para mascotas Impermeable Estera para mascotas Piel sint\u00e9tica Manta para mascotas Lavable Manta para mascotas Colcha para mascotas Forro para cama de mascotas \u3001Ropa para mascotas Su\u00e9ter para perros Sudadera con capucha para gatos Impermeable para mascotas Disfraz de Halloween para mascotas Botines para mascotas Camiseta para mascotas Pijama para mascotas Chaleco salvavidas para mascotas Bandana para mascotasJuguetes para mascotas Juguetes interactivos para perros Juguetes para gatos Juguetes chirriantes Juguetes de cuerda Juguetes rompecabezas Juguetes de tracci\u00f3n Lanzapelotas Juguetes con hierba gatera\u3001Transport\u00edn Mochila para perros Transport\u00edn para gatos Cochecito de viaje Transport\u00edn blando Transport\u00edn r\u00edgido Eslinga para mascotas Silla de coche para mascotas Transport\u00edn homologado por la compa\u00f1\u00eda a\u00e9rea\u3001Suministros para mascotas Accesorios para mascotas Art\u00edculos esenciales para mascotas Productos para el cuidado de mascotas Art\u00edculos para el aseo de mascotas Material de seguridad para mascotas","isPartOf":{"@id":"https:\/\/www.seatouintl.com\/#website"},"primaryImageOfPage":{"@id":"https:\/\/www.seatouintl.com\/product\/round-cat-bed-removable-body-support-clam-pet-bed\/#primaryimage"},"image":{"@id":"https:\/\/www.seatouintl.com\/product\/round-cat-bed-removable-body-support-clam-pet-bed\/#primaryimage"},"thumbnailUrl":"https:\/\/www.seatouintl.com\/wp-content\/uploads\/2025\/12\/round-cat-bed-1.jpg","datePublished":"2025-12-01T23:08:10+00:00","dateModified":"2025-12-01T23:13:38+00:00","description":"Cama redonda para gatos Soporte corporal extra\u00edble Almeja Cama para mascotas","breadcrumb":{"@id":"https:\/\/www.seatouintl.com\/product\/round-cat-bed-removable-body-support-clam-pet-bed\/#breadcrumb"},"inLanguage":"es","potentialAction":[{"@type":"ReadAction","target":["https:\/\/www.seatouintl.com\/product\/round-cat-bed-removable-body-support-clam-pet-bed\/"]}]},{"@type":"ImageObject","inLanguage":"es","@id":"https:\/\/www.seatouintl.com\/product\/round-cat-bed-removable-body-support-clam-pet-bed\/#primaryimage","url":"https:\/\/www.seatouintl.com\/wp-content\/uploads\/2025\/12\/round-cat-bed-1.jpg","contentUrl":"https:\/\/www.seatouintl.com\/wp-content\/uploads\/2025\/12\/round-cat-bed-1.jpg","width":600,"height":600},{"@type":"BreadcrumbList","@id":"https:\/\/www.seatouintl.com\/product\/round-cat-bed-removable-body-support-clam-pet-bed\/#breadcrumb","itemListElement":[{"@type":"ListItem","position":1,"name":"\u9996\u9875","item":"https:\/\/www.seatouintl.com\/"},{"@type":"ListItem","position":2,"name":"Products","item":"https:\/\/www.seatouintl.com\/products\/"},{"@type":"ListItem","position":3,"name":"Round Cat Bed Removable Body Support Clam Pet Bed"}]},{"@type":"WebSite","@id":"https:\/\/www.seatouintl.com\/#website","url":"https:\/\/www.seatouintl.com\/","name":"seatou","description":"Cama para mascotas Cama para perros Cama para gatos Cama ortop\u00e9dica para mascotas Cama autocalentable para mascotas Cueva para mascotas Cama para mascotas Donut Cama para mascotas Almohada para mascotas Casa para mascotas al aire libre Manta para mascotas Estera para mascotas Almohadilla para mascotas Enfriamiento Estera para mascotas Impermeable Estera para mascotas Manta de piel sint\u00e9tica para mascotas Manta lavable para mascotas Colcha para mascotas Ropa para mascotas Su\u00e9ter para perros Sudadera con capucha para gatos Impermeable para mascotas Disfraz de Halloween para mascotas Botines para mascotas Camiseta para mascotas Pijama para mascotas Chaleco salvavidas Bandana para mascotasJuguetes para mascotas Juguetes interactivos para perros Juguetes para gatos Juguetes chirriantes Juguetes de cuerda Juguetes de rompecabezas Juguetes de tracci\u00f3n Lanzapelotas Juguetes con hierba gatera\u3001Transport\u00edn Mochila para perros Transport\u00edn para gatos Cochecito de viaje Transport\u00edn blando Transport\u00edn r\u00edgido Eslinga para mascotas Silla de coche para mascotas Transport\u00edn homologado por la aerol\u00ednea\u3001Accesorios para mascotas Productos esenciales para mascotas Productos para el cuidado de mascotas Art\u00edculos para el aseo de mascotas Material de seguridad para mascotas","publisher":{"@id":"https:\/\/www.seatouintl.com\/#organization"},"potentialAction":[{"@type":"SearchAction","target":{"@type":"EntryPoint","urlTemplate":"https:\/\/www.seatouintl.com\/?s={search_term_string}"},"query-input":{"@type":"PropertyValueSpecification","valueRequired":true,"valueName":"search_term_string"}}],"inLanguage":"es"},{"@type":"Organization","@id":"https:\/\/www.seatouintl.com\/#organization","name":"seatou","url":"https:\/\/www.seatouintl.com\/","logo":{"@type":"ImageObject","inLanguage":"es","@id":"https:\/\/www.seatouintl.com\/#\/schema\/logo\/image\/","url":"https:\/\/www.seatouintl.com\/wp-content\/uploads\/2025\/10\/LOGO1.png","contentUrl":"https:\/\/www.seatouintl.com\/wp-content\/uploads\/2025\/10\/LOGO1.png","width":1043,"height":454,"caption":"seatou"},"image":{"@id":"https:\/\/www.seatouintl.com\/#\/schema\/logo\/image\/"},"sameAs":["https:\/\/facebook.com\/seatouintl"]}]}},"_links":{"self":[{"href":"https:\/\/www.seatouintl.com\/es\/wp-json\/wp\/v2\/product\/4625","targetHints":{"allow":["GET"]}}],"collection":[{"href":"https:\/\/www.seatouintl.com\/es\/wp-json\/wp\/v2\/product"}],"about":[{"href":"https:\/\/www.seatouintl.com\/es\/wp-json\/wp\/v2\/types\/product"}],"wp:featuredmedia":[{"embeddable":true,"href":"https:\/\/www.seatouintl.com\/es\/wp-json\/wp\/v2\/media\/4632"}],"wp:attachment":[{"href":"https:\/\/www.seatouintl.com\/es\/wp-json\/wp\/v2\/media?parent=4625"}],"wp:term":[{"taxonomy":"product_brand","embeddable":true,"href":"https:\/\/www.seatouintl.com\/es\/wp-json\/wp\/v2\/product_brand?post=4625"},{"taxonomy":"product_cat","embeddable":true,"href":"https:\/\/www.seatouintl.com\/es\/wp-json\/wp\/v2\/product_cat?post=4625"},{"taxonomy":"product_tag","embeddable":true,"href":"https:\/\/www.seatouintl.com\/es\/wp-json\/wp\/v2\/product_tag?post=4625"}],"curies":[{"name":"wp","href":"https:\/\/api.w.org\/{rel}","templated":true}]}}