{"id":71,"date":"2021-11-30T15:15:53","date_gmt":"2021-11-30T15:15:53","guid":{"rendered":"https:\/\/startersites.io\/blocksy\/petsy\/?post_type=product&#038;p=71"},"modified":"2025-11-06T07:05:11","modified_gmt":"2025-11-05T23:05:11","slug":"eiusmod-temporalmente","status":"publish","type":"product","link":"https:\/\/www.seatouintl.com\/es\/producto\/eiusmod-temporalmente\/","title":{"rendered":"Rodillo suave y port\u00e1til para mascotas"},"content":{"rendered":"<div style=\"width: 640px;\" class=\"wp-video\"><video class=\"wp-video-shortcode\" id=\"video-71-1\" width=\"640\" height=\"480\" preload=\"metadata\" controls=\"controls\"><source type=\"video\/mp4\" src=\"http:\/\/www.seatouintl.com\/wp-content\/uploads\/2021\/11\/20240426.mp4?_=1\" \/><a href=\"http:\/\/www.seatouintl.com\/wp-content\/uploads\/2021\/11\/20240426.mp4\">http:\/\/www.seatouintl.com\/wp-content\/uploads\/2021\/11\/20240426.mp4<\/a><\/video><\/div>\n<p><img fetchpriority=\"high\" decoding=\"async\" class=\"alignnone size-medium wp-image-2423\" src=\"http:\/\/www.seatouintl.com\/wp-content\/uploads\/2021\/11\/stroller-1-6-169x300.jpg\" alt=\"\" width=\"169\" height=\"300\" srcset=\"https:\/\/www.seatouintl.com\/wp-content\/uploads\/2021\/11\/stroller-1-6-169x300.jpg 169w, https:\/\/www.seatouintl.com\/wp-content\/uploads\/2021\/11\/stroller-1-6-600x1067.jpg 600w, https:\/\/www.seatouintl.com\/wp-content\/uploads\/2021\/11\/stroller-1-6-400x711.jpg 400w, https:\/\/www.seatouintl.com\/wp-content\/uploads\/2021\/11\/stroller-1-6-576x1024.jpg 576w, https:\/\/www.seatouintl.com\/wp-content\/uploads\/2021\/11\/stroller-1-6-768x1366.jpg 768w, https:\/\/www.seatouintl.com\/wp-content\/uploads\/2021\/11\/stroller-1-6.jpg 790w\" sizes=\"(max-width: 169px) 100vw, 169px\" \/> <img decoding=\"async\" class=\"alignnone size-medium wp-image-2424\" src=\"http:\/\/www.seatouintl.com\/wp-content\/uploads\/2021\/11\/stroller-1-7-188x300.jpg\" alt=\"\" width=\"188\" height=\"300\" srcset=\"https:\/\/www.seatouintl.com\/wp-content\/uploads\/2021\/11\/stroller-1-7-188x300.jpg 188w, https:\/\/www.seatouintl.com\/wp-content\/uploads\/2021\/11\/stroller-1-7-600x957.jpg 600w, https:\/\/www.seatouintl.com\/wp-content\/uploads\/2021\/11\/stroller-1-7-400x638.jpg 400w, https:\/\/www.seatouintl.com\/wp-content\/uploads\/2021\/11\/stroller-1-7-642x1024.jpg 642w, https:\/\/www.seatouintl.com\/wp-content\/uploads\/2021\/11\/stroller-1-7-768x1225.jpg 768w, https:\/\/www.seatouintl.com\/wp-content\/uploads\/2021\/11\/stroller-1-7.jpg 790w\" sizes=\"(max-width: 188px) 100vw, 188px\" \/> <img decoding=\"async\" class=\"alignnone size-medium wp-image-2425\" src=\"http:\/\/www.seatouintl.com\/wp-content\/uploads\/2021\/11\/stroller-1-8-130x300.jpg\" alt=\"\" width=\"130\" height=\"300\" srcset=\"https:\/\/www.seatouintl.com\/wp-content\/uploads\/2021\/11\/stroller-1-8-130x300.jpg 130w, https:\/\/www.seatouintl.com\/wp-content\/uploads\/2021\/11\/stroller-1-8-600x1389.jpg 600w, https:\/\/www.seatouintl.com\/wp-content\/uploads\/2021\/11\/stroller-1-8-400x926.jpg 400w, https:\/\/www.seatouintl.com\/wp-content\/uploads\/2021\/11\/stroller-1-8-442x1024.jpg 442w, https:\/\/www.seatouintl.com\/wp-content\/uploads\/2021\/11\/stroller-1-8-768x1778.jpg 768w, https:\/\/www.seatouintl.com\/wp-content\/uploads\/2021\/11\/stroller-1-8-663x1536.jpg 663w, https:\/\/www.seatouintl.com\/wp-content\/uploads\/2021\/11\/stroller-1-8.jpg 790w\" sizes=\"(max-width: 130px) 100vw, 130px\" \/> <img loading=\"lazy\" decoding=\"async\" class=\"alignnone size-medium wp-image-2426\" src=\"http:\/\/www.seatouintl.com\/wp-content\/uploads\/2021\/11\/stroller-1-9-159x300.jpg\" alt=\"\" width=\"159\" height=\"300\" srcset=\"https:\/\/www.seatouintl.com\/wp-content\/uploads\/2021\/11\/stroller-1-9-159x300.jpg 159w, https:\/\/www.seatouintl.com\/wp-content\/uploads\/2021\/11\/stroller-1-9-600x1130.jpg 600w, https:\/\/www.seatouintl.com\/wp-content\/uploads\/2021\/11\/stroller-1-9-400x753.jpg 400w, https:\/\/www.seatouintl.com\/wp-content\/uploads\/2021\/11\/stroller-1-9-544x1024.jpg 544w, https:\/\/www.seatouintl.com\/wp-content\/uploads\/2021\/11\/stroller-1-9-768x1447.jpg 768w, https:\/\/www.seatouintl.com\/wp-content\/uploads\/2021\/11\/stroller-1-9.jpg 790w\" sizes=\"(max-width: 159px) 100vw, 159px\" \/> <img loading=\"lazy\" decoding=\"async\" class=\"alignnone size-medium wp-image-2427\" src=\"http:\/\/www.seatouintl.com\/wp-content\/uploads\/2021\/11\/stroller-1-10-168x300.jpg\" alt=\"\" width=\"168\" height=\"300\" srcset=\"https:\/\/www.seatouintl.com\/wp-content\/uploads\/2021\/11\/stroller-1-10-168x300.jpg 168w, https:\/\/www.seatouintl.com\/wp-content\/uploads\/2021\/11\/stroller-1-10-600x1072.jpg 600w, https:\/\/www.seatouintl.com\/wp-content\/uploads\/2021\/11\/stroller-1-10-400x715.jpg 400w, https:\/\/www.seatouintl.com\/wp-content\/uploads\/2021\/11\/stroller-1-10-573x1024.jpg 573w, https:\/\/www.seatouintl.com\/wp-content\/uploads\/2021\/11\/stroller-1-10-768x1373.jpg 768w, https:\/\/www.seatouintl.com\/wp-content\/uploads\/2021\/11\/stroller-1-10.jpg 790w\" sizes=\"(max-width: 168px) 100vw, 168px\" \/> <img loading=\"lazy\" decoding=\"async\" class=\"alignnone size-medium wp-image-2428\" src=\"http:\/\/www.seatouintl.com\/wp-content\/uploads\/2021\/11\/stroller-1-11-131x300.jpg\" alt=\"\" width=\"131\" height=\"300\" srcset=\"https:\/\/www.seatouintl.com\/wp-content\/uploads\/2021\/11\/stroller-1-11-131x300.jpg 131w, https:\/\/www.seatouintl.com\/wp-content\/uploads\/2021\/11\/stroller-1-11-600x1379.jpg 600w, https:\/\/www.seatouintl.com\/wp-content\/uploads\/2021\/11\/stroller-1-11-400x919.jpg 400w, https:\/\/www.seatouintl.com\/wp-content\/uploads\/2021\/11\/stroller-1-11-445x1024.jpg 445w, https:\/\/www.seatouintl.com\/wp-content\/uploads\/2021\/11\/stroller-1-11-768x1765.jpg 768w, https:\/\/www.seatouintl.com\/wp-content\/uploads\/2021\/11\/stroller-1-11-668x1536.jpg 668w, https:\/\/www.seatouintl.com\/wp-content\/uploads\/2021\/11\/stroller-1-11.jpg 790w\" sizes=\"(max-width: 131px) 100vw, 131px\" \/><\/p>\n<p>&nbsp;<\/p>","protected":false},"excerpt":{"rendered":"<p>Diam sollicitudin tempor id eu nisl. Duis ultricies lacus sed turpis tincidunt id aliquet risus feugiat. Fermentum odio eu feugiat pretium nibh ipsum. Commodo quis imperdiet massa tincidunt nunc.<\/p>\n<p>Commodo odio aenean sed adipiscing diam donec adipiscing tristique. Elit scelerisque mauris pellentesque pulvinar pellentesque habitant morbi. Semper risus in hendrerit gravida rutrum quisque non.<\/p>","protected":false},"featured_media":3274,"template":"","meta":[],"product_brand":[],"product_cat":[58],"product_tag":[],"class_list":{"0":"post-71","1":"product","2":"type-product","3":"status-publish","4":"has-post-thumbnail","6":"product_cat-stroller","8":"first","9":"instock","10":"shipping-taxable","11":"product-type-simple"},"yoast_head":"<!-- This site is optimized with the Yoast SEO plugin v26.5 - https:\/\/yoast.com\/wordpress\/plugins\/seo\/ -->\n<title>Soft &amp; Portable Pet Roller - SeaToU-Pet bed Dog bed Cat bed Orthopedic pet bed Heated pet bed Self-warming pet bed Cave pet bed Donut pet bed Bolster pet bed Outdoor pet house Pet blanket Pet mat Pet pad Cooling pet mat Waterproof pet pad Faux fur pet blanket Washable pet blanket Pet throw Pet bed liner \u3001Pet clothing Dog sweater Cat hoodie Pet raincoat Pet Halloween costume Pet booties Pet T-shirt Pet pajamas Pet life jacket Pet bandana\u3001Pet toys Chew toys Interactive dog toys Cat teaser wand Squeaky toys Rope toys Puzzle toys Tug toys Ball launcher Catnip toys\u3001Pet carrier Dog backpack Cat carrier Pet stroller Travel pet carrier Soft-sided pet carrier Hard-sided pet carrier Pet sling Pet car seat Airline-approved pet carrier\u3001Pet supplies Pet accessories Pet essentials Pet care products Pet grooming supplies Pet safety gear<\/title>\n<meta name=\"robots\" content=\"index, follow, max-snippet:-1, max-image-preview:large, max-video-preview:-1\" \/>\n<link rel=\"canonical\" href=\"https:\/\/www.seatouintl.com\/es\/producto\/eiusmod-temporalmente\/\" \/>\n<meta property=\"og:locale\" content=\"es_ES\" \/>\n<meta property=\"og:type\" content=\"article\" \/>\n<meta property=\"og:title\" content=\"Soft &amp; Portable Pet Roller - SeaToU-Pet bed Dog bed Cat bed Orthopedic pet bed Heated pet bed Self-warming pet bed Cave pet bed Donut pet bed Bolster pet bed Outdoor pet house Pet blanket Pet mat Pet pad Cooling pet mat Waterproof pet pad Faux fur pet blanket Washable pet blanket Pet throw Pet bed liner \u3001Pet clothing Dog sweater Cat hoodie Pet raincoat Pet Halloween costume Pet booties Pet T-shirt Pet pajamas Pet life jacket Pet bandana\u3001Pet toys Chew toys Interactive dog toys Cat teaser wand Squeaky toys Rope toys Puzzle toys Tug toys Ball launcher Catnip toys\u3001Pet carrier Dog backpack Cat carrier Pet stroller Travel pet carrier Soft-sided pet carrier Hard-sided pet carrier Pet sling Pet car seat Airline-approved pet carrier\u3001Pet supplies Pet accessories Pet essentials Pet care products Pet grooming supplies Pet safety gear\" \/>\n<meta property=\"og:description\" content=\"Diam sollicitudin tempor id eu nisl. Duis ultricies lacus sed turpis tincidunt id aliquet risus feugiat. Fermentum odio eu feugiat pretium nibh ipsum. Commodo quis imperdiet massa tincidunt nunc.  Commodo odio aenean sed adipiscing diam donec adipiscing tristique. Elit scelerisque mauris pellentesque pulvinar pellentesque habitant morbi. Semper risus in hendrerit gravida rutrum quisque non.\" \/>\n<meta property=\"og:url\" content=\"https:\/\/www.seatouintl.com\/es\/producto\/eiusmod-temporalmente\/\" \/>\n<meta property=\"og:site_name\" content=\"SeaToU-Pet bed Dog bed Cat bed Orthopedic pet bed Heated pet bed Self-warming pet bed Cave pet bed Donut pet bed Bolster pet bed Outdoor pet house Pet blanket Pet mat Pet pad Cooling pet mat Waterproof pet pad Faux fur pet blanket Washable pet blanket Pet throw Pet bed liner \u3001Pet clothing Dog sweater Cat hoodie Pet raincoat Pet Halloween costume Pet booties Pet T-shirt Pet pajamas Pet life jacket Pet bandana\u3001Pet toys Chew toys Interactive dog toys Cat teaser wand Squeaky toys Rope toys Puzzle toys Tug toys Ball launcher Catnip toys\u3001Pet carrier Dog backpack Cat carrier Pet stroller Travel pet carrier Soft-sided pet carrier Hard-sided pet carrier Pet sling Pet car seat Airline-approved pet carrier\u3001Pet supplies Pet accessories Pet essentials Pet care products Pet grooming supplies Pet safety gear\" \/>\n<meta property=\"article:publisher\" content=\"https:\/\/facebook.com\/seatouintl\" \/>\n<meta property=\"article:modified_time\" content=\"2025-11-05T23:05:11+00:00\" \/>\n<meta property=\"og:image\" content=\"https:\/\/www.seatouintl.com\/wp-content\/uploads\/2021\/11\/fBnX4aHjM1-scaled.jpg\" \/>\n\t<meta property=\"og:image:width\" content=\"2560\" \/>\n\t<meta property=\"og:image:height\" content=\"2176\" \/>\n\t<meta property=\"og:image:type\" content=\"image\/jpeg\" \/>\n<meta name=\"twitter:card\" content=\"summary_large_image\" \/>\n<meta name=\"twitter:label1\" content=\"Tiempo de lectura\" \/>\n\t<meta name=\"twitter:data1\" content=\"2 minutos\" \/>\n<script type=\"application\/ld+json\" class=\"yoast-schema-graph\">{\"@context\":\"https:\/\/schema.org\",\"@graph\":[{\"@type\":\"WebPage\",\"@id\":\"https:\/\/www.seatouintl.com\/product\/eiusmod-tempor\/\",\"url\":\"https:\/\/www.seatouintl.com\/product\/eiusmod-tempor\/\",\"name\":\"Soft & Portable Pet Roller - SeaToU-Pet bed Dog bed Cat bed Orthopedic pet bed Heated pet bed Self-warming pet bed Cave pet bed Donut pet bed Bolster pet bed Outdoor pet house Pet blanket Pet mat Pet pad Cooling pet mat Waterproof pet pad Faux fur pet blanket Washable pet blanket Pet throw Pet bed liner \u3001Pet clothing Dog sweater Cat hoodie Pet raincoat Pet Halloween costume Pet booties Pet T-shirt Pet pajamas Pet life jacket Pet bandana\u3001Pet toys Chew toys Interactive dog toys Cat teaser wand Squeaky toys Rope toys Puzzle toys Tug toys Ball launcher Catnip toys\u3001Pet carrier Dog backpack Cat carrier Pet stroller Travel pet carrier Soft-sided pet carrier Hard-sided pet carrier Pet sling Pet car seat Airline-approved pet carrier\u3001Pet supplies Pet accessories Pet essentials Pet care products Pet grooming supplies Pet safety gear\",\"isPartOf\":{\"@id\":\"https:\/\/www.seatouintl.com\/#website\"},\"primaryImageOfPage\":{\"@id\":\"https:\/\/www.seatouintl.com\/product\/eiusmod-tempor\/#primaryimage\"},\"image\":{\"@id\":\"https:\/\/www.seatouintl.com\/product\/eiusmod-tempor\/#primaryimage\"},\"thumbnailUrl\":\"https:\/\/www.seatouintl.com\/wp-content\/uploads\/2021\/11\/fBnX4aHjM1-scaled.jpg\",\"datePublished\":\"2021-11-30T15:15:53+00:00\",\"dateModified\":\"2025-11-05T23:05:11+00:00\",\"breadcrumb\":{\"@id\":\"https:\/\/www.seatouintl.com\/product\/eiusmod-tempor\/#breadcrumb\"},\"inLanguage\":\"es\",\"potentialAction\":[{\"@type\":\"ReadAction\",\"target\":[\"https:\/\/www.seatouintl.com\/product\/eiusmod-tempor\/\"]}]},{\"@type\":\"ImageObject\",\"inLanguage\":\"es\",\"@id\":\"https:\/\/www.seatouintl.com\/product\/eiusmod-tempor\/#primaryimage\",\"url\":\"https:\/\/www.seatouintl.com\/wp-content\/uploads\/2021\/11\/fBnX4aHjM1-scaled.jpg\",\"contentUrl\":\"https:\/\/www.seatouintl.com\/wp-content\/uploads\/2021\/11\/fBnX4aHjM1-scaled.jpg\",\"width\":2560,\"height\":2176},{\"@type\":\"BreadcrumbList\",\"@id\":\"https:\/\/www.seatouintl.com\/product\/eiusmod-tempor\/#breadcrumb\",\"itemListElement\":[{\"@type\":\"ListItem\",\"position\":1,\"name\":\"\u9996\u9875\",\"item\":\"https:\/\/www.seatouintl.com\/\"},{\"@type\":\"ListItem\",\"position\":2,\"name\":\"Products\",\"item\":\"https:\/\/www.seatouintl.com\/products\/\"},{\"@type\":\"ListItem\",\"position\":3,\"name\":\"Soft &#038; Portable Pet Roller\"}]},{\"@type\":\"WebSite\",\"@id\":\"https:\/\/www.seatouintl.com\/#website\",\"url\":\"https:\/\/www.seatouintl.com\/\",\"name\":\"seatou\",\"description\":\"Pet bed Dog bed Cat bed Orthopedic pet bed Heated pet bed Self-warming pet bed Cave pet bed Donut pet bed Bolster pet bed Outdoor pet house Pet blanket Pet mat Pet pad Cooling pet mat Waterproof pet pad Faux fur pet blanket Washable pet blanket Pet throw Pet bed liner \u3001Pet clothing Dog sweater Cat hoodie Pet raincoat Pet Halloween costume Pet booties Pet T-shirt Pet pajamas Pet life jacket Pet bandana\u3001Pet toys Chew toys Interactive dog toys Cat teaser wand Squeaky toys Rope toys Puzzle toys Tug toys Ball launcher Catnip toys\u3001Pet carrier Dog backpack Cat carrier Pet stroller Travel pet carrier Soft-sided pet carrier Hard-sided pet carrier Pet sling Pet car seat Airline-approved pet carrier\u3001Pet supplies Pet accessories Pet essentials Pet care products Pet grooming supplies Pet safety gear\",\"publisher\":{\"@id\":\"https:\/\/www.seatouintl.com\/#organization\"},\"potentialAction\":[{\"@type\":\"SearchAction\",\"target\":{\"@type\":\"EntryPoint\",\"urlTemplate\":\"https:\/\/www.seatouintl.com\/?s={search_term_string}\"},\"query-input\":{\"@type\":\"PropertyValueSpecification\",\"valueRequired\":true,\"valueName\":\"search_term_string\"}}],\"inLanguage\":\"es\"},{\"@type\":\"Organization\",\"@id\":\"https:\/\/www.seatouintl.com\/#organization\",\"name\":\"seatou\",\"url\":\"https:\/\/www.seatouintl.com\/\",\"logo\":{\"@type\":\"ImageObject\",\"inLanguage\":\"es\",\"@id\":\"https:\/\/www.seatouintl.com\/#\/schema\/logo\/image\/\",\"url\":\"https:\/\/www.seatouintl.com\/wp-content\/uploads\/2025\/10\/LOGO1.png\",\"contentUrl\":\"https:\/\/www.seatouintl.com\/wp-content\/uploads\/2025\/10\/LOGO1.png\",\"width\":1043,\"height\":454,\"caption\":\"seatou\"},\"image\":{\"@id\":\"https:\/\/www.seatouintl.com\/#\/schema\/logo\/image\/\"},\"sameAs\":[\"https:\/\/facebook.com\/seatouintl\"]}]}<\/script>\n<!-- \/ Yoast SEO plugin. -->","yoast_head_json":{"title":"Suave y port\u00e1til Pet Roller - SeaToU-Cama para mascotas Cama para perros Cama para gatos Cama ortop\u00e9dica para mascotas Cama climatizada para mascotas Cama autocalentable para mascotas Cave pet bed Donut pet bed Bolster pet bed Outdoor pet house Manta para mascotas Pet mat Pad enfriamiento pet mat Impermeable pet pad Faux fur pet blanket Washable pet blanket Pet throw Pet bed liner \u3001Pet ropa Dog sweater Cat hoodie Pet raincoat Pet Halloween costume Pet booties Pet T-Juguetes para mascotas Juguetes interactivos para perros Juguetes para gatos Juguetes chirriantes Juguetes de cuerda Juguetes de rompecabezas Juguetes de tracci\u00f3n Lanzapelotas Juguetes con hierba gatera\u3001Transport\u00edn Mochila para perros Transport\u00edn para gatos Cochecito de viaje Transport\u00edn blando Transport\u00edn r\u00edgido Eslinga para mascotas Silla de coche para mascotas Transport\u00edn homologado por la aerol\u00ednea\u3001Accesorios para mascotas Productos esenciales para mascotas Productos para el cuidado de mascotas Art\u00edculos para el aseo de mascotas Material de seguridad para mascotas","robots":{"index":"index","follow":"follow","max-snippet":"max-snippet:-1","max-image-preview":"max-image-preview:large","max-video-preview":"max-video-preview:-1"},"canonical":"https:\/\/www.seatouintl.com\/es\/producto\/eiusmod-temporalmente\/","og_locale":"es_ES","og_type":"article","og_title":"Soft & Portable Pet Roller - SeaToU-Pet bed Dog bed Cat bed Orthopedic pet bed Heated pet bed Self-warming pet bed Cave pet bed Donut pet bed Bolster pet bed Outdoor pet house Pet blanket Pet mat Pet pad Cooling pet mat Waterproof pet pad Faux fur pet blanket Washable pet blanket Pet throw Pet bed liner \u3001Pet clothing Dog sweater Cat hoodie Pet raincoat Pet Halloween costume Pet booties Pet T-shirt Pet pajamas Pet life jacket Pet bandana\u3001Pet toys Chew toys Interactive dog toys Cat teaser wand Squeaky toys Rope toys Puzzle toys Tug toys Ball launcher Catnip toys\u3001Pet carrier Dog backpack Cat carrier Pet stroller Travel pet carrier Soft-sided pet carrier Hard-sided pet carrier Pet sling Pet car seat Airline-approved pet carrier\u3001Pet supplies Pet accessories Pet essentials Pet care products Pet grooming supplies Pet safety gear","og_description":"Diam sollicitudin tempor id eu nisl. Duis ultricies lacus sed turpis tincidunt id aliquet risus feugiat. Fermentum odio eu feugiat pretium nibh ipsum. Commodo quis imperdiet massa tincidunt nunc.  Commodo odio aenean sed adipiscing diam donec adipiscing tristique. Elit scelerisque mauris pellentesque pulvinar pellentesque habitant morbi. Semper risus in hendrerit gravida rutrum quisque non.","og_url":"https:\/\/www.seatouintl.com\/es\/producto\/eiusmod-temporalmente\/","og_site_name":"SeaToU-Pet bed Dog bed Cat bed Orthopedic pet bed Heated pet bed Self-warming pet bed Cave pet bed Donut pet bed Bolster pet bed Outdoor pet house Pet blanket Pet mat Pet pad Cooling pet mat Waterproof pet pad Faux fur pet blanket Washable pet blanket Pet throw Pet bed liner \u3001Pet clothing Dog sweater Cat hoodie Pet raincoat Pet Halloween costume Pet booties Pet T-shirt Pet pajamas Pet life jacket Pet bandana\u3001Pet toys Chew toys Interactive dog toys Cat teaser wand Squeaky toys Rope toys Puzzle toys Tug toys Ball launcher Catnip toys\u3001Pet carrier Dog backpack Cat carrier Pet stroller Travel pet carrier Soft-sided pet carrier Hard-sided pet carrier Pet sling Pet car seat Airline-approved pet carrier\u3001Pet supplies Pet accessories Pet essentials Pet care products Pet grooming supplies Pet safety gear","article_publisher":"https:\/\/facebook.com\/seatouintl","article_modified_time":"2025-11-05T23:05:11+00:00","og_image":[{"width":2560,"height":2176,"url":"https:\/\/www.seatouintl.com\/wp-content\/uploads\/2021\/11\/fBnX4aHjM1-scaled.jpg","type":"image\/jpeg"}],"twitter_card":"summary_large_image","twitter_misc":{"Tiempo de lectura":"2 minutos"},"schema":{"@context":"https:\/\/schema.org","@graph":[{"@type":"WebPage","@id":"https:\/\/www.seatouintl.com\/product\/eiusmod-tempor\/","url":"https:\/\/www.seatouintl.com\/product\/eiusmod-tempor\/","name":"Suave y port\u00e1til Pet Roller - SeaToU-Cama para mascotas Cama para perros Cama para gatos Cama ortop\u00e9dica para mascotas Cama climatizada para mascotas Cama autocalentable para mascotas Cave pet bed Donut pet bed Bolster pet bed Outdoor pet house Manta para mascotas Pet mat Pad enfriamiento pet mat Impermeable pet pad Faux fur pet blanket Washable pet blanket Pet throw Pet bed liner \u3001Pet ropa Dog sweater Cat hoodie Pet raincoat Pet Halloween costume Pet booties Pet T-Juguetes para mascotas Juguetes interactivos para perros Juguetes para gatos Juguetes chirriantes Juguetes de cuerda Juguetes de rompecabezas Juguetes de tracci\u00f3n Lanzapelotas Juguetes con hierba gatera\u3001Transport\u00edn Mochila para perros Transport\u00edn para gatos Cochecito de viaje Transport\u00edn blando Transport\u00edn r\u00edgido Eslinga para mascotas Silla de coche para mascotas Transport\u00edn homologado por la aerol\u00ednea\u3001Accesorios para mascotas Productos esenciales para mascotas Productos para el cuidado de mascotas Art\u00edculos para el aseo de mascotas Material de seguridad para mascotas","isPartOf":{"@id":"https:\/\/www.seatouintl.com\/#website"},"primaryImageOfPage":{"@id":"https:\/\/www.seatouintl.com\/product\/eiusmod-tempor\/#primaryimage"},"image":{"@id":"https:\/\/www.seatouintl.com\/product\/eiusmod-tempor\/#primaryimage"},"thumbnailUrl":"https:\/\/www.seatouintl.com\/wp-content\/uploads\/2021\/11\/fBnX4aHjM1-scaled.jpg","datePublished":"2021-11-30T15:15:53+00:00","dateModified":"2025-11-05T23:05:11+00:00","breadcrumb":{"@id":"https:\/\/www.seatouintl.com\/product\/eiusmod-tempor\/#breadcrumb"},"inLanguage":"es","potentialAction":[{"@type":"ReadAction","target":["https:\/\/www.seatouintl.com\/product\/eiusmod-tempor\/"]}]},{"@type":"ImageObject","inLanguage":"es","@id":"https:\/\/www.seatouintl.com\/product\/eiusmod-tempor\/#primaryimage","url":"https:\/\/www.seatouintl.com\/wp-content\/uploads\/2021\/11\/fBnX4aHjM1-scaled.jpg","contentUrl":"https:\/\/www.seatouintl.com\/wp-content\/uploads\/2021\/11\/fBnX4aHjM1-scaled.jpg","width":2560,"height":2176},{"@type":"BreadcrumbList","@id":"https:\/\/www.seatouintl.com\/product\/eiusmod-tempor\/#breadcrumb","itemListElement":[{"@type":"ListItem","position":1,"name":"\u9996\u9875","item":"https:\/\/www.seatouintl.com\/"},{"@type":"ListItem","position":2,"name":"Products","item":"https:\/\/www.seatouintl.com\/products\/"},{"@type":"ListItem","position":3,"name":"Soft &#038; Portable Pet Roller"}]},{"@type":"WebSite","@id":"https:\/\/www.seatouintl.com\/#website","url":"https:\/\/www.seatouintl.com\/","name":"seatou","description":"Cama para mascotas Cama para perros Cama para gatos Cama ortop\u00e9dica para mascotas Cama autocalentable para mascotas Cueva para mascotas Cama para mascotas Donut Cama para mascotas Almohada para mascotas Casa para mascotas al aire libre Manta para mascotas Estera para mascotas Almohadilla para mascotas Enfriamiento Estera para mascotas Impermeable Estera para mascotas Manta de piel sint\u00e9tica para mascotas Manta lavable para mascotas Colcha para mascotas Ropa para mascotas Su\u00e9ter para perros Sudadera con capucha para gatos Impermeable para mascotas Disfraz de Halloween para mascotas Botines para mascotas Camiseta para mascotas Pijama para mascotas Chaleco salvavidas Bandana para mascotasJuguetes para mascotas Juguetes interactivos para perros Juguetes para gatos Juguetes chirriantes Juguetes de cuerda Juguetes de rompecabezas Juguetes de tracci\u00f3n Lanzapelotas Juguetes con hierba gatera\u3001Transport\u00edn Mochila para perros Transport\u00edn para gatos Cochecito de viaje Transport\u00edn blando Transport\u00edn r\u00edgido Eslinga para mascotas Silla de coche para mascotas Transport\u00edn homologado por la aerol\u00ednea\u3001Accesorios para mascotas Productos esenciales para mascotas Productos para el cuidado de mascotas Art\u00edculos para el aseo de mascotas Material de seguridad para mascotas","publisher":{"@id":"https:\/\/www.seatouintl.com\/#organization"},"potentialAction":[{"@type":"SearchAction","target":{"@type":"EntryPoint","urlTemplate":"https:\/\/www.seatouintl.com\/?s={search_term_string}"},"query-input":{"@type":"PropertyValueSpecification","valueRequired":true,"valueName":"search_term_string"}}],"inLanguage":"es"},{"@type":"Organization","@id":"https:\/\/www.seatouintl.com\/#organization","name":"seatou","url":"https:\/\/www.seatouintl.com\/","logo":{"@type":"ImageObject","inLanguage":"es","@id":"https:\/\/www.seatouintl.com\/#\/schema\/logo\/image\/","url":"https:\/\/www.seatouintl.com\/wp-content\/uploads\/2025\/10\/LOGO1.png","contentUrl":"https:\/\/www.seatouintl.com\/wp-content\/uploads\/2025\/10\/LOGO1.png","width":1043,"height":454,"caption":"seatou"},"image":{"@id":"https:\/\/www.seatouintl.com\/#\/schema\/logo\/image\/"},"sameAs":["https:\/\/facebook.com\/seatouintl"]}]}},"_links":{"self":[{"href":"https:\/\/www.seatouintl.com\/es\/wp-json\/wp\/v2\/product\/71","targetHints":{"allow":["GET"]}}],"collection":[{"href":"https:\/\/www.seatouintl.com\/es\/wp-json\/wp\/v2\/product"}],"about":[{"href":"https:\/\/www.seatouintl.com\/es\/wp-json\/wp\/v2\/types\/product"}],"wp:featuredmedia":[{"embeddable":true,"href":"https:\/\/www.seatouintl.com\/es\/wp-json\/wp\/v2\/media\/3274"}],"wp:attachment":[{"href":"https:\/\/www.seatouintl.com\/es\/wp-json\/wp\/v2\/media?parent=71"}],"wp:term":[{"taxonomy":"product_brand","embeddable":true,"href":"https:\/\/www.seatouintl.com\/es\/wp-json\/wp\/v2\/product_brand?post=71"},{"taxonomy":"product_cat","embeddable":true,"href":"https:\/\/www.seatouintl.com\/es\/wp-json\/wp\/v2\/product_cat?post=71"},{"taxonomy":"product_tag","embeddable":true,"href":"https:\/\/www.seatouintl.com\/es\/wp-json\/wp\/v2\/product_tag?post=71"}],"curies":[{"name":"wp","href":"https:\/\/api.w.org\/{rel}","templated":true}]}}