{"id":3435,"date":"2025-11-06T22:54:25","date_gmt":"2025-11-06T14:54:25","guid":{"rendered":"https:\/\/www.seatouintl.com\/?post_type=product&#038;p=3435"},"modified":"2025-11-08T07:14:44","modified_gmt":"2025-11-07T23:14:44","slug":"coussin-rectangulaire-pour-chien-en-peluche-2-couleurs-contrastees","status":"publish","type":"product","link":"https:\/\/www.seatouintl.com\/fr\/produit\/coussin-rectangulaire-pour-chien-en-peluche-2-couleurs-contrastees\/","title":{"rendered":"Coussin pelucheux rectangulaire pour chien, 2 couleurs contrast\u00e9es"},"content":{"rendered":"","protected":false},"excerpt":{"rendered":"<p><img decoding=\"async\" class=\"alignnone wp-image-2254\" src=\"https:\/\/www.seatouintl.com\/wp-content\/uploads\/2025\/10\/LOGO3-1-300x103.png\" alt=\"\" width=\"151\" height=\"52\" srcset=\"https:\/\/www.seatouintl.com\/wp-content\/uploads\/2025\/10\/LOGO3-1-300x103.png 300w, https:\/\/www.seatouintl.com\/wp-content\/uploads\/2025\/10\/LOGO3-1-600x207.png 600w, https:\/\/www.seatouintl.com\/wp-content\/uploads\/2025\/10\/LOGO3-1-400x138.png 400w, https:\/\/www.seatouintl.com\/wp-content\/uploads\/2025\/10\/LOGO3-1-768x265.png 768w, https:\/\/www.seatouintl.com\/wp-content\/uploads\/2025\/10\/LOGO3-1.png 850w\" sizes=\"(max-width: 151px) 100vw, 151px\" \/><\/p>\n<p>Inspir\u00e9e des \u00e9chiquiers, cette \u00e9l\u00e9gante collection de coussins pour chiens utilise des motifs \u00e0 carreaux simples et des couleurs contrast\u00e9es pour ajouter de la sophistication au confort.<\/p>\n<h5>Principaux avantages :<\/h5>\n<ul>\n<li>Rembourrage en peluche<\/li>\n<li>Ferme et robuste<\/li>\n<li>Conception unique<\/li>\n<\/ul>\n<h5>Mat\u00e9riau principal :<\/h5>\n<p>Peluche<\/p>\n<h5>Taille disponible :<\/h5>\n<p>Personnalisable<\/p>","protected":false},"featured_media":3440,"template":"","meta":[],"product_brand":[],"product_cat":[55],"product_tag":[],"class_list":{"0":"post-3435","1":"product","2":"type-product","3":"status-publish","4":"has-post-thumbnail","6":"product_cat-pet-beds-warm-breathable-dog-cat-anti-odor-mildew-resistant","8":"first","9":"instock","10":"shipping-taxable","11":"product-type-simple"},"yoast_head":"<!-- This site is optimized with the Yoast SEO plugin v26.5 - https:\/\/yoast.com\/wordpress\/plugins\/seo\/ -->\n<title>2-Color Contrast Rectangular Fluffy Dog Cushion - SeaToU-Pet bed Dog bed Cat bed Orthopedic pet bed Heated pet bed Self-warming pet bed Cave pet bed Donut pet bed Bolster pet bed Outdoor pet house Pet blanket Pet mat Pet pad Cooling pet mat Waterproof pet pad Faux fur pet blanket Washable pet blanket Pet throw Pet bed liner \u3001Pet clothing Dog sweater Cat hoodie Pet raincoat Pet Halloween costume Pet booties Pet T-shirt Pet pajamas Pet life jacket Pet bandana\u3001Pet toys Chew toys Interactive dog toys Cat teaser wand Squeaky toys Rope toys Puzzle toys Tug toys Ball launcher Catnip toys\u3001Pet carrier Dog backpack Cat carrier Pet stroller Travel pet carrier Soft-sided pet carrier Hard-sided pet carrier Pet sling Pet car seat Airline-approved pet carrier\u3001Pet supplies Pet accessories Pet essentials Pet care products Pet grooming supplies Pet safety gear<\/title>\n<meta name=\"description\" content=\"nspired by chess boards, this elegant dog cushion collection makes use of simple checkered designs and contrasting colors to add sophistication to comfort.\" \/>\n<meta name=\"robots\" content=\"index, follow, max-snippet:-1, max-image-preview:large, max-video-preview:-1\" \/>\n<link rel=\"canonical\" href=\"https:\/\/www.seatouintl.com\/fr\/produit\/coussin-rectangulaire-pour-chien-en-peluche-2-couleurs-contrastees\/\" \/>\n<meta property=\"og:locale\" content=\"fr_FR\" \/>\n<meta property=\"og:type\" content=\"article\" \/>\n<meta property=\"og:title\" content=\"2-Color Contrast Rectangular Fluffy Dog Cushion - SeaToU-Pet bed Dog bed Cat bed Orthopedic pet bed Heated pet bed Self-warming pet bed Cave pet bed Donut pet bed Bolster pet bed Outdoor pet house Pet blanket Pet mat Pet pad Cooling pet mat Waterproof pet pad Faux fur pet blanket Washable pet blanket Pet throw Pet bed liner \u3001Pet clothing Dog sweater Cat hoodie Pet raincoat Pet Halloween costume Pet booties Pet T-shirt Pet pajamas Pet life jacket Pet bandana\u3001Pet toys Chew toys Interactive dog toys Cat teaser wand Squeaky toys Rope toys Puzzle toys Tug toys Ball launcher Catnip toys\u3001Pet carrier Dog backpack Cat carrier Pet stroller Travel pet carrier Soft-sided pet carrier Hard-sided pet carrier Pet sling Pet car seat Airline-approved pet carrier\u3001Pet supplies Pet accessories Pet essentials Pet care products Pet grooming supplies Pet safety gear\" \/>\n<meta property=\"og:description\" content=\"nspired by chess boards, this elegant dog cushion collection makes use of simple checkered designs and contrasting colors to add sophistication to comfort.\" \/>\n<meta property=\"og:url\" content=\"https:\/\/www.seatouintl.com\/fr\/produit\/coussin-rectangulaire-pour-chien-en-peluche-2-couleurs-contrastees\/\" \/>\n<meta property=\"og:site_name\" content=\"SeaToU-Pet bed Dog bed Cat bed Orthopedic pet bed Heated pet bed Self-warming pet bed Cave pet bed Donut pet bed Bolster pet bed Outdoor pet house Pet blanket Pet mat Pet pad Cooling pet mat Waterproof pet pad Faux fur pet blanket Washable pet blanket Pet throw Pet bed liner \u3001Pet clothing Dog sweater Cat hoodie Pet raincoat Pet Halloween costume Pet booties Pet T-shirt Pet pajamas Pet life jacket Pet bandana\u3001Pet toys Chew toys Interactive dog toys Cat teaser wand Squeaky toys Rope toys Puzzle toys Tug toys Ball launcher Catnip toys\u3001Pet carrier Dog backpack Cat carrier Pet stroller Travel pet carrier Soft-sided pet carrier Hard-sided pet carrier Pet sling Pet car seat Airline-approved pet carrier\u3001Pet supplies Pet accessories Pet essentials Pet care products Pet grooming supplies Pet safety gear\" \/>\n<meta property=\"article:publisher\" content=\"https:\/\/facebook.com\/seatouintl\" \/>\n<meta property=\"article:modified_time\" content=\"2025-11-07T23:14:44+00:00\" \/>\n<meta property=\"og:image\" content=\"https:\/\/www.seatouintl.com\/wp-content\/uploads\/2025\/11\/2-color-contrast-rectangular-fluffy-dog-cushion-2.jpg\" \/>\n\t<meta property=\"og:image:width\" content=\"800\" \/>\n\t<meta property=\"og:image:height\" content=\"680\" \/>\n\t<meta property=\"og:image:type\" content=\"image\/jpeg\" \/>\n<meta name=\"twitter:card\" content=\"summary_large_image\" \/>\n<meta name=\"twitter:label1\" content=\"Dur\u00e9e de lecture estim\u00e9e\" \/>\n\t<meta name=\"twitter:data1\" content=\"1 minute\" \/>\n<script type=\"application\/ld+json\" class=\"yoast-schema-graph\">{\"@context\":\"https:\/\/schema.org\",\"@graph\":[{\"@type\":\"WebPage\",\"@id\":\"https:\/\/www.seatouintl.com\/product\/2-color-contrast-rectangular-fluffy-dog-cushion\/\",\"url\":\"https:\/\/www.seatouintl.com\/product\/2-color-contrast-rectangular-fluffy-dog-cushion\/\",\"name\":\"2-Color Contrast Rectangular Fluffy Dog Cushion - SeaToU-Pet bed Dog bed Cat bed Orthopedic pet bed Heated pet bed Self-warming pet bed Cave pet bed Donut pet bed Bolster pet bed Outdoor pet house Pet blanket Pet mat Pet pad Cooling pet mat Waterproof pet pad Faux fur pet blanket Washable pet blanket Pet throw Pet bed liner \u3001Pet clothing Dog sweater Cat hoodie Pet raincoat Pet Halloween costume Pet booties Pet T-shirt Pet pajamas Pet life jacket Pet bandana\u3001Pet toys Chew toys Interactive dog toys Cat teaser wand Squeaky toys Rope toys Puzzle toys Tug toys Ball launcher Catnip toys\u3001Pet carrier Dog backpack Cat carrier Pet stroller Travel pet carrier Soft-sided pet carrier Hard-sided pet carrier Pet sling Pet car seat Airline-approved pet carrier\u3001Pet supplies Pet accessories Pet essentials Pet care products Pet grooming supplies Pet safety gear\",\"isPartOf\":{\"@id\":\"https:\/\/www.seatouintl.com\/#website\"},\"primaryImageOfPage\":{\"@id\":\"https:\/\/www.seatouintl.com\/product\/2-color-contrast-rectangular-fluffy-dog-cushion\/#primaryimage\"},\"image\":{\"@id\":\"https:\/\/www.seatouintl.com\/product\/2-color-contrast-rectangular-fluffy-dog-cushion\/#primaryimage\"},\"thumbnailUrl\":\"https:\/\/www.seatouintl.com\/wp-content\/uploads\/2025\/11\/2-color-contrast-rectangular-fluffy-dog-cushion-2.jpg\",\"datePublished\":\"2025-11-06T14:54:25+00:00\",\"dateModified\":\"2025-11-07T23:14:44+00:00\",\"description\":\"nspired by chess boards, this elegant dog cushion collection makes use of simple checkered designs and contrasting colors to add sophistication to comfort.\",\"breadcrumb\":{\"@id\":\"https:\/\/www.seatouintl.com\/product\/2-color-contrast-rectangular-fluffy-dog-cushion\/#breadcrumb\"},\"inLanguage\":\"fr-FR\",\"potentialAction\":[{\"@type\":\"ReadAction\",\"target\":[\"https:\/\/www.seatouintl.com\/product\/2-color-contrast-rectangular-fluffy-dog-cushion\/\"]}]},{\"@type\":\"ImageObject\",\"inLanguage\":\"fr-FR\",\"@id\":\"https:\/\/www.seatouintl.com\/product\/2-color-contrast-rectangular-fluffy-dog-cushion\/#primaryimage\",\"url\":\"https:\/\/www.seatouintl.com\/wp-content\/uploads\/2025\/11\/2-color-contrast-rectangular-fluffy-dog-cushion-2.jpg\",\"contentUrl\":\"https:\/\/www.seatouintl.com\/wp-content\/uploads\/2025\/11\/2-color-contrast-rectangular-fluffy-dog-cushion-2.jpg\",\"width\":800,\"height\":680},{\"@type\":\"BreadcrumbList\",\"@id\":\"https:\/\/www.seatouintl.com\/product\/2-color-contrast-rectangular-fluffy-dog-cushion\/#breadcrumb\",\"itemListElement\":[{\"@type\":\"ListItem\",\"position\":1,\"name\":\"\u9996\u9875\",\"item\":\"https:\/\/www.seatouintl.com\/\"},{\"@type\":\"ListItem\",\"position\":2,\"name\":\"Products\",\"item\":\"https:\/\/www.seatouintl.com\/products\/\"},{\"@type\":\"ListItem\",\"position\":3,\"name\":\"2-Color Contrast Rectangular Fluffy Dog Cushion\"}]},{\"@type\":\"WebSite\",\"@id\":\"https:\/\/www.seatouintl.com\/#website\",\"url\":\"https:\/\/www.seatouintl.com\/\",\"name\":\"seatou\",\"description\":\"Pet bed Dog bed Cat bed Orthopedic pet bed Heated pet bed Self-warming pet bed Cave pet bed Donut pet bed Bolster pet bed Outdoor pet house Pet blanket Pet mat Pet pad Cooling pet mat Waterproof pet pad Faux fur pet blanket Washable pet blanket Pet throw Pet bed liner \u3001Pet clothing Dog sweater Cat hoodie Pet raincoat Pet Halloween costume Pet booties Pet T-shirt Pet pajamas Pet life jacket Pet bandana\u3001Pet toys Chew toys Interactive dog toys Cat teaser wand Squeaky toys Rope toys Puzzle toys Tug toys Ball launcher Catnip toys\u3001Pet carrier Dog backpack Cat carrier Pet stroller Travel pet carrier Soft-sided pet carrier Hard-sided pet carrier Pet sling Pet car seat Airline-approved pet carrier\u3001Pet supplies Pet accessories Pet essentials Pet care products Pet grooming supplies Pet safety gear\",\"publisher\":{\"@id\":\"https:\/\/www.seatouintl.com\/#organization\"},\"potentialAction\":[{\"@type\":\"SearchAction\",\"target\":{\"@type\":\"EntryPoint\",\"urlTemplate\":\"https:\/\/www.seatouintl.com\/?s={search_term_string}\"},\"query-input\":{\"@type\":\"PropertyValueSpecification\",\"valueRequired\":true,\"valueName\":\"search_term_string\"}}],\"inLanguage\":\"fr-FR\"},{\"@type\":\"Organization\",\"@id\":\"https:\/\/www.seatouintl.com\/#organization\",\"name\":\"seatou\",\"url\":\"https:\/\/www.seatouintl.com\/\",\"logo\":{\"@type\":\"ImageObject\",\"inLanguage\":\"fr-FR\",\"@id\":\"https:\/\/www.seatouintl.com\/#\/schema\/logo\/image\/\",\"url\":\"https:\/\/www.seatouintl.com\/wp-content\/uploads\/2025\/10\/LOGO1.png\",\"contentUrl\":\"https:\/\/www.seatouintl.com\/wp-content\/uploads\/2025\/10\/LOGO1.png\",\"width\":1043,\"height\":454,\"caption\":\"seatou\"},\"image\":{\"@id\":\"https:\/\/www.seatouintl.com\/#\/schema\/logo\/image\/\"},\"sameAs\":[\"https:\/\/facebook.com\/seatouintl\"]}]}<\/script>\n<!-- \/ Yoast SEO plugin. -->","yoast_head_json":{"title":"2-Color Contrast Rectangular Fluffy Dog Cushion - SeaToU-Pet bed Dog bed Cat bed Orthopedic pet bed Heated pet bed Self-warming pet bed Cave pet bed Donut pet bed Bolster pet house Outdoor pet blanket Pet mat Pet pad Cooling mat Waterproof pet pad Faux fur pet blanket Washable pet blanket Pet throw Pet bed liner \u3001Pet clothing Dog sweater Cat hoodie Pet raincoat Pet Halloween costume Pet booties Pet T-.shirt Pyjama pour animaux de compagnie Gilet de sauvetage pour animaux de compagnie Bandana pour animaux de compagnie\u3001Jouets pour animaux de compagnie Jouets \u00e0 m\u00e2cher Jouets interactifs pour chiens Baguette de taquin pour chats Jouets grin\u00e7ants Jouets de corde Casse-t\u00eate Jouets de traction Lanceur de balles Jouets d'herbe \u00e0 chat\u3001Transport pour animaux de compagnie Sac \u00e0 dos pour chiens Porte-chats Poussette Porte-animaux de voyage Porte-animaux souple Porte-animaux rigide \u00c9charpe de portage Si\u00e8ge auto pour animaux de compagnie Porte-animaux approuv\u00e9 par les compagnies a\u00e9riennes\u3001Fournitures pour animaux de compagnie Accessoires pour animaux de compagnie Articles essentiels pour animaux de compagnie Produits de soins pour animaux de compagnie Articles de toilettage pour animaux de compagnie Mat\u00e9riel de s\u00e9curit\u00e9 pour animaux de compagnie","description":"Inspir\u00e9e des \u00e9chiquiers, cette \u00e9l\u00e9gante collection de coussins pour chiens utilise des motifs \u00e0 carreaux simples et des couleurs contrast\u00e9es pour ajouter de la sophistication au confort.","robots":{"index":"index","follow":"follow","max-snippet":"max-snippet:-1","max-image-preview":"max-image-preview:large","max-video-preview":"max-video-preview:-1"},"canonical":"https:\/\/www.seatouintl.com\/fr\/produit\/coussin-rectangulaire-pour-chien-en-peluche-2-couleurs-contrastees\/","og_locale":"fr_FR","og_type":"article","og_title":"2-Color Contrast Rectangular Fluffy Dog Cushion - SeaToU-Pet bed Dog bed Cat bed Orthopedic pet bed Heated pet bed Self-warming pet bed Cave pet bed Donut pet bed Bolster pet bed Outdoor pet house Pet blanket Pet mat Pet pad Cooling pet mat Waterproof pet pad Faux fur pet blanket Washable pet blanket Pet throw Pet bed liner \u3001Pet clothing Dog sweater Cat hoodie Pet raincoat Pet Halloween costume Pet booties Pet T-shirt Pet pajamas Pet life jacket Pet bandana\u3001Pet toys Chew toys Interactive dog toys Cat teaser wand Squeaky toys Rope toys Puzzle toys Tug toys Ball launcher Catnip toys\u3001Pet carrier Dog backpack Cat carrier Pet stroller Travel pet carrier Soft-sided pet carrier Hard-sided pet carrier Pet sling Pet car seat Airline-approved pet carrier\u3001Pet supplies Pet accessories Pet essentials Pet care products Pet grooming supplies Pet safety gear","og_description":"nspired by chess boards, this elegant dog cushion collection makes use of simple checkered designs and contrasting colors to add sophistication to comfort.","og_url":"https:\/\/www.seatouintl.com\/fr\/produit\/coussin-rectangulaire-pour-chien-en-peluche-2-couleurs-contrastees\/","og_site_name":"SeaToU-Pet bed Dog bed Cat bed Orthopedic pet bed Heated pet bed Self-warming pet bed Cave pet bed Donut pet bed Bolster pet bed Outdoor pet house Pet blanket Pet mat Pet pad Cooling pet mat Waterproof pet pad Faux fur pet blanket Washable pet blanket Pet throw Pet bed liner \u3001Pet clothing Dog sweater Cat hoodie Pet raincoat Pet Halloween costume Pet booties Pet T-shirt Pet pajamas Pet life jacket Pet bandana\u3001Pet toys Chew toys Interactive dog toys Cat teaser wand Squeaky toys Rope toys Puzzle toys Tug toys Ball launcher Catnip toys\u3001Pet carrier Dog backpack Cat carrier Pet stroller Travel pet carrier Soft-sided pet carrier Hard-sided pet carrier Pet sling Pet car seat Airline-approved pet carrier\u3001Pet supplies Pet accessories Pet essentials Pet care products Pet grooming supplies Pet safety gear","article_publisher":"https:\/\/facebook.com\/seatouintl","article_modified_time":"2025-11-07T23:14:44+00:00","og_image":[{"width":800,"height":680,"url":"https:\/\/www.seatouintl.com\/wp-content\/uploads\/2025\/11\/2-color-contrast-rectangular-fluffy-dog-cushion-2.jpg","type":"image\/jpeg"}],"twitter_card":"summary_large_image","twitter_misc":{"Dur\u00e9e de lecture estim\u00e9e":"1 minute"},"schema":{"@context":"https:\/\/schema.org","@graph":[{"@type":"WebPage","@id":"https:\/\/www.seatouintl.com\/product\/2-color-contrast-rectangular-fluffy-dog-cushion\/","url":"https:\/\/www.seatouintl.com\/product\/2-color-contrast-rectangular-fluffy-dog-cushion\/","name":"2-Color Contrast Rectangular Fluffy Dog Cushion - SeaToU-Pet bed Dog bed Cat bed Orthopedic pet bed Heated pet bed Self-warming pet bed Cave pet bed Donut pet bed Bolster pet house Outdoor pet blanket Pet mat Pet pad Cooling mat Waterproof pet pad Faux fur pet blanket Washable pet blanket Pet throw Pet bed liner \u3001Pet clothing Dog sweater Cat hoodie Pet raincoat Pet Halloween costume Pet booties Pet T-.shirt Pyjama pour animaux de compagnie Gilet de sauvetage pour animaux de compagnie Bandana pour animaux de compagnie\u3001Jouets pour animaux de compagnie Jouets \u00e0 m\u00e2cher Jouets interactifs pour chiens Baguette de taquin pour chats Jouets grin\u00e7ants Jouets de corde Casse-t\u00eate Jouets de traction Lanceur de balles Jouets d'herbe \u00e0 chat\u3001Transport pour animaux de compagnie Sac \u00e0 dos pour chiens Porte-chats Poussette Porte-animaux de voyage Porte-animaux souple Porte-animaux rigide \u00c9charpe de portage Si\u00e8ge auto pour animaux de compagnie Porte-animaux approuv\u00e9 par les compagnies a\u00e9riennes\u3001Fournitures pour animaux de compagnie Accessoires pour animaux de compagnie Articles essentiels pour animaux de compagnie Produits de soins pour animaux de compagnie Articles de toilettage pour animaux de compagnie Mat\u00e9riel de s\u00e9curit\u00e9 pour animaux de compagnie","isPartOf":{"@id":"https:\/\/www.seatouintl.com\/#website"},"primaryImageOfPage":{"@id":"https:\/\/www.seatouintl.com\/product\/2-color-contrast-rectangular-fluffy-dog-cushion\/#primaryimage"},"image":{"@id":"https:\/\/www.seatouintl.com\/product\/2-color-contrast-rectangular-fluffy-dog-cushion\/#primaryimage"},"thumbnailUrl":"https:\/\/www.seatouintl.com\/wp-content\/uploads\/2025\/11\/2-color-contrast-rectangular-fluffy-dog-cushion-2.jpg","datePublished":"2025-11-06T14:54:25+00:00","dateModified":"2025-11-07T23:14:44+00:00","description":"Inspir\u00e9e des \u00e9chiquiers, cette \u00e9l\u00e9gante collection de coussins pour chiens utilise des motifs \u00e0 carreaux simples et des couleurs contrast\u00e9es pour ajouter de la sophistication au confort.","breadcrumb":{"@id":"https:\/\/www.seatouintl.com\/product\/2-color-contrast-rectangular-fluffy-dog-cushion\/#breadcrumb"},"inLanguage":"fr-FR","potentialAction":[{"@type":"ReadAction","target":["https:\/\/www.seatouintl.com\/product\/2-color-contrast-rectangular-fluffy-dog-cushion\/"]}]},{"@type":"ImageObject","inLanguage":"fr-FR","@id":"https:\/\/www.seatouintl.com\/product\/2-color-contrast-rectangular-fluffy-dog-cushion\/#primaryimage","url":"https:\/\/www.seatouintl.com\/wp-content\/uploads\/2025\/11\/2-color-contrast-rectangular-fluffy-dog-cushion-2.jpg","contentUrl":"https:\/\/www.seatouintl.com\/wp-content\/uploads\/2025\/11\/2-color-contrast-rectangular-fluffy-dog-cushion-2.jpg","width":800,"height":680},{"@type":"BreadcrumbList","@id":"https:\/\/www.seatouintl.com\/product\/2-color-contrast-rectangular-fluffy-dog-cushion\/#breadcrumb","itemListElement":[{"@type":"ListItem","position":1,"name":"\u9996\u9875","item":"https:\/\/www.seatouintl.com\/"},{"@type":"ListItem","position":2,"name":"Products","item":"https:\/\/www.seatouintl.com\/products\/"},{"@type":"ListItem","position":3,"name":"2-Color Contrast Rectangular Fluffy Dog Cushion"}]},{"@type":"WebSite","@id":"https:\/\/www.seatouintl.com\/#website","url":"https:\/\/www.seatouintl.com\/","name":"seatou","description":"Lit pour chien Lit pour chat Lit orthop\u00e9dique pour animaux de compagnie Lit chauffant pour animaux de compagnie Lit auto-chauffant pour animaux de compagnie Lit pour animaux de caverne Lit pour animaux de compagnie Donut Lit pour animaux de compagnie Bolster Maison pour animaux de compagnie Couverture pour animaux de compagnie Tapis pour animaux de compagnie Tapis rafra\u00eechissant pour animaux de compagnie Imperm\u00e9able pour animaux de compagnie Couverture en fausse fourrure Couverture lavable pour animaux de compagnie Jet d'eau pour animaux de compagnie Doublure de lit pour animaux de compagnie \u3001V\u00eatements pour animaux de compagnie Pull pour chien Manteau \u00e0 capuche pour chat Imperm\u00e9able pour animaux de compagnie Costume d'Halloween pour animaux de compagnie Chaussons pour animaux de compagnie T-.shirt Pyjama pour animaux de compagnie Gilet de sauvetage pour animaux de compagnie Bandana pour animaux de compagnie\u3001Jouets pour animaux de compagnie Jouets \u00e0 m\u00e2cher Jouets interactifs pour chiens Baguette de taquin pour chats Jouets grin\u00e7ants Jouets de corde Casse-t\u00eate Jouets de traction Lanceur de balles Jouets d'herbe \u00e0 chat\u3001Transport pour animaux de compagnie Sac \u00e0 dos pour chiens Porte-chats Poussette Porte-animaux de voyage Porte-animaux souple Porte-animaux rigide \u00c9charpe de portage Si\u00e8ge auto pour animaux de compagnie Porte-animaux approuv\u00e9 par les compagnies a\u00e9riennes\u3001Fournitures pour animaux de compagnie Accessoires pour animaux de compagnie Articles essentiels pour animaux de compagnie Produits de soins pour animaux de compagnie Articles de toilettage pour animaux de compagnie \u00c9quipement de s\u00e9curit\u00e9 pour animaux de compagnie","publisher":{"@id":"https:\/\/www.seatouintl.com\/#organization"},"potentialAction":[{"@type":"SearchAction","target":{"@type":"EntryPoint","urlTemplate":"https:\/\/www.seatouintl.com\/?s={search_term_string}"},"query-input":{"@type":"PropertyValueSpecification","valueRequired":true,"valueName":"search_term_string"}}],"inLanguage":"fr-FR"},{"@type":"Organization","@id":"https:\/\/www.seatouintl.com\/#organization","name":"seatou","url":"https:\/\/www.seatouintl.com\/","logo":{"@type":"ImageObject","inLanguage":"fr-FR","@id":"https:\/\/www.seatouintl.com\/#\/schema\/logo\/image\/","url":"https:\/\/www.seatouintl.com\/wp-content\/uploads\/2025\/10\/LOGO1.png","contentUrl":"https:\/\/www.seatouintl.com\/wp-content\/uploads\/2025\/10\/LOGO1.png","width":1043,"height":454,"caption":"seatou"},"image":{"@id":"https:\/\/www.seatouintl.com\/#\/schema\/logo\/image\/"},"sameAs":["https:\/\/facebook.com\/seatouintl"]}]}},"_links":{"self":[{"href":"https:\/\/www.seatouintl.com\/fr\/wp-json\/wp\/v2\/product\/3435","targetHints":{"allow":["GET"]}}],"collection":[{"href":"https:\/\/www.seatouintl.com\/fr\/wp-json\/wp\/v2\/product"}],"about":[{"href":"https:\/\/www.seatouintl.com\/fr\/wp-json\/wp\/v2\/types\/product"}],"wp:featuredmedia":[{"embeddable":true,"href":"https:\/\/www.seatouintl.com\/fr\/wp-json\/wp\/v2\/media\/3440"}],"wp:attachment":[{"href":"https:\/\/www.seatouintl.com\/fr\/wp-json\/wp\/v2\/media?parent=3435"}],"wp:term":[{"taxonomy":"product_brand","embeddable":true,"href":"https:\/\/www.seatouintl.com\/fr\/wp-json\/wp\/v2\/product_brand?post=3435"},{"taxonomy":"product_cat","embeddable":true,"href":"https:\/\/www.seatouintl.com\/fr\/wp-json\/wp\/v2\/product_cat?post=3435"},{"taxonomy":"product_tag","embeddable":true,"href":"https:\/\/www.seatouintl.com\/fr\/wp-json\/wp\/v2\/product_tag?post=3435"}],"curies":[{"name":"wp","href":"https:\/\/api.w.org\/{rel}","templated":true}]}}