{"id":3465,"date":"2025-11-08T11:30:39","date_gmt":"2025-11-08T03:30:39","guid":{"rendered":"https:\/\/www.seatouintl.com\/?post_type=product&#038;p=3465"},"modified":"2025-12-16T22:25:43","modified_gmt":"2025-12-16T14:25:43","slug":"lit-rond-doux-et-confortable-pour-animaux-de-compagnie-avec-couverture-a-capuchon","status":"publish","type":"product","link":"https:\/\/www.seatouintl.com\/fr\/produit\/lit-rond-doux-et-confortable-pour-animaux-de-compagnie-avec-couverture-a-capuchon\/","title":{"rendered":"Lit rond doux et confortable pour animaux de compagnie avec couverture \u00e0 capuchon"},"content":{"rendered":"","protected":false},"excerpt":{"rendered":"<p><img decoding=\"async\" class=\"alignnone wp-image-2254\" src=\"https:\/\/www.seatouintl.com\/wp-content\/uploads\/2025\/10\/LOGO3-1-300x103.png\" alt=\"\" width=\"151\" height=\"52\" srcset=\"https:\/\/www.seatouintl.com\/wp-content\/uploads\/2025\/10\/LOGO3-1-300x103.png 300w, https:\/\/www.seatouintl.com\/wp-content\/uploads\/2025\/10\/LOGO3-1-600x207.png 600w, https:\/\/www.seatouintl.com\/wp-content\/uploads\/2025\/10\/LOGO3-1-400x138.png 400w, https:\/\/www.seatouintl.com\/wp-content\/uploads\/2025\/10\/LOGO3-1-768x265.png 768w, https:\/\/www.seatouintl.com\/wp-content\/uploads\/2025\/10\/LOGO3-1.png 850w\" sizes=\"(max-width: 151px) 100vw, 151px\" \/><\/p>\n<p>Un lit rond classique pour animaux de compagnie, fabriqu\u00e9 en tissu pelucheux doux et confortable. Fourni avec une housse \u00e0 capuchon pour plus de confort. Lavable en machine et facile \u00e0 nettoyer.<\/p>\n<h5>Taille :<\/h5>\n<p>7.1\u201d\u00d723.6\u201d<\/p>\n<h5>Mat\u00e9riau principal:\uff08Une vari\u00e9t\u00e9 de tissus est disponible pour s'adapter\uff09<\/h5>\n<p>Polyester, tissu daim, fausse fourrure<\/p>\n<h5>Principaux avantages :<\/h5>\n<ul>\n<li>Doux et confortable<\/li>\n<li>Qualit\u00e9 sup\u00e9rieure<\/li>\n<li>Lavable en machine<\/li>\n<li>Anti-odeur<\/li>\n<li>R\u00e9sistant \u00e0 la moisissure<\/li>\n<\/ul>\n<h5>Quantit\u00e9 minimale de commande : (Vous pouvez nous contacter par email\uff09)<\/h5>\n<p>504 pi\u00e8ces<\/p>\n<h5>\u00c9chantillons :<\/h5>\n<p>Envoyer une demande d'\u00e9chantillons<\/p>","protected":false},"featured_media":3466,"template":"","meta":[],"product_brand":[],"product_cat":[55],"product_tag":[70],"class_list":{"0":"post-3465","1":"product","2":"type-product","3":"status-publish","4":"has-post-thumbnail","6":"product_cat-pet-beds-warm-breathable-dog-cat-anti-odor-mildew-resistant","7":"product_tag-beds","9":"first","10":"instock","11":"shipping-taxable","12":"product-type-simple"},"yoast_head":"<!-- This site is optimized with the Yoast SEO plugin v26.5 - https:\/\/yoast.com\/wordpress\/plugins\/seo\/ -->\n<title>Soft Comfortable Round Pet Bed with Hooded Blanket - SeaToU-Pet bed Dog bed Cat bed Orthopedic pet bed Heated pet bed Self-warming pet bed Cave pet bed Donut pet bed Bolster pet bed Outdoor pet house Pet blanket Pet mat Pet pad Cooling pet mat Waterproof pet pad Faux fur pet blanket Washable pet blanket Pet throw Pet bed liner \u3001Pet clothing Dog sweater Cat hoodie Pet raincoat Pet Halloween costume Pet booties Pet T-shirt Pet pajamas Pet life jacket Pet bandana\u3001Pet toys Chew toys Interactive dog toys Cat teaser wand Squeaky toys Rope toys Puzzle toys Tug toys Ball launcher Catnip toys\u3001Pet carrier Dog backpack Cat carrier Pet stroller Travel pet carrier Soft-sided pet carrier Hard-sided pet carrier Pet sling Pet car seat Airline-approved pet carrier\u3001Pet supplies Pet accessories Pet essentials Pet care products Pet grooming supplies Pet safety gear<\/title>\n<meta name=\"description\" content=\"A classic round pet bed made from soft and comfortable plush fabric. Comes with a hooded cover for extra comfort. Machine-washable and easy to clean.\u00a0\" \/>\n<meta name=\"robots\" content=\"index, follow, max-snippet:-1, max-image-preview:large, max-video-preview:-1\" \/>\n<link rel=\"canonical\" href=\"https:\/\/www.seatouintl.com\/fr\/produit\/lit-rond-doux-et-confortable-pour-animaux-de-compagnie-avec-couverture-a-capuchon\/\" \/>\n<meta property=\"og:locale\" content=\"fr_FR\" \/>\n<meta property=\"og:type\" content=\"article\" \/>\n<meta property=\"og:title\" content=\"Soft Comfortable Round Pet Bed with Hooded Blanket - SeaToU-Pet bed Dog bed Cat bed Orthopedic pet bed Heated pet bed Self-warming pet bed Cave pet bed Donut pet bed Bolster pet bed Outdoor pet house Pet blanket Pet mat Pet pad Cooling pet mat Waterproof pet pad Faux fur pet blanket Washable pet blanket Pet throw Pet bed liner \u3001Pet clothing Dog sweater Cat hoodie Pet raincoat Pet Halloween costume Pet booties Pet T-shirt Pet pajamas Pet life jacket Pet bandana\u3001Pet toys Chew toys Interactive dog toys Cat teaser wand Squeaky toys Rope toys Puzzle toys Tug toys Ball launcher Catnip toys\u3001Pet carrier Dog backpack Cat carrier Pet stroller Travel pet carrier Soft-sided pet carrier Hard-sided pet carrier Pet sling Pet car seat Airline-approved pet carrier\u3001Pet supplies Pet accessories Pet essentials Pet care products Pet grooming supplies Pet safety gear\" \/>\n<meta property=\"og:description\" content=\"A classic round pet bed made from soft and comfortable plush fabric. Comes with a hooded cover for extra comfort. Machine-washable and easy to clean.\u00a0\" \/>\n<meta property=\"og:url\" content=\"https:\/\/www.seatouintl.com\/fr\/produit\/lit-rond-doux-et-confortable-pour-animaux-de-compagnie-avec-couverture-a-capuchon\/\" \/>\n<meta property=\"og:site_name\" content=\"SeaToU-Pet bed Dog bed Cat bed Orthopedic pet bed Heated pet bed Self-warming pet bed Cave pet bed Donut pet bed Bolster pet bed Outdoor pet house Pet blanket Pet mat Pet pad Cooling pet mat Waterproof pet pad Faux fur pet blanket Washable pet blanket Pet throw Pet bed liner \u3001Pet clothing Dog sweater Cat hoodie Pet raincoat Pet Halloween costume Pet booties Pet T-shirt Pet pajamas Pet life jacket Pet bandana\u3001Pet toys Chew toys Interactive dog toys Cat teaser wand Squeaky toys Rope toys Puzzle toys Tug toys Ball launcher Catnip toys\u3001Pet carrier Dog backpack Cat carrier Pet stroller Travel pet carrier Soft-sided pet carrier Hard-sided pet carrier Pet sling Pet car seat Airline-approved pet carrier\u3001Pet supplies Pet accessories Pet essentials Pet care products Pet grooming supplies Pet safety gear\" \/>\n<meta property=\"article:publisher\" content=\"https:\/\/facebook.com\/seatouintl\" \/>\n<meta property=\"article:modified_time\" content=\"2025-12-16T14:25:43+00:00\" \/>\n<meta property=\"og:image\" content=\"https:\/\/www.seatouintl.com\/wp-content\/uploads\/2025\/11\/soft-comfortable-round-pet-bed-with-hooded-blanket.jpg\" \/>\n\t<meta property=\"og:image:width\" content=\"800\" \/>\n\t<meta property=\"og:image:height\" content=\"680\" \/>\n\t<meta property=\"og:image:type\" content=\"image\/jpeg\" \/>\n<meta name=\"twitter:card\" content=\"summary_large_image\" \/>\n<meta name=\"twitter:label1\" content=\"Dur\u00e9e de lecture estim\u00e9e\" \/>\n\t<meta name=\"twitter:data1\" content=\"1 minute\" \/>\n<script type=\"application\/ld+json\" class=\"yoast-schema-graph\">{\"@context\":\"https:\/\/schema.org\",\"@graph\":[{\"@type\":\"WebPage\",\"@id\":\"https:\/\/www.seatouintl.com\/product\/soft-comfortable-round-pet-bed-with-hooded-blanket\/\",\"url\":\"https:\/\/www.seatouintl.com\/product\/soft-comfortable-round-pet-bed-with-hooded-blanket\/\",\"name\":\"Soft Comfortable Round Pet Bed with Hooded Blanket - SeaToU-Pet bed Dog bed Cat bed Orthopedic pet bed Heated pet bed Self-warming pet bed Cave pet bed Donut pet bed Bolster pet bed Outdoor pet house Pet blanket Pet mat Pet pad Cooling pet mat Waterproof pet pad Faux fur pet blanket Washable pet blanket Pet throw Pet bed liner \u3001Pet clothing Dog sweater Cat hoodie Pet raincoat Pet Halloween costume Pet booties Pet T-shirt Pet pajamas Pet life jacket Pet bandana\u3001Pet toys Chew toys Interactive dog toys Cat teaser wand Squeaky toys Rope toys Puzzle toys Tug toys Ball launcher Catnip toys\u3001Pet carrier Dog backpack Cat carrier Pet stroller Travel pet carrier Soft-sided pet carrier Hard-sided pet carrier Pet sling Pet car seat Airline-approved pet carrier\u3001Pet supplies Pet accessories Pet essentials Pet care products Pet grooming supplies Pet safety gear\",\"isPartOf\":{\"@id\":\"https:\/\/www.seatouintl.com\/#website\"},\"primaryImageOfPage\":{\"@id\":\"https:\/\/www.seatouintl.com\/product\/soft-comfortable-round-pet-bed-with-hooded-blanket\/#primaryimage\"},\"image\":{\"@id\":\"https:\/\/www.seatouintl.com\/product\/soft-comfortable-round-pet-bed-with-hooded-blanket\/#primaryimage\"},\"thumbnailUrl\":\"https:\/\/www.seatouintl.com\/wp-content\/uploads\/2025\/11\/soft-comfortable-round-pet-bed-with-hooded-blanket.jpg\",\"datePublished\":\"2025-11-08T03:30:39+00:00\",\"dateModified\":\"2025-12-16T14:25:43+00:00\",\"description\":\"A classic round pet bed made from soft and comfortable plush fabric. Comes with a hooded cover for extra comfort. Machine-washable and easy to clean.\u00a0\",\"breadcrumb\":{\"@id\":\"https:\/\/www.seatouintl.com\/product\/soft-comfortable-round-pet-bed-with-hooded-blanket\/#breadcrumb\"},\"inLanguage\":\"fr-FR\",\"potentialAction\":[{\"@type\":\"ReadAction\",\"target\":[\"https:\/\/www.seatouintl.com\/product\/soft-comfortable-round-pet-bed-with-hooded-blanket\/\"]}]},{\"@type\":\"ImageObject\",\"inLanguage\":\"fr-FR\",\"@id\":\"https:\/\/www.seatouintl.com\/product\/soft-comfortable-round-pet-bed-with-hooded-blanket\/#primaryimage\",\"url\":\"https:\/\/www.seatouintl.com\/wp-content\/uploads\/2025\/11\/soft-comfortable-round-pet-bed-with-hooded-blanket.jpg\",\"contentUrl\":\"https:\/\/www.seatouintl.com\/wp-content\/uploads\/2025\/11\/soft-comfortable-round-pet-bed-with-hooded-blanket.jpg\",\"width\":800,\"height\":680},{\"@type\":\"BreadcrumbList\",\"@id\":\"https:\/\/www.seatouintl.com\/product\/soft-comfortable-round-pet-bed-with-hooded-blanket\/#breadcrumb\",\"itemListElement\":[{\"@type\":\"ListItem\",\"position\":1,\"name\":\"\u9996\u9875\",\"item\":\"https:\/\/www.seatouintl.com\/\"},{\"@type\":\"ListItem\",\"position\":2,\"name\":\"Products\",\"item\":\"https:\/\/www.seatouintl.com\/products\/\"},{\"@type\":\"ListItem\",\"position\":3,\"name\":\"Soft Comfortable Round Pet Bed with Hooded Blanket\"}]},{\"@type\":\"WebSite\",\"@id\":\"https:\/\/www.seatouintl.com\/#website\",\"url\":\"https:\/\/www.seatouintl.com\/\",\"name\":\"seatou\",\"description\":\"Pet bed Dog bed Cat bed Orthopedic pet bed Heated pet bed Self-warming pet bed Cave pet bed Donut pet bed Bolster pet bed Outdoor pet house Pet blanket Pet mat Pet pad Cooling pet mat Waterproof pet pad Faux fur pet blanket Washable pet blanket Pet throw Pet bed liner \u3001Pet clothing Dog sweater Cat hoodie Pet raincoat Pet Halloween costume Pet booties Pet T-shirt Pet pajamas Pet life jacket Pet bandana\u3001Pet toys Chew toys Interactive dog toys Cat teaser wand Squeaky toys Rope toys Puzzle toys Tug toys Ball launcher Catnip toys\u3001Pet carrier Dog backpack Cat carrier Pet stroller Travel pet carrier Soft-sided pet carrier Hard-sided pet carrier Pet sling Pet car seat Airline-approved pet carrier\u3001Pet supplies Pet accessories Pet essentials Pet care products Pet grooming supplies Pet safety gear\",\"publisher\":{\"@id\":\"https:\/\/www.seatouintl.com\/#organization\"},\"potentialAction\":[{\"@type\":\"SearchAction\",\"target\":{\"@type\":\"EntryPoint\",\"urlTemplate\":\"https:\/\/www.seatouintl.com\/?s={search_term_string}\"},\"query-input\":{\"@type\":\"PropertyValueSpecification\",\"valueRequired\":true,\"valueName\":\"search_term_string\"}}],\"inLanguage\":\"fr-FR\"},{\"@type\":\"Organization\",\"@id\":\"https:\/\/www.seatouintl.com\/#organization\",\"name\":\"seatou\",\"url\":\"https:\/\/www.seatouintl.com\/\",\"logo\":{\"@type\":\"ImageObject\",\"inLanguage\":\"fr-FR\",\"@id\":\"https:\/\/www.seatouintl.com\/#\/schema\/logo\/image\/\",\"url\":\"https:\/\/www.seatouintl.com\/wp-content\/uploads\/2025\/10\/LOGO1.png\",\"contentUrl\":\"https:\/\/www.seatouintl.com\/wp-content\/uploads\/2025\/10\/LOGO1.png\",\"width\":1043,\"height\":454,\"caption\":\"seatou\"},\"image\":{\"@id\":\"https:\/\/www.seatouintl.com\/#\/schema\/logo\/image\/\"},\"sameAs\":[\"https:\/\/facebook.com\/seatouintl\"]}]}<\/script>\n<!-- \/ Yoast SEO plugin. -->","yoast_head_json":{"title":"Doux et confortable Lit rond pour animaux avec couverture \u00e0 capuche - SeaToU-Lit pour chien Lit pour chat Lit orthop\u00e9dique pour animaux Lit chauffant pour animaux Lit auto-chauffant pour animaux Lit en forme de grotte Lit en forme de beignet Lit en forme de traversin pour animaux Maison ext\u00e9rieure pour animaux Couverture pour animaux Tapis pour animaux Tapis rafra\u00eechissant pour animaux Tapis imperm\u00e9able pour animaux Couverture en fausse fourrure Couverture lavable pour animaux Jet\u00e9e pour animaux Doublure de lit pour animaux \u3001V\u00eatements pour animaux Pull pour chien Manteau \u00e0 capuche pour chat Imperm\u00e9able pour animaux Costume d'Halloween pour animaux Bo\u00eetes pour animaux T-shirt Pyjama pour animaux de compagnie Gilet de sauvetage pour animaux de compagnie Bandana pour animaux de compagnie\u3001Jouets pour animaux de compagnie Jouets \u00e0 m\u00e2cher Jouets interactifs pour chiens Baguette de taquin pour chats Jouets grin\u00e7ants Jouets de corde Casse-t\u00eate Jouets de traction Lanceur de balles Jouets d'herbe \u00e0 chat\u3001Transport pour animaux de compagnie Sac \u00e0 dos pour chiens Porte-chats Poussette Porte-animaux de voyage Porte-animaux souple Porte-animaux rigide \u00c9charpe de portage Si\u00e8ge auto pour animaux de compagnie Porte-animaux approuv\u00e9 par les compagnies a\u00e9riennes\u3001Fournitures pour animaux de compagnie Accessoires pour animaux de compagnie Articles essentiels pour animaux de compagnie Produits de soins pour animaux de compagnie Articles de toilettage pour animaux de compagnie \u00c9quipement de s\u00e9curit\u00e9 pour animaux de compagnie","description":"Un lit rond classique pour animaux de compagnie, fabriqu\u00e9 en tissu pelucheux doux et confortable. Fourni avec une housse \u00e0 capuchon pour plus de confort. Lavable en machine et facile \u00e0 nettoyer.\u00a0","robots":{"index":"index","follow":"follow","max-snippet":"max-snippet:-1","max-image-preview":"max-image-preview:large","max-video-preview":"max-video-preview:-1"},"canonical":"https:\/\/www.seatouintl.com\/fr\/produit\/lit-rond-doux-et-confortable-pour-animaux-de-compagnie-avec-couverture-a-capuchon\/","og_locale":"fr_FR","og_type":"article","og_title":"Soft Comfortable Round Pet Bed with Hooded Blanket - SeaToU-Pet bed Dog bed Cat bed Orthopedic pet bed Heated pet bed Self-warming pet bed Cave pet bed Donut pet bed Bolster pet bed Outdoor pet house Pet blanket Pet mat Pet pad Cooling pet mat Waterproof pet pad Faux fur pet blanket Washable pet blanket Pet throw Pet bed liner \u3001Pet clothing Dog sweater Cat hoodie Pet raincoat Pet Halloween costume Pet booties Pet T-shirt Pet pajamas Pet life jacket Pet bandana\u3001Pet toys Chew toys Interactive dog toys Cat teaser wand Squeaky toys Rope toys Puzzle toys Tug toys Ball launcher Catnip toys\u3001Pet carrier Dog backpack Cat carrier Pet stroller Travel pet carrier Soft-sided pet carrier Hard-sided pet carrier Pet sling Pet car seat Airline-approved pet carrier\u3001Pet supplies Pet accessories Pet essentials Pet care products Pet grooming supplies Pet safety gear","og_description":"A classic round pet bed made from soft and comfortable plush fabric. Comes with a hooded cover for extra comfort. Machine-washable and easy to clean.\u00a0","og_url":"https:\/\/www.seatouintl.com\/fr\/produit\/lit-rond-doux-et-confortable-pour-animaux-de-compagnie-avec-couverture-a-capuchon\/","og_site_name":"SeaToU-Pet bed Dog bed Cat bed Orthopedic pet bed Heated pet bed Self-warming pet bed Cave pet bed Donut pet bed Bolster pet bed Outdoor pet house Pet blanket Pet mat Pet pad Cooling pet mat Waterproof pet pad Faux fur pet blanket Washable pet blanket Pet throw Pet bed liner \u3001Pet clothing Dog sweater Cat hoodie Pet raincoat Pet Halloween costume Pet booties Pet T-shirt Pet pajamas Pet life jacket Pet bandana\u3001Pet toys Chew toys Interactive dog toys Cat teaser wand Squeaky toys Rope toys Puzzle toys Tug toys Ball launcher Catnip toys\u3001Pet carrier Dog backpack Cat carrier Pet stroller Travel pet carrier Soft-sided pet carrier Hard-sided pet carrier Pet sling Pet car seat Airline-approved pet carrier\u3001Pet supplies Pet accessories Pet essentials Pet care products Pet grooming supplies Pet safety gear","article_publisher":"https:\/\/facebook.com\/seatouintl","article_modified_time":"2025-12-16T14:25:43+00:00","og_image":[{"width":800,"height":680,"url":"https:\/\/www.seatouintl.com\/wp-content\/uploads\/2025\/11\/soft-comfortable-round-pet-bed-with-hooded-blanket.jpg","type":"image\/jpeg"}],"twitter_card":"summary_large_image","twitter_misc":{"Dur\u00e9e de lecture estim\u00e9e":"1 minute"},"schema":{"@context":"https:\/\/schema.org","@graph":[{"@type":"WebPage","@id":"https:\/\/www.seatouintl.com\/product\/soft-comfortable-round-pet-bed-with-hooded-blanket\/","url":"https:\/\/www.seatouintl.com\/product\/soft-comfortable-round-pet-bed-with-hooded-blanket\/","name":"Doux et confortable Lit rond pour animaux avec couverture \u00e0 capuche - SeaToU-Lit pour chien Lit pour chat Lit orthop\u00e9dique pour animaux Lit chauffant pour animaux Lit auto-chauffant pour animaux Lit en forme de grotte Lit en forme de beignet Lit en forme de traversin pour animaux Maison ext\u00e9rieure pour animaux Couverture pour animaux Tapis pour animaux Tapis rafra\u00eechissant pour animaux Tapis imperm\u00e9able pour animaux Couverture en fausse fourrure Couverture lavable pour animaux Jet\u00e9e pour animaux Doublure de lit pour animaux \u3001V\u00eatements pour animaux Pull pour chien Manteau \u00e0 capuche pour chat Imperm\u00e9able pour animaux Costume d'Halloween pour animaux Bo\u00eetes pour animaux T-shirt Pyjama pour animaux de compagnie Gilet de sauvetage pour animaux de compagnie Bandana pour animaux de compagnie\u3001Jouets pour animaux de compagnie Jouets \u00e0 m\u00e2cher Jouets interactifs pour chiens Baguette de taquin pour chats Jouets grin\u00e7ants Jouets de corde Casse-t\u00eate Jouets de traction Lanceur de balles Jouets d'herbe \u00e0 chat\u3001Transport pour animaux de compagnie Sac \u00e0 dos pour chiens Porte-chats Poussette Porte-animaux de voyage Porte-animaux souple Porte-animaux rigide \u00c9charpe de portage Si\u00e8ge auto pour animaux de compagnie Porte-animaux approuv\u00e9 par les compagnies a\u00e9riennes\u3001Fournitures pour animaux de compagnie Accessoires pour animaux de compagnie Articles essentiels pour animaux de compagnie Produits de soins pour animaux de compagnie Articles de toilettage pour animaux de compagnie \u00c9quipement de s\u00e9curit\u00e9 pour animaux de compagnie","isPartOf":{"@id":"https:\/\/www.seatouintl.com\/#website"},"primaryImageOfPage":{"@id":"https:\/\/www.seatouintl.com\/product\/soft-comfortable-round-pet-bed-with-hooded-blanket\/#primaryimage"},"image":{"@id":"https:\/\/www.seatouintl.com\/product\/soft-comfortable-round-pet-bed-with-hooded-blanket\/#primaryimage"},"thumbnailUrl":"https:\/\/www.seatouintl.com\/wp-content\/uploads\/2025\/11\/soft-comfortable-round-pet-bed-with-hooded-blanket.jpg","datePublished":"2025-11-08T03:30:39+00:00","dateModified":"2025-12-16T14:25:43+00:00","description":"Un lit rond classique pour animaux de compagnie, fabriqu\u00e9 en tissu pelucheux doux et confortable. Fourni avec une housse \u00e0 capuchon pour plus de confort. Lavable en machine et facile \u00e0 nettoyer.\u00a0","breadcrumb":{"@id":"https:\/\/www.seatouintl.com\/product\/soft-comfortable-round-pet-bed-with-hooded-blanket\/#breadcrumb"},"inLanguage":"fr-FR","potentialAction":[{"@type":"ReadAction","target":["https:\/\/www.seatouintl.com\/product\/soft-comfortable-round-pet-bed-with-hooded-blanket\/"]}]},{"@type":"ImageObject","inLanguage":"fr-FR","@id":"https:\/\/www.seatouintl.com\/product\/soft-comfortable-round-pet-bed-with-hooded-blanket\/#primaryimage","url":"https:\/\/www.seatouintl.com\/wp-content\/uploads\/2025\/11\/soft-comfortable-round-pet-bed-with-hooded-blanket.jpg","contentUrl":"https:\/\/www.seatouintl.com\/wp-content\/uploads\/2025\/11\/soft-comfortable-round-pet-bed-with-hooded-blanket.jpg","width":800,"height":680},{"@type":"BreadcrumbList","@id":"https:\/\/www.seatouintl.com\/product\/soft-comfortable-round-pet-bed-with-hooded-blanket\/#breadcrumb","itemListElement":[{"@type":"ListItem","position":1,"name":"\u9996\u9875","item":"https:\/\/www.seatouintl.com\/"},{"@type":"ListItem","position":2,"name":"Products","item":"https:\/\/www.seatouintl.com\/products\/"},{"@type":"ListItem","position":3,"name":"Soft Comfortable Round Pet Bed with Hooded Blanket"}]},{"@type":"WebSite","@id":"https:\/\/www.seatouintl.com\/#website","url":"https:\/\/www.seatouintl.com\/","name":"seatou","description":"Lit pour chien Lit pour chat Lit orthop\u00e9dique pour animaux de compagnie Lit chauffant pour animaux de compagnie Lit auto-chauffant pour animaux de compagnie Lit pour animaux de caverne Lit pour animaux de compagnie Donut Lit pour animaux de compagnie Bolster Maison pour animaux de compagnie Couverture pour animaux de compagnie Tapis pour animaux de compagnie Tapis rafra\u00eechissant pour animaux de compagnie Imperm\u00e9able pour animaux de compagnie Couverture en fausse fourrure Couverture lavable pour animaux de compagnie Jet d'eau pour animaux de compagnie Doublure de lit pour animaux de compagnie \u3001V\u00eatements pour animaux de compagnie Pull pour chien Manteau \u00e0 capuche pour chat Imperm\u00e9able pour animaux de compagnie Costume d'Halloween pour animaux de compagnie Chaussons pour animaux de compagnie T-.shirt Pyjama pour animaux de compagnie Gilet de sauvetage pour animaux de compagnie Bandana pour animaux de compagnie\u3001Jouets pour animaux de compagnie Jouets \u00e0 m\u00e2cher Jouets interactifs pour chiens Baguette de taquin pour chats Jouets grin\u00e7ants Jouets de corde Casse-t\u00eate Jouets de traction Lanceur de balles Jouets d'herbe \u00e0 chat\u3001Transport pour animaux de compagnie Sac \u00e0 dos pour chiens Porte-chats Poussette Porte-animaux de voyage Porte-animaux souple Porte-animaux rigide \u00c9charpe de portage Si\u00e8ge auto pour animaux de compagnie Porte-animaux approuv\u00e9 par les compagnies a\u00e9riennes\u3001Fournitures pour animaux de compagnie Accessoires pour animaux de compagnie Articles essentiels pour animaux de compagnie Produits de soins pour animaux de compagnie Articles de toilettage pour animaux de compagnie \u00c9quipement de s\u00e9curit\u00e9 pour animaux de compagnie","publisher":{"@id":"https:\/\/www.seatouintl.com\/#organization"},"potentialAction":[{"@type":"SearchAction","target":{"@type":"EntryPoint","urlTemplate":"https:\/\/www.seatouintl.com\/?s={search_term_string}"},"query-input":{"@type":"PropertyValueSpecification","valueRequired":true,"valueName":"search_term_string"}}],"inLanguage":"fr-FR"},{"@type":"Organization","@id":"https:\/\/www.seatouintl.com\/#organization","name":"seatou","url":"https:\/\/www.seatouintl.com\/","logo":{"@type":"ImageObject","inLanguage":"fr-FR","@id":"https:\/\/www.seatouintl.com\/#\/schema\/logo\/image\/","url":"https:\/\/www.seatouintl.com\/wp-content\/uploads\/2025\/10\/LOGO1.png","contentUrl":"https:\/\/www.seatouintl.com\/wp-content\/uploads\/2025\/10\/LOGO1.png","width":1043,"height":454,"caption":"seatou"},"image":{"@id":"https:\/\/www.seatouintl.com\/#\/schema\/logo\/image\/"},"sameAs":["https:\/\/facebook.com\/seatouintl"]}]}},"_links":{"self":[{"href":"https:\/\/www.seatouintl.com\/fr\/wp-json\/wp\/v2\/product\/3465","targetHints":{"allow":["GET"]}}],"collection":[{"href":"https:\/\/www.seatouintl.com\/fr\/wp-json\/wp\/v2\/product"}],"about":[{"href":"https:\/\/www.seatouintl.com\/fr\/wp-json\/wp\/v2\/types\/product"}],"wp:featuredmedia":[{"embeddable":true,"href":"https:\/\/www.seatouintl.com\/fr\/wp-json\/wp\/v2\/media\/3466"}],"wp:attachment":[{"href":"https:\/\/www.seatouintl.com\/fr\/wp-json\/wp\/v2\/media?parent=3465"}],"wp:term":[{"taxonomy":"product_brand","embeddable":true,"href":"https:\/\/www.seatouintl.com\/fr\/wp-json\/wp\/v2\/product_brand?post=3465"},{"taxonomy":"product_cat","embeddable":true,"href":"https:\/\/www.seatouintl.com\/fr\/wp-json\/wp\/v2\/product_cat?post=3465"},{"taxonomy":"product_tag","embeddable":true,"href":"https:\/\/www.seatouintl.com\/fr\/wp-json\/wp\/v2\/product_tag?post=3465"}],"curies":[{"name":"wp","href":"https:\/\/api.w.org\/{rel}","templated":true}]}}