{"id":3558,"date":"2025-11-08T19:06:59","date_gmt":"2025-11-08T11:06:59","guid":{"rendered":"https:\/\/www.seatouintl.com\/?post_type=product&#038;p=3558"},"modified":"2025-11-08T19:35:18","modified_gmt":"2025-11-08T11:35:18","slug":"echarpe-a-capuche-a-imprime-animalier","status":"publish","type":"product","link":"https:\/\/www.seatouintl.com\/fr\/produit\/echarpe-a-capuche-a-imprime-animalier\/","title":{"rendered":"\u00c9charpe \u00e0 capuche \u00e0 imprim\u00e9 animalier"},"content":{"rendered":"","protected":false},"excerpt":{"rendered":"<p class=\"_translated-text_6w45d_150\" data-id=\"translated-text\">Les oreilles et la doublure sont fabriqu\u00e9es en tissu vichy \u00e0 fermeture \u00e9clair, ce qui cr\u00e9e un design adorable. Avec cet article, votre chien, qui est sensible au froid, sera le centre d'attention lorsque vous sortirez. Il est \u00e9galement int\u00e9ressant de coordonner diff\u00e9rents motifs avec vos amis !<\/p>\n<h4><span class=\"notranslate immersive-translate-target-wrapper\" lang=\"en\"><span class=\"notranslate immersive-translate-target-translation-theme-none immersive-translate-target-translation-inline-wrapper-theme-none immersive-translate-target-translation-inline-wrapper\" data-immersive-translate-translation-element-mark=\"1\"><span class=\"notranslate immersive-translate-target-inner immersive-translate-target-translation-theme-none-inner\" data-immersive-translate-translation-element-mark=\"1\">Principaux mat\u00e9riaux :<\/span><\/span><\/span><\/h4>\n<p>Peluche de polyester<\/p>\n<h5>Principaux avantages :<\/h5>\n<ul>\n<li>Chaud et respirant<\/li>\n<li>Fibre accumulant la chaleur<\/li>\n<li>Chauffage activ\u00e9 par l'humidit\u00e9<\/li>\n<li>Anti-odeur<\/li>\n<li>R\u00e9sistant \u00e0 la moisissure<\/li>\n<li>V\u00eatements r\u00e9versibles pour animaux<\/li>\n<\/ul>\n<table class=\"table_product_size\" width=\"633\">\n<tbody>\n<tr>\n<th>Taille\uff08cm\uff09<\/th>\n<th>\n<p class=\"_translated-text_6w45d_150\" data-id=\"translated-text\">Circonf\u00e9rence de l'ouverture de la capuche<\/p>\n<\/th>\n<th>\n<p class=\"_translated-text_6w45d_150\" data-id=\"translated-text\">Longueur totale du silencieux<\/p>\n<\/th>\n<th>\n<p class=\"_translated-text_6w45d_150\" data-id=\"translated-text\">Largeur du silencieux<\/p>\n<\/th>\n<\/tr>\n<tr>\n<td style=\"text-align: center;\">XS<\/td>\n<td style=\"text-align: center;\">24<\/td>\n<td style=\"text-align: center;\">44<\/td>\n<td style=\"text-align: center;\">5<\/td>\n<\/tr>\n<tr>\n<td style=\"text-align: center;\">S<\/td>\n<td style=\"text-align: center;\">26<\/td>\n<td style=\"text-align: center;\">48<\/td>\n<td style=\"text-align: center;\">6<\/td>\n<\/tr>\n<tr>\n<td style=\"text-align: center;\">M<\/td>\n<td style=\"text-align: center;\">28<\/td>\n<td style=\"text-align: center;\">51<\/td>\n<td style=\"text-align: center;\">6<\/td>\n<\/tr>\n<tr>\n<td style=\"text-align: center;\">L<\/td>\n<td style=\"text-align: center;\">40<\/td>\n<td style=\"text-align: center;\">57<\/td>\n<td style=\"text-align: center;\">6<\/td>\n<\/tr>\n<\/tbody>\n<\/table>\n<h5><\/h5>","protected":false},"featured_media":3559,"template":"","meta":[],"product_brand":[],"product_cat":[63],"product_tag":[],"class_list":{"0":"post-3558","1":"product","2":"type-product","3":"status-publish","4":"has-post-thumbnail","6":"product_cat-other-products","8":"first","9":"instock","10":"shipping-taxable","11":"product-type-simple"},"yoast_head":"<!-- This site is optimized with the Yoast SEO plugin v26.5 - https:\/\/yoast.com\/wordpress\/plugins\/seo\/ -->\n<title>Animal print hooded scarf - SeaToU-Pet bed Dog bed Cat bed Orthopedic pet bed Heated pet bed Self-warming pet bed Cave pet bed Donut pet bed Bolster pet bed Outdoor pet house Pet blanket Pet mat Pet pad Cooling pet mat Waterproof pet pad Faux fur pet blanket Washable pet blanket Pet throw Pet bed liner \u3001Pet clothing Dog sweater Cat hoodie Pet raincoat Pet Halloween costume Pet booties Pet T-shirt Pet pajamas Pet life jacket Pet bandana\u3001Pet toys Chew toys Interactive dog toys Cat teaser wand Squeaky toys Rope toys Puzzle toys Tug toys Ball launcher Catnip toys\u3001Pet carrier Dog backpack Cat carrier Pet stroller Travel pet carrier Soft-sided pet carrier Hard-sided pet carrier Pet sling Pet car seat Airline-approved pet carrier\u3001Pet supplies Pet accessories Pet essentials Pet care products Pet grooming supplies Pet safety gear<\/title>\n<meta name=\"description\" content=\"The ears and lining are made of gingham zipper fabric, creating a cute design. This item is sure to make your pet dog, who is sensitive to the cold, the center of attention when you go out. It&#039;s also cute to coordinate different designs with your friends!\" \/>\n<meta name=\"robots\" content=\"index, follow, max-snippet:-1, max-image-preview:large, max-video-preview:-1\" \/>\n<link rel=\"canonical\" href=\"https:\/\/www.seatouintl.com\/fr\/produit\/echarpe-a-capuche-a-imprime-animalier\/\" \/>\n<meta property=\"og:locale\" content=\"fr_FR\" \/>\n<meta property=\"og:type\" content=\"article\" \/>\n<meta property=\"og:title\" content=\"Animal print hooded scarf - SeaToU-Pet bed Dog bed Cat bed Orthopedic pet bed Heated pet bed Self-warming pet bed Cave pet bed Donut pet bed Bolster pet bed Outdoor pet house Pet blanket Pet mat Pet pad Cooling pet mat Waterproof pet pad Faux fur pet blanket Washable pet blanket Pet throw Pet bed liner \u3001Pet clothing Dog sweater Cat hoodie Pet raincoat Pet Halloween costume Pet booties Pet T-shirt Pet pajamas Pet life jacket Pet bandana\u3001Pet toys Chew toys Interactive dog toys Cat teaser wand Squeaky toys Rope toys Puzzle toys Tug toys Ball launcher Catnip toys\u3001Pet carrier Dog backpack Cat carrier Pet stroller Travel pet carrier Soft-sided pet carrier Hard-sided pet carrier Pet sling Pet car seat Airline-approved pet carrier\u3001Pet supplies Pet accessories Pet essentials Pet care products Pet grooming supplies Pet safety gear\" \/>\n<meta property=\"og:description\" content=\"The ears and lining are made of gingham zipper fabric, creating a cute design. This item is sure to make your pet dog, who is sensitive to the cold, the center of attention when you go out. It&#039;s also cute to coordinate different designs with your friends!\" \/>\n<meta property=\"og:url\" content=\"https:\/\/www.seatouintl.com\/fr\/produit\/echarpe-a-capuche-a-imprime-animalier\/\" \/>\n<meta property=\"og:site_name\" content=\"SeaToU-Pet bed Dog bed Cat bed Orthopedic pet bed Heated pet bed Self-warming pet bed Cave pet bed Donut pet bed Bolster pet bed Outdoor pet house Pet blanket Pet mat Pet pad Cooling pet mat Waterproof pet pad Faux fur pet blanket Washable pet blanket Pet throw Pet bed liner \u3001Pet clothing Dog sweater Cat hoodie Pet raincoat Pet Halloween costume Pet booties Pet T-shirt Pet pajamas Pet life jacket Pet bandana\u3001Pet toys Chew toys Interactive dog toys Cat teaser wand Squeaky toys Rope toys Puzzle toys Tug toys Ball launcher Catnip toys\u3001Pet carrier Dog backpack Cat carrier Pet stroller Travel pet carrier Soft-sided pet carrier Hard-sided pet carrier Pet sling Pet car seat Airline-approved pet carrier\u3001Pet supplies Pet accessories Pet essentials Pet care products Pet grooming supplies Pet safety gear\" \/>\n<meta property=\"article:publisher\" content=\"https:\/\/facebook.com\/seatouintl\" \/>\n<meta property=\"article:modified_time\" content=\"2025-11-08T11:35:18+00:00\" \/>\n<meta property=\"og:image\" content=\"https:\/\/www.seatouintl.com\/wp-content\/uploads\/2025\/11\/Animal-print-hooded-scarf.jpg\" \/>\n\t<meta property=\"og:image:width\" content=\"800\" \/>\n\t<meta property=\"og:image:height\" content=\"680\" \/>\n\t<meta property=\"og:image:type\" content=\"image\/jpeg\" \/>\n<meta name=\"twitter:card\" content=\"summary_large_image\" \/>\n<meta name=\"twitter:label1\" content=\"Dur\u00e9e de lecture estim\u00e9e\" \/>\n\t<meta name=\"twitter:data1\" content=\"1 minute\" \/>\n<script type=\"application\/ld+json\" class=\"yoast-schema-graph\">{\"@context\":\"https:\/\/schema.org\",\"@graph\":[{\"@type\":\"WebPage\",\"@id\":\"https:\/\/www.seatouintl.com\/product\/animal-print-hooded-scarf\/\",\"url\":\"https:\/\/www.seatouintl.com\/product\/animal-print-hooded-scarf\/\",\"name\":\"Animal print hooded scarf - SeaToU-Pet bed Dog bed Cat bed Orthopedic pet bed Heated pet bed Self-warming pet bed Cave pet bed Donut pet bed Bolster pet bed Outdoor pet house Pet blanket Pet mat Pet pad Cooling pet mat Waterproof pet pad Faux fur pet blanket Washable pet blanket Pet throw Pet bed liner \u3001Pet clothing Dog sweater Cat hoodie Pet raincoat Pet Halloween costume Pet booties Pet T-shirt Pet pajamas Pet life jacket Pet bandana\u3001Pet toys Chew toys Interactive dog toys Cat teaser wand Squeaky toys Rope toys Puzzle toys Tug toys Ball launcher Catnip toys\u3001Pet carrier Dog backpack Cat carrier Pet stroller Travel pet carrier Soft-sided pet carrier Hard-sided pet carrier Pet sling Pet car seat Airline-approved pet carrier\u3001Pet supplies Pet accessories Pet essentials Pet care products Pet grooming supplies Pet safety gear\",\"isPartOf\":{\"@id\":\"https:\/\/www.seatouintl.com\/#website\"},\"primaryImageOfPage\":{\"@id\":\"https:\/\/www.seatouintl.com\/product\/animal-print-hooded-scarf\/#primaryimage\"},\"image\":{\"@id\":\"https:\/\/www.seatouintl.com\/product\/animal-print-hooded-scarf\/#primaryimage\"},\"thumbnailUrl\":\"https:\/\/www.seatouintl.com\/wp-content\/uploads\/2025\/11\/Animal-print-hooded-scarf.jpg\",\"datePublished\":\"2025-11-08T11:06:59+00:00\",\"dateModified\":\"2025-11-08T11:35:18+00:00\",\"description\":\"The ears and lining are made of gingham zipper fabric, creating a cute design. This item is sure to make your pet dog, who is sensitive to the cold, the center of attention when you go out. It's also cute to coordinate different designs with your friends!\",\"breadcrumb\":{\"@id\":\"https:\/\/www.seatouintl.com\/product\/animal-print-hooded-scarf\/#breadcrumb\"},\"inLanguage\":\"fr-FR\",\"potentialAction\":[{\"@type\":\"ReadAction\",\"target\":[\"https:\/\/www.seatouintl.com\/product\/animal-print-hooded-scarf\/\"]}]},{\"@type\":\"ImageObject\",\"inLanguage\":\"fr-FR\",\"@id\":\"https:\/\/www.seatouintl.com\/product\/animal-print-hooded-scarf\/#primaryimage\",\"url\":\"https:\/\/www.seatouintl.com\/wp-content\/uploads\/2025\/11\/Animal-print-hooded-scarf.jpg\",\"contentUrl\":\"https:\/\/www.seatouintl.com\/wp-content\/uploads\/2025\/11\/Animal-print-hooded-scarf.jpg\",\"width\":800,\"height\":680},{\"@type\":\"BreadcrumbList\",\"@id\":\"https:\/\/www.seatouintl.com\/product\/animal-print-hooded-scarf\/#breadcrumb\",\"itemListElement\":[{\"@type\":\"ListItem\",\"position\":1,\"name\":\"\u9996\u9875\",\"item\":\"https:\/\/www.seatouintl.com\/\"},{\"@type\":\"ListItem\",\"position\":2,\"name\":\"Products\",\"item\":\"https:\/\/www.seatouintl.com\/products\/\"},{\"@type\":\"ListItem\",\"position\":3,\"name\":\"Animal print hooded scarf\"}]},{\"@type\":\"WebSite\",\"@id\":\"https:\/\/www.seatouintl.com\/#website\",\"url\":\"https:\/\/www.seatouintl.com\/\",\"name\":\"seatou\",\"description\":\"Pet bed Dog bed Cat bed Orthopedic pet bed Heated pet bed Self-warming pet bed Cave pet bed Donut pet bed Bolster pet bed Outdoor pet house Pet blanket Pet mat Pet pad Cooling pet mat Waterproof pet pad Faux fur pet blanket Washable pet blanket Pet throw Pet bed liner \u3001Pet clothing Dog sweater Cat hoodie Pet raincoat Pet Halloween costume Pet booties Pet T-shirt Pet pajamas Pet life jacket Pet bandana\u3001Pet toys Chew toys Interactive dog toys Cat teaser wand Squeaky toys Rope toys Puzzle toys Tug toys Ball launcher Catnip toys\u3001Pet carrier Dog backpack Cat carrier Pet stroller Travel pet carrier Soft-sided pet carrier Hard-sided pet carrier Pet sling Pet car seat Airline-approved pet carrier\u3001Pet supplies Pet accessories Pet essentials Pet care products Pet grooming supplies Pet safety gear\",\"publisher\":{\"@id\":\"https:\/\/www.seatouintl.com\/#organization\"},\"potentialAction\":[{\"@type\":\"SearchAction\",\"target\":{\"@type\":\"EntryPoint\",\"urlTemplate\":\"https:\/\/www.seatouintl.com\/?s={search_term_string}\"},\"query-input\":{\"@type\":\"PropertyValueSpecification\",\"valueRequired\":true,\"valueName\":\"search_term_string\"}}],\"inLanguage\":\"fr-FR\"},{\"@type\":\"Organization\",\"@id\":\"https:\/\/www.seatouintl.com\/#organization\",\"name\":\"seatou\",\"url\":\"https:\/\/www.seatouintl.com\/\",\"logo\":{\"@type\":\"ImageObject\",\"inLanguage\":\"fr-FR\",\"@id\":\"https:\/\/www.seatouintl.com\/#\/schema\/logo\/image\/\",\"url\":\"https:\/\/www.seatouintl.com\/wp-content\/uploads\/2025\/10\/LOGO1.png\",\"contentUrl\":\"https:\/\/www.seatouintl.com\/wp-content\/uploads\/2025\/10\/LOGO1.png\",\"width\":1043,\"height\":454,\"caption\":\"seatou\"},\"image\":{\"@id\":\"https:\/\/www.seatouintl.com\/#\/schema\/logo\/image\/\"},\"sameAs\":[\"https:\/\/facebook.com\/seatouintl\"]}]}<\/script>\n<!-- \/ Yoast SEO plugin. -->","yoast_head_json":{"title":"Echarpe \u00e0 capuche imprim\u00e9 animal - SeaToU-Lit pour animaux Lit pour chien Lit pour chat Lit orthop\u00e9dique pour animaux Lit chauffant pour animaux Lit auto-chauffant pour animaux Lit en forme de grotte Lit en forme de beignet Lit en forme de traversin Maison ext\u00e9rieure pour animaux Couverture pour animaux Tapis pour animaux Tapis rafra\u00eechissant pour animaux Tapis imperm\u00e9able pour animaux Couverture en fausse fourrure Couverture lavable pour animaux Jet\u00e9e pour animaux Doublure de lit pour animaux \u3001V\u00eatements pour animaux Pull pour chien Sweat \u00e0 capuche pour chat Imperm\u00e9able pour animaux Costume d'Halloween pour animaux Bottines pour animaux T-shirt Pyjama pour animaux de compagnie Gilet de sauvetage pour animaux de compagnie Bandana pour animaux de compagnie\u3001Jouets pour animaux de compagnie Jouets \u00e0 m\u00e2cher Jouets interactifs pour chiens Baguette de taquin pour chats Jouets grin\u00e7ants Jouets de corde Casse-t\u00eate Jouets de traction Lanceur de balles Jouets d'herbe \u00e0 chat\u3001Transport pour animaux de compagnie Sac \u00e0 dos pour chiens Porte-chats Poussette Porte-animaux de voyage Porte-animaux souple Porte-animaux rigide \u00c9charpe de portage Si\u00e8ge auto pour animaux de compagnie Porte-animaux approuv\u00e9 par les compagnies a\u00e9riennes\u3001Fournitures pour animaux de compagnie Accessoires pour animaux de compagnie Articles essentiels pour animaux de compagnie Produits de soins pour animaux de compagnie Articles de toilettage pour animaux de compagnie Mat\u00e9riel de s\u00e9curit\u00e9 pour animaux de compagnie","description":"Les oreilles et la doublure sont fabriqu\u00e9es en tissu vichy \u00e0 fermeture \u00e9clair, ce qui cr\u00e9e un design adorable. Avec cet article, votre chien, qui est sensible au froid, sera le centre d'attention lorsque vous sortirez. Il est \u00e9galement int\u00e9ressant de coordonner diff\u00e9rents motifs avec vos amis !","robots":{"index":"index","follow":"follow","max-snippet":"max-snippet:-1","max-image-preview":"max-image-preview:large","max-video-preview":"max-video-preview:-1"},"canonical":"https:\/\/www.seatouintl.com\/fr\/produit\/echarpe-a-capuche-a-imprime-animalier\/","og_locale":"fr_FR","og_type":"article","og_title":"Animal print hooded scarf - SeaToU-Pet bed Dog bed Cat bed Orthopedic pet bed Heated pet bed Self-warming pet bed Cave pet bed Donut pet bed Bolster pet bed Outdoor pet house Pet blanket Pet mat Pet pad Cooling pet mat Waterproof pet pad Faux fur pet blanket Washable pet blanket Pet throw Pet bed liner \u3001Pet clothing Dog sweater Cat hoodie Pet raincoat Pet Halloween costume Pet booties Pet T-shirt Pet pajamas Pet life jacket Pet bandana\u3001Pet toys Chew toys Interactive dog toys Cat teaser wand Squeaky toys Rope toys Puzzle toys Tug toys Ball launcher Catnip toys\u3001Pet carrier Dog backpack Cat carrier Pet stroller Travel pet carrier Soft-sided pet carrier Hard-sided pet carrier Pet sling Pet car seat Airline-approved pet carrier\u3001Pet supplies Pet accessories Pet essentials Pet care products Pet grooming supplies Pet safety gear","og_description":"The ears and lining are made of gingham zipper fabric, creating a cute design. This item is sure to make your pet dog, who is sensitive to the cold, the center of attention when you go out. It's also cute to coordinate different designs with your friends!","og_url":"https:\/\/www.seatouintl.com\/fr\/produit\/echarpe-a-capuche-a-imprime-animalier\/","og_site_name":"SeaToU-Pet bed Dog bed Cat bed Orthopedic pet bed Heated pet bed Self-warming pet bed Cave pet bed Donut pet bed Bolster pet bed Outdoor pet house Pet blanket Pet mat Pet pad Cooling pet mat Waterproof pet pad Faux fur pet blanket Washable pet blanket Pet throw Pet bed liner \u3001Pet clothing Dog sweater Cat hoodie Pet raincoat Pet Halloween costume Pet booties Pet T-shirt Pet pajamas Pet life jacket Pet bandana\u3001Pet toys Chew toys Interactive dog toys Cat teaser wand Squeaky toys Rope toys Puzzle toys Tug toys Ball launcher Catnip toys\u3001Pet carrier Dog backpack Cat carrier Pet stroller Travel pet carrier Soft-sided pet carrier Hard-sided pet carrier Pet sling Pet car seat Airline-approved pet carrier\u3001Pet supplies Pet accessories Pet essentials Pet care products Pet grooming supplies Pet safety gear","article_publisher":"https:\/\/facebook.com\/seatouintl","article_modified_time":"2025-11-08T11:35:18+00:00","og_image":[{"width":800,"height":680,"url":"https:\/\/www.seatouintl.com\/wp-content\/uploads\/2025\/11\/Animal-print-hooded-scarf.jpg","type":"image\/jpeg"}],"twitter_card":"summary_large_image","twitter_misc":{"Dur\u00e9e de lecture estim\u00e9e":"1 minute"},"schema":{"@context":"https:\/\/schema.org","@graph":[{"@type":"WebPage","@id":"https:\/\/www.seatouintl.com\/product\/animal-print-hooded-scarf\/","url":"https:\/\/www.seatouintl.com\/product\/animal-print-hooded-scarf\/","name":"Echarpe \u00e0 capuche imprim\u00e9 animal - SeaToU-Lit pour animaux Lit pour chien Lit pour chat Lit orthop\u00e9dique pour animaux Lit chauffant pour animaux Lit auto-chauffant pour animaux Lit en forme de grotte Lit en forme de beignet Lit en forme de traversin Maison ext\u00e9rieure pour animaux Couverture pour animaux Tapis pour animaux Tapis rafra\u00eechissant pour animaux Tapis imperm\u00e9able pour animaux Couverture en fausse fourrure Couverture lavable pour animaux Jet\u00e9e pour animaux Doublure de lit pour animaux \u3001V\u00eatements pour animaux Pull pour chien Sweat \u00e0 capuche pour chat Imperm\u00e9able pour animaux Costume d'Halloween pour animaux Bottines pour animaux T-shirt Pyjama pour animaux de compagnie Gilet de sauvetage pour animaux de compagnie Bandana pour animaux de compagnie\u3001Jouets pour animaux de compagnie Jouets \u00e0 m\u00e2cher Jouets interactifs pour chiens Baguette de taquin pour chats Jouets grin\u00e7ants Jouets de corde Casse-t\u00eate Jouets de traction Lanceur de balles Jouets d'herbe \u00e0 chat\u3001Transport pour animaux de compagnie Sac \u00e0 dos pour chiens Porte-chats Poussette Porte-animaux de voyage Porte-animaux souple Porte-animaux rigide \u00c9charpe de portage Si\u00e8ge auto pour animaux de compagnie Porte-animaux approuv\u00e9 par les compagnies a\u00e9riennes\u3001Fournitures pour animaux de compagnie Accessoires pour animaux de compagnie Articles essentiels pour animaux de compagnie Produits de soins pour animaux de compagnie Articles de toilettage pour animaux de compagnie Mat\u00e9riel de s\u00e9curit\u00e9 pour animaux de compagnie","isPartOf":{"@id":"https:\/\/www.seatouintl.com\/#website"},"primaryImageOfPage":{"@id":"https:\/\/www.seatouintl.com\/product\/animal-print-hooded-scarf\/#primaryimage"},"image":{"@id":"https:\/\/www.seatouintl.com\/product\/animal-print-hooded-scarf\/#primaryimage"},"thumbnailUrl":"https:\/\/www.seatouintl.com\/wp-content\/uploads\/2025\/11\/Animal-print-hooded-scarf.jpg","datePublished":"2025-11-08T11:06:59+00:00","dateModified":"2025-11-08T11:35:18+00:00","description":"Les oreilles et la doublure sont fabriqu\u00e9es en tissu vichy \u00e0 fermeture \u00e9clair, ce qui cr\u00e9e un design adorable. Avec cet article, votre chien, qui est sensible au froid, sera le centre d'attention lorsque vous sortirez. Il est \u00e9galement int\u00e9ressant de coordonner diff\u00e9rents motifs avec vos amis !","breadcrumb":{"@id":"https:\/\/www.seatouintl.com\/product\/animal-print-hooded-scarf\/#breadcrumb"},"inLanguage":"fr-FR","potentialAction":[{"@type":"ReadAction","target":["https:\/\/www.seatouintl.com\/product\/animal-print-hooded-scarf\/"]}]},{"@type":"ImageObject","inLanguage":"fr-FR","@id":"https:\/\/www.seatouintl.com\/product\/animal-print-hooded-scarf\/#primaryimage","url":"https:\/\/www.seatouintl.com\/wp-content\/uploads\/2025\/11\/Animal-print-hooded-scarf.jpg","contentUrl":"https:\/\/www.seatouintl.com\/wp-content\/uploads\/2025\/11\/Animal-print-hooded-scarf.jpg","width":800,"height":680},{"@type":"BreadcrumbList","@id":"https:\/\/www.seatouintl.com\/product\/animal-print-hooded-scarf\/#breadcrumb","itemListElement":[{"@type":"ListItem","position":1,"name":"\u9996\u9875","item":"https:\/\/www.seatouintl.com\/"},{"@type":"ListItem","position":2,"name":"Products","item":"https:\/\/www.seatouintl.com\/products\/"},{"@type":"ListItem","position":3,"name":"Animal print hooded scarf"}]},{"@type":"WebSite","@id":"https:\/\/www.seatouintl.com\/#website","url":"https:\/\/www.seatouintl.com\/","name":"seatou","description":"Lit pour chien Lit pour chat Lit orthop\u00e9dique pour animaux de compagnie Lit chauffant pour animaux de compagnie Lit auto-chauffant pour animaux de compagnie Lit pour animaux de caverne Lit pour animaux de compagnie Donut Lit pour animaux de compagnie Bolster Maison pour animaux de compagnie Couverture pour animaux de compagnie Tapis pour animaux de compagnie Tapis rafra\u00eechissant pour animaux de compagnie Imperm\u00e9able pour animaux de compagnie Couverture en fausse fourrure Couverture lavable pour animaux de compagnie Jet d'eau pour animaux de compagnie Doublure de lit pour animaux de compagnie \u3001V\u00eatements pour animaux de compagnie Pull pour chien Manteau \u00e0 capuche pour chat Imperm\u00e9able pour animaux de compagnie Costume d'Halloween pour animaux de compagnie Chaussons pour animaux de compagnie T-.shirt Pyjama pour animaux de compagnie Gilet de sauvetage pour animaux de compagnie Bandana pour animaux de compagnie\u3001Jouets pour animaux de compagnie Jouets \u00e0 m\u00e2cher Jouets interactifs pour chiens Baguette de taquin pour chats Jouets grin\u00e7ants Jouets de corde Casse-t\u00eate Jouets de traction Lanceur de balles Jouets d'herbe \u00e0 chat\u3001Transport pour animaux de compagnie Sac \u00e0 dos pour chiens Porte-chats Poussette Porte-animaux de voyage Porte-animaux souple Porte-animaux rigide \u00c9charpe de portage Si\u00e8ge auto pour animaux de compagnie Porte-animaux approuv\u00e9 par les compagnies a\u00e9riennes\u3001Fournitures pour animaux de compagnie Accessoires pour animaux de compagnie Articles essentiels pour animaux de compagnie Produits de soins pour animaux de compagnie Articles de toilettage pour animaux de compagnie \u00c9quipement de s\u00e9curit\u00e9 pour animaux de compagnie","publisher":{"@id":"https:\/\/www.seatouintl.com\/#organization"},"potentialAction":[{"@type":"SearchAction","target":{"@type":"EntryPoint","urlTemplate":"https:\/\/www.seatouintl.com\/?s={search_term_string}"},"query-input":{"@type":"PropertyValueSpecification","valueRequired":true,"valueName":"search_term_string"}}],"inLanguage":"fr-FR"},{"@type":"Organization","@id":"https:\/\/www.seatouintl.com\/#organization","name":"seatou","url":"https:\/\/www.seatouintl.com\/","logo":{"@type":"ImageObject","inLanguage":"fr-FR","@id":"https:\/\/www.seatouintl.com\/#\/schema\/logo\/image\/","url":"https:\/\/www.seatouintl.com\/wp-content\/uploads\/2025\/10\/LOGO1.png","contentUrl":"https:\/\/www.seatouintl.com\/wp-content\/uploads\/2025\/10\/LOGO1.png","width":1043,"height":454,"caption":"seatou"},"image":{"@id":"https:\/\/www.seatouintl.com\/#\/schema\/logo\/image\/"},"sameAs":["https:\/\/facebook.com\/seatouintl"]}]}},"_links":{"self":[{"href":"https:\/\/www.seatouintl.com\/fr\/wp-json\/wp\/v2\/product\/3558","targetHints":{"allow":["GET"]}}],"collection":[{"href":"https:\/\/www.seatouintl.com\/fr\/wp-json\/wp\/v2\/product"}],"about":[{"href":"https:\/\/www.seatouintl.com\/fr\/wp-json\/wp\/v2\/types\/product"}],"wp:featuredmedia":[{"embeddable":true,"href":"https:\/\/www.seatouintl.com\/fr\/wp-json\/wp\/v2\/media\/3559"}],"wp:attachment":[{"href":"https:\/\/www.seatouintl.com\/fr\/wp-json\/wp\/v2\/media?parent=3558"}],"wp:term":[{"taxonomy":"product_brand","embeddable":true,"href":"https:\/\/www.seatouintl.com\/fr\/wp-json\/wp\/v2\/product_brand?post=3558"},{"taxonomy":"product_cat","embeddable":true,"href":"https:\/\/www.seatouintl.com\/fr\/wp-json\/wp\/v2\/product_cat?post=3558"},{"taxonomy":"product_tag","embeddable":true,"href":"https:\/\/www.seatouintl.com\/fr\/wp-json\/wp\/v2\/product_tag?post=3558"}],"curies":[{"name":"wp","href":"https:\/\/api.w.org\/{rel}","templated":true}]}}