{"id":3571,"date":"2025-11-08T19:33:17","date_gmt":"2025-11-08T11:33:17","guid":{"rendered":"https:\/\/www.seatouintl.com\/?post_type=product&#038;p=3571"},"modified":"2026-02-01T21:54:40","modified_gmt":"2026-02-01T13:54:40","slug":"echarpe-chaude","status":"publish","type":"product","link":"https:\/\/www.seatouintl.com\/fr\/produit\/echarpe-chaude\/","title":{"rendered":"\u00e9charpe chaude"},"content":{"rendered":"","protected":false},"excerpt":{"rendered":"<p class=\"_translated-text_6w45d_150\" data-id=\"translated-text\"><img decoding=\"async\" class=\"alignnone wp-image-2254\" src=\"https:\/\/www.seatouintl.com\/wp-content\/uploads\/2025\/10\/LOGO3-1-300x103.png\" alt=\"\" width=\"151\" height=\"52\" srcset=\"https:\/\/www.seatouintl.com\/wp-content\/uploads\/2025\/10\/LOGO3-1-300x103.png 300w, https:\/\/www.seatouintl.com\/wp-content\/uploads\/2025\/10\/LOGO3-1-600x207.png 600w, https:\/\/www.seatouintl.com\/wp-content\/uploads\/2025\/10\/LOGO3-1-400x138.png 400w, https:\/\/www.seatouintl.com\/wp-content\/uploads\/2025\/10\/LOGO3-1-768x265.png 768w, https:\/\/www.seatouintl.com\/wp-content\/uploads\/2025\/10\/LOGO3-1.png 850w\" sizes=\"(max-width: 151px) 100vw, 151px\" \/><\/p>\n<p class=\"_translated-text_6w45d_150\" data-id=\"translated-text\">Voici notre \u00e9charpe en duvet originale, parfaite pour vous et votre chien bien-aim\u00e9, \u00e0 assortir \u00e0 vos tenues ! Cette \u00e9charpe est fabriqu\u00e9e en duvet, elle est donc chaude, l\u00e9g\u00e8re et ne donne pas l'impression d'\u00eatre lourde. Adapt\u00e9e aux hommes et aux femmes, l'\u00e9charpe peut \u00eatre brod\u00e9e de d\u00e9tails de marque exquis sur les bords. Pourquoi ne pas essayer le style vestimentaire Moncheri cet automne et cet hiver ? Personnalisable dans toutes les couleurs et longueurs<\/p>\n<p class=\"_translated-text_6w45d_150\" data-id=\"translated-text\">Mat\u00e9riau Ext\u00e9rieur : 100% nylon Rembourrage : 60% duvet, 40% plume<\/p>\n<table class=\"table_product_size\" style=\"height: 211px;\" width=\"322\">\n<tbody>\n<tr>\n<th>Taille\uff08cm\uff09<\/th>\n<th>\n<p class=\"_translated-text_6w45d_150\" data-id=\"translated-text\">longueur<\/p>\n<\/th>\n<th>\n<p class=\"_translated-text_6w45d_150\" data-id=\"translated-text\">Large<\/p>\n<\/th>\n<\/tr>\n<tr>\n<td style=\"text-align: center;\">S<\/td>\n<td style=\"text-align: center;\">44<\/td>\n<td style=\"text-align: center;\">5<\/td>\n<\/tr>\n<tr>\n<td style=\"text-align: center;\">M<\/td>\n<td style=\"text-align: center;\">48<\/td>\n<td style=\"text-align: center;\">6<\/td>\n<\/tr>\n<tr>\n<td style=\"text-align: center;\">L<\/td>\n<td style=\"text-align: center;\">54<\/td>\n<td style=\"text-align: center;\">6.5<\/td>\n<\/tr>\n<tr>\n<td>\n<p class=\"_translated-text_6w45d_150\" style=\"text-align: center;\" data-id=\"translated-text\">Propri\u00e9taire d'un animal de compagnie<\/p>\n<\/td>\n<td style=\"text-align: center;\">113<\/td>\n<td style=\"text-align: center;\">20<\/td>\n<\/tr>\n<\/tbody>\n<\/table>","protected":false},"featured_media":3572,"template":"","meta":[],"product_brand":[],"product_cat":[63],"product_tag":[],"class_list":{"0":"post-3571","1":"product","2":"type-product","3":"status-publish","4":"has-post-thumbnail","6":"product_cat-other-products","8":"first","9":"instock","10":"featured","11":"shipping-taxable","12":"product-type-simple"},"yoast_head":"<!-- This site is optimized with the Yoast SEO plugin v26.5 - https:\/\/yoast.com\/wordpress\/plugins\/seo\/ -->\n<title>warm scarf - SeaToU-Pet bed Dog bed Cat bed Orthopedic pet bed Heated pet bed Self-warming pet bed Cave pet bed Donut pet bed Bolster pet bed Outdoor pet house Pet blanket Pet mat Pet pad Cooling pet mat Waterproof pet pad Faux fur pet blanket Washable pet blanket Pet throw Pet bed liner \u3001Pet clothing Dog sweater Cat hoodie Pet raincoat Pet Halloween costume Pet booties Pet T-shirt Pet pajamas Pet life jacket Pet bandana\u3001Pet toys Chew toys Interactive dog toys Cat teaser wand Squeaky toys Rope toys Puzzle toys Tug toys Ball launcher Catnip toys\u3001Pet carrier Dog backpack Cat carrier Pet stroller Travel pet carrier Soft-sided pet carrier Hard-sided pet carrier Pet sling Pet car seat Airline-approved pet carrier\u3001Pet supplies Pet accessories Pet essentials Pet care products Pet grooming supplies Pet safety gear<\/title>\n<meta name=\"description\" content=\"Introducing our original down scarf, perfect for you and your beloved dog to match your outfits! This scarf is made of down, so it&#039;s warm, lightweight, and doesn&#039;t feel heavy. Suitable for both men and women, the scarf can be embroidered with exquisite brand details along the edges. Why not try the Moncheri style of dressing this fall and winter? Customizable in any color and length\" \/>\n<meta name=\"robots\" content=\"index, follow, max-snippet:-1, max-image-preview:large, max-video-preview:-1\" \/>\n<link rel=\"canonical\" href=\"https:\/\/www.seatouintl.com\/fr\/produit\/echarpe-chaude\/\" \/>\n<meta property=\"og:locale\" content=\"fr_FR\" \/>\n<meta property=\"og:type\" content=\"article\" \/>\n<meta property=\"og:title\" content=\"warm scarf - SeaToU-Pet bed Dog bed Cat bed Orthopedic pet bed Heated pet bed Self-warming pet bed Cave pet bed Donut pet bed Bolster pet bed Outdoor pet house Pet blanket Pet mat Pet pad Cooling pet mat Waterproof pet pad Faux fur pet blanket Washable pet blanket Pet throw Pet bed liner \u3001Pet clothing Dog sweater Cat hoodie Pet raincoat Pet Halloween costume Pet booties Pet T-shirt Pet pajamas Pet life jacket Pet bandana\u3001Pet toys Chew toys Interactive dog toys Cat teaser wand Squeaky toys Rope toys Puzzle toys Tug toys Ball launcher Catnip toys\u3001Pet carrier Dog backpack Cat carrier Pet stroller Travel pet carrier Soft-sided pet carrier Hard-sided pet carrier Pet sling Pet car seat Airline-approved pet carrier\u3001Pet supplies Pet accessories Pet essentials Pet care products Pet grooming supplies Pet safety gear\" \/>\n<meta property=\"og:description\" content=\"Introducing our original down scarf, perfect for you and your beloved dog to match your outfits! This scarf is made of down, so it&#039;s warm, lightweight, and doesn&#039;t feel heavy. Suitable for both men and women, the scarf can be embroidered with exquisite brand details along the edges. Why not try the Moncheri style of dressing this fall and winter? Customizable in any color and length\" \/>\n<meta property=\"og:url\" content=\"https:\/\/www.seatouintl.com\/fr\/produit\/echarpe-chaude\/\" \/>\n<meta property=\"og:site_name\" content=\"SeaToU-Pet bed Dog bed Cat bed Orthopedic pet bed Heated pet bed Self-warming pet bed Cave pet bed Donut pet bed Bolster pet bed Outdoor pet house Pet blanket Pet mat Pet pad Cooling pet mat Waterproof pet pad Faux fur pet blanket Washable pet blanket Pet throw Pet bed liner \u3001Pet clothing Dog sweater Cat hoodie Pet raincoat Pet Halloween costume Pet booties Pet T-shirt Pet pajamas Pet life jacket Pet bandana\u3001Pet toys Chew toys Interactive dog toys Cat teaser wand Squeaky toys Rope toys Puzzle toys Tug toys Ball launcher Catnip toys\u3001Pet carrier Dog backpack Cat carrier Pet stroller Travel pet carrier Soft-sided pet carrier Hard-sided pet carrier Pet sling Pet car seat Airline-approved pet carrier\u3001Pet supplies Pet accessories Pet essentials Pet care products Pet grooming supplies Pet safety gear\" \/>\n<meta property=\"article:publisher\" content=\"https:\/\/facebook.com\/seatouintl\" \/>\n<meta property=\"article:modified_time\" content=\"2026-02-01T13:54:40+00:00\" \/>\n<meta property=\"og:image\" content=\"https:\/\/www.seatouintl.com\/wp-content\/uploads\/2025\/11\/warm-scarf-01.jpg\" \/>\n\t<meta property=\"og:image:width\" content=\"800\" \/>\n\t<meta property=\"og:image:height\" content=\"680\" \/>\n\t<meta property=\"og:image:type\" content=\"image\/jpeg\" \/>\n<meta name=\"twitter:card\" content=\"summary_large_image\" \/>\n<meta name=\"twitter:label1\" content=\"Dur\u00e9e de lecture estim\u00e9e\" \/>\n\t<meta name=\"twitter:data1\" content=\"1 minute\" \/>\n<script type=\"application\/ld+json\" class=\"yoast-schema-graph\">{\"@context\":\"https:\/\/schema.org\",\"@graph\":[{\"@type\":\"WebPage\",\"@id\":\"https:\/\/www.seatouintl.com\/product\/warm-scarf\/\",\"url\":\"https:\/\/www.seatouintl.com\/product\/warm-scarf\/\",\"name\":\"warm scarf - SeaToU-Pet bed Dog bed Cat bed Orthopedic pet bed Heated pet bed Self-warming pet bed Cave pet bed Donut pet bed Bolster pet bed Outdoor pet house Pet blanket Pet mat Pet pad Cooling pet mat Waterproof pet pad Faux fur pet blanket Washable pet blanket Pet throw Pet bed liner \u3001Pet clothing Dog sweater Cat hoodie Pet raincoat Pet Halloween costume Pet booties Pet T-shirt Pet pajamas Pet life jacket Pet bandana\u3001Pet toys Chew toys Interactive dog toys Cat teaser wand Squeaky toys Rope toys Puzzle toys Tug toys Ball launcher Catnip toys\u3001Pet carrier Dog backpack Cat carrier Pet stroller Travel pet carrier Soft-sided pet carrier Hard-sided pet carrier Pet sling Pet car seat Airline-approved pet carrier\u3001Pet supplies Pet accessories Pet essentials Pet care products Pet grooming supplies Pet safety gear\",\"isPartOf\":{\"@id\":\"https:\/\/www.seatouintl.com\/#website\"},\"primaryImageOfPage\":{\"@id\":\"https:\/\/www.seatouintl.com\/product\/warm-scarf\/#primaryimage\"},\"image\":{\"@id\":\"https:\/\/www.seatouintl.com\/product\/warm-scarf\/#primaryimage\"},\"thumbnailUrl\":\"https:\/\/www.seatouintl.com\/wp-content\/uploads\/2025\/11\/warm-scarf-01.jpg\",\"datePublished\":\"2025-11-08T11:33:17+00:00\",\"dateModified\":\"2026-02-01T13:54:40+00:00\",\"description\":\"Introducing our original down scarf, perfect for you and your beloved dog to match your outfits! This scarf is made of down, so it's warm, lightweight, and doesn't feel heavy. Suitable for both men and women, the scarf can be embroidered with exquisite brand details along the edges. Why not try the Moncheri style of dressing this fall and winter? Customizable in any color and length\",\"breadcrumb\":{\"@id\":\"https:\/\/www.seatouintl.com\/product\/warm-scarf\/#breadcrumb\"},\"inLanguage\":\"fr-FR\",\"potentialAction\":[{\"@type\":\"ReadAction\",\"target\":[\"https:\/\/www.seatouintl.com\/product\/warm-scarf\/\"]}]},{\"@type\":\"ImageObject\",\"inLanguage\":\"fr-FR\",\"@id\":\"https:\/\/www.seatouintl.com\/product\/warm-scarf\/#primaryimage\",\"url\":\"https:\/\/www.seatouintl.com\/wp-content\/uploads\/2025\/11\/warm-scarf-01.jpg\",\"contentUrl\":\"https:\/\/www.seatouintl.com\/wp-content\/uploads\/2025\/11\/warm-scarf-01.jpg\",\"width\":800,\"height\":680},{\"@type\":\"BreadcrumbList\",\"@id\":\"https:\/\/www.seatouintl.com\/product\/warm-scarf\/#breadcrumb\",\"itemListElement\":[{\"@type\":\"ListItem\",\"position\":1,\"name\":\"\u9996\u9875\",\"item\":\"https:\/\/www.seatouintl.com\/\"},{\"@type\":\"ListItem\",\"position\":2,\"name\":\"Products\",\"item\":\"https:\/\/www.seatouintl.com\/products\/\"},{\"@type\":\"ListItem\",\"position\":3,\"name\":\"warm scarf\"}]},{\"@type\":\"WebSite\",\"@id\":\"https:\/\/www.seatouintl.com\/#website\",\"url\":\"https:\/\/www.seatouintl.com\/\",\"name\":\"seatou\",\"description\":\"Pet bed Dog bed Cat bed Orthopedic pet bed Heated pet bed Self-warming pet bed Cave pet bed Donut pet bed Bolster pet bed Outdoor pet house Pet blanket Pet mat Pet pad Cooling pet mat Waterproof pet pad Faux fur pet blanket Washable pet blanket Pet throw Pet bed liner \u3001Pet clothing Dog sweater Cat hoodie Pet raincoat Pet Halloween costume Pet booties Pet T-shirt Pet pajamas Pet life jacket Pet bandana\u3001Pet toys Chew toys Interactive dog toys Cat teaser wand Squeaky toys Rope toys Puzzle toys Tug toys Ball launcher Catnip toys\u3001Pet carrier Dog backpack Cat carrier Pet stroller Travel pet carrier Soft-sided pet carrier Hard-sided pet carrier Pet sling Pet car seat Airline-approved pet carrier\u3001Pet supplies Pet accessories Pet essentials Pet care products Pet grooming supplies Pet safety gear\",\"publisher\":{\"@id\":\"https:\/\/www.seatouintl.com\/#organization\"},\"potentialAction\":[{\"@type\":\"SearchAction\",\"target\":{\"@type\":\"EntryPoint\",\"urlTemplate\":\"https:\/\/www.seatouintl.com\/?s={search_term_string}\"},\"query-input\":{\"@type\":\"PropertyValueSpecification\",\"valueRequired\":true,\"valueName\":\"search_term_string\"}}],\"inLanguage\":\"fr-FR\"},{\"@type\":\"Organization\",\"@id\":\"https:\/\/www.seatouintl.com\/#organization\",\"name\":\"seatou\",\"url\":\"https:\/\/www.seatouintl.com\/\",\"logo\":{\"@type\":\"ImageObject\",\"inLanguage\":\"fr-FR\",\"@id\":\"https:\/\/www.seatouintl.com\/#\/schema\/logo\/image\/\",\"url\":\"https:\/\/www.seatouintl.com\/wp-content\/uploads\/2025\/10\/LOGO1.png\",\"contentUrl\":\"https:\/\/www.seatouintl.com\/wp-content\/uploads\/2025\/10\/LOGO1.png\",\"width\":1043,\"height\":454,\"caption\":\"seatou\"},\"image\":{\"@id\":\"https:\/\/www.seatouintl.com\/#\/schema\/logo\/image\/\"},\"sameAs\":[\"https:\/\/facebook.com\/seatouintl\"]}]}<\/script>\n<!-- \/ Yoast SEO plugin. -->","yoast_head_json":{"title":"\u00e9charpe chaude - SeaToU-Lit pour chien Lit pour chat Lit orthop\u00e9dique pour animaux de compagnie Lit chauffant pour animaux de compagnie Lit auto-chauffant pour animaux de compagnie Lit en forme de grotte Lit en forme de beignet Lit en forme de traversin Maison ext\u00e9rieure pour animaux de compagnie Couverture pour animaux de compagnie Tapis pour animaux de compagnie Tapis rafra\u00eechissant pour animaux de compagnie Tapis imperm\u00e9able pour animaux de compagnie Couverture en fausse fourrure Couverture lavable pour animaux de compagnie Jet\u00e9 de lit pour animaux de compagnie \u3001V\u00eatements pour animaux de compagnie Pull pour chien Manteau \u00e0 capuche pour chat Imperm\u00e9able pour animaux de compagnie Costume d'Halloween pour animaux de compagnie Chaussons pour animaux de compagnie T-shirt pour animaux de compagnie.shirt Pyjama pour animaux de compagnie Gilet de sauvetage pour animaux de compagnie Bandana pour animaux de compagnie\u3001Jouets pour animaux de compagnie Jouets \u00e0 m\u00e2cher Jouets interactifs pour chiens Baguette de taquin pour chats Jouets grin\u00e7ants Jouets de corde Casse-t\u00eate Jouets de traction Lanceur de balles Jouets d'herbe \u00e0 chat\u3001Transport pour animaux de compagnie Sac \u00e0 dos pour chiens Porte-chats Poussette Porte-animaux de voyage Porte-animaux souple Porte-animaux rigide \u00c9charpe de portage Si\u00e8ge auto pour animaux de compagnie Porte-animaux approuv\u00e9 par les compagnies a\u00e9riennes\u3001Fournitures pour animaux de compagnie Accessoires pour animaux de compagnie Articles essentiels pour animaux de compagnie Produits de soins pour animaux de compagnie Articles de toilettage pour animaux de compagnie \u00c9quipement de s\u00e9curit\u00e9 pour animaux de compagnie","description":"Voici notre \u00e9charpe en duvet originale, parfaite pour vous et votre chien bien-aim\u00e9, \u00e0 assortir \u00e0 vos tenues ! Cette \u00e9charpe est fabriqu\u00e9e en duvet, elle est donc chaude, l\u00e9g\u00e8re et ne donne pas l'impression d'\u00eatre lourde. Adapt\u00e9e aux hommes et aux femmes, l'\u00e9charpe peut \u00eatre brod\u00e9e de d\u00e9tails de marque exquis sur les bords. Pourquoi ne pas essayer le style vestimentaire Moncheri cet automne et cet hiver ? Personnalisable dans toutes les couleurs et longueurs","robots":{"index":"index","follow":"follow","max-snippet":"max-snippet:-1","max-image-preview":"max-image-preview:large","max-video-preview":"max-video-preview:-1"},"canonical":"https:\/\/www.seatouintl.com\/fr\/produit\/echarpe-chaude\/","og_locale":"fr_FR","og_type":"article","og_title":"warm scarf - SeaToU-Pet bed Dog bed Cat bed Orthopedic pet bed Heated pet bed Self-warming pet bed Cave pet bed Donut pet bed Bolster pet bed Outdoor pet house Pet blanket Pet mat Pet pad Cooling pet mat Waterproof pet pad Faux fur pet blanket Washable pet blanket Pet throw Pet bed liner \u3001Pet clothing Dog sweater Cat hoodie Pet raincoat Pet Halloween costume Pet booties Pet T-shirt Pet pajamas Pet life jacket Pet bandana\u3001Pet toys Chew toys Interactive dog toys Cat teaser wand Squeaky toys Rope toys Puzzle toys Tug toys Ball launcher Catnip toys\u3001Pet carrier Dog backpack Cat carrier Pet stroller Travel pet carrier Soft-sided pet carrier Hard-sided pet carrier Pet sling Pet car seat Airline-approved pet carrier\u3001Pet supplies Pet accessories Pet essentials Pet care products Pet grooming supplies Pet safety gear","og_description":"Introducing our original down scarf, perfect for you and your beloved dog to match your outfits! This scarf is made of down, so it's warm, lightweight, and doesn't feel heavy. Suitable for both men and women, the scarf can be embroidered with exquisite brand details along the edges. Why not try the Moncheri style of dressing this fall and winter? Customizable in any color and length","og_url":"https:\/\/www.seatouintl.com\/fr\/produit\/echarpe-chaude\/","og_site_name":"SeaToU-Pet bed Dog bed Cat bed Orthopedic pet bed Heated pet bed Self-warming pet bed Cave pet bed Donut pet bed Bolster pet bed Outdoor pet house Pet blanket Pet mat Pet pad Cooling pet mat Waterproof pet pad Faux fur pet blanket Washable pet blanket Pet throw Pet bed liner \u3001Pet clothing Dog sweater Cat hoodie Pet raincoat Pet Halloween costume Pet booties Pet T-shirt Pet pajamas Pet life jacket Pet bandana\u3001Pet toys Chew toys Interactive dog toys Cat teaser wand Squeaky toys Rope toys Puzzle toys Tug toys Ball launcher Catnip toys\u3001Pet carrier Dog backpack Cat carrier Pet stroller Travel pet carrier Soft-sided pet carrier Hard-sided pet carrier Pet sling Pet car seat Airline-approved pet carrier\u3001Pet supplies Pet accessories Pet essentials Pet care products Pet grooming supplies Pet safety gear","article_publisher":"https:\/\/facebook.com\/seatouintl","article_modified_time":"2026-02-01T13:54:40+00:00","og_image":[{"width":800,"height":680,"url":"https:\/\/www.seatouintl.com\/wp-content\/uploads\/2025\/11\/warm-scarf-01.jpg","type":"image\/jpeg"}],"twitter_card":"summary_large_image","twitter_misc":{"Dur\u00e9e de lecture estim\u00e9e":"1 minute"},"schema":{"@context":"https:\/\/schema.org","@graph":[{"@type":"WebPage","@id":"https:\/\/www.seatouintl.com\/product\/warm-scarf\/","url":"https:\/\/www.seatouintl.com\/product\/warm-scarf\/","name":"\u00e9charpe chaude - SeaToU-Lit pour chien Lit pour chat Lit orthop\u00e9dique pour animaux de compagnie Lit chauffant pour animaux de compagnie Lit auto-chauffant pour animaux de compagnie Lit en forme de grotte Lit en forme de beignet Lit en forme de traversin Maison ext\u00e9rieure pour animaux de compagnie Couverture pour animaux de compagnie Tapis pour animaux de compagnie Tapis rafra\u00eechissant pour animaux de compagnie Tapis imperm\u00e9able pour animaux de compagnie Couverture en fausse fourrure Couverture lavable pour animaux de compagnie Jet\u00e9 de lit pour animaux de compagnie \u3001V\u00eatements pour animaux de compagnie Pull pour chien Manteau \u00e0 capuche pour chat Imperm\u00e9able pour animaux de compagnie Costume d'Halloween pour animaux de compagnie Chaussons pour animaux de compagnie T-shirt pour animaux de compagnie.shirt Pyjama pour animaux de compagnie Gilet de sauvetage pour animaux de compagnie Bandana pour animaux de compagnie\u3001Jouets pour animaux de compagnie Jouets \u00e0 m\u00e2cher Jouets interactifs pour chiens Baguette de taquin pour chats Jouets grin\u00e7ants Jouets de corde Casse-t\u00eate Jouets de traction Lanceur de balles Jouets d'herbe \u00e0 chat\u3001Transport pour animaux de compagnie Sac \u00e0 dos pour chiens Porte-chats Poussette Porte-animaux de voyage Porte-animaux souple Porte-animaux rigide \u00c9charpe de portage Si\u00e8ge auto pour animaux de compagnie Porte-animaux approuv\u00e9 par les compagnies a\u00e9riennes\u3001Fournitures pour animaux de compagnie Accessoires pour animaux de compagnie Articles essentiels pour animaux de compagnie Produits de soins pour animaux de compagnie Articles de toilettage pour animaux de compagnie \u00c9quipement de s\u00e9curit\u00e9 pour animaux de compagnie","isPartOf":{"@id":"https:\/\/www.seatouintl.com\/#website"},"primaryImageOfPage":{"@id":"https:\/\/www.seatouintl.com\/product\/warm-scarf\/#primaryimage"},"image":{"@id":"https:\/\/www.seatouintl.com\/product\/warm-scarf\/#primaryimage"},"thumbnailUrl":"https:\/\/www.seatouintl.com\/wp-content\/uploads\/2025\/11\/warm-scarf-01.jpg","datePublished":"2025-11-08T11:33:17+00:00","dateModified":"2026-02-01T13:54:40+00:00","description":"Voici notre \u00e9charpe en duvet originale, parfaite pour vous et votre chien bien-aim\u00e9, \u00e0 assortir \u00e0 vos tenues ! Cette \u00e9charpe est fabriqu\u00e9e en duvet, elle est donc chaude, l\u00e9g\u00e8re et ne donne pas l'impression d'\u00eatre lourde. Adapt\u00e9e aux hommes et aux femmes, l'\u00e9charpe peut \u00eatre brod\u00e9e de d\u00e9tails de marque exquis sur les bords. Pourquoi ne pas essayer le style vestimentaire Moncheri cet automne et cet hiver ? Personnalisable dans toutes les couleurs et longueurs","breadcrumb":{"@id":"https:\/\/www.seatouintl.com\/product\/warm-scarf\/#breadcrumb"},"inLanguage":"fr-FR","potentialAction":[{"@type":"ReadAction","target":["https:\/\/www.seatouintl.com\/product\/warm-scarf\/"]}]},{"@type":"ImageObject","inLanguage":"fr-FR","@id":"https:\/\/www.seatouintl.com\/product\/warm-scarf\/#primaryimage","url":"https:\/\/www.seatouintl.com\/wp-content\/uploads\/2025\/11\/warm-scarf-01.jpg","contentUrl":"https:\/\/www.seatouintl.com\/wp-content\/uploads\/2025\/11\/warm-scarf-01.jpg","width":800,"height":680},{"@type":"BreadcrumbList","@id":"https:\/\/www.seatouintl.com\/product\/warm-scarf\/#breadcrumb","itemListElement":[{"@type":"ListItem","position":1,"name":"\u9996\u9875","item":"https:\/\/www.seatouintl.com\/"},{"@type":"ListItem","position":2,"name":"Products","item":"https:\/\/www.seatouintl.com\/products\/"},{"@type":"ListItem","position":3,"name":"warm scarf"}]},{"@type":"WebSite","@id":"https:\/\/www.seatouintl.com\/#website","url":"https:\/\/www.seatouintl.com\/","name":"seatou","description":"Lit pour chien Lit pour chat Lit orthop\u00e9dique pour animaux de compagnie Lit chauffant pour animaux de compagnie Lit auto-chauffant pour animaux de compagnie Lit pour animaux de caverne Lit pour animaux de compagnie Donut Lit pour animaux de compagnie Bolster Maison pour animaux de compagnie Couverture pour animaux de compagnie Tapis pour animaux de compagnie Tapis rafra\u00eechissant pour animaux de compagnie Imperm\u00e9able pour animaux de compagnie Couverture en fausse fourrure Couverture lavable pour animaux de compagnie Jet d'eau pour animaux de compagnie Doublure de lit pour animaux de compagnie \u3001V\u00eatements pour animaux de compagnie Pull pour chien Manteau \u00e0 capuche pour chat Imperm\u00e9able pour animaux de compagnie Costume d'Halloween pour animaux de compagnie Chaussons pour animaux de compagnie T-.shirt Pyjama pour animaux de compagnie Gilet de sauvetage pour animaux de compagnie Bandana pour animaux de compagnie\u3001Jouets pour animaux de compagnie Jouets \u00e0 m\u00e2cher Jouets interactifs pour chiens Baguette de taquin pour chats Jouets grin\u00e7ants Jouets de corde Casse-t\u00eate Jouets de traction Lanceur de balles Jouets d'herbe \u00e0 chat\u3001Transport pour animaux de compagnie Sac \u00e0 dos pour chiens Porte-chats Poussette Porte-animaux de voyage Porte-animaux souple Porte-animaux rigide \u00c9charpe de portage Si\u00e8ge auto pour animaux de compagnie Porte-animaux approuv\u00e9 par les compagnies a\u00e9riennes\u3001Fournitures pour animaux de compagnie Accessoires pour animaux de compagnie Articles essentiels pour animaux de compagnie Produits de soins pour animaux de compagnie Articles de toilettage pour animaux de compagnie \u00c9quipement de s\u00e9curit\u00e9 pour animaux de compagnie","publisher":{"@id":"https:\/\/www.seatouintl.com\/#organization"},"potentialAction":[{"@type":"SearchAction","target":{"@type":"EntryPoint","urlTemplate":"https:\/\/www.seatouintl.com\/?s={search_term_string}"},"query-input":{"@type":"PropertyValueSpecification","valueRequired":true,"valueName":"search_term_string"}}],"inLanguage":"fr-FR"},{"@type":"Organization","@id":"https:\/\/www.seatouintl.com\/#organization","name":"seatou","url":"https:\/\/www.seatouintl.com\/","logo":{"@type":"ImageObject","inLanguage":"fr-FR","@id":"https:\/\/www.seatouintl.com\/#\/schema\/logo\/image\/","url":"https:\/\/www.seatouintl.com\/wp-content\/uploads\/2025\/10\/LOGO1.png","contentUrl":"https:\/\/www.seatouintl.com\/wp-content\/uploads\/2025\/10\/LOGO1.png","width":1043,"height":454,"caption":"seatou"},"image":{"@id":"https:\/\/www.seatouintl.com\/#\/schema\/logo\/image\/"},"sameAs":["https:\/\/facebook.com\/seatouintl"]}]}},"_links":{"self":[{"href":"https:\/\/www.seatouintl.com\/fr\/wp-json\/wp\/v2\/product\/3571","targetHints":{"allow":["GET"]}}],"collection":[{"href":"https:\/\/www.seatouintl.com\/fr\/wp-json\/wp\/v2\/product"}],"about":[{"href":"https:\/\/www.seatouintl.com\/fr\/wp-json\/wp\/v2\/types\/product"}],"wp:featuredmedia":[{"embeddable":true,"href":"https:\/\/www.seatouintl.com\/fr\/wp-json\/wp\/v2\/media\/3572"}],"wp:attachment":[{"href":"https:\/\/www.seatouintl.com\/fr\/wp-json\/wp\/v2\/media?parent=3571"}],"wp:term":[{"taxonomy":"product_brand","embeddable":true,"href":"https:\/\/www.seatouintl.com\/fr\/wp-json\/wp\/v2\/product_brand?post=3571"},{"taxonomy":"product_cat","embeddable":true,"href":"https:\/\/www.seatouintl.com\/fr\/wp-json\/wp\/v2\/product_cat?post=3571"},{"taxonomy":"product_tag","embeddable":true,"href":"https:\/\/www.seatouintl.com\/fr\/wp-json\/wp\/v2\/product_tag?post=3571"}],"curies":[{"name":"wp","href":"https:\/\/api.w.org\/{rel}","templated":true}]}}