{"id":3733,"date":"2025-11-10T12:55:43","date_gmt":"2025-11-10T04:55:43","guid":{"rendered":"https:\/\/www.seatouintl.com\/?post_type=product&#038;p=3733"},"modified":"2025-11-28T17:39:20","modified_gmt":"2025-11-28T09:39:20","slug":"panier-avec-coussin-pour-petits-chiens-et-chats-2","status":"publish","type":"product","link":"https:\/\/www.seatouintl.com\/fr\/produit\/panier-avec-coussin-pour-petits-chiens-et-chats-2\/","title":{"rendered":"Panier avec coussin pour petits chiens et chats"},"content":{"rendered":"","protected":false},"excerpt":{"rendered":"<div class=\"pdp_desc_toph tabactive\">\n<h2><img decoding=\"async\" class=\"alignnone wp-image-2254\" src=\"https:\/\/www.seatouintl.com\/wp-content\/uploads\/2025\/10\/LOGO3-1-300x103.png\" alt=\"\" width=\"151\" height=\"52\" srcset=\"https:\/\/www.seatouintl.com\/wp-content\/uploads\/2025\/10\/LOGO3-1-300x103.png 300w, https:\/\/www.seatouintl.com\/wp-content\/uploads\/2025\/10\/LOGO3-1-600x207.png 600w, https:\/\/www.seatouintl.com\/wp-content\/uploads\/2025\/10\/LOGO3-1-400x138.png 400w, https:\/\/www.seatouintl.com\/wp-content\/uploads\/2025\/10\/LOGO3-1-768x265.png 768w, https:\/\/www.seatouintl.com\/wp-content\/uploads\/2025\/10\/LOGO3-1.png 850w\" sizes=\"(max-width: 151px) 100vw, 151px\" \/><br \/>\nDescription du produit<\/h2>\n<\/div>\n<div class=\"pdp_desc_deatil pdp_desc_txt\">\n<p>Con\u00e7u pour laisser votre animal de compagnie s'\u00e9vader au pays des r\u00eaves !<\/p>\n<p dir=\"ltr\">Fabriqu\u00e9 avec des cordes de jute et de coton, ce panier-lit donne \u00e0 votre animal l'impression d'\u00eatre blotti au plus pr\u00e8s de la nature ! Sa forme unique et le coussin rond super doux qui l'accompagne permettent de faire des siestes tr\u00e8s douces. Nous avons \u00e9galement pens\u00e9 \u00e0 votre confort : ce lit est dot\u00e9 de poign\u00e9es sur les c\u00f4t\u00e9s pour que vous n'ayez aucun mal \u00e0 le transporter o\u00f9 que vous alliez. Il est \u00e9galement con\u00e7u pour \u00eatre compact et pliable, afin que vous puissiez le ranger facilement lorsqu'il n'est pas utilis\u00e9.<\/p>\n<p dir=\"ltr\"><strong>Caract\u00e9ristiques :<\/strong><b><\/b><\/p>\n<ul>\n<li dir=\"ltr\" role=\"presentation\">Panier en cordes de coton<\/li>\n<li dir=\"ltr\" role=\"presentation\">Coussin rond amovible<\/li>\n<li dir=\"ltr\" role=\"presentation\">Poign\u00e9es des deux c\u00f4t\u00e9s pour faciliter le transport<\/li>\n<li dir=\"ltr\" role=\"presentation\">Conception compacte<\/li>\n<li dir=\"ltr\" role=\"presentation\">Pliable et facile \u00e0 ranger<\/li>\n<li dir=\"ltr\" role=\"presentation\">Id\u00e9al pour les petits chiens et les chats<\/li>\n<\/ul>\n<\/div>","protected":false},"featured_media":3740,"template":"","meta":[],"product_brand":[],"product_cat":[55],"product_tag":[],"class_list":{"0":"post-3733","1":"product","2":"type-product","3":"status-publish","4":"has-post-thumbnail","6":"product_cat-pet-beds-warm-breathable-dog-cat-anti-odor-mildew-resistant","8":"first","9":"instock","10":"shipping-taxable","11":"product-type-simple"},"yoast_head":"<!-- This site is optimized with the Yoast SEO plugin v26.5 - https:\/\/yoast.com\/wordpress\/plugins\/seo\/ -->\n<title>Basket Bed With Cushion For Small Dogs &amp; Cats - SeaToU-Pet bed Dog bed Cat bed Orthopedic pet bed Heated pet bed Self-warming pet bed Cave pet bed Donut pet bed Bolster pet bed Outdoor pet house Pet blanket Pet mat Pet pad Cooling pet mat Waterproof pet pad Faux fur pet blanket Washable pet blanket Pet throw Pet bed liner \u3001Pet clothing Dog sweater Cat hoodie Pet raincoat Pet Halloween costume Pet booties Pet T-shirt Pet pajamas Pet life jacket Pet bandana\u3001Pet toys Chew toys Interactive dog toys Cat teaser wand Squeaky toys Rope toys Puzzle toys Tug toys Ball launcher Catnip toys\u3001Pet carrier Dog backpack Cat carrier Pet stroller Travel pet carrier Soft-sided pet carrier Hard-sided pet carrier Pet sling Pet car seat Airline-approved pet carrier\u3001Pet supplies Pet accessories Pet essentials Pet care products Pet grooming supplies Pet safety gear<\/title>\n<meta name=\"description\" content=\"Made with earthy jute and cotton ropes, napping in this basket bed will feel like your pet is curled up close to nature! Its unique shape and the super soft round cushion it comes with makes for extra snuggly naps. We also had your convenience in mind-this bed features handles on the sides so you have no trouble carrying it anywhere you go. It is also designed to be compact and foldable, so you can easily store it when it&#039;s not in use.\" \/>\n<meta name=\"robots\" content=\"index, follow, max-snippet:-1, max-image-preview:large, max-video-preview:-1\" \/>\n<link rel=\"canonical\" href=\"https:\/\/www.seatouintl.com\/fr\/produit\/panier-avec-coussin-pour-petits-chiens-et-chats-2\/\" \/>\n<meta property=\"og:locale\" content=\"fr_FR\" \/>\n<meta property=\"og:type\" content=\"article\" \/>\n<meta property=\"og:title\" content=\"Basket Bed With Cushion For Small Dogs &amp; Cats - SeaToU-Pet bed Dog bed Cat bed Orthopedic pet bed Heated pet bed Self-warming pet bed Cave pet bed Donut pet bed Bolster pet bed Outdoor pet house Pet blanket Pet mat Pet pad Cooling pet mat Waterproof pet pad Faux fur pet blanket Washable pet blanket Pet throw Pet bed liner \u3001Pet clothing Dog sweater Cat hoodie Pet raincoat Pet Halloween costume Pet booties Pet T-shirt Pet pajamas Pet life jacket Pet bandana\u3001Pet toys Chew toys Interactive dog toys Cat teaser wand Squeaky toys Rope toys Puzzle toys Tug toys Ball launcher Catnip toys\u3001Pet carrier Dog backpack Cat carrier Pet stroller Travel pet carrier Soft-sided pet carrier Hard-sided pet carrier Pet sling Pet car seat Airline-approved pet carrier\u3001Pet supplies Pet accessories Pet essentials Pet care products Pet grooming supplies Pet safety gear\" \/>\n<meta property=\"og:description\" content=\"Made with earthy jute and cotton ropes, napping in this basket bed will feel like your pet is curled up close to nature! Its unique shape and the super soft round cushion it comes with makes for extra snuggly naps. We also had your convenience in mind-this bed features handles on the sides so you have no trouble carrying it anywhere you go. It is also designed to be compact and foldable, so you can easily store it when it&#039;s not in use.\" \/>\n<meta property=\"og:url\" content=\"https:\/\/www.seatouintl.com\/fr\/produit\/panier-avec-coussin-pour-petits-chiens-et-chats-2\/\" \/>\n<meta property=\"og:site_name\" content=\"SeaToU-Pet bed Dog bed Cat bed Orthopedic pet bed Heated pet bed Self-warming pet bed Cave pet bed Donut pet bed Bolster pet bed Outdoor pet house Pet blanket Pet mat Pet pad Cooling pet mat Waterproof pet pad Faux fur pet blanket Washable pet blanket Pet throw Pet bed liner \u3001Pet clothing Dog sweater Cat hoodie Pet raincoat Pet Halloween costume Pet booties Pet T-shirt Pet pajamas Pet life jacket Pet bandana\u3001Pet toys Chew toys Interactive dog toys Cat teaser wand Squeaky toys Rope toys Puzzle toys Tug toys Ball launcher Catnip toys\u3001Pet carrier Dog backpack Cat carrier Pet stroller Travel pet carrier Soft-sided pet carrier Hard-sided pet carrier Pet sling Pet car seat Airline-approved pet carrier\u3001Pet supplies Pet accessories Pet essentials Pet care products Pet grooming supplies Pet safety gear\" \/>\n<meta property=\"article:publisher\" content=\"https:\/\/facebook.com\/seatouintl\" \/>\n<meta property=\"article:modified_time\" content=\"2025-11-28T09:39:20+00:00\" \/>\n<meta property=\"og:image\" content=\"https:\/\/www.seatouintl.com\/wp-content\/uploads\/2025\/11\/Basket-Bed-With-Cushion-For-Small-Dogs-Cats-2-1.jpg\" \/>\n\t<meta property=\"og:image:width\" content=\"800\" \/>\n\t<meta property=\"og:image:height\" content=\"680\" \/>\n\t<meta property=\"og:image:type\" content=\"image\/jpeg\" \/>\n<meta name=\"twitter:card\" content=\"summary_large_image\" \/>\n<meta name=\"twitter:label1\" content=\"Dur\u00e9e de lecture estim\u00e9e\" \/>\n\t<meta name=\"twitter:data1\" content=\"1 minute\" \/>\n<script type=\"application\/ld+json\" class=\"yoast-schema-graph\">{\"@context\":\"https:\/\/schema.org\",\"@graph\":[{\"@type\":\"WebPage\",\"@id\":\"https:\/\/www.seatouintl.com\/product\/basket-bed-with-cushion-for-small-dogs-cats-2\/\",\"url\":\"https:\/\/www.seatouintl.com\/product\/basket-bed-with-cushion-for-small-dogs-cats-2\/\",\"name\":\"Basket Bed With Cushion For Small Dogs & Cats - SeaToU-Pet bed Dog bed Cat bed Orthopedic pet bed Heated pet bed Self-warming pet bed Cave pet bed Donut pet bed Bolster pet bed Outdoor pet house Pet blanket Pet mat Pet pad Cooling pet mat Waterproof pet pad Faux fur pet blanket Washable pet blanket Pet throw Pet bed liner \u3001Pet clothing Dog sweater Cat hoodie Pet raincoat Pet Halloween costume Pet booties Pet T-shirt Pet pajamas Pet life jacket Pet bandana\u3001Pet toys Chew toys Interactive dog toys Cat teaser wand Squeaky toys Rope toys Puzzle toys Tug toys Ball launcher Catnip toys\u3001Pet carrier Dog backpack Cat carrier Pet stroller Travel pet carrier Soft-sided pet carrier Hard-sided pet carrier Pet sling Pet car seat Airline-approved pet carrier\u3001Pet supplies Pet accessories Pet essentials Pet care products Pet grooming supplies Pet safety gear\",\"isPartOf\":{\"@id\":\"https:\/\/www.seatouintl.com\/#website\"},\"primaryImageOfPage\":{\"@id\":\"https:\/\/www.seatouintl.com\/product\/basket-bed-with-cushion-for-small-dogs-cats-2\/#primaryimage\"},\"image\":{\"@id\":\"https:\/\/www.seatouintl.com\/product\/basket-bed-with-cushion-for-small-dogs-cats-2\/#primaryimage\"},\"thumbnailUrl\":\"https:\/\/www.seatouintl.com\/wp-content\/uploads\/2025\/11\/Basket-Bed-With-Cushion-For-Small-Dogs-Cats-2-1.jpg\",\"datePublished\":\"2025-11-10T04:55:43+00:00\",\"dateModified\":\"2025-11-28T09:39:20+00:00\",\"description\":\"Made with earthy jute and cotton ropes, napping in this basket bed will feel like your pet is curled up close to nature! Its unique shape and the super soft round cushion it comes with makes for extra snuggly naps. We also had your convenience in mind-this bed features handles on the sides so you have no trouble carrying it anywhere you go. It is also designed to be compact and foldable, so you can easily store it when it's not in use.\",\"breadcrumb\":{\"@id\":\"https:\/\/www.seatouintl.com\/product\/basket-bed-with-cushion-for-small-dogs-cats-2\/#breadcrumb\"},\"inLanguage\":\"fr-FR\",\"potentialAction\":[{\"@type\":\"ReadAction\",\"target\":[\"https:\/\/www.seatouintl.com\/product\/basket-bed-with-cushion-for-small-dogs-cats-2\/\"]}]},{\"@type\":\"ImageObject\",\"inLanguage\":\"fr-FR\",\"@id\":\"https:\/\/www.seatouintl.com\/product\/basket-bed-with-cushion-for-small-dogs-cats-2\/#primaryimage\",\"url\":\"https:\/\/www.seatouintl.com\/wp-content\/uploads\/2025\/11\/Basket-Bed-With-Cushion-For-Small-Dogs-Cats-2-1.jpg\",\"contentUrl\":\"https:\/\/www.seatouintl.com\/wp-content\/uploads\/2025\/11\/Basket-Bed-With-Cushion-For-Small-Dogs-Cats-2-1.jpg\",\"width\":800,\"height\":680},{\"@type\":\"BreadcrumbList\",\"@id\":\"https:\/\/www.seatouintl.com\/product\/basket-bed-with-cushion-for-small-dogs-cats-2\/#breadcrumb\",\"itemListElement\":[{\"@type\":\"ListItem\",\"position\":1,\"name\":\"\u9996\u9875\",\"item\":\"https:\/\/www.seatouintl.com\/\"},{\"@type\":\"ListItem\",\"position\":2,\"name\":\"Products\",\"item\":\"https:\/\/www.seatouintl.com\/products\/\"},{\"@type\":\"ListItem\",\"position\":3,\"name\":\"Basket Bed With Cushion For Small Dogs &#038; Cats\"}]},{\"@type\":\"WebSite\",\"@id\":\"https:\/\/www.seatouintl.com\/#website\",\"url\":\"https:\/\/www.seatouintl.com\/\",\"name\":\"seatou\",\"description\":\"Pet bed Dog bed Cat bed Orthopedic pet bed Heated pet bed Self-warming pet bed Cave pet bed Donut pet bed Bolster pet bed Outdoor pet house Pet blanket Pet mat Pet pad Cooling pet mat Waterproof pet pad Faux fur pet blanket Washable pet blanket Pet throw Pet bed liner \u3001Pet clothing Dog sweater Cat hoodie Pet raincoat Pet Halloween costume Pet booties Pet T-shirt Pet pajamas Pet life jacket Pet bandana\u3001Pet toys Chew toys Interactive dog toys Cat teaser wand Squeaky toys Rope toys Puzzle toys Tug toys Ball launcher Catnip toys\u3001Pet carrier Dog backpack Cat carrier Pet stroller Travel pet carrier Soft-sided pet carrier Hard-sided pet carrier Pet sling Pet car seat Airline-approved pet carrier\u3001Pet supplies Pet accessories Pet essentials Pet care products Pet grooming supplies Pet safety gear\",\"publisher\":{\"@id\":\"https:\/\/www.seatouintl.com\/#organization\"},\"potentialAction\":[{\"@type\":\"SearchAction\",\"target\":{\"@type\":\"EntryPoint\",\"urlTemplate\":\"https:\/\/www.seatouintl.com\/?s={search_term_string}\"},\"query-input\":{\"@type\":\"PropertyValueSpecification\",\"valueRequired\":true,\"valueName\":\"search_term_string\"}}],\"inLanguage\":\"fr-FR\"},{\"@type\":\"Organization\",\"@id\":\"https:\/\/www.seatouintl.com\/#organization\",\"name\":\"seatou\",\"url\":\"https:\/\/www.seatouintl.com\/\",\"logo\":{\"@type\":\"ImageObject\",\"inLanguage\":\"fr-FR\",\"@id\":\"https:\/\/www.seatouintl.com\/#\/schema\/logo\/image\/\",\"url\":\"https:\/\/www.seatouintl.com\/wp-content\/uploads\/2025\/10\/LOGO1.png\",\"contentUrl\":\"https:\/\/www.seatouintl.com\/wp-content\/uploads\/2025\/10\/LOGO1.png\",\"width\":1043,\"height\":454,\"caption\":\"seatou\"},\"image\":{\"@id\":\"https:\/\/www.seatouintl.com\/#\/schema\/logo\/image\/\"},\"sameAs\":[\"https:\/\/facebook.com\/seatouintl\"]}]}<\/script>\n<!-- \/ Yoast SEO plugin. -->","yoast_head_json":{"title":"Panier avec coussin pour petits chiens et chats - SeaToU-Lit pour animaux de compagnie Lit pour chien Lit pour chat Lit orthop\u00e9dique pour animaux de compagnie Lit chauffant pour animaux de compagnie Lit auto-chauffant pour animaux de compagnie Lit en forme de grotte Lit en forme de beignet Lit en forme de traversin Maison ext\u00e9rieure pour animaux de compagnie Couverture pour animaux de compagnie Tapis pour animaux de compagnie Tapis rafra\u00eechissant pour animaux de compagnie Tapis imperm\u00e9able pour animaux de compagnie Couverture en fausse fourrure Couverture lavable pour animaux de compagnie Jet d'eau pour animaux de compagnie Doublure de lit pour animaux de compagnie \u3001V\u00eatements pour animaux de compagnie Pull pour chien Cagoule pour chat Imperm\u00e9able pour animaux de compagnie Costume d'Halloween pour animaux de compagnie Chaussons pour animaux de compagnie T-shirt Pyjama pour animaux de compagnie Gilet de sauvetage pour animaux de compagnie Bandana pour animaux de compagnie\u3001Jouets pour animaux de compagnie Jouets \u00e0 m\u00e2cher Jouets interactifs pour chiens Baguette de taquin pour chats Jouets grin\u00e7ants Jouets de corde Casse-t\u00eate Jouets de traction Lanceur de balles Jouets d'herbe \u00e0 chat\u3001Transport pour animaux de compagnie Sac \u00e0 dos pour chiens Porte-chats Poussette Porte-animaux de voyage Porte-animaux souple Porte-animaux rigide \u00c9charpe de portage Si\u00e8ge auto pour animaux de compagnie Porte-animaux approuv\u00e9 par les compagnies a\u00e9riennes\u3001Fournitures pour animaux de compagnie Accessoires pour animaux de compagnie Articles essentiels pour animaux de compagnie Produits de soins pour animaux de compagnie Articles de toilettage pour animaux de compagnie \u00c9quipement de s\u00e9curit\u00e9 pour animaux de compagnie","description":"Fabriqu\u00e9 avec des cordes de jute et de coton, ce panier-lit donne \u00e0 votre animal l'impression d'\u00eatre blotti au plus pr\u00e8s de la nature ! Sa forme unique et le coussin rond super doux qui l'accompagne permettent de faire des siestes tr\u00e8s douces. Nous avons \u00e9galement pens\u00e9 \u00e0 votre confort : ce lit est dot\u00e9 de poign\u00e9es sur les c\u00f4t\u00e9s pour que vous n'ayez aucun mal \u00e0 le transporter o\u00f9 que vous alliez. Il est \u00e9galement con\u00e7u pour \u00eatre compact et pliable, afin que vous puissiez le ranger facilement lorsqu'il n'est pas utilis\u00e9.","robots":{"index":"index","follow":"follow","max-snippet":"max-snippet:-1","max-image-preview":"max-image-preview:large","max-video-preview":"max-video-preview:-1"},"canonical":"https:\/\/www.seatouintl.com\/fr\/produit\/panier-avec-coussin-pour-petits-chiens-et-chats-2\/","og_locale":"fr_FR","og_type":"article","og_title":"Basket Bed With Cushion For Small Dogs & Cats - SeaToU-Pet bed Dog bed Cat bed Orthopedic pet bed Heated pet bed Self-warming pet bed Cave pet bed Donut pet bed Bolster pet bed Outdoor pet house Pet blanket Pet mat Pet pad Cooling pet mat Waterproof pet pad Faux fur pet blanket Washable pet blanket Pet throw Pet bed liner \u3001Pet clothing Dog sweater Cat hoodie Pet raincoat Pet Halloween costume Pet booties Pet T-shirt Pet pajamas Pet life jacket Pet bandana\u3001Pet toys Chew toys Interactive dog toys Cat teaser wand Squeaky toys Rope toys Puzzle toys Tug toys Ball launcher Catnip toys\u3001Pet carrier Dog backpack Cat carrier Pet stroller Travel pet carrier Soft-sided pet carrier Hard-sided pet carrier Pet sling Pet car seat Airline-approved pet carrier\u3001Pet supplies Pet accessories Pet essentials Pet care products Pet grooming supplies Pet safety gear","og_description":"Made with earthy jute and cotton ropes, napping in this basket bed will feel like your pet is curled up close to nature! Its unique shape and the super soft round cushion it comes with makes for extra snuggly naps. We also had your convenience in mind-this bed features handles on the sides so you have no trouble carrying it anywhere you go. It is also designed to be compact and foldable, so you can easily store it when it's not in use.","og_url":"https:\/\/www.seatouintl.com\/fr\/produit\/panier-avec-coussin-pour-petits-chiens-et-chats-2\/","og_site_name":"SeaToU-Pet bed Dog bed Cat bed Orthopedic pet bed Heated pet bed Self-warming pet bed Cave pet bed Donut pet bed Bolster pet bed Outdoor pet house Pet blanket Pet mat Pet pad Cooling pet mat Waterproof pet pad Faux fur pet blanket Washable pet blanket Pet throw Pet bed liner \u3001Pet clothing Dog sweater Cat hoodie Pet raincoat Pet Halloween costume Pet booties Pet T-shirt Pet pajamas Pet life jacket Pet bandana\u3001Pet toys Chew toys Interactive dog toys Cat teaser wand Squeaky toys Rope toys Puzzle toys Tug toys Ball launcher Catnip toys\u3001Pet carrier Dog backpack Cat carrier Pet stroller Travel pet carrier Soft-sided pet carrier Hard-sided pet carrier Pet sling Pet car seat Airline-approved pet carrier\u3001Pet supplies Pet accessories Pet essentials Pet care products Pet grooming supplies Pet safety gear","article_publisher":"https:\/\/facebook.com\/seatouintl","article_modified_time":"2025-11-28T09:39:20+00:00","og_image":[{"width":800,"height":680,"url":"https:\/\/www.seatouintl.com\/wp-content\/uploads\/2025\/11\/Basket-Bed-With-Cushion-For-Small-Dogs-Cats-2-1.jpg","type":"image\/jpeg"}],"twitter_card":"summary_large_image","twitter_misc":{"Dur\u00e9e de lecture estim\u00e9e":"1 minute"},"schema":{"@context":"https:\/\/schema.org","@graph":[{"@type":"WebPage","@id":"https:\/\/www.seatouintl.com\/product\/basket-bed-with-cushion-for-small-dogs-cats-2\/","url":"https:\/\/www.seatouintl.com\/product\/basket-bed-with-cushion-for-small-dogs-cats-2\/","name":"Panier avec coussin pour petits chiens et chats - SeaToU-Lit pour animaux de compagnie Lit pour chien Lit pour chat Lit orthop\u00e9dique pour animaux de compagnie Lit chauffant pour animaux de compagnie Lit auto-chauffant pour animaux de compagnie Lit en forme de grotte Lit en forme de beignet Lit en forme de traversin Maison ext\u00e9rieure pour animaux de compagnie Couverture pour animaux de compagnie Tapis pour animaux de compagnie Tapis rafra\u00eechissant pour animaux de compagnie Tapis imperm\u00e9able pour animaux de compagnie Couverture en fausse fourrure Couverture lavable pour animaux de compagnie Jet d'eau pour animaux de compagnie Doublure de lit pour animaux de compagnie \u3001V\u00eatements pour animaux de compagnie Pull pour chien Cagoule pour chat Imperm\u00e9able pour animaux de compagnie Costume d'Halloween pour animaux de compagnie Chaussons pour animaux de compagnie T-shirt Pyjama pour animaux de compagnie Gilet de sauvetage pour animaux de compagnie Bandana pour animaux de compagnie\u3001Jouets pour animaux de compagnie Jouets \u00e0 m\u00e2cher Jouets interactifs pour chiens Baguette de taquin pour chats Jouets grin\u00e7ants Jouets de corde Casse-t\u00eate Jouets de traction Lanceur de balles Jouets d'herbe \u00e0 chat\u3001Transport pour animaux de compagnie Sac \u00e0 dos pour chiens Porte-chats Poussette Porte-animaux de voyage Porte-animaux souple Porte-animaux rigide \u00c9charpe de portage Si\u00e8ge auto pour animaux de compagnie Porte-animaux approuv\u00e9 par les compagnies a\u00e9riennes\u3001Fournitures pour animaux de compagnie Accessoires pour animaux de compagnie Articles essentiels pour animaux de compagnie Produits de soins pour animaux de compagnie Articles de toilettage pour animaux de compagnie \u00c9quipement de s\u00e9curit\u00e9 pour animaux de compagnie","isPartOf":{"@id":"https:\/\/www.seatouintl.com\/#website"},"primaryImageOfPage":{"@id":"https:\/\/www.seatouintl.com\/product\/basket-bed-with-cushion-for-small-dogs-cats-2\/#primaryimage"},"image":{"@id":"https:\/\/www.seatouintl.com\/product\/basket-bed-with-cushion-for-small-dogs-cats-2\/#primaryimage"},"thumbnailUrl":"https:\/\/www.seatouintl.com\/wp-content\/uploads\/2025\/11\/Basket-Bed-With-Cushion-For-Small-Dogs-Cats-2-1.jpg","datePublished":"2025-11-10T04:55:43+00:00","dateModified":"2025-11-28T09:39:20+00:00","description":"Fabriqu\u00e9 avec des cordes de jute et de coton, ce panier-lit donne \u00e0 votre animal l'impression d'\u00eatre blotti au plus pr\u00e8s de la nature ! Sa forme unique et le coussin rond super doux qui l'accompagne permettent de faire des siestes tr\u00e8s douces. Nous avons \u00e9galement pens\u00e9 \u00e0 votre confort : ce lit est dot\u00e9 de poign\u00e9es sur les c\u00f4t\u00e9s pour que vous n'ayez aucun mal \u00e0 le transporter o\u00f9 que vous alliez. Il est \u00e9galement con\u00e7u pour \u00eatre compact et pliable, afin que vous puissiez le ranger facilement lorsqu'il n'est pas utilis\u00e9.","breadcrumb":{"@id":"https:\/\/www.seatouintl.com\/product\/basket-bed-with-cushion-for-small-dogs-cats-2\/#breadcrumb"},"inLanguage":"fr-FR","potentialAction":[{"@type":"ReadAction","target":["https:\/\/www.seatouintl.com\/product\/basket-bed-with-cushion-for-small-dogs-cats-2\/"]}]},{"@type":"ImageObject","inLanguage":"fr-FR","@id":"https:\/\/www.seatouintl.com\/product\/basket-bed-with-cushion-for-small-dogs-cats-2\/#primaryimage","url":"https:\/\/www.seatouintl.com\/wp-content\/uploads\/2025\/11\/Basket-Bed-With-Cushion-For-Small-Dogs-Cats-2-1.jpg","contentUrl":"https:\/\/www.seatouintl.com\/wp-content\/uploads\/2025\/11\/Basket-Bed-With-Cushion-For-Small-Dogs-Cats-2-1.jpg","width":800,"height":680},{"@type":"BreadcrumbList","@id":"https:\/\/www.seatouintl.com\/product\/basket-bed-with-cushion-for-small-dogs-cats-2\/#breadcrumb","itemListElement":[{"@type":"ListItem","position":1,"name":"\u9996\u9875","item":"https:\/\/www.seatouintl.com\/"},{"@type":"ListItem","position":2,"name":"Products","item":"https:\/\/www.seatouintl.com\/products\/"},{"@type":"ListItem","position":3,"name":"Basket Bed With Cushion For Small Dogs &#038; Cats"}]},{"@type":"WebSite","@id":"https:\/\/www.seatouintl.com\/#website","url":"https:\/\/www.seatouintl.com\/","name":"seatou","description":"Lit pour chien Lit pour chat Lit orthop\u00e9dique pour animaux de compagnie Lit chauffant pour animaux de compagnie Lit auto-chauffant pour animaux de compagnie Lit pour animaux de caverne Lit pour animaux de compagnie Donut Lit pour animaux de compagnie Bolster Maison pour animaux de compagnie Couverture pour animaux de compagnie Tapis pour animaux de compagnie Tapis rafra\u00eechissant pour animaux de compagnie Imperm\u00e9able pour animaux de compagnie Couverture en fausse fourrure Couverture lavable pour animaux de compagnie Jet d'eau pour animaux de compagnie Doublure de lit pour animaux de compagnie \u3001V\u00eatements pour animaux de compagnie Pull pour chien Manteau \u00e0 capuche pour chat Imperm\u00e9able pour animaux de compagnie Costume d'Halloween pour animaux de compagnie Chaussons pour animaux de compagnie T-.shirt Pyjama pour animaux de compagnie Gilet de sauvetage pour animaux de compagnie Bandana pour animaux de compagnie\u3001Jouets pour animaux de compagnie Jouets \u00e0 m\u00e2cher Jouets interactifs pour chiens Baguette de taquin pour chats Jouets grin\u00e7ants Jouets de corde Casse-t\u00eate Jouets de traction Lanceur de balles Jouets d'herbe \u00e0 chat\u3001Transport pour animaux de compagnie Sac \u00e0 dos pour chiens Porte-chats Poussette Porte-animaux de voyage Porte-animaux souple Porte-animaux rigide \u00c9charpe de portage Si\u00e8ge auto pour animaux de compagnie Porte-animaux approuv\u00e9 par les compagnies a\u00e9riennes\u3001Fournitures pour animaux de compagnie Accessoires pour animaux de compagnie Articles essentiels pour animaux de compagnie Produits de soins pour animaux de compagnie Articles de toilettage pour animaux de compagnie \u00c9quipement de s\u00e9curit\u00e9 pour animaux de compagnie","publisher":{"@id":"https:\/\/www.seatouintl.com\/#organization"},"potentialAction":[{"@type":"SearchAction","target":{"@type":"EntryPoint","urlTemplate":"https:\/\/www.seatouintl.com\/?s={search_term_string}"},"query-input":{"@type":"PropertyValueSpecification","valueRequired":true,"valueName":"search_term_string"}}],"inLanguage":"fr-FR"},{"@type":"Organization","@id":"https:\/\/www.seatouintl.com\/#organization","name":"seatou","url":"https:\/\/www.seatouintl.com\/","logo":{"@type":"ImageObject","inLanguage":"fr-FR","@id":"https:\/\/www.seatouintl.com\/#\/schema\/logo\/image\/","url":"https:\/\/www.seatouintl.com\/wp-content\/uploads\/2025\/10\/LOGO1.png","contentUrl":"https:\/\/www.seatouintl.com\/wp-content\/uploads\/2025\/10\/LOGO1.png","width":1043,"height":454,"caption":"seatou"},"image":{"@id":"https:\/\/www.seatouintl.com\/#\/schema\/logo\/image\/"},"sameAs":["https:\/\/facebook.com\/seatouintl"]}]}},"_links":{"self":[{"href":"https:\/\/www.seatouintl.com\/fr\/wp-json\/wp\/v2\/product\/3733","targetHints":{"allow":["GET"]}}],"collection":[{"href":"https:\/\/www.seatouintl.com\/fr\/wp-json\/wp\/v2\/product"}],"about":[{"href":"https:\/\/www.seatouintl.com\/fr\/wp-json\/wp\/v2\/types\/product"}],"wp:featuredmedia":[{"embeddable":true,"href":"https:\/\/www.seatouintl.com\/fr\/wp-json\/wp\/v2\/media\/3740"}],"wp:attachment":[{"href":"https:\/\/www.seatouintl.com\/fr\/wp-json\/wp\/v2\/media?parent=3733"}],"wp:term":[{"taxonomy":"product_brand","embeddable":true,"href":"https:\/\/www.seatouintl.com\/fr\/wp-json\/wp\/v2\/product_brand?post=3733"},{"taxonomy":"product_cat","embeddable":true,"href":"https:\/\/www.seatouintl.com\/fr\/wp-json\/wp\/v2\/product_cat?post=3733"},{"taxonomy":"product_tag","embeddable":true,"href":"https:\/\/www.seatouintl.com\/fr\/wp-json\/wp\/v2\/product_tag?post=3733"}],"curies":[{"name":"wp","href":"https:\/\/api.w.org\/{rel}","templated":true}]}}